   
{"id":198929,"date":"2024-06-26T06:35:23","date_gmt":"2024-06-26T06:35:23","guid":{"rendered":"https:\/\/www.gmtxdev.com\/tabela-de-conversacao-da-ligacao-do-sono\/"},"modified":"2024-06-26T06:35:23","modified_gmt":"2024-06-26T06:35:23","slug":"tabela-de-conversacao-da-ligacao-do-sono","status":"publish","type":"page","link":"https:\/\/www.gmtxdev.com\/pt-pt\/tabela-de-conversacao-da-ligacao-do-sono\/","title":{"rendered":"Tabela de conversa\u00e7\u00e3o da liga\u00e7\u00e3o do sono"},"content":{"rendered":"","protected":false},"excerpt":{"rendered":"","protected":false},"author":106408,"featured_media":0,"parent":0,"menu_order":0,"comment_status":"closed","ping_status":"closed","template":"template-sleep-conn-talking-chart.php","meta":{"footnotes":""},"class_list":["post-198929","page","type-page","status-publish","hentry","entry"],"_links":{"self":[{"href":"https:\/\/www.gmtxdev.com\/pt-pt\/wp-json\/wp\/v2\/pages\/198929","targetHints":{"allow":["GET"]}}],"collection":[{"href":"https:\/\/www.gmtxdev.com\/pt-pt\/wp-json\/wp\/v2\/pages"}],"about":[{"href":"https:\/\/www.gmtxdev.com\/pt-pt\/wp-json\/wp\/v2\/types\/page"}],"author":[{"embeddable":true,"href":"https:\/\/www.gmtxdev.com\/pt-pt\/wp-json\/wp\/v2\/users\/106408"}],"replies":[{"embeddable":true,"href":"https:\/\/www.gmtxdev.com\/pt-pt\/wp-json\/wp\/v2\/comments?post=198929"}],"version-history":[{"count":0,"href":"https:\/\/www.gmtxdev.com\/pt-pt\/wp-json\/wp\/v2\/pages\/198929\/revisions"}],"wp:attachment":[{"href":"https:\/\/www.gmtxdev.com\/pt-pt\/wp-json\/wp\/v2\/media?parent=198929"}],"curies":[{"name":"wp","href":"https:\/\/api.w.org\/{rel}","templated":true}]}}