   
{"id":12558,"date":"2020-10-10T13:24:23","date_gmt":"2020-10-10T13:24:23","guid":{"rendered":"https:\/\/www.geneticmatrixtest.com\/?page_id=12558"},"modified":"2020-10-12T05:58:43","modified_gmt":"2020-10-12T05:58:43","slug":"perfil-4-6","status":"publish","type":"page","link":"https:\/\/www.gmtxdev.com\/pt-pt\/perfil-4-6\/","title":{"rendered":"Perfil 4\/6"},"content":{"rendered":"<div id=\"content\">\r\n<div class=\"breadcam\"><a href=\"\/\">Casa<\/a> \u00bb <a href=\"\/pt-pt\/centro-de-informacoes\/\">Centro De Informacoes<\/a> \u00bb <a href=\"\/pt-pt\/os-12-perfis\/\">12 perfis <\/a> \u00bb Perfil 4\/6<\/div>\r\n<div class=\"l_content left mar_top\">\r\n<div class=\"services\">\r\n<h2>Perfil 4\/6<\/h2>\r\n<ul>\r\n \t<li>O perfil 4\/6 representa 14,26% da popula\u00e7\u00e3o<\/li>\r\n \t<li>Algumas das palavras relacionadas com o perfil 4\/6 s\u00e3o:<\/li>\r\n<\/ul>\r\n<h3>Personalidade Consciente<\/h3>\r\n<table class=\"personality\" border=\"1\" width=\"650\" cellspacing=\"0\" cellpadding=\"0\">\r\n<tbody>\r\n<tr>\r\n<td>Oportunista<\/td>\r\n<td>Abdicador<\/td>\r\n<td>Criatividade na solid\u00e3o<\/td>\r\n<\/tr>\r\n<tr>\r\n<td>Fr\u00e1gil<\/td>\r\n<td>Benevol\u00eancia\/mal\u00edcia<\/td>\r\n<td>Rede pessoal<\/td>\r\n<\/tr>\r\n<tr>\r\n<td>Influ\u00eancia<\/td>\r\n<td>Externalizador<\/td>\r\n<td>Comunicativo<\/td>\r\n<\/tr>\r\n<tr>\r\n<td>Fixo<\/td>\r\n<td>Confidente\/n\u00e3o confidente<\/td>\r\n<td>Benfeitor\/dependente<\/td>\r\n<\/tr>\r\n<\/tbody>\r\n<\/table>\r\n<h3>Design Inconsciente<\/h3>\r\n<table class=\"personality\" border=\"1\" width=\"650\" cellspacing=\"0\" cellpadding=\"0\">\r\n<tbody>\r\n<tr>\r\n<td>Modelo de papel<\/td>\r\n<td>Administrador<\/td>\r\n<td>Pessimista\/otimista<\/td>\r\n<\/tr>\r\n<tr>\r\n<td>Objetivo<\/td>\r\n<td>Alma g\u00eamea ou n\u00e3o<\/td>\r\n<td>Confian\u00e7a ou n\u00e3o<\/td>\r\n<\/tr>\r\n<tr>\r\n<td>A Autoridade<\/td>\r\n<td>Independente<\/td>\r\n<td>Distante<\/td>\r\n<\/tr>\r\n<tr>\r\n<td>Esperan\u00e7a<\/td>\r\n<td>Transi\u00e7\u00e3o<\/td>\r\n<td>Observador\/observado<\/td>\r\n<\/tr>\r\n<\/tbody>\r\n<\/table>\r\n<h3><a href=\"\/human-design-people-by-profile-4-6.html\">Outras pessoas com o perfil 4\/6<\/a><\/h3>\r\n<div class=\"personality_img\">\r\n<ul>\r\n \t<li><img src=\"https:\/\/www.geneticmatrix.com\/wp-content\/themes\/twentyten\/images\/people\/Pitt-Brad-Picture1.jpg\" alt=\"img\" width=\"115\" height=\"157\" \/><\/li>\r\n \t<li><img src=\"https:\/\/www.geneticmatrix.com\/wp-content\/themes\/twentyten\/images\/people\/FreudSigmund-Picture.jpg\" alt=\"img\" width=\"115\" height=\"157\" \/><\/li>\r\n \t<li><img src=\"https:\/\/www.geneticmatrix.com\/wp-content\/themes\/twentyten\/images\/people\/Stone Sharon P.jpg\" alt=\"img\" width=\"115\" height=\"157\" \/><\/li>\r\n \t<li><img src=\"https:\/\/www.geneticmatrix.com\/wp-content\/themes\/twentyten\/images\/people\/Brahms Johannes p.jpg\" alt=\"img\" width=\"115\" height=\"157\" \/><\/li>\r\n \t<li><img src=\"https:\/\/www.geneticmatrix.com\/wp-content\/themes\/twentyten\/images\/people\/Cole Nat King P.jpg\" alt=\"img\" width=\"115\" height=\"157\" \/><\/li>\r\n \t<li><img src=\"https:\/\/www.geneticmatrix.com\/wp-content\/themes\/twentyten\/images\/people\/Bellucci Monica P.jpg\" alt=\"img\" width=\"115\" height=\"157\" \/><\/li>\r\n<\/ul>\r\n<\/div>\r\n<\/div>\r\n<\/div>\r\n<div class=\"r_content right mar_top\"><\/div>\r\n<div class=\"clear\"><\/div>\r\n<\/div>","protected":false},"excerpt":{"rendered":"<p>Casa \u00bb Centro De Informacoes \u00bb 12 perfis \u00bb Perfil 4\/6 Perfil 4\/6 O perfil 4\/6 representa 14,26% da popula\u00e7\u00e3o Algumas das palavras relacionadas com o perfil 4\/6 s\u00e3o: Personalidade Consciente Oportunista Abdicador Criatividade na solid\u00e3o Fr\u00e1gil Benevol\u00eancia\/mal\u00edcia Rede pessoal Influ\u00eancia Externalizador Comunicativo Fixo Confidente\/n\u00e3o confidente Benfeitor\/dependente Design Inconsciente Modelo de papel Administrador Pessimista\/otimista Objetivo&hellip; <a class=\"more-link\" href=\"https:\/\/www.gmtxdev.com\/pt-pt\/perfil-4-6\/\">Continue a ler <span class=\"screen-reader-text\">Perfil 4\/6<\/span><\/a><\/p>\n","protected":false},"author":1,"featured_media":0,"parent":0,"menu_order":0,"comment_status":"closed","ping_status":"closed","template":"","meta":{"footnotes":""},"class_list":["post-12558","page","type-page","status-publish","hentry","entry"],"_links":{"self":[{"href":"https:\/\/www.gmtxdev.com\/pt-pt\/wp-json\/wp\/v2\/pages\/12558","targetHints":{"allow":["GET"]}}],"collection":[{"href":"https:\/\/www.gmtxdev.com\/pt-pt\/wp-json\/wp\/v2\/pages"}],"about":[{"href":"https:\/\/www.gmtxdev.com\/pt-pt\/wp-json\/wp\/v2\/types\/page"}],"author":[{"embeddable":true,"href":"https:\/\/www.gmtxdev.com\/pt-pt\/wp-json\/wp\/v2\/users\/1"}],"replies":[{"embeddable":true,"href":"https:\/\/www.gmtxdev.com\/pt-pt\/wp-json\/wp\/v2\/comments?post=12558"}],"version-history":[{"count":0,"href":"https:\/\/www.gmtxdev.com\/pt-pt\/wp-json\/wp\/v2\/pages\/12558\/revisions"}],"wp:attachment":[{"href":"https:\/\/www.gmtxdev.com\/pt-pt\/wp-json\/wp\/v2\/media?parent=12558"}],"curies":[{"name":"wp","href":"https:\/\/api.w.org\/{rel}","templated":true}]}}