   
{"id":12531,"date":"2020-10-10T09:41:08","date_gmt":"2020-10-10T09:41:08","guid":{"rendered":"https:\/\/www.geneticmatrixtest.com\/?page_id=12531"},"modified":"2020-10-10T09:41:08","modified_gmt":"2020-10-10T09:41:08","slug":"design-humano-tabela-da-encarnacao-do-sol","status":"publish","type":"page","link":"https:\/\/www.gmtxdev.com\/pt-pt\/design-humano-tabela-da-encarnacao-do-sol\/","title":{"rendered":"Design Humano \u2013 Tabela da Encarna\u00e7\u00e3o do Sol"},"content":{"rendered":"<div id=\"content\">\r\n<div class=\"test_page\">\r\n<div class=\"breadcam\"><a href=\"\/\">Casa<\/a> \u00bb <a href=\"https:\/\/www.geneticmatrix.com\/pt-pt\/centro-de-informacoes\/\">Centro De Informacoes<\/a> \u00bb<a href=\"https:\/\/www.geneticmatrix.com\/pt-pt\/casa-do-usuario\/\">Encarna\u00e7\u00e3o-Cruzes<\/a> \u00bb Design Humano \u2013 Tabela da Encarna\u00e7\u00e3o do Sol<\/div>\r\n<\/div>\r\n<div class=\"l_content left mar_top\">\r\n<div class=\"services\">\r\n<h3><strong>Design Humano \u2013 Tabela da Encarna\u00e7\u00e3o do Sol<\/strong><\/h3>\r\n1 \u2013 No seu mapa de Design Humano, localize a coluna de n\u00fameros preta do lado direito \u2013 esta \u00e9 a sua coluna de personalidade. Note o n\u00famero no topo desta lista. Este \u00e9 o seu n\u00famero de personalidade Sol. Encontre este n\u00famero na tabela abaixo.\r\n\r\n2 \u2013 Anote o \"Quarto\" em que o seu n\u00famero de Personalidade Sol est\u00e1.\r\n\r\n3 \u2013 Procure o nome da sua cruz de encarna\u00e7\u00e3o e o \u00e2ngulo (Direito, Esquerdo ou Justaposi\u00e7\u00e3o) \u2013 Esta informa\u00e7\u00e3o est\u00e1 localizada no seu mapa.\r\n\r\n4 - V\u00e1 \u00e0 tabela relevante para o seu \u00c2ngulo <a href=\"https:\/\/www.geneticmatrix.com\/human-design-right-angle-incarnation-crosses\/\">Cruzes de encarna\u00e7\u00e3o de \u00e2ngulo direito<\/a> \/<a href=\"https:\/\/www.geneticmatrix.com\/human-design-left-angle-incarnation-crosses\/\"> Cruzes de encarna\u00e7\u00e3o de \u00e2ngulo esquerdo<\/a>\/ <a href=\"https:\/\/www.geneticmatrix.com\/human-design-juxtaposition-incarnation-crosses\/\">Cruzes de encarna\u00e7\u00e3o de justaposi\u00e7\u00e3o.<\/a>.\r\n\r\n5 - Procure o seu nome de cruz de encarna\u00e7\u00e3o no quarto que anotou no passo 2.\r\n\r\n6 \u2013 Este \u00e9 o seu nome e n\u00famero atual de cruz de encarna\u00e7\u00e3o.\r\n<table class=\"personality\" border=\"1\" width=\"700\" cellspacing=\"0\" cellpadding=\"0\">\r\n<tbody>\r\n<tr>\r\n<td bgcolor=\"#D6D6D6\"><strong>Quarto 1 - Inicia\u00e7\u00e3o<\/strong><\/td>\r\n<td bgcolor=\"#D6D6D6\"><strong>Quarto 2 - Civiliza\u00e7\u00e3o<\/strong><\/td>\r\n<\/tr>\r\n<tr>\r\n<td>03 \u2013 Dificuldade no in\u00edcio<\/td>\r\n<td>02 - O Recetivo<\/td>\r\n<\/tr>\r\n<tr>\r\n<td>13 - A Irmandade do Homem<\/td>\r\n<td>08 - Manter juntos<\/td>\r\n<\/tr>\r\n<tr>\r\n<td>17 - Seguindo<\/td>\r\n<td>12 - Paralisa\u00e7\u00e3o<\/td>\r\n<\/tr>\r\n<tr>\r\n<td>21 - Penetrante<\/td>\r\n<td>15 - Mod\u00e9stia<\/td>\r\n<\/tr>\r\n<tr>\r\n<td>22 - Gra\u00e7a<\/td>\r\n<td>16 - Entusiasmo<\/td>\r\n<\/tr>\r\n<tr>\r\n<td>24 - Regresso<\/td>\r\n<td>20 - Contempla\u00e7\u00e3o<\/td>\r\n<\/tr>\r\n<tr>\r\n<td>25 - Inoc\u00eancia<\/td>\r\n<td>23 - Separa\u00e7\u00e3o<\/td>\r\n<\/tr>\r\n<tr>\r\n<td>27 - Nutri\u00e7\u00e3o<\/td>\r\n<td>31 - Influ\u00eancia<\/td>\r\n<\/tr>\r\n<tr>\r\n<td>30 - Fogo Aderente<\/td>\r\n<td>33 - Retiro<\/td>\r\n<\/tr>\r\n<tr>\r\n<td>36 - O Escurecer da Luz<\/td>\r\n<td>35 - Progresso<\/td>\r\n<\/tr>\r\n<tr>\r\n<td>37 - A Fam\u00edlia<\/td>\r\n<td>39 - Obstru\u00e7\u00e3o<\/td>\r\n<\/tr>\r\n<tr>\r\n<td>42 - Aumentar<\/td>\r\n<td>45 - Reuni\u00e3o Juntos<\/td>\r\n<\/tr>\r\n<tr>\r\n<td>49 - Revolu\u00e7\u00e3o<\/td>\r\n<td>52 - Manter-se Im\u00f3vel<\/td>\r\n<\/tr>\r\n<tr>\r\n<td>51 - O Despertar<\/td>\r\n<td>53 - Desenvolvimento<\/td>\r\n<\/tr>\r\n<tr>\r\n<td>55 - Abund\u00e2ncia<\/td>\r\n<td>56 \u2013 O Andarilho<\/td>\r\n<\/tr>\r\n<tr>\r\n<td>63 - Ap\u00f3s a Conclus\u00e3o<\/td>\r\n<td>62 \u2013 Preponder\u00e2ncia dos Pequenos<\/td>\r\n<\/tr>\r\n<\/tbody>\r\n<\/table>\r\n<table class=\"personality tab_mar\" border=\"1\" width=\"700\" cellspacing=\"0\" cellpadding=\"0\">\r\n<tbody>\r\n<tr>\r\n<td bgcolor=\"#D6D6D6\"><strong>Quarto 3 - Dualidade<\/strong><\/td>\r\n<td bgcolor=\"#D6D6D6\"><strong>Quarto 4 - Muta\u00e7\u00e3o<\/strong><\/td>\r\n<\/tr>\r\n<tr>\r\n<td>04 \u2013 Loucura Juvenil<\/td>\r\n<td>01 - O Criativo<\/td>\r\n<\/tr>\r\n<tr>\r\n<td>06 \u2013 Fric\u00e7\u00e3o<\/td>\r\n<td>05 \u2013 Espera<\/td>\r\n<\/tr>\r\n<tr>\r\n<td>07 - O Ex\u00e9rcito<\/td>\r\n<td>09 \u2013 O Poder Domesticador dos Pequenos<\/td>\r\n<\/tr>\r\n<tr>\r\n<td>18 - Trabalhar no que foi estragado<\/td>\r\n<td>10 - Trilhando<\/td>\r\n<\/tr>\r\n<tr>\r\n<td>28 \u2013 Preponder\u00e2ncia do Grande<\/td>\r\n<td>11 - Paz<\/td>\r\n<\/tr>\r\n<tr>\r\n<td>29 - O Abismal<\/td>\r\n<td>14 - Posse em Grande Medida<\/td>\r\n<\/tr>\r\n<tr>\r\n<td>32 - Dura\u00e7\u00e3o<\/td>\r\n<td>19 - Abordagem<\/td>\r\n<\/tr>\r\n<tr>\r\n<td>40 - Liberta\u00e7\u00e3o<\/td>\r\n<td>26 - O Poder Domesticador do Grande<\/td>\r\n<\/tr>\r\n<tr>\r\n<td>44 \u2013 Chegar ao Encontro<\/td>\r\n<td>34 - O Poder dos Grandes<\/td>\r\n<\/tr>\r\n<tr>\r\n<td>46 - Empurrar para cima<\/td>\r\n<td>38 - Oposi\u00e7\u00e3o<\/td>\r\n<\/tr>\r\n<tr>\r\n<td>47 - Opress\u00e3o<\/td>\r\n<td>41 - Diminui\u00e7\u00e3o<\/td>\r\n<\/tr>\r\n<tr>\r\n<td>48 - O Po\u00e7o<\/td>\r\n<td>43 - Avan\u00e7o<\/td>\r\n<\/tr>\r\n<tr>\r\n<td>50 - O Caldeir\u00e3o<\/td>\r\n<td>54 - A Donzela Casada<\/td>\r\n<\/tr>\r\n<tr>\r\n<td>57 - O Gentil<\/td>\r\n<td>58 \u2013 Os Alegres<\/td>\r\n<\/tr>\r\n<tr>\r\n<td>59 - Dispers\u00e3o<\/td>\r\n<td>60 - Limita\u00e7\u00e3o<\/td>\r\n<\/tr>\r\n<tr>\r\n<td>64 - Antes da conclus\u00e3o<\/td>\r\n<td>61 - Verdade Interior<\/td>\r\n<\/tr>\r\n<\/tbody>\r\n<\/table>\r\n<\/div>\r\n<\/div>\r\n<div class=\"r_content right mar_top\"><\/div>\r\n<div class=\"clear\"><\/div>\r\n<\/div>","protected":false},"excerpt":{"rendered":"<p>Casa \u00bb Centro De Informacoes \u00bbEncarna\u00e7\u00e3o-Cruzes \u00bb Design Humano \u2013 Tabela da Encarna\u00e7\u00e3o do Sol Design Humano \u2013 Tabela da Encarna\u00e7\u00e3o do Sol 1 \u2013 No seu mapa de Design Humano, localize a coluna de n\u00fameros preta do lado direito \u2013 esta \u00e9 a sua coluna de personalidade. Note o n\u00famero no topo desta lista.&hellip; <a class=\"more-link\" href=\"https:\/\/www.gmtxdev.com\/pt-pt\/design-humano-tabela-da-encarnacao-do-sol\/\">Continue a ler <span class=\"screen-reader-text\">Design Humano \u2013 Tabela da Encarna\u00e7\u00e3o do Sol<\/span><\/a><\/p>\n","protected":false},"author":1,"featured_media":0,"parent":0,"menu_order":0,"comment_status":"closed","ping_status":"closed","template":"","meta":{"footnotes":""},"class_list":["post-12531","page","type-page","status-publish","hentry","entry"],"_links":{"self":[{"href":"https:\/\/www.gmtxdev.com\/pt-pt\/wp-json\/wp\/v2\/pages\/12531","targetHints":{"allow":["GET"]}}],"collection":[{"href":"https:\/\/www.gmtxdev.com\/pt-pt\/wp-json\/wp\/v2\/pages"}],"about":[{"href":"https:\/\/www.gmtxdev.com\/pt-pt\/wp-json\/wp\/v2\/types\/page"}],"author":[{"embeddable":true,"href":"https:\/\/www.gmtxdev.com\/pt-pt\/wp-json\/wp\/v2\/users\/1"}],"replies":[{"embeddable":true,"href":"https:\/\/www.gmtxdev.com\/pt-pt\/wp-json\/wp\/v2\/comments?post=12531"}],"version-history":[{"count":0,"href":"https:\/\/www.gmtxdev.com\/pt-pt\/wp-json\/wp\/v2\/pages\/12531\/revisions"}],"wp:attachment":[{"href":"https:\/\/www.gmtxdev.com\/pt-pt\/wp-json\/wp\/v2\/media?parent=12531"}],"curies":[{"name":"wp","href":"https:\/\/api.w.org\/{rel}","templated":true}]}}