   
{"id":12524,"date":"2020-10-10T06:30:25","date_gmt":"2020-10-10T06:30:25","guid":{"rendered":"https:\/\/www.geneticmatrixtest.com\/?page_id=12524"},"modified":"2020-10-10T06:41:19","modified_gmt":"2020-10-10T06:41:19","slug":"design-humano-nomes-cruzados-da-encarnacao-do-angulo-esquerdo","status":"publish","type":"page","link":"https:\/\/www.gmtxdev.com\/pt-pt\/design-humano-nomes-cruzados-da-encarnacao-do-angulo-esquerdo\/","title":{"rendered":"Design Humano - Nomes Cruzados da Encarna\u00e7\u00e3o do \u00c2ngulo Esquerdo"},"content":{"rendered":"<div id=\"content\">\r\n<div class=\"test_page\">\r\n<div class=\"breadcam\"><a href=\"\/\">Casa<\/a> \u00bb <a href=\"https:\/\/www.geneticmatrix.com\/pt-pt\/centro-de-informacoes\/\">Centro De Informacoes<\/a> \u00bb<a href=\"https:\/\/www.geneticmatrix.com\/pt-pt\/casa-do-usuario\/\">Encarna\u00e7\u00e3o-Cruzes<\/a> \u00bb Design Humano - Nomes Cruzados da Encarna\u00e7\u00e3o do \u00c2ngulo Esquerdo<\/div>\r\n<\/div>\r\n<div class=\"l_content left mar_top\">\r\n<div class=\"services\">\r\n<h3><strong>Design Humano - Nomes Cruzados da Encarna\u00e7\u00e3o do \u00c2ngulo Esquerdo<\/strong><\/h3>\r\n<table class=\"personality\" border=\"1\" width=\"700\" cellspacing=\"0\" cellpadding=\"0\">\r\n<tbody>\r\n<tr>\r\n<td bgcolor=\"#D6D6D6\"><strong>Quarto de Inicia\u00e7\u00e3o<\/strong><\/td>\r\n<td bgcolor=\"#D6D6D6\"><strong>Quarto da Civiliza\u00e7\u00e3o<\/strong><\/td>\r\n<\/tr>\r\n<tr>\r\n<td>A Cruz do \u00c2ngulo Esquerdo das M\u00e1scaras 1<\/td>\r\n<td>A Cruz do \u00c2ngulo Esquerdo do Desafio 1<\/td>\r\n<\/tr>\r\n<tr>\r\n<td>A Cruz do \u00c2ngulo Esquerdo da Revolu\u00e7\u00e3o 1<\/td>\r\n<td>A Cruz do \u00c2ngulo Esquerdo da Dedica\u00e7\u00e3o 1<\/td>\r\n<\/tr>\r\n<tr>\r\n<td>A Cruz do \u00c2ngulo Esquerdo da Ind\u00fastria 1<\/td>\r\n<td>A Cruz do \u00c2ngulo Esquerdo da Incerteza 1<\/td>\r\n<\/tr>\r\n<tr>\r\n<td>A Cruz do \u00c2ngulo Esquerdo do Esp\u00edrito 1<\/td>\r\n<td>A Cruz do \u00c2ngulo Esquerdo da Dualidade 1<\/td>\r\n<\/tr>\r\n<tr>\r\n<td>A Cruz do \u00c2ngulo Esquerdo da Migra\u00e7\u00e3o 1<\/td>\r\n<td>A Cruz do \u00c2ngulo Esquerdo da Identifica\u00e7\u00e3o 1<\/td>\r\n<\/tr>\r\n<tr>\r\n<td>A Cruz do \u00c2ngulo Esquerdo do Dom\u00ednio 1<\/td>\r\n<td>Cruz do \u00c2ngulo Esquerdo da Separa\u00e7\u00e3o 1<\/td>\r\n<\/tr>\r\n<tr>\r\n<td>A Cruz do \u00c2ngulo Esquerdo de Informar 1<\/td>\r\n<td>Cruz do \u00c2ngulo Esquerdo do Confronto 1<\/td>\r\n<\/tr>\r\n<tr>\r\n<td>A Cruz do \u00c2ngulo Esquerdo do Avi\u00e3o 1<\/td>\r\n<td>A Cruz do \u00c2ngulo Esquerdo da Educa\u00e7\u00e3o 1<\/td>\r\n<\/tr>\r\n<tr>\r\n<td>A Cruz do \u00c2ngulo Esquerdo da Cura 1<\/td>\r\n<td>A Cruz do \u00c2ngulo Esquerdo da Preven\u00e7\u00e3o 1<\/td>\r\n<\/tr>\r\n<tr>\r\n<td>A Cruz do \u00c2ngulo Esquerdo da Agita\u00e7\u00e3o 1<\/td>\r\n<td>A Cruz do \u00c2ngulo Esquerdo das Demandas 1<\/td>\r\n<\/tr>\r\n<tr>\r\n<td>A Cruz do \u00c2ngulo Esquerdo do Esfor\u00e7o 1<\/td>\r\n<td>A Cruz do \u00c2ngulo Esquerdo do Individualismo 1<\/td>\r\n<\/tr>\r\n<tr>\r\n<td>A Cruz do \u00c2ngulo Esquerdo de Clarion 1<\/td>\r\n<td>A Cruz do \u00c2ngulo Esquerdo dos Ciclos 1<\/td>\r\n<\/tr>\r\n<tr>\r\n<td>A Cruz do \u00c2ngulo Esquerdo da Limita\u00e7\u00e3o 1<\/td>\r\n<td>A Cruz do \u00c2ngulo Esquerdo da Obscura\u00e7\u00e3o 1<\/td>\r\n<\/tr>\r\n<tr>\r\n<td>A Cruz do \u00c2ngulo Esquerdo dos Desejos 1<\/td>\r\n<td>A Cruz do \u00c2ngulo Esquerdo da Distra\u00e7\u00e3o 1<\/td>\r\n<\/tr>\r\n<tr>\r\n<td>A Cruz do \u00c2ngulo Esquerdo do Alinhamento 1<\/td>\r\n<td>A Cruz do \u00c2ngulo Esquerdo do Alfa 1<\/td>\r\n<\/tr>\r\n<tr>\r\n<td>A Cruz do \u00c2ngulo Esquerdo da Encarna\u00e7\u00e3o 1<\/td>\r\n<td>A Cruz do \u00c2ngulo Esquerdo do Refinamento 1<\/td>\r\n<\/tr>\r\n<tr>\r\n<td><\/td>\r\n<td><\/td>\r\n<\/tr>\r\n<\/tbody>\r\n<\/table>\r\n<table class=\"personality tab_mar\" border=\"1\" width=\"700\" cellspacing=\"0\" cellpadding=\"0\">\r\n<tbody>\r\n<tr>\r\n<td bgcolor=\"#D6D6D6\"><strong>Quarto de Dualidade<\/strong><\/td>\r\n<td bgcolor=\"#D6D6D6\"><strong>Quarto de Muta\u00e7\u00e3o<\/strong><\/td>\r\n<\/tr>\r\n<tr>\r\n<td>A Cruz do \u00c2ngulo Esquerdo das M\u00e1scaras 2<\/td>\r\n<td>A Cruz do \u00c2ngulo Esquerdo do Desafio 2<\/td>\r\n<\/tr>\r\n<tr>\r\n<td>A Cruz do \u00c2ngulo Esquerdo da Revolu\u00e7\u00e3o 2<\/td>\r\n<td>A Cruz do \u00c2ngulo Esquerdo da Dedica\u00e7\u00e3o 2<\/td>\r\n<\/tr>\r\n<tr>\r\n<td>A Cruz do \u00c2ngulo Esquerdo da Ind\u00fastria 2<\/td>\r\n<td>A Cruz do \u00c2ngulo Esquerdo da Incerteza 2<\/td>\r\n<\/tr>\r\n<tr>\r\n<td>A Cruz do \u00c2ngulo Esquerdo do Esp\u00edrito 2<\/td>\r\n<td>A Cruz do \u00c2ngulo Esquerdo da Dualidade 2<\/td>\r\n<\/tr>\r\n<tr>\r\n<td>A Cruz do \u00c2ngulo Esquerdo da Migra\u00e7\u00e3o 2<\/td>\r\n<td>A Cruz do \u00c2ngulo Esquerdo da Identifica\u00e7\u00e3o 2<\/td>\r\n<\/tr>\r\n<tr>\r\n<td>A Cruz do \u00c2ngulo Esquerdo do Dom\u00ednio 2<\/td>\r\n<td>A Cruz do \u00c2ngulo Esquerdo da Separa\u00e7\u00e3o 2<\/td>\r\n<\/tr>\r\n<tr>\r\n<td>A Cruz do \u00c2ngulo Esquerdo de Informar 2<\/td>\r\n<td>A Cruz do \u00c2ngulo Esquerdo do Confronto 2<\/td>\r\n<\/tr>\r\n<tr>\r\n<td>A Cruz do \u00c2ngulo Esquerdo do Avi\u00e3o 2<\/td>\r\n<td>A Cruz do \u00c2ngulo Esquerdo da Educa\u00e7\u00e3o 2<\/td>\r\n<\/tr>\r\n<tr>\r\n<td>A Cruz do \u00c2ngulo Esquerdo da Cura 2<\/td>\r\n<td>A Cruz do \u00c2ngulo Esquerdo da Preven\u00e7\u00e3o 2<\/td>\r\n<\/tr>\r\n<tr>\r\n<td>A Cruz do \u00c2ngulo Esquerdo da Agita\u00e7\u00e3o 2<\/td>\r\n<td>A Cruz do \u00c2ngulo Esquerdo das Demandas 2<\/td>\r\n<\/tr>\r\n<tr>\r\n<td>A Cruz do \u00c2ngulo Esquerdo do Esfor\u00e7o 2<\/td>\r\n<td>A Cruz do \u00c2ngulo Esquerdo do Individualismo 2<\/td>\r\n<\/tr>\r\n<tr>\r\n<td>A Cruz de \u00c2ngulo Esquerdo do Clarion 2<\/td>\r\n<td>A Cruz do \u00c2ngulo Esquerdo dos Ciclos 2<\/td>\r\n<\/tr>\r\n<tr>\r\n<td>A Cruz do \u00c2ngulo Esquerdo da Limita\u00e7\u00e3o 2<\/td>\r\n<td>A Cruz do \u00c2ngulo Esquerdo da Obscura\u00e7\u00e3o 2<\/td>\r\n<\/tr>\r\n<tr>\r\n<td>A Cruz do \u00c2ngulo Esquerdo dos Desejos 2<\/td>\r\n<td>A Cruz do \u00c2ngulo Esquerdo da Distra\u00e7\u00e3o 2<\/td>\r\n<\/tr>\r\n<tr>\r\n<td>A Cruz do \u00c2ngulo Esquerdo do Alinhamento 2<\/td>\r\n<td>A Cruz do \u00c2ngulo Esquerdo do Alfa 2<\/td>\r\n<\/tr>\r\n<tr>\r\n<td>A Cruz do \u00c2ngulo Esquerdo da Encarna\u00e7\u00e3o 2<\/td>\r\n<td>A Cruz do \u00c2ngulo Esquerdo do Refinamento 2<\/td>\r\n<\/tr>\r\n<\/tbody>\r\n<\/table>\r\n<\/div>\r\n<\/div>\r\n<div class=\"r_content right mar_top\"><\/div>\r\n<div class=\"clear\"><\/div>\r\n<\/div>","protected":false},"excerpt":{"rendered":"<p>Casa \u00bb Centro De Informacoes \u00bbEncarna\u00e7\u00e3o-Cruzes \u00bb Design Humano &#8211; Nomes Cruzados da Encarna\u00e7\u00e3o do \u00c2ngulo Esquerdo Design Humano &#8211; Nomes Cruzados da Encarna\u00e7\u00e3o do \u00c2ngulo Esquerdo Quarto de Inicia\u00e7\u00e3o Quarto da Civiliza\u00e7\u00e3o A Cruz do \u00c2ngulo Esquerdo das M\u00e1scaras 1 A Cruz do \u00c2ngulo Esquerdo do Desafio 1 A Cruz do \u00c2ngulo Esquerdo da&hellip; <a class=\"more-link\" href=\"https:\/\/www.gmtxdev.com\/pt-pt\/design-humano-nomes-cruzados-da-encarnacao-do-angulo-esquerdo\/\">Continue a ler <span class=\"screen-reader-text\">Design Humano &#8211; Nomes Cruzados da Encarna\u00e7\u00e3o do \u00c2ngulo Esquerdo<\/span><\/a><\/p>\n","protected":false},"author":1,"featured_media":0,"parent":0,"menu_order":0,"comment_status":"closed","ping_status":"closed","template":"","meta":{"footnotes":""},"class_list":["post-12524","page","type-page","status-publish","hentry","entry"],"_links":{"self":[{"href":"https:\/\/www.gmtxdev.com\/pt-pt\/wp-json\/wp\/v2\/pages\/12524","targetHints":{"allow":["GET"]}}],"collection":[{"href":"https:\/\/www.gmtxdev.com\/pt-pt\/wp-json\/wp\/v2\/pages"}],"about":[{"href":"https:\/\/www.gmtxdev.com\/pt-pt\/wp-json\/wp\/v2\/types\/page"}],"author":[{"embeddable":true,"href":"https:\/\/www.gmtxdev.com\/pt-pt\/wp-json\/wp\/v2\/users\/1"}],"replies":[{"embeddable":true,"href":"https:\/\/www.gmtxdev.com\/pt-pt\/wp-json\/wp\/v2\/comments?post=12524"}],"version-history":[{"count":0,"href":"https:\/\/www.gmtxdev.com\/pt-pt\/wp-json\/wp\/v2\/pages\/12524\/revisions"}],"wp:attachment":[{"href":"https:\/\/www.gmtxdev.com\/pt-pt\/wp-json\/wp\/v2\/media?parent=12524"}],"curies":[{"name":"wp","href":"https:\/\/api.w.org\/{rel}","templated":true}]}}