   
{"id":12521,"date":"2020-10-10T05:50:41","date_gmt":"2020-10-10T05:50:41","guid":{"rendered":"https:\/\/www.geneticmatrixtest.com\/?page_id=12521"},"modified":"2020-10-10T05:57:16","modified_gmt":"2020-10-10T05:57:16","slug":"design-humano-nomes-cruzados-da-encarnacao-do-angulo-direito","status":"publish","type":"page","link":"https:\/\/www.gmtxdev.com\/pt-pt\/design-humano-nomes-cruzados-da-encarnacao-do-angulo-direito\/","title":{"rendered":"Design Humano - Nomes Cruzados da Encarna\u00e7\u00e3o do \u00c2ngulo Direito"},"content":{"rendered":"<div id=\"content\">\r\n<div class=\"test_page\">\r\n<div class=\"breadcam\"><a href=\"\/\">Casa<\/a> \u00bb <a href=\"\/\/pt-pt\/centro-de-informacoes\/\">Centro De Informacoes<\/a> \u00bb<a href=\"\/pt-pt\/casa-do-usuario\/\">Encarna\u00e7\u00e3o-Cruzes<\/a> \u00bbDesign Humano - Nomes Cruzados da Encarna\u00e7\u00e3o do \u00c2ngulo Direito<\/div>\r\n<\/div>\r\n<div class=\"l_content left mar_top\">\r\n<div class=\"services\">\r\n<h3><strong>Design Humano - Nomes Cruzados da Encarna\u00e7\u00e3o do \u00c2ngulo Direito<\/strong><\/h3>\r\n<table class=\"personality\" border=\"1\" width=\"700\" cellspacing=\"0\" cellpadding=\"0\">\r\n<tbody>\r\n<tr>\r\n<td bgcolor=\"#D6D6D6\"><strong>Quarto de Inicia\u00e7\u00e3o<\/strong><\/td>\r\n<td bgcolor=\"#D6D6D6\"><strong>Quarto da Civiliza\u00e7\u00e3o<\/strong><\/td>\r\n<\/tr>\r\n<tr>\r\n<td>A Cruz do \u00c2ngulo Direito da Esfinge 1<\/td>\r\n<td>A Cruz do \u00c2ngulo Direito da Esfinge 2<\/td>\r\n<\/tr>\r\n<tr>\r\n<td>A Cruz do \u00c2ngulo Direito da Explica\u00e7\u00e3o 1<\/td>\r\n<td>A Cruz do \u00c2ngulo Direito da Explica\u00e7\u00e3o 2<\/td>\r\n<\/tr>\r\n<tr>\r\n<td>A Cruz do \u00c2ngulo Direito de Cont\u00e1gio 1<\/td>\r\n<td>A Cruz do \u00c2ngulo Direito de Cont\u00e1gio 2<\/td>\r\n<\/tr>\r\n<tr>\r\n<td>A Cruz do \u00c2ngulo Direito da F\u00e9nix Adormecida 1<\/td>\r\n<td>A Cruz do \u00c2ngulo Direito da F\u00e9nix Adormecida 2<\/td>\r\n<\/tr>\r\n<tr>\r\n<td>A Cruz do \u00c2ngulo Direito do Planejamento 1<\/td>\r\n<td>A Cruz do \u00c2ngulo Direito do Planejamento 2<\/td>\r\n<\/tr>\r\n<tr>\r\n<td>A Cruz do \u00c2ngulo Direito da Consci\u00eancia 1<\/td>\r\n<td>A Cruz do \u00c2ngulo Direito da Consci\u00eancia 2<\/td>\r\n<\/tr>\r\n<tr>\r\n<td>A Cruz do \u00c2ngulo Direito da Reg\u00eancia 1<\/td>\r\n<td>A Cruz do \u00c2ngulo Direito da Reg\u00eancia 2<\/td>\r\n<\/tr>\r\n<tr>\r\n<td>A Cruz do \u00c2ngulo Direito do \u00c9den 1<\/td>\r\n<td>A Cruz do \u00c2ngulo Direito do \u00c9den 2<\/td>\r\n<\/tr>\r\n<tr>\r\n<td>A Cruz de \u00c2ngulo Direito da Embarca\u00e7\u00e3o do Amor 1<\/td>\r\n<td>A Cruz do \u00c2ngulo Direito da Embarca\u00e7\u00e3o do amor 2<\/td>\r\n<\/tr>\r\n<tr>\r\n<td>A Cruz do \u00c2ngulo Direito de Servi\u00e7o 1<\/td>\r\n<td>A Cruz do \u00c2ngulo Direito de Servi\u00e7o 2<\/td>\r\n<\/tr>\r\n<tr>\r\n<td>A Cruz do \u00c2ngulo Direito de Tens\u00e3o 1<\/td>\r\n<td>A Cruz do \u00c2ngulo Direito de Tens\u00e3o 2<\/td>\r\n<\/tr>\r\n<tr>\r\n<td>A Cruz do \u00c2ngulo Direito da Penetra\u00e7\u00e3o 1<\/td>\r\n<td>A Cruz do \u00c2ngulo Direito de penetra\u00e7\u00e3o 2<\/td>\r\n<\/tr>\r\n<tr>\r\n<td>A Cruz do \u00c2ngulo Direito de Maia 1<\/td>\r\n<td>A Cruz do \u00c2ngulo Direito de Maia 2<\/td>\r\n<\/tr>\r\n<tr>\r\n<td>A Cruz do \u00c2ngulo Direito das Leis 1<\/td>\r\n<td>A Cruz do \u00c2ngulo Direito das Leis 2<\/td>\r\n<\/tr>\r\n<tr>\r\n<td>A Cruz do \u00c2ngulo Direito do Inesperado 1<\/td>\r\n<td>A Cruz do \u00e2ngulo Direito do Inesperado 2<\/td>\r\n<\/tr>\r\n<tr>\r\n<td>A Cruz do \u00c2ngulo Direito das Quatro Maneiras 1<\/td>\r\n<td>A Cruz do \u00c2ngulo Direito das Quatro Maneiras 2<\/td>\r\n<\/tr>\r\n<\/tbody>\r\n<\/table>\r\n<table class=\"personality tab_mar\" border=\"1\" width=\"700\" cellspacing=\"0\" cellpadding=\"0\">\r\n<tbody>\r\n<tr>\r\n<td bgcolor=\"#D6D6D6\"><strong>Quarto de Dualidade<\/strong><\/td>\r\n<td bgcolor=\"#D6D6D6\"><strong>Quarto de Muta\u00e7\u00e3o<\/strong><\/td>\r\n<\/tr>\r\n<tr>\r\n<td>A Cruz do \u00c2ngulo Direito da Esfinge 3<\/td>\r\n<td>A Cruz do \u00c2ngulo Direito da Esfinge 4<\/td>\r\n<\/tr>\r\n<tr>\r\n<td>A Cruz do \u00c2ngulo Direito da Explica\u00e7\u00e3o 3<\/td>\r\n<td>A Cruz do \u00c2ngulo Direito da Explica\u00e7\u00e3o 4<\/td>\r\n<\/tr>\r\n<tr>\r\n<td>A Cruz do \u00c2ngulo Direito de Cont\u00e1gio 3<\/td>\r\n<td>A Cruz do \u00c2ngulo Direito de Cont\u00e1gio 4<\/td>\r\n<\/tr>\r\n<tr>\r\n<td>A Cruz do \u00c2ngulo Direito da F\u00e9nix Adormecida 3<\/td>\r\n<td>A Cruz do \u00c2ngulo Direito da F\u00e9nix Adormecida 4<\/td>\r\n<\/tr>\r\n<tr>\r\n<td>A Cruz do \u00c2ngulo Direito do Planejamento 3<\/td>\r\n<td>A Cruz do \u00c2ngulo Direito do Planejamento 4<\/td>\r\n<\/tr>\r\n<tr>\r\n<td>A Cruz do \u00c2ngulo Direito da Consci\u00eancia 3<\/td>\r\n<td>A Cruz do \u00c2ngulo Direito da Consci\u00eancia 4<\/td>\r\n<\/tr>\r\n<tr>\r\n<td>A Cruz do \u00c2ngulo Direito da Reg\u00eancia 3<\/td>\r\n<td>A Cruz do \u00c2ngulo Direito da Reg\u00eancia 4<\/td>\r\n<\/tr>\r\n<tr>\r\n<td>A Cruz do \u00c2ngulo Direito do \u00c9den 3<\/td>\r\n<td>A Cruz do \u00c2ngulo Direito do \u00c9den 4<\/td>\r\n<\/tr>\r\n<tr>\r\n<td>A Cruz do \u00c2ngulo Direito da Embarca\u00e7\u00e3o do amor 3<\/td>\r\n<td>A Cruz do \u00c2ngulo Direito da Embarca\u00e7\u00e3o do amor 4<\/td>\r\n<\/tr>\r\n<tr>\r\n<td>A Cruz do \u00c2ngulo Direito de Servi\u00e7o 3<\/td>\r\n<td>A Cruz do \u00c2ngulo Direito de Servi\u00e7o 4<\/td>\r\n<\/tr>\r\n<tr>\r\n<td>A Cruz do \u00c2ngulo Direito de Tens\u00e3o 3<\/td>\r\n<td>A Cruz do \u00c2ngulo Direito de Tens\u00e3o 4<\/td>\r\n<\/tr>\r\n<tr>\r\n<td>A Cruz do \u00c2ngulo Direito de Penetra\u00e7\u00e3o 3<\/td>\r\n<td>A Cruz do \u00c2ngulo Direito de Penetra\u00e7\u00e3o 4<\/td>\r\n<\/tr>\r\n<tr>\r\n<td>A Cruz do \u00c2ngulo Direito de Maia 3<\/td>\r\n<td>A Cruz do \u00c2ngulo Direito de Maia 4<\/td>\r\n<\/tr>\r\n<tr>\r\n<td>A Cruz do \u00c2ngulo Direito das Leis 3<\/td>\r\n<td>A Cruz do \u00c2ngulo Direito das Leis 4<\/td>\r\n<\/tr>\r\n<tr>\r\n<td>A Cruz do \u00c2ngulo Direito do Inesperado 3<\/td>\r\n<td>A Cruz do \u00c2ngulo Direito do Inesperado 4<\/td>\r\n<\/tr>\r\n<tr>\r\n<td>A Cruz do \u00c2ngulo Direito das Quatro Maneiras 3<\/td>\r\n<td>A Cruz do \u00c2ngulo Direito das Quatro Maneiras 4<\/td>\r\n<\/tr>\r\n<\/tbody>\r\n<\/table>\r\n<\/div>\r\n<\/div>\r\n<div class=\"r_content right mar_top\"><\/div>\r\n<div class=\"clear\"><\/div>\r\n<\/div>","protected":false},"excerpt":{"rendered":"<p>Casa \u00bb Centro De Informacoes \u00bbEncarna\u00e7\u00e3o-Cruzes \u00bbDesign Humano &#8211; Nomes Cruzados da Encarna\u00e7\u00e3o do \u00c2ngulo Direito Design Humano &#8211; Nomes Cruzados da Encarna\u00e7\u00e3o do \u00c2ngulo Direito Quarto de Inicia\u00e7\u00e3o Quarto da Civiliza\u00e7\u00e3o A Cruz do \u00c2ngulo Direito da Esfinge 1 A Cruz do \u00c2ngulo Direito da Esfinge 2 A Cruz do \u00c2ngulo Direito da Explica\u00e7\u00e3o&hellip; <a class=\"more-link\" href=\"https:\/\/www.gmtxdev.com\/pt-pt\/design-humano-nomes-cruzados-da-encarnacao-do-angulo-direito\/\">Continue a ler <span class=\"screen-reader-text\">Design Humano &#8211; Nomes Cruzados da Encarna\u00e7\u00e3o do \u00c2ngulo Direito<\/span><\/a><\/p>\n","protected":false},"author":1,"featured_media":0,"parent":0,"menu_order":0,"comment_status":"closed","ping_status":"closed","template":"","meta":{"footnotes":""},"class_list":["post-12521","page","type-page","status-publish","hentry","entry"],"_links":{"self":[{"href":"https:\/\/www.gmtxdev.com\/pt-pt\/wp-json\/wp\/v2\/pages\/12521","targetHints":{"allow":["GET"]}}],"collection":[{"href":"https:\/\/www.gmtxdev.com\/pt-pt\/wp-json\/wp\/v2\/pages"}],"about":[{"href":"https:\/\/www.gmtxdev.com\/pt-pt\/wp-json\/wp\/v2\/types\/page"}],"author":[{"embeddable":true,"href":"https:\/\/www.gmtxdev.com\/pt-pt\/wp-json\/wp\/v2\/users\/1"}],"replies":[{"embeddable":true,"href":"https:\/\/www.gmtxdev.com\/pt-pt\/wp-json\/wp\/v2\/comments?post=12521"}],"version-history":[{"count":0,"href":"https:\/\/www.gmtxdev.com\/pt-pt\/wp-json\/wp\/v2\/pages\/12521\/revisions"}],"wp:attachment":[{"href":"https:\/\/www.gmtxdev.com\/pt-pt\/wp-json\/wp\/v2\/media?parent=12521"}],"curies":[{"name":"wp","href":"https:\/\/api.w.org\/{rel}","templated":true}]}}