   
{"id":12515,"date":"2020-10-09T12:43:19","date_gmt":"2020-10-09T12:43:19","guid":{"rendered":"https:\/\/www.geneticmatrixtest.com\/?page_id=12515"},"modified":"2020-10-09T12:43:19","modified_gmt":"2020-10-09T12:43:19","slug":"tipos-de-estrategia","status":"publish","type":"page","link":"https:\/\/www.gmtxdev.com\/pt-pt\/tipos-de-estrategia\/","title":{"rendered":"TIPOS DE ESTRAT\u00c9GIA"},"content":{"rendered":"<div id=\"content\">\r\n<div class=\"test_page\">\r\n<div class=\"breadcam\"><a href=\"\/\">Home<\/a> \u00bb <a href=\"&lt;?php echo site_url(); ?&gt;\/pt-pt\/centro-de-informacoes\/\">Centro De Informacoes<\/a> \u00bb TIPOS DE ESTRAT\u00c9GIA<\/div>\r\n<\/div>\r\n<div class=\"famous_people\">\r\n<h2>TIPOS DE ESTRAT\u00c9GIA<\/h2>\r\nTodos n\u00f3s temos designs gen\u00e9ticos absolutamente \u00fanicos. Mas, assim como os seres humanos evolu\u00edram para ter quatro grupos de tipos sangu\u00edneos distintos em um alto n\u00edvel, todos os seres humanos tamb\u00e9m podem ser categorizados em quatro categorias distintas. Essas quatro categorias de alto n\u00edvel s\u00e3o chamadas de tipos. Cada tipo de ser humano tem uma \u00fanica e estrat\u00e9gia l\u00f3gica que, se usada, ir\u00e1 eliminar imediatamente a resist\u00eancia de sua vida. Existem estrat\u00e9gias \u00fanicas que se aplicam aos diferentes tipos de ser humano.\r\n<div class=\"left mar_rig\">\r\n<h3>Estrat\u00e9gia do Gerador<\/h3>\r\n&nbsp;\r\n<div class=\"famous_people_outer\">\r\n<div class=\"famous_people_padd\"><img src=\"http:\/\/www.geneticmatrixtest.com\/wp-content\/themes\/twentyten\/images\/famous_peaple_name.png\" alt=\"img\" width=\"250\" height=\"152\" border=\"0\" \/><\/div>\r\n<\/div>\r\n<\/div>\r\n<div class=\"left mar_rig\">\r\n<h3>Estrat\u00e9gia do Gerador Manifestante<\/h3>\r\n&nbsp;\r\n<div class=\"famous_people_outer\">\r\n<div class=\"famous_people_padd\"><img src=\"http:\/\/www.geneticmatrixtest.com\/wp-content\/themes\/twentyten\/images\/famous_peaple_profile.png\" alt=\"img\" width=\"250\" height=\"152\" border=\"0\" \/><\/div>\r\n<\/div>\r\n<\/div>\r\n<div class=\"left\">\r\n<h3>Estrat\u00e9gia do Manifestador<\/h3>\r\n&nbsp;\r\n<div class=\"famous_people_outer\">\r\n<div class=\"famous_people_padd\"><img src=\"http:\/\/www.geneticmatrixtest.com\/wp-content\/themes\/twentyten\/images\/famous_peaple_type.png\" alt=\"img\" width=\"250\" height=\"152\" border=\"0\" \/><\/div>\r\n<\/div>\r\n<\/div>\r\n<div class=\"clear\"><\/div>\r\n<div class=\"left mar_rig\">\r\n<h3>Estrat\u00e9gia do Projetor<\/h3>\r\n&nbsp;\r\n<div class=\"famous_people_outer\">\r\n<div class=\"famous_people_padd\"><img src=\"http:\/\/www.geneticmatrixtest.com\/wp-content\/themes\/twentyten\/images\/famous_peaple_type.png\" alt=\"img\" width=\"250\" height=\"152\" border=\"0\" \/><\/div>\r\n<\/div>\r\n<\/div>\r\n<div class=\"left mar_rig\">\r\n<h3>Estrat\u00e9gia do Refletor<\/h3>\r\n&nbsp;\r\n<div class=\"famous_people_outer\">\r\n<div class=\"famous_people_padd\"><img src=\"http:\/\/www.geneticmatrixtest.com\/wp-content\/themes\/twentyten\/images\/famous_peaple_type.png\" alt=\"img\" width=\"250\" height=\"152\" border=\"0\" \/><\/div>\r\n<\/div>\r\n<\/div>\r\n<div class=\"clear\"><\/div>\r\n<\/div>\r\n<\/div>","protected":false},"excerpt":{"rendered":"<p>Home \u00bb Centro De Informacoes \u00bb TIPOS DE ESTRAT\u00c9GIA TIPOS DE ESTRAT\u00c9GIA Todos n\u00f3s temos designs gen\u00e9ticos absolutamente \u00fanicos. Mas, assim como os seres humanos evolu\u00edram para ter quatro grupos de tipos sangu\u00edneos distintos em um alto n\u00edvel, todos os seres humanos tamb\u00e9m podem ser categorizados em quatro categorias distintas. Essas quatro categorias de alto&hellip; <a class=\"more-link\" href=\"https:\/\/www.gmtxdev.com\/pt-pt\/tipos-de-estrategia\/\">Continue a ler <span class=\"screen-reader-text\">TIPOS DE ESTRAT\u00c9GIA<\/span><\/a><\/p>\n","protected":false},"author":1,"featured_media":0,"parent":0,"menu_order":0,"comment_status":"closed","ping_status":"closed","template":"","meta":{"footnotes":""},"class_list":["post-12515","page","type-page","status-publish","hentry","entry"],"_links":{"self":[{"href":"https:\/\/www.gmtxdev.com\/pt-pt\/wp-json\/wp\/v2\/pages\/12515","targetHints":{"allow":["GET"]}}],"collection":[{"href":"https:\/\/www.gmtxdev.com\/pt-pt\/wp-json\/wp\/v2\/pages"}],"about":[{"href":"https:\/\/www.gmtxdev.com\/pt-pt\/wp-json\/wp\/v2\/types\/page"}],"author":[{"embeddable":true,"href":"https:\/\/www.gmtxdev.com\/pt-pt\/wp-json\/wp\/v2\/users\/1"}],"replies":[{"embeddable":true,"href":"https:\/\/www.gmtxdev.com\/pt-pt\/wp-json\/wp\/v2\/comments?post=12515"}],"version-history":[{"count":0,"href":"https:\/\/www.gmtxdev.com\/pt-pt\/wp-json\/wp\/v2\/pages\/12515\/revisions"}],"wp:attachment":[{"href":"https:\/\/www.gmtxdev.com\/pt-pt\/wp-json\/wp\/v2\/media?parent=12515"}],"curies":[{"name":"wp","href":"https:\/\/api.w.org\/{rel}","templated":true}]}}