   
{"id":12513,"date":"2020-10-09T12:30:36","date_gmt":"2020-10-09T12:30:36","guid":{"rendered":"https:\/\/www.geneticmatrixtest.com\/?page_id=12513"},"modified":"2020-10-23T12:39:24","modified_gmt":"2020-10-23T12:39:24","slug":"design-humano-cruzes-de-encarnacao","status":"publish","type":"page","link":"https:\/\/www.gmtxdev.com\/pt-pt\/design-humano-cruzes-de-encarnacao\/","title":{"rendered":"Design Humano \u2013 Cruzes de encarna\u00e7\u00e3o"},"content":{"rendered":"<div id=\"content\">\r\n<div class=\"test_page\">\r\n<div class=\"breadcam\"><a href=\"\/\">Casa<\/a> \u00bb <a href=\"\/pt-pt\/centro-de-informacoes\/\">Centro De Informacoes<\/a> \u00bb Design Humano \u2013 Cruzes de encarna\u00e7\u00e3o<\/div>\r\n<\/div>\r\n<div class=\"l_content left mar_top\">\r\n<div class=\"services\">\r\n<h3><strong>Design Humano \u2013 Cruzes de encarna\u00e7\u00e3o<\/strong><\/h3>\r\nTodos n\u00f3s nascemos ou \"encarnamos\" com um tema de cruz de encarna\u00e7\u00e3o para as nossas vidas.\r\n\r\nEste tema representa onde a sua dire\u00e7\u00e3o de vida ou prop\u00f3sito de vida reside SE voc\u00ea seguir a sua <a href=\"\/pt-pt\/tipos-de-estrategia\/\">estrat\u00e9gia<\/a> e interior <a href=\"\/pt-pt\/design-humano-autoridade-interior\/\">autoridade interior<\/a> corretamente..\r\n<ul>\r\n \t<li style=\"list-style-type: none;\">\r\n<ul>\r\n \t<li>Existem 768 varia\u00e7\u00f5es b\u00e1sicas de cruz de encarna\u00e7\u00e3o no Design Humano.<\/li>\r\n \t<li>448 s\u00e3o cruzes de \u00c2ngulo Direito - Destino Pessoal.<\/li>\r\n \t<li>256 s\u00e3o cruzes de \u00c2ngulo Esquerdo - Destino Transpessoal.<\/li>\r\n \t<li>64 s\u00e3o cruzes de justaposi\u00e7\u00e3o - Destino Fixo.<\/li>\r\n \t<li>As 768 cruzes de encarna\u00e7\u00e3o b\u00e1sicas receberam 112 nomes tem\u00e1ticos.<\/li>\r\n \t<li>\u00c9 este nome tem\u00e1tico que aparece no seu mapa de Design Humano.<\/li>\r\n<\/ul>\r\n<\/li>\r\n<\/ul>\r\n<h3>Consulte a lista completa de<a href=\"\/pt-pt\/design-humano-nomes-cruzados-da-encarnacao-do-angulo-direito\/\">nomes das cruzes de encarna\u00e7\u00e3o de \u00c2ngulo Direito.<\/a>.<\/h3>\r\nAs 448 cruzes de encarna\u00e7\u00e3o de \u00c2ngulo Direito t\u00eam 16 nomes tem\u00e1ticos. Cada nome tem\u00e1tico de \u00e2ngulo direito ocorre uma vez em cada um dos quatro quartos da Roda de Design Humano. Assim, cada nome tem\u00e1tico ocorre quatro vezes no total. Por exemplo \u2013 O nome \"Cruz de \u00c2ngulo Direito dos Quatro Caminhos\" ocorre quatro vezes; uma vez em cada trimestre.\r\n<h3>Veja a lista completa dos <a href=\"\/pt-pt\/design-humano-nomes-cruzados-da-encarnacao-do-angulo-esquerdo\/\">nomes das cruzes de encarna\u00e7\u00e3o de \u00c2ngulo Esquerdo.<\/a>.<\/h3>\r\nAs 256 cruzes de encarna\u00e7\u00e3o de \u00c2ngulo Esquerdo t\u00eam 32 nomes tem\u00e1ticos. Cada nome ocorre uma vez em dois quartos separados. Por exemplo \u2013 O nome \"Cruz de \u00c2ngulo Esquerdo das M\u00e1scaras\u201d ocorre duas vezes nos quatro quartos.\r\n<h3>Consulte a lista completa de <a href=\"\/pt-pt\/design-humano-nomes-cruzados-de-encarnacao-de-justaposicao\/\">nomes das cruzes de encarna\u00e7\u00e3o de Justaposi\u00e7\u00e3o.<\/a>.<\/h3>\r\nAs 64 cruzes de encarna\u00e7\u00e3o de justaposi\u00e7\u00e3o t\u00eam 64 nomes tem\u00e1ticos. Cada nome ocorre apenas uma vez num trimestre espec\u00edfico. Por exemplo \u2013 O nome \"Cruz de Justaposi\u00e7\u00e3o dos Fatos\" ocorre apenas uma vez em todos os quatro trimestres.\r\n\r\n<strong>Outro N\u00edvel \u2013<\/strong> Ao n\u00edvel mais profundo do conhecimento do Design Humano, estas 768 cruzes de encarna\u00e7\u00e3o b\u00e1sicas tornam-se um total de 69.120 poss\u00edveis cruzes encarna\u00e7\u00f5es. Estes relacionam-se com as portas espec\u00edficos, linhas, cores, tons e bases em que nasceu. Est\u00e1 al\u00e9m do \u00e2mbito deste site lev\u00e1-lo a esse n\u00edvel de detalhe.\r\n\r\nMas, basta dizer, se receber a descri\u00e7\u00e3o correta da sua Cruz de encarna\u00e7\u00e3o dentro das 768 varia\u00e7\u00f5es b\u00e1sicas, ser\u00e1 suficiente para compreender a dire\u00e7\u00e3o e a natureza do seu prop\u00f3sito de vida.\r\n<h3>Como encontro o meu Quarto de Cruz de Encarna\u00e7\u00e3o?<\/h3>\r\n<a href=\"\/pt-pt\/design-humano-tabela-da-encarnacao-do-sol\/\">Descubra aqui<\/a>\r\n\r\n<\/div>\r\n<div class=\"clear\"><\/div>\r\n<\/div>\r\n<div class=\"r_content right mar_top\"><\/div>\r\n<div class=\"clear\"><\/div>\r\n<\/div>","protected":false},"excerpt":{"rendered":"<p>Casa \u00bb Centro De Informacoes \u00bb Design Humano \u2013 Cruzes de encarna\u00e7\u00e3o Design Humano \u2013 Cruzes de encarna\u00e7\u00e3o Todos n\u00f3s nascemos ou &#8220;encarnamos&#8221; com um tema de cruz de encarna\u00e7\u00e3o para as nossas vidas. Este tema representa onde a sua dire\u00e7\u00e3o de vida ou prop\u00f3sito de vida reside SE voc\u00ea seguir a sua estrat\u00e9gia e&hellip; <a class=\"more-link\" href=\"https:\/\/www.gmtxdev.com\/pt-pt\/design-humano-cruzes-de-encarnacao\/\">Continue a ler <span class=\"screen-reader-text\">Design Humano \u2013 Cruzes de encarna\u00e7\u00e3o<\/span><\/a><\/p>\n","protected":false},"author":1,"featured_media":0,"parent":0,"menu_order":0,"comment_status":"closed","ping_status":"closed","template":"","meta":{"footnotes":""},"class_list":["post-12513","page","type-page","status-publish","hentry","entry"],"_links":{"self":[{"href":"https:\/\/www.gmtxdev.com\/pt-pt\/wp-json\/wp\/v2\/pages\/12513","targetHints":{"allow":["GET"]}}],"collection":[{"href":"https:\/\/www.gmtxdev.com\/pt-pt\/wp-json\/wp\/v2\/pages"}],"about":[{"href":"https:\/\/www.gmtxdev.com\/pt-pt\/wp-json\/wp\/v2\/types\/page"}],"author":[{"embeddable":true,"href":"https:\/\/www.gmtxdev.com\/pt-pt\/wp-json\/wp\/v2\/users\/1"}],"replies":[{"embeddable":true,"href":"https:\/\/www.gmtxdev.com\/pt-pt\/wp-json\/wp\/v2\/comments?post=12513"}],"version-history":[{"count":0,"href":"https:\/\/www.gmtxdev.com\/pt-pt\/wp-json\/wp\/v2\/pages\/12513\/revisions"}],"wp:attachment":[{"href":"https:\/\/www.gmtxdev.com\/pt-pt\/wp-json\/wp\/v2\/media?parent=12513"}],"curies":[{"name":"wp","href":"https:\/\/api.w.org\/{rel}","templated":true}]}}