   
{"id":12511,"date":"2020-10-09T11:00:11","date_gmt":"2020-10-09T11:00:11","guid":{"rendered":"https:\/\/www.geneticmatrixtest.com\/?page_id=12511"},"modified":"2020-10-09T11:00:47","modified_gmt":"2020-10-09T11:00:47","slug":"as-portas-e-oposicoes","status":"publish","type":"page","link":"https:\/\/www.gmtxdev.com\/pt-pt\/as-portas-e-oposicoes\/","title":{"rendered":"As Portas e Oposi\u00e7\u00f5es"},"content":{"rendered":"<div id=\"content\">\r\n<div class=\"test_page\">\r\n<div class=\"breadcam\"><a href=\"\/\">Casa<\/a> \u00bb <a href=\"\/pt-pt\/centro-de-informacoes\/\">Centro De Informacoes<\/a> \u00bbAs Portas e Oposi\u00e7\u00f5es<\/div>\r\n<\/div>\r\n<div class=\"l_content left mar_top\">\r\n<div class=\"services\">\r\n<h3>As Portas e Oposi\u00e7\u00f5es<\/h3>\r\n<table class=\"personality\" border=\"1\" width=\"700\" cellspacing=\"0\" cellpadding=\"0\">\r\n<tbody>\r\n<tr>\r\n<td bgcolor=\"#D6D6D6\"><strong>Nome da Porta<\/strong><\/td>\r\n<td bgcolor=\"#D6D6D6\"><strong>Circuito<\/strong><\/td>\r\n<td bgcolor=\"#D6D6D6\"><strong>Oposi\u00e7\u00e3o da Porta<\/strong><\/td>\r\n<td bgcolor=\"#D6D6D6\"><strong>Circuito<\/strong><\/td>\r\n<\/tr>\r\n<tr>\r\n<td>01 \u2013 O Criativo<\/td>\r\n<td>Conhecimento<\/td>\r\n<td>02 \u2013 O Receptivo<\/td>\r\n<td>Conhecimento<\/td>\r\n<\/tr>\r\n<tr>\r\n<td>02 \u2013 O Receptivo<\/td>\r\n<td>Conhecimento<\/td>\r\n<td>01 \u2013 O Criativo<\/td>\r\n<td>Conhecimento<\/td>\r\n<\/tr>\r\n<tr>\r\n<td>03 \u2013 Dificuldade no In\u00edcio<\/td>\r\n<td>Conhecimento<\/td>\r\n<td>50 - O Caldeir\u00e3o<\/td>\r\n<td>Defesa<\/td>\r\n<\/tr>\r\n<tr>\r\n<td>04 \u2013 Loucura Juvenil<\/td>\r\n<td>Compreens\u00e3o<\/td>\r\n<td>49 - Revolu\u00e7\u00e3o<\/td>\r\n<td>Tribal<\/td>\r\n<\/tr>\r\n<tr>\r\n<td>05 \u2013 A Espera<\/td>\r\n<td>Compreens\u00e3o<\/td>\r\n<td>35 - Progresso<\/td>\r\n<td>Pressentir<\/td>\r\n<\/tr>\r\n<tr>\r\n<td>06 \u2013 Atrito<\/td>\r\n<td>Defesa<\/td>\r\n<td>36 - O Escurecimento da Luz<\/td>\r\n<td>Pressentir<\/td>\r\n<\/tr>\r\n<tr>\r\n<td>07 \u2013 O Ex\u00e9rcito<\/td>\r\n<td>Compreens\u00e3o<\/td>\r\n<td>13 - A Irmandade do Homem<\/td>\r\n<td>Pressentir<\/td>\r\n<\/tr>\r\n<tr>\r\n<td>08 \u2013 Segurando Juntos<\/td>\r\n<td>Conhecimento<\/td>\r\n<td>14 \u2013 Posse em Grande M\u00e9dia<\/td>\r\n<td>Conhecimento<\/td>\r\n<\/tr>\r\n<tr>\r\n<td>09 \u2013 O Poder Domadordos Pequenos<\/td>\r\n<td>Compreens\u00e3o<\/td>\r\n<td>16 - Entusiasmo<\/td>\r\n<td>Compreens\u00e3o<\/td>\r\n<\/tr>\r\n<tr>\r\n<td>10 \u2013 Caminhando<\/td>\r\n<td>Integra\u00e7\u00e3o e Centraliza\u00e7\u00e3o<\/td>\r\n<td>15 - Mod\u00e9stia<\/td>\r\n<td>Compreens\u00e3o<\/td>\r\n<\/tr>\r\n<tr>\r\n<td>11 \u2013 Paz<\/td>\r\n<td>Pressentir<\/td>\r\n<td>12 \u2013 Paralisa\u00e7\u00e3o<\/td>\r\n<td>Conhecimento<\/td>\r\n<\/tr>\r\n<tr>\r\n<td>12 \u2013 Paralisa\u00e7\u00e3o<\/td>\r\n<td>Conhecimento<\/td>\r\n<td>11 \u2013 Paz<\/td>\r\n<td>Pressentir<\/td>\r\n<\/tr>\r\n<tr>\r\n<td>13 - A Irmandade do Homem<\/td>\r\n<td>Pressentir<\/td>\r\n<td>07 \u2013 O Ex\u00e9rcito<\/td>\r\n<td>Compreens\u00e3o<\/td>\r\n<\/tr>\r\n<tr>\r\n<td>14 \u2013 Posse em Grande M\u00e9dia<\/td>\r\n<td>Conhecimento<\/td>\r\n<td>08 \u2013 Segurando Junto<\/td>\r\n<td>Conhecimento<\/td>\r\n<\/tr>\r\n<tr>\r\n<td>15 - Mod\u00e9stia<\/td>\r\n<td>Compreens\u00e3o<\/td>\r\n<td>10 \u2013 Caminhando<\/td>\r\n<td>Integra\u00e7\u00e3o e Centraliza\u00e7\u00e3o<\/td>\r\n<\/tr>\r\n<tr>\r\n<td>16 - Entusiasmo<\/td>\r\n<td>Compreens\u00e3o<\/td>\r\n<td>09 \u2013 O Poder Domador dos Pequenos<\/td>\r\n<td>Compreens\u00e3o<\/td>\r\n<\/tr>\r\n<tr>\r\n<td>17 - Seguindo<\/td>\r\n<td>Compreens\u00e3o<\/td>\r\n<td>18 \u2013 Trabalhe Sobre o que Foi Estragado<\/td>\r\n<td>Compreens\u00e3o<\/td>\r\n<\/tr>\r\n<tr>\r\n<td>18 \u2013 Trabalhe sobre o quefoi estragado<\/td>\r\n<td>Compreens\u00e3o<\/td>\r\n<td>17 - Seguindo<\/td>\r\n<td>Compreens\u00e3o<\/td>\r\n<\/tr>\r\n<tr>\r\n<td>19 \u2013 Abordagem<\/td>\r\n<td>Tribal<\/td>\r\n<td>33 \u2013 Recuar<\/td>\r\n<td>Pressentir<\/td>\r\n<\/tr>\r\n<tr>\r\n<td>20 \u2013 Contempla\u00e7\u00e3o<\/td>\r\n<td>Conhecendo e Integra\u00e7\u00e3o<\/td>\r\n<td>34 - O Poder do Grande<\/td>\r\n<td>Integra\u00e7\u00e3o e Centraliza\u00e7\u00e3o<\/td>\r\n<\/tr>\r\n<tr>\r\n<td>21 - Mordendo<\/td>\r\n<td>Tribal<\/td>\r\n<td>48 - O Po\u00e7o<\/td>\r\n<td>Compreens\u00e3o<\/td>\r\n<\/tr>\r\n<tr>\r\n<td>22 \u2013 Gra\u00e7a<\/td>\r\n<td>Conhecimento<\/td>\r\n<td>47 - Opress\u00e3o<\/td>\r\n<td>Pressentir<\/td>\r\n<\/tr>\r\n<tr>\r\n<td>23 \u2013 Dividindo-se<\/td>\r\n<td>Individuais<\/td>\r\n<td>43 - Avan\u00e7o<\/td>\r\n<td>Individuais<\/td>\r\n<\/tr>\r\n<tr>\r\n<td>24 - Retornando<\/td>\r\n<td>Conhecimento<\/td>\r\n<td>44 \u2013 Vindo ao Encontro<\/td>\r\n<td>Tribal<\/td>\r\n<\/tr>\r\n<tr>\r\n<td>25 \u2013 Inoc\u00eancia<\/td>\r\n<td>Centraliza\u00e7\u00e3o<\/td>\r\n<td>46 - Empurrando para cima<\/td>\r\n<td>Abstrata<\/td>\r\n<\/tr>\r\n<tr>\r\n<td>26 - O Poder Domador do Grande<\/td>\r\n<td>Tribal<\/td>\r\n<td>45 \u2013 Reunindo-se<\/td>\r\n<td>Tribal<\/td>\r\n<\/tr>\r\n<tr>\r\n<td>27 \u2013 Nutri\u00e7\u00e3o<\/td>\r\n<td>Defesa<\/td>\r\n<td>28 - Preponder\u00eancia do Grande<\/td>\r\n<td>Conhecimento<\/td>\r\n<\/tr>\r\n<tr>\r\n<td>28 - Preponder\u00eancia do Grande<\/td>\r\n<td>Conhecimento<\/td>\r\n<td>27 \u2013 Nutri\u00e7\u00e3o<\/td>\r\n<td>Defesa<\/td>\r\n<\/tr>\r\n<tr>\r\n<td>29 - O Abismal<\/td>\r\n<td>Pressentir<\/td>\r\n<td>30 \u2013 Fogo Aderente<\/td>\r\n<td>Pressentir<\/td>\r\n<\/tr>\r\n<tr>\r\n<td>30 \u2013 Fogo Aderente<\/td>\r\n<td>Pressentir<\/td>\r\n<td>29 - O Abismal<\/td>\r\n<td>Pressentir<\/td>\r\n<\/tr>\r\n<tr>\r\n<td>31 \u2013 Influ\u00eancia<\/td>\r\n<td>Compreens\u00e3o<\/td>\r\n<td>41 \u2013 Diminui\u00e7\u00e3o<\/td>\r\n<td>Pressentir<\/td>\r\n<\/tr>\r\n<tr>\r\n<td>32 - Dura\u00e7\u00e3o<\/td>\r\n<td>Pressentir<\/td>\r\n<td>42 \u2013 Aumento<\/td>\r\n<td>Pressentir<\/td>\r\n<\/tr>\r\n<tr>\r\n<td>33 \u2013 Recuda<\/td>\r\n<td>Pressentir<\/td>\r\n<td>19 \u2013 Abordagem<\/td>\r\n<td>Tribal<\/td>\r\n<\/tr>\r\n<tr>\r\n<td>34 - O Poder do Grande<\/td>\r\n<td>Integra\u00e7\u00e3o e Centraliza\u00e7\u00e3o<\/td>\r\n<td>20 \u2013 Contempla\u00e7\u00e3o<\/td>\r\n<td>Conhecimento e Integra\u00e7\u00e3o<\/td>\r\n<\/tr>\r\n<tr>\r\n<td>35 - Progresso<\/td>\r\n<td>Pressentir<\/td>\r\n<td>05 \u2013 Espera<\/td>\r\n<td>Compreens\u00e3o<\/td>\r\n<\/tr>\r\n<tr>\r\n<td>36 - O Escurecimento da Luz<\/td>\r\n<td>Pressentir<\/td>\r\n<td>06 \u2013 Atrito<\/td>\r\n<td>Defesa<\/td>\r\n<\/tr>\r\n<tr>\r\n<td>37 - A Fam\u00edlia<\/td>\r\n<td>Tribal<\/td>\r\n<td>40 \u2013 Liberta\u00e7\u00e3o<\/td>\r\n<td>Tribal<\/td>\r\n<\/tr>\r\n<tr>\r\n<td>38 - Oposi\u00e7\u00e3o<\/td>\r\n<td>Conhecimento<\/td>\r\n<td>39 - Obstru\u00e7\u00e3o<\/td>\r\n<td>Conhecimento<\/td>\r\n<\/tr>\r\n<tr>\r\n<td>39 - Obstru\u00e7\u00e3o<\/td>\r\n<td>Conhecimento<\/td>\r\n<td>38 - Oposi\u00e7\u00e3o<\/td>\r\n<td>Conhecimento<\/td>\r\n<\/tr>\r\n<tr>\r\n<td>40 \u2013 Liberta\u00e7\u00e3o<\/td>\r\n<td>Tribal<\/td>\r\n<td>37 - A Fam\u00edlia<\/td>\r\n<td>Tribal<\/td>\r\n<\/tr>\r\n<tr>\r\n<td>41 \u2013 Diminui\u00e7\u00e3o<\/td>\r\n<td>Pressentir<\/td>\r\n<td>31 \u2013 Influ\u00eancia<\/td>\r\n<td>Compreens\u00e3o<\/td>\r\n<\/tr>\r\n<tr>\r\n<td>42 \u2013 Aumento<\/td>\r\n<td>Pressentir<\/td>\r\n<td>32 - Dura\u00e7\u00e3on<\/td>\r\n<td>Pressentir<\/td>\r\n<\/tr>\r\n<tr>\r\n<td>43 - Avan\u00e7o<\/td>\r\n<td>Conhecimento<\/td>\r\n<td>23 \u2013 Dividindo-se<\/td>\r\n<td>Conhecimento<\/td>\r\n<\/tr>\r\n<tr>\r\n<td>44 \u2013 Vindo ao Encontro<\/td>\r\n<td>Tribal<\/td>\r\n<td>24 - Retorno<\/td>\r\n<td>Conhecimento<\/td>\r\n<\/tr>\r\n<tr>\r\n<td>45 \u2013 Reunindo-se<\/td>\r\n<td>Tribal<\/td>\r\n<td>26 - O Poder Domador do Grande<\/td>\r\n<td>Tribal<\/td>\r\n<\/tr>\r\n<tr>\r\n<td>46 - Empurrando para cima<\/td>\r\n<td>Pressentir<\/td>\r\n<td>25 \u2013 Inoc\u00eancia<\/td>\r\n<td>Centraliza\u00e7\u00e3o<\/td>\r\n<\/tr>\r\n<tr>\r\n<td>47 - Opress\u00e3o<\/td>\r\n<td>Pressentir<\/td>\r\n<td>22 \u2013 Gra\u00e7a<\/td>\r\n<td>Conhecimento<\/td>\r\n<\/tr>\r\n<tr>\r\n<td>48 - O Po\u00e7o<\/td>\r\n<td>Compreens\u00e3o<\/td>\r\n<td>21 - Mordendo<\/td>\r\n<td>Tribal<\/td>\r\n<\/tr>\r\n<tr>\r\n<td>49 - Revolu\u00e7\u00e3o<\/td>\r\n<td>Tribal<\/td>\r\n<td>04 \u2013 Loucura Juvenil<\/td>\r\n<td>Compreens\u00e3o<\/td>\r\n<\/tr>\r\n<tr>\r\n<td>50 - O Caldeir\u00e3o<\/td>\r\n<td>Tribal<\/td>\r\n<td>03 \u2013 Dificuldade no In\u00edcio<\/td>\r\n<td>Conhecimento<\/td>\r\n<\/tr>\r\n<tr>\r\n<td>51 - O Despertar<\/td>\r\n<td>Centraliza\u00e7\u00e3o<\/td>\r\n<td>57 - O Gentil<\/td>\r\n<td>Conhecimento e Integra\u00e7\u00e3o<\/td>\r\n<\/tr>\r\n<tr>\r\n<td>52 - Mantendo-se parado<\/td>\r\n<td>Compreens\u00e3o<\/td>\r\n<td>58 - O Alegre<\/td>\r\n<td>Compreens\u00e3o<\/td>\r\n<\/tr>\r\n<tr>\r\n<td>53 \u2013 Desenvolvimento<\/td>\r\n<td>Pressentir<\/td>\r\n<td>54 - A Donzela Casada<\/td>\r\n<td>Tribal<\/td>\r\n<\/tr>\r\n<tr>\r\n<td>54 - A Donzela Casada<\/td>\r\n<td>Tribal<\/td>\r\n<td>53 \u2013 Desenvolvimento<\/td>\r\n<td>Abstrata<\/td>\r\n<\/tr>\r\n<tr>\r\n<td>55 - Abund\u00e2ncia<\/td>\r\n<td>Conhecimento<\/td>\r\n<td>59 - Dispers\u00e3o<\/td>\r\n<td>Defesa<\/td>\r\n<\/tr>\r\n<tr>\r\n<td>56 - O Andarilho<\/td>\r\n<td>Conhecimento<\/td>\r\n<td>60 \u2013 Limita\u00e7\u00e3o<\/td>\r\n<td>Conhecimento<\/td>\r\n<\/tr>\r\n<tr>\r\n<td>57 - O Gentil<\/td>\r\n<td>Conhecimento e Integra\u00e7\u00e3o<\/td>\r\n<td>51 - O Despertar<\/td>\r\n<td>Centraliza\u00e7\u00e3o<\/td>\r\n<\/tr>\r\n<tr>\r\n<td>58 - O Alegre<\/td>\r\n<td>Compreens\u00e3o<\/td>\r\n<td>52 - Mantendo-se parado<\/td>\r\n<td>Compreens\u00e3o<\/td>\r\n<\/tr>\r\n<tr>\r\n<td>59 - Dispers\u00e3o<\/td>\r\n<td>Defesa<\/td>\r\n<td>55 - Abund\u00e2ncia<\/td>\r\n<td>Conhecimento<\/td>\r\n<\/tr>\r\n<tr>\r\n<td>60 \u2013 Limita\u00e7\u00e3o<\/td>\r\n<td>Conhecimento<\/td>\r\n<td>56 - O Andarilho<\/td>\r\n<td>Pressentir<\/td>\r\n<\/tr>\r\n<tr>\r\n<td>61 - Verdade Interior<\/td>\r\n<td>Conhecimento<\/td>\r\n<td>62 - Preponder\u00eancia do Pequeno<\/td>\r\n<td>Compreens\u00e3o<\/td>\r\n<\/tr>\r\n<tr>\r\n<td>62 - Preponder\u00eancia do Pequeno<\/td>\r\n<td>Compreens\u00e3o<\/td>\r\n<td>61 - Verdade Interior<\/td>\r\n<td>Conhecimento<\/td>\r\n<\/tr>\r\n<tr>\r\n<td>63 \u2013 J\u00e1 Conclu\u00eddo<\/td>\r\n<td>Compreens\u00e3o<\/td>\r\n<td>64 - Antes da Conclus\u00e3o<\/td>\r\n<td>Pressentir<\/td>\r\n<\/tr>\r\n<tr>\r\n<td>64 - Antes da Conclus\u00e3o<\/td>\r\n<td>Pressentir<\/td>\r\n<td>63 \u2013 J\u00e1 Conclu\u00eddo<\/td>\r\n<td>Compreens\u00e3o<\/td>\r\n<\/tr>\r\n<\/tbody>\r\n<\/table>\r\n<\/div>\r\n<\/div>\r\n<div class=\"r_content right mar_top\"><\/div>\r\n<div class=\"clear\"><\/div>\r\n<\/div>","protected":false},"excerpt":{"rendered":"<p>Casa \u00bb Centro De Informacoes \u00bbAs Portas e Oposi\u00e7\u00f5es As Portas e Oposi\u00e7\u00f5es Nome da Porta Circuito Oposi\u00e7\u00e3o da Porta Circuito 01 \u2013 O Criativo Conhecimento 02 \u2013 O Receptivo Conhecimento 02 \u2013 O Receptivo Conhecimento 01 \u2013 O Criativo Conhecimento 03 \u2013 Dificuldade no In\u00edcio Conhecimento 50 &#8211; O Caldeir\u00e3o Defesa 04 \u2013 Loucura&hellip; <a class=\"more-link\" href=\"https:\/\/www.gmtxdev.com\/pt-pt\/as-portas-e-oposicoes\/\">Continue a ler <span class=\"screen-reader-text\">As Portas e Oposi\u00e7\u00f5es<\/span><\/a><\/p>\n","protected":false},"author":1,"featured_media":0,"parent":0,"menu_order":0,"comment_status":"closed","ping_status":"closed","template":"","meta":{"footnotes":""},"class_list":["post-12511","page","type-page","status-publish","hentry","entry"],"_links":{"self":[{"href":"https:\/\/www.gmtxdev.com\/pt-pt\/wp-json\/wp\/v2\/pages\/12511","targetHints":{"allow":["GET"]}}],"collection":[{"href":"https:\/\/www.gmtxdev.com\/pt-pt\/wp-json\/wp\/v2\/pages"}],"about":[{"href":"https:\/\/www.gmtxdev.com\/pt-pt\/wp-json\/wp\/v2\/types\/page"}],"author":[{"embeddable":true,"href":"https:\/\/www.gmtxdev.com\/pt-pt\/wp-json\/wp\/v2\/users\/1"}],"replies":[{"embeddable":true,"href":"https:\/\/www.gmtxdev.com\/pt-pt\/wp-json\/wp\/v2\/comments?post=12511"}],"version-history":[{"count":0,"href":"https:\/\/www.gmtxdev.com\/pt-pt\/wp-json\/wp\/v2\/pages\/12511\/revisions"}],"wp:attachment":[{"href":"https:\/\/www.gmtxdev.com\/pt-pt\/wp-json\/wp\/v2\/media?parent=12511"}],"curies":[{"name":"wp","href":"https:\/\/api.w.org\/{rel}","templated":true}]}}