   
{"id":12495,"date":"2020-10-08T09:47:49","date_gmt":"2020-10-08T09:47:49","guid":{"rendered":"https:\/\/www.geneticmatrixtest.com\/?page_id=12495"},"modified":"2020-10-08T09:48:21","modified_gmt":"2020-10-08T09:48:21","slug":"design-humano-centro-cabeca","status":"publish","type":"page","link":"https:\/\/www.gmtxdev.com\/pt-pt\/design-humano-centro-cabeca\/","title":{"rendered":"Design Humano \u2013 Centro Cabe\u00e7a"},"content":{"rendered":"<div id=\"content\">\r\n<div class=\"test_page\">\r\n<div class=\"breadcam\"><a href=\"\/\">Home<\/a> \u00bb <a href=\"\/pt-pt\/centro-de-informacoes\/\">Centro De Informacoes<\/a> \u00bb<a href=\"\/pt-pt\/os-9-centros\/\">9 centros<\/a> \u00bb Design Humano \u2013 Centro Cabe\u00e7a<\/div>\r\n<\/div>\r\n<div class=\"l_content left mar_top\">\r\n<div class=\"services\">\r\n<h3><strong>Design Humano \u2013 Centro Cabe\u00e7a<\/strong><\/h3>\r\n<ul>\r\n \t<li>30% da popula\u00e7\u00e3o mundial tem um Centro Cabe\u00e7a definido.<\/li>\r\n \t<li>70% da popula\u00e7\u00e3o mundial tem um Centro Cabe\u00e7a indefinido.<\/li>\r\n \t<li>O Centro Cabe\u00e7a \u00e9 um Centro de Press\u00e3o.<\/li>\r\n \t<li>Duas das tr\u00eas portas do Centro Cabe\u00e7a fazem parte do Circuito Coletivo (63, 64).<\/li>\r\n \t<li>A outra porta (61) faz parte do Circuito Individual<\/li>\r\n<\/ul>\r\n<div><a href=\"https:\/\/www.geneticmatrix.com\/wp-content\/uploads\/2020\/07\/Head-Center-Image.jpg\"><img class=\"alignnone wp-image-12496 size-medium\" src=\"https:\/\/www.geneticmatrixtest.com\/wp-content\/uploads\/2020\/03\/user-36798-300x300.png\" alt=\"\" width=\"300\" height=\"279\" \/><\/a><\/div>\r\n<!--\r\n<div class=\"headcen right\">Passe o mouse sobre as imagens<\/div>\r\n-->\r\n<div class=\"clear\"><\/div>\r\n<div class=\"services\">\r\n<div class=\"right gall_sys\">\r\n<ul>\r\n \t<li>Uma grande fun\u00e7\u00e3o da pequena gl\u00e2ndula Pineal \u00e9 mover o neurotransmissor das \u00e1reas de armazenamento do c\u00e9rebro (a mat\u00e9ria cinzenta) para os l\u00f3bulos frontais do c\u00e9rebro.<\/li>\r\n<\/ul>\r\n<ul>\r\n \t<li>O Centro Cabe\u00e7a \u00e9 uma vasta \u00e1rea de armazenamento. \u00c9 o lugar onde estamos, constantemente - t\u00e3o constante quanto o pulso \u2013 guardando nossas experi\u00eancias.<\/li>\r\n \t<li>A capacidade de armazenamento e o n\u00edvel de detalhe dessas experi\u00eancias armazenadas \u00e9 surpreendente e incalcul\u00e1vel.<\/li>\r\n<\/ul>\r\n<\/div>\r\n<div class=\"clear\"><\/div>\r\n<h3>Algumas das palavras-chave associadas ao Centro de Cabe\u00e7a e as suas Portas s\u00e3o: <a href=\"\/human-design-gates\/\">Gates<\/a> are :<\/h3>\r\n<table class=\"personality\" border=\"1\" width=\"650\" cellspacing=\"0\" cellpadding=\"0\">\r\n<tbody>\r\n<tr>\r\n<td>Inspira\u00e7\u00e3o<\/td>\r\n<td>Confus\u00e3o<\/td>\r\n<td>D\u00favida<\/td>\r\n<\/tr>\r\n<tr>\r\n<td>Clareza<\/td>\r\n<td>Pensamento<\/td>\r\n<td>Sonhos<\/td>\r\n<\/tr>\r\n<tr>\r\n<td>Loucura<\/td>\r\n<td>Resolu\u00e7\u00e3o<\/td>\r\n<td>Conceitos<\/td>\r\n<\/tr>\r\n<tr>\r\n<td>Perguntas<\/td>\r\n<td>Consci\u00eancia<\/td>\r\n<td>Imagens do passado<\/td>\r\n<\/tr>\r\n<tr>\r\n<td>Mem\u00f3rias passadas<\/td>\r\n<td>Ideias<\/td>\r\n<td>Press\u00e3o L\u00f3gica<\/td>\r\n<\/tr>\r\n<tr>\r\n<td>Press\u00e3o Abstrata<\/td>\r\n<td>Estresse<\/td>\r\n<td>Press\u00e3o de Muta\u00e7\u00e3o<\/td>\r\n<\/tr>\r\n<\/tbody>\r\n<\/table>\r\n<\/div>\r\n<\/div>\r\n<\/div>\r\n<div class=\"r_content right mar_top\"><\/div>\r\n<div class=\"clear\"><\/div>\r\n<\/div>","protected":false},"excerpt":{"rendered":"<p>Home \u00bb Centro De Informacoes \u00bb9 centros \u00bb Design Humano \u2013 Centro Cabe\u00e7a Design Humano \u2013 Centro Cabe\u00e7a 30% da popula\u00e7\u00e3o mundial tem um Centro Cabe\u00e7a definido. 70% da popula\u00e7\u00e3o mundial tem um Centro Cabe\u00e7a indefinido. O Centro Cabe\u00e7a \u00e9 um Centro de Press\u00e3o. Duas das tr\u00eas portas do Centro Cabe\u00e7a fazem parte do Circuito&hellip; <a class=\"more-link\" href=\"https:\/\/www.gmtxdev.com\/pt-pt\/design-humano-centro-cabeca\/\">Continue a ler <span class=\"screen-reader-text\">Design Humano \u2013 Centro Cabe\u00e7a<\/span><\/a><\/p>\n","protected":false},"author":1,"featured_media":0,"parent":0,"menu_order":0,"comment_status":"closed","ping_status":"closed","template":"","meta":{"footnotes":""},"class_list":["post-12495","page","type-page","status-publish","hentry","entry"],"_links":{"self":[{"href":"https:\/\/www.gmtxdev.com\/pt-pt\/wp-json\/wp\/v2\/pages\/12495","targetHints":{"allow":["GET"]}}],"collection":[{"href":"https:\/\/www.gmtxdev.com\/pt-pt\/wp-json\/wp\/v2\/pages"}],"about":[{"href":"https:\/\/www.gmtxdev.com\/pt-pt\/wp-json\/wp\/v2\/types\/page"}],"author":[{"embeddable":true,"href":"https:\/\/www.gmtxdev.com\/pt-pt\/wp-json\/wp\/v2\/users\/1"}],"replies":[{"embeddable":true,"href":"https:\/\/www.gmtxdev.com\/pt-pt\/wp-json\/wp\/v2\/comments?post=12495"}],"version-history":[{"count":0,"href":"https:\/\/www.gmtxdev.com\/pt-pt\/wp-json\/wp\/v2\/pages\/12495\/revisions"}],"wp:attachment":[{"href":"https:\/\/www.gmtxdev.com\/pt-pt\/wp-json\/wp\/v2\/media?parent=12495"}],"curies":[{"name":"wp","href":"https:\/\/api.w.org\/{rel}","templated":true}]}}