   
{"id":12490,"date":"2020-10-08T08:48:56","date_gmt":"2020-10-08T08:48:56","guid":{"rendered":"https:\/\/www.geneticmatrixtest.com\/?page_id=12490"},"modified":"2020-10-08T08:49:32","modified_gmt":"2020-10-08T08:49:32","slug":"human-design-centro-baco","status":"publish","type":"page","link":"https:\/\/www.gmtxdev.com\/pt-pt\/human-design-centro-baco\/","title":{"rendered":"Human Design \u2013 Centro Ba\u00e7o"},"content":{"rendered":"<div id=\"content\">\r\n<div class=\"test_page\">\r\n<div class=\"breadcam\"><a href=\"\/\">Home<\/a> \u00bb <a href=\"\/pt-pt\/centro-de-informacoes\/\">Centro De Informacoes<\/a> \u00bb<a href=\"\/pt-pt\/os-9-centros\/\">9 centros<\/a> \u00bb Human Design \u2013 Centro Ba\u00e7o<\/div>\r\n<\/div>\r\n<div class=\"l_content left mar_top\">\r\n<div class=\"services\">\r\n<h3><strong>Human Design \u2013 Centro Ba\u00e7o<\/strong><\/h3>\r\n<ul>\r\n \t<li>O Centro Ba\u00e7o \u00e9 um Centro de Consci\u00eancia<\/li>\r\n<\/ul>\r\n<a href=\"https:\/\/www.geneticmatrix.com\/wp-content\/uploads\/2020\/07\/Splenic-Center-Image.png\"><img class=\"alignnone wp-image-12491 size-medium\" src=\"https:\/\/www.geneticmatrix.com\/wp-content\/uploads\/2020\/07\/Splenic-Center-Image-249x300.png\" alt=\"\" width=\"249\" height=\"300\" \/><\/a>\r\n\r\n<\/div>\r\n<\/div>\r\n<div class=\"l_content left mar_top\">\r\n<div class=\"services\">\r\n<div><\/div>\r\n<!--\r\n<div class=\"splenic right\">Passe o mouse sobre as imagens<\/div>\r\n-->\r\n<div class=\"clear\"><\/div>\r\n<div class=\"services\">\r\n<div class=\"right gall_sys\">\r\n<ul>\r\n \t<li>1 \u2013 Intui\u00e7\u00e3o \u2013 Sonora<\/li>\r\n \t<li>2 \u2013 Instinto \u2013 Cheiro<\/li>\r\n \t<li>3 \u2013 Gosto \u2013 Julgamento<\/li>\r\n<\/ul>\r\n<h3>A Biologia<\/h3>\r\n<ul>\r\n \t<li>Tr\u00eas das sete portas do Centro Ba\u00e7o fazem parte do Circuito Tribal (32, 44, 50)<\/li>\r\n \t<li>Duas das sete portas do Centro Ba\u00e7o fazem parte do Circuito Coletivo (18, 48).<\/li>\r\n \t<li>Uma das sete portas do Centro Ba\u00e7o faz parte do Circuito Individual (28).<\/li>\r\n \t<li>Uma das sete portas do Centro Ba\u00e7o n\u00e3o faz parte de nenhum circuito (57). Isto faz parte da Rede de Integra\u00e7\u00e3o.<\/li>\r\n \t<li>O <a href=\"https:\/\/en.wikipedia.org\/wiki\/Lymph_system\" target=\"_new\" rel=\"noopener noreferrer\">Sistema Linf\u00e1tico<\/a> pode ser amplamente dividido em duas fun\u00e7\u00f5es. Como um sistema condutor transporta<a href=\"https:\/\/en.wikipedia.org\/wiki\/Lymph\" target=\"_new\" rel=\"noopener noreferrer\">Linfa<\/a> fluido linf\u00e1tico <a href=\"https:\/\/en.wikipedia.org\/wiki\/White_blood_cells\" target=\"_new\" rel=\"noopener noreferrer\">(incluindo gl\u00f3bulos brancos)<\/a>)em todo o corpo. Como <a href=\"https:\/\/en.wikipedia.org\/wiki\/Lymphoid_tissue#Lymphoid_tissue\" target=\"_new\" rel=\"noopener noreferrer\">tecido linf\u00f3ide,<\/a> est\u00e1 envolvido com as respostas do nosso sistema imunol\u00f3gico.<\/li>\r\n \t<li>O <a href=\"https:\/\/en.wikipedia.org\/wiki\/Spleen\" target=\"_new\" rel=\"noopener noreferrer\">Ba\u00e7o<\/a> \u00e9 um \u00f3rg\u00e3o com responsabilidade principal pela destrui\u00e7\u00e3o de redundantes. <a href=\"https:\/\/en.wikipedia.org\/wiki\/Red_blood_cells\" target=\"_new\" rel=\"noopener noreferrer\">gl\u00f3bulos vermelhos<\/a>. O Ba\u00e7o tamb\u00e9m cont\u00e9m uma reserva de <a href=\"https:\/\/en.wikipedia.org\/wiki\/Blood\" target=\"_new\" rel=\"noopener noreferrer\">sangue.<\/a>.<\/li>\r\n<\/ul>\r\n<\/div>\r\n<div class=\"clear\"><\/div>\r\n<h3>Algumas das palavras-chave associadas ao Centro Ba\u00e7o e suas Portas s\u00e3o: <a href=\"&lt;?php echo site_url(); ?&gt;\/human-design-gates\/\">Gates<\/a> are:<\/h3>\r\n<table class=\"personality\" border=\"1\" width=\"650\" cellspacing=\"0\" cellpadding=\"0\">\r\n<tbody>\r\n<tr>\r\n<td>Instinto<\/td>\r\n<td>Profundidade<\/td>\r\n<td>Espontaneidade<\/td>\r\n<\/tr>\r\n<tr>\r\n<td>Medos de Sobreviv\u00eancia<\/td>\r\n<td>Intelig\u00eancia<\/td>\r\n<td>Leis<\/td>\r\n<\/tr>\r\n<tr>\r\n<td>Valores<\/td>\r\n<td>Sabor<\/td>\r\n<td>Intui\u00e7\u00e3o<\/td>\r\n<\/tr>\r\n<tr>\r\n<td>Cheiro<\/td>\r\n<td>Ac\u00fastico<\/td>\r\n<td>Solu\u00e7\u00f5es<\/td>\r\n<\/tr>\r\n<tr>\r\n<td>Clareza<\/td>\r\n<td>Penetra\u00e7\u00e3o<\/td>\r\n<td>Alerta<\/td>\r\n<\/tr>\r\n<tr>\r\n<td>Diretor de recursos humanos<\/td>\r\n<td>Mem\u00f3ria Instintiva<\/td>\r\n<td>Gestor Financeiro<\/td>\r\n<\/tr>\r\n<tr>\r\n<td>Transforma\u00e7\u00e3o<\/td>\r\n<td>Tomada de risco<\/td>\r\n<td>Corre\u00e7\u00e3o<\/td>\r\n<\/tr>\r\n<tr>\r\n<td>Ver falhas<\/td>\r\n<td>Desafiante<\/td>\r\n<td>Servi\u00e7o<\/td>\r\n<\/tr>\r\n<tr>\r\n<td>Bem Estar<\/td>\r\n<td>Sa\u00fade<\/td>\r\n<td>Medo da Autoridade<\/td>\r\n<\/tr>\r\n<tr>\r\n<td>Medo da Inadequa\u00e7\u00e3o<\/td>\r\n<td>Medo do Inesperado (o Futuro)<\/td>\r\n<td>Medo do Passado<\/td>\r\n<\/tr>\r\n<tr>\r\n<td>Medo da Responsabilidade<\/td>\r\n<td>Medo do Fracasso<\/td>\r\n<td>Medo da Morte<\/td>\r\n<\/tr>\r\n<\/tbody>\r\n<\/table>\r\n<\/div>\r\n<\/div>\r\n<\/div>\r\n<div class=\"r_content right mar_top\"><\/div>\r\n<div class=\"clear\"><\/div>\r\n<\/div>","protected":false},"excerpt":{"rendered":"<p>Home \u00bb Centro De Informacoes \u00bb9 centros \u00bb Human Design \u2013 Centro Ba\u00e7o Human Design \u2013 Centro Ba\u00e7o O Centro Ba\u00e7o \u00e9 um Centro de Consci\u00eancia 1 \u2013 Intui\u00e7\u00e3o \u2013 Sonora 2 \u2013 Instinto \u2013 Cheiro 3 \u2013 Gosto \u2013 Julgamento A Biologia Tr\u00eas das sete portas do Centro Ba\u00e7o fazem parte do Circuito Tribal&hellip; <a class=\"more-link\" href=\"https:\/\/www.gmtxdev.com\/pt-pt\/human-design-centro-baco\/\">Continue a ler <span class=\"screen-reader-text\">Human Design \u2013 Centro Ba\u00e7o<\/span><\/a><\/p>\n","protected":false},"author":1,"featured_media":0,"parent":0,"menu_order":0,"comment_status":"closed","ping_status":"closed","template":"","meta":{"footnotes":""},"class_list":["post-12490","page","type-page","status-publish","hentry","entry"],"_links":{"self":[{"href":"https:\/\/www.gmtxdev.com\/pt-pt\/wp-json\/wp\/v2\/pages\/12490","targetHints":{"allow":["GET"]}}],"collection":[{"href":"https:\/\/www.gmtxdev.com\/pt-pt\/wp-json\/wp\/v2\/pages"}],"about":[{"href":"https:\/\/www.gmtxdev.com\/pt-pt\/wp-json\/wp\/v2\/types\/page"}],"author":[{"embeddable":true,"href":"https:\/\/www.gmtxdev.com\/pt-pt\/wp-json\/wp\/v2\/users\/1"}],"replies":[{"embeddable":true,"href":"https:\/\/www.gmtxdev.com\/pt-pt\/wp-json\/wp\/v2\/comments?post=12490"}],"version-history":[{"count":0,"href":"https:\/\/www.gmtxdev.com\/pt-pt\/wp-json\/wp\/v2\/pages\/12490\/revisions"}],"wp:attachment":[{"href":"https:\/\/www.gmtxdev.com\/pt-pt\/wp-json\/wp\/v2\/media?parent=12490"}],"curies":[{"name":"wp","href":"https:\/\/api.w.org\/{rel}","templated":true}]}}