   
{"id":12487,"date":"2020-10-08T07:12:33","date_gmt":"2020-10-08T07:12:33","guid":{"rendered":"https:\/\/www.geneticmatrixtest.com\/?page_id=12487"},"modified":"2020-10-08T07:12:33","modified_gmt":"2020-10-08T07:12:33","slug":"design-humano-centro-ajna","status":"publish","type":"page","link":"https:\/\/www.gmtxdev.com\/pt-pt\/design-humano-centro-ajna\/","title":{"rendered":"Design Humano \u2013 Centro Ajna"},"content":{"rendered":"<div id=\"content\">\r\n<div class=\"test_page\">\r\n<div class=\"breadcam\"><a href=\"\/\">Home<\/a> \u00bb <a href=\"\/pt-pt\/centro-de-informacoes\/\">Centro De Informacoes<\/a> \u00bb<a href=\"\/pt-pt\/os-9-centros\/\">9 centros<\/a> \u00bb Design Humano \u2013 Centro Ajna<\/div>\r\n<\/div>\r\n<div class=\"l_content left mar_top\">\r\n<div class=\"services\">\r\n<h3><strong>Design Humano \u2013 Centro Ajna<\/strong><\/h3>\r\n<ul>\r\n \t<li>O Centro Ajna \u00e9 um Centro de Consci\u00eancia<\/li>\r\n<\/ul>\r\n<a href=\"https:\/\/www.geneticmatrix.com\/wp-content\/uploads\/2020\/07\/Ajna-Center-Image.jpg\"><img class=\"alignnone wp-image-12488 size-medium\" src=\"https:\/\/www.geneticmatrixtest.com\/wp-content\/uploads\/2020\/03\/user-36760-300x300.jpg\" alt=\"\" width=\"300\" height=\"276\" \/><\/a>\r\n\r\n<\/div>\r\n<\/div>\r\n<\/div>\r\n<div id=\"content\">\r\n<div class=\"l_content left mar_top\">\r\n<div class=\"services\">\r\n\r\n<!--\r\n<div class=\"ajna right\">\r\nPasse o mouse sobre as imagens<\/div>\r\n-->\r\n<div class=\"clear\"><\/div>\r\n<div class=\"services\">\r\n<div class=\"right gall_sys\">\r\n<h3>A Biologia<\/h3>\r\n<ul>\r\n \t<li>Quatro dos seis port\u00f5es do Centro Ajna fazem parte do Circuito Coletivo (4,11,17,47), estes l\u00f3bulos s\u00e3o centros de comando para grande parte das nossas <a href=\"https:\/\/en.wikipedia.org\/wiki\/Endocrine_system\" target=\"_new\" rel=\"noopener noreferrer\">Sistema End\u00f3crino.<\/a> fun\u00e7\u00f5es do<\/li>\r\n \t<li>As outras duas portas do Centro Ajna (24, 43) fazem parte do Circuito Individual.<\/li>\r\n \t<li>A <a href=\"https:\/\/en.wikipedia.org\/wiki\/Pituitary_gland#Anterior_pituitary_.28Adenohypophysis.29\" target=\"_new\" rel=\"noopener noreferrer\">Pituit\u00e1ria Anterior<\/a> and <a href=\"https:\/\/en.wikipedia.org\/wiki\/Pituitary_gland#Posterior_pituitary_.28Neurohypophysis.29\" target=\"_new\" rel=\"noopener noreferrer e\">a Pituit\u00e1ria Posterior<\/a> est\u00e3o dentro da pequen<a href=\"https:\/\/en.wikipedia.org\/wiki\/Pituitary_gland\" target=\"_new\" rel=\"noopener noreferrer\">Gl\u00e2ndula Pituit\u00e1ria<\/a>.<\/li>\r\n \t<li>Esses l\u00f3bulos s\u00e3o postos de comando para grande parte de nossos<a href=\"https:\/\/en.wikipedia.org\/wiki\/Endocrine_system\" target=\"_new\" rel=\"noopener noreferrer\">Sistema end\u00f3crino<\/a> fun\u00e7\u00f5es.<\/li>\r\n \t<li>A Gl\u00e2ndula Pituit\u00e1ria est\u00e1 no topo da hierarquia do Sistema End\u00f3crino no nosso corpo.<\/li>\r\n<\/ul>\r\n<\/div>\r\n<div class=\"clear\"><\/div>\r\n<h3>Apenas algumas das palavras-chave associadas ao Centro Ajna e suas Portas s\u00e3o:<a href=\"&lt;?php echo site_url(); ?&gt;\/human-design-gates\/\">Gates<\/a> are:<\/h3>\r\n<table class=\"personality\" border=\"1\" width=\"650\" cellspacing=\"0\" cellpadding=\"0\">\r\n<tbody>\r\n<tr>\r\n<td>Conceptualiza\u00e7\u00e3o<\/td>\r\n<td>Racionaliza\u00e7\u00e3o<\/td>\r\n<td>Opini\u00f5es<\/td>\r\n<\/tr>\r\n<tr>\r\n<td>Voz Interior<\/td>\r\n<td>Medo da Rejei\u00e7\u00e3o<\/td>\r\n<td>Ansiedade sobre assimila\u00e7\u00e3o<\/td>\r\n<\/tr>\r\n<tr>\r\n<td>Surdez<\/td>\r\n<td>Perspic\u00e1cia<\/td>\r\n<td>Padr\u00f5es<\/td>\r\n<\/tr>\r\n<tr>\r\n<td>Ouvir<\/td>\r\n<td>F\u00f3rmulas<\/td>\r\n<td>Medo do Caos<\/td>\r\n<\/tr>\r\n<tr>\r\n<td>Respostas<\/td>\r\n<td>Suspeita<\/td>\r\n<td>Medo da Ignor\u00e2ncia<\/td>\r\n<\/tr>\r\n<tr>\r\n<td>Sil\u00eancio (ou n\u00e3o)<\/td>\r\n<td>Ansiedade sobre detalhes<\/td>\r\n<td>O Passado<\/td>\r\n<\/tr>\r\n<tr>\r\n<td>Investiga\u00e7\u00e3o<\/td>\r\n<td>Reatividade<\/td>\r\n<td>Ac\u00fastica<\/td>\r\n<\/tr>\r\n<tr>\r\n<td>Medo do Desafio<\/td>\r\n<td>Visual<\/td>\r\n<td>Explica\u00e7\u00e3o<\/td>\r\n<\/tr>\r\n<tr>\r\n<td>Ansiedade sobre d\u00favidas<\/td>\r\n<td>Ansiedade sobre o mist\u00e9rio<\/td>\r\n<td>Ansiedade sobre a Comunica\u00e7\u00e3o<\/td>\r\n<\/tr>\r\n<tr>\r\n<td>Medo da Inadequa\u00e7\u00e3o<\/td>\r\n<td>Medo do Inesperado (Futuro)<\/td>\r\n<td>Medo do Passado<\/td>\r\n<\/tr>\r\n<tr>\r\n<td>Medo da Responsabilidade<\/td>\r\n<td>Medo do Fracasso<\/td>\r\n<td>Medo da Morte<\/td>\r\n<\/tr>\r\n<\/tbody>\r\n<\/table>\r\n<\/div>\r\n<\/div>\r\n<\/div>\r\n<div class=\"r_content right mar_top\"><\/div>\r\n<div class=\"clear\"><\/div>\r\n<\/div>","protected":false},"excerpt":{"rendered":"<p>Home \u00bb Centro De Informacoes \u00bb9 centros \u00bb Design Humano \u2013 Centro Ajna Design Humano \u2013 Centro Ajna O Centro Ajna \u00e9 um Centro de Consci\u00eancia A Biologia Quatro dos seis port\u00f5es do Centro Ajna fazem parte do Circuito Coletivo (4,11,17,47), estes l\u00f3bulos s\u00e3o centros de comando para grande parte das nossas Sistema End\u00f3crino. fun\u00e7\u00f5es&hellip; <a class=\"more-link\" href=\"https:\/\/www.gmtxdev.com\/pt-pt\/design-humano-centro-ajna\/\">Continue a ler <span class=\"screen-reader-text\">Design Humano \u2013 Centro Ajna<\/span><\/a><\/p>\n","protected":false},"author":1,"featured_media":0,"parent":0,"menu_order":0,"comment_status":"closed","ping_status":"closed","template":"","meta":{"footnotes":""},"class_list":["post-12487","page","type-page","status-publish","hentry","entry"],"_links":{"self":[{"href":"https:\/\/www.gmtxdev.com\/pt-pt\/wp-json\/wp\/v2\/pages\/12487","targetHints":{"allow":["GET"]}}],"collection":[{"href":"https:\/\/www.gmtxdev.com\/pt-pt\/wp-json\/wp\/v2\/pages"}],"about":[{"href":"https:\/\/www.gmtxdev.com\/pt-pt\/wp-json\/wp\/v2\/types\/page"}],"author":[{"embeddable":true,"href":"https:\/\/www.gmtxdev.com\/pt-pt\/wp-json\/wp\/v2\/users\/1"}],"replies":[{"embeddable":true,"href":"https:\/\/www.gmtxdev.com\/pt-pt\/wp-json\/wp\/v2\/comments?post=12487"}],"version-history":[{"count":0,"href":"https:\/\/www.gmtxdev.com\/pt-pt\/wp-json\/wp\/v2\/pages\/12487\/revisions"}],"wp:attachment":[{"href":"https:\/\/www.gmtxdev.com\/pt-pt\/wp-json\/wp\/v2\/media?parent=12487"}],"curies":[{"name":"wp","href":"https:\/\/api.w.org\/{rel}","templated":true}]}}