   
{"id":12481,"date":"2020-10-08T05:49:50","date_gmt":"2020-10-08T05:49:50","guid":{"rendered":"https:\/\/www.geneticmatrixtest.com\/?page_id=12481"},"modified":"2020-10-08T05:55:25","modified_gmt":"2020-10-08T05:55:25","slug":"design-humano-centro-sacral","status":"publish","type":"page","link":"https:\/\/www.gmtxdev.com\/pt-pt\/design-humano-centro-sacral\/","title":{"rendered":"Design Humano \u2013 Centro Sacral"},"content":{"rendered":"<div id=\"content\">\r\n<div class=\"test_page\">\r\n<div class=\"breadcam\"><a href=\"\/\">Home<\/a> \u00bb <a href=\"\/pt-pt\/centro-de-informacoes\/\">Centro De Informacoes<\/a> \u00bb<a href=\"\/pt-pt\/os-9-centros\/\">9 centros<\/a> \u00bb Design Humano \u2013 Centro Sacral<\/div>\r\n<\/div>\r\n<div class=\"l_content left mar_top\">\r\n<div class=\"services\">\r\n<h3><strong>Design Humano \u2013 Centro Sacral<\/strong><\/h3>\r\n<ul>\r\n \t<li>O Centro Sacral \u00e9 um Centro Motor muito potente (Energia Vital)..<\/li>\r\n<\/ul>\r\n<\/div>\r\n&nbsp;\r\n<div class=\"services\">\r\n<div><a href=\"https:\/\/www.geneticmatrix.com\/wp-content\/uploads\/2020\/07\/image-12.png\"><img class=\"alignnone wp-image-12482 size-medium\" src=\"https:\/\/www.geneticmatrix.com\/wp-content\/uploads\/2020\/07\/image-12-300x273.png\" alt=\"\" width=\"300\" height=\"273\" \/><\/a><\/div>\r\n<!--\r\n<div class=\"img_hover right\">Passe o mouse sobre as imagens<\/div>\r\n-->\r\n<div class=\"right gall_sys\">\r\n<h3>A Biologia<\/h3>\r\n<ul>\r\n \t<li>Quatro das nove portas do Centro Sacral (5, 9, 29, 42) fazem parte do Circuito Coletivo.<\/li>\r\n \t<li>Duas das nove portas do Centro Sacral (3, 14) fazem parte do Circuito Individual.<\/li>\r\n \t<li>Duas das nove portas do Centro Sacral (27, 59) fazem parte do Circuito Tribal.<\/li>\r\n \t<li>Uma das nove portas do Centro Sacral (34) pode fazer parte do Circuito Individual (Central) e\/ou da Rede de Integra\u00e7\u00e3o. Isto depende das portas que o ligam (ou n\u00e3o).<\/li>\r\n \t<li>Compelidos pelos nossos genes, os <a href=\"https:\/\/en.wikipedia.org\/wiki\/Reproductive_organs\" target=\"_new\" rel=\"noopener noreferrer\">\u00d3rg\u00e3os Reprodutivos<\/a> asseguram que a nossa esp\u00e9cie se reproduz e permanece geneticamente vi\u00e1vel.<\/li>\r\n \t<li>O Centro Sacral \u00e9 um energ\u00e9tico <a href=\"https:\/\/en.wikipedia.org\/wiki\/Vortex\" target=\"_new\" rel=\"noopener noreferrer\">v\u00f3rtice<\/a>que opera num movimento em espiral crescente no corpo.<\/li>\r\n<\/ul>\r\n<\/div>\r\n<div class=\"clear\"><\/div>\r\n<h3>Algumas das palavras-chave associadas ao Centro Sacral e as suas Portas s\u00e3o:<a href=\"\/human-design-gates\/\">Gates<\/a> are:<\/h3>\r\n<table class=\"personality tab_mar\" border=\"1\" width=\"650\" cellspacing=\"0\" cellpadding=\"0\">\r\n<tbody>\r\n<tr>\r\n<td>Generativo<\/td>\r\n<td>Crescimento<\/td>\r\n<td>Completar<\/td>\r\n<\/tr>\r\n<tr>\r\n<td>V\u00f3rtice<\/td>\r\n<td>Ciclos<\/td>\r\n<td>Ordenarg<\/td>\r\n<\/tr>\r\n<tr>\r\n<td>O Novo<\/td>\r\n<td>Foco<\/td>\r\n<td>Detalhes<\/td>\r\n<\/tr>\r\n<tr>\r\n<td>Planejar<\/td>\r\n<td>Cuidar<\/td>\r\n<td>Nutrir<\/td>\r\n<\/tr>\r\n<tr>\r\n<td>Poder<\/td>\r\n<td>Ego\u00edsmo<\/td>\r\n<td>Riqueza<\/td>\r\n<\/tr>\r\n<tr>\r\n<td>Escravatura<\/td>\r\n<td>Compromisso<\/td>\r\n<td>Ind\u00fastria<\/td>\r\n<\/tr>\r\n<tr>\r\n<td>Reprodu\u00e7\u00e3o<\/td>\r\n<td>Intimidade<\/td>\r\n<td>Fertilidade<\/td>\r\n<\/tr>\r\n<tr>\r\n<td>Espera<\/td>\r\n<td>Ritmos Fixos<\/td>\r\n<td>H\u00e1bitos<\/td>\r\n<\/tr>\r\n<\/tbody>\r\n<\/table>\r\n<div class=\"services\"><\/div>\r\n<\/div>\r\n<\/div>\r\n<div class=\"r_content right mar_top\"><\/div>\r\n<div class=\"clear\"><\/div>\r\n<\/div>","protected":false},"excerpt":{"rendered":"<p>Home \u00bb Centro De Informacoes \u00bb9 centros \u00bb Design Humano \u2013 Centro Sacral Design Humano \u2013 Centro Sacral O Centro Sacral \u00e9 um Centro Motor muito potente (Energia Vital).. &nbsp; A Biologia Quatro das nove portas do Centro Sacral (5, 9, 29, 42) fazem parte do Circuito Coletivo. Duas das nove portas do Centro Sacral&hellip; <a class=\"more-link\" href=\"https:\/\/www.gmtxdev.com\/pt-pt\/design-humano-centro-sacral\/\">Continue a ler <span class=\"screen-reader-text\">Design Humano \u2013 Centro Sacral<\/span><\/a><\/p>\n","protected":false},"author":1,"featured_media":0,"parent":0,"menu_order":0,"comment_status":"closed","ping_status":"closed","template":"","meta":{"footnotes":""},"class_list":["post-12481","page","type-page","status-publish","hentry","entry"],"_links":{"self":[{"href":"https:\/\/www.gmtxdev.com\/pt-pt\/wp-json\/wp\/v2\/pages\/12481","targetHints":{"allow":["GET"]}}],"collection":[{"href":"https:\/\/www.gmtxdev.com\/pt-pt\/wp-json\/wp\/v2\/pages"}],"about":[{"href":"https:\/\/www.gmtxdev.com\/pt-pt\/wp-json\/wp\/v2\/types\/page"}],"author":[{"embeddable":true,"href":"https:\/\/www.gmtxdev.com\/pt-pt\/wp-json\/wp\/v2\/users\/1"}],"replies":[{"embeddable":true,"href":"https:\/\/www.gmtxdev.com\/pt-pt\/wp-json\/wp\/v2\/comments?post=12481"}],"version-history":[{"count":0,"href":"https:\/\/www.gmtxdev.com\/pt-pt\/wp-json\/wp\/v2\/pages\/12481\/revisions"}],"wp:attachment":[{"href":"https:\/\/www.gmtxdev.com\/pt-pt\/wp-json\/wp\/v2\/media?parent=12481"}],"curies":[{"name":"wp","href":"https:\/\/api.w.org\/{rel}","templated":true}]}}