   
{"id":12471,"date":"2020-10-07T13:47:27","date_gmt":"2020-10-07T13:47:27","guid":{"rendered":"https:\/\/www.geneticmatrixtest.com\/?page_id=12471"},"modified":"2020-10-07T13:50:19","modified_gmt":"2020-10-07T13:50:19","slug":"human-design-root-center","status":"publish","type":"page","link":"https:\/\/www.gmtxdev.com\/pt-pt\/human-design-root-center\/","title":{"rendered":"Design Humano \u2013 Centro Raiz"},"content":{"rendered":"<div id=\"content\">\r\n<div class=\"test_page\">\r\n<div class=\"breadcam\"><a href=\"\/\">Home<\/a> \u00bb <a href=\"\/pt-pt\/centro-de-informacoes\/\">Centro De Informacoes<\/a> \u00bb<a href=\"\/pt-pt\/os-9-centros\/\">9 centros<\/a> \u00bb Design Humano \u2013 Centro Raiz<\/div>\r\n<\/div>\r\n<div class=\"l_content left mar_top\">\r\n<div class=\"services\">\r\n<h3><strong>Design Humano \u2013 Centro Raiz<\/strong><\/h3>\r\n<ul>\r\n \t<li>O Centro Raiz \u00e9 simultaneamente um Centro de Press\u00e3o e Motor (Energia do Estresse). Controla a resposta de \"luta ou fuga\" no nosso corpo.<\/li>\r\n \t<li>Quatro das nove portas do Centro Raiz fazem parte do Circuito Coletivo (41, 52, 53, 58).<\/li>\r\n \t<li>Tr\u00eas das nove portas do Centro Raiz fazem parte do Circuito Individual (38, 39, 60).<\/li>\r\n \t<li>Duas das nove portas do Centro Raiz fazem parte do Circuito Tribal (19, 54).<\/li>\r\n<\/ul>\r\n<div><a href=\"https:\/\/www.geneticmatrix.com\/wp-content\/uploads\/2020\/07\/Root-Center-Image.png\"><img class=\"alignnone wp-image-12472 size-medium\" src=\"https:\/\/www.geneticmatrix.com\/wp-content\/uploads\/2020\/07\/Root-Center-Image-300x174.png\" alt=\"\" width=\"300\" height=\"174\" \/><\/a><\/div>\r\n<!--\r\n<div class=\"root right\">\r\nPasse o mouse sobre as imagens<\/div>\r\n-->\r\n<div class=\"clear\"><\/div>\r\n<div class=\"services\">\r\n<div class=\"clear\"><\/div>\r\n<div class=\"right gall_sys\">\r\n<ul>\r\n \t<li>1 \u2013 Press\u00e3o de conhecer (Individual)<\/li>\r\n \t<li>2 - Press\u00e3o Tribal<\/li>\r\n \t<li>3 - Press\u00e3o de compreender (l\u00f3gica)<\/li>\r\n \t<li>4 - Press\u00e3o de sentir (Abstra\u00e7\u00e3o)<\/li>\r\n<\/ul>\r\n<h3>A Biologia<\/h3>\r\n<ul>\r\n \t<li>As <a href=\"https:\/\/en.wikipedia.org\/wiki\/Adrenal_glands\" target=\"_new\" rel=\"noopener noreferrer\">gl\u00e2ndulas suprarrenais<\/a> s\u00e3o em forma de tri\u00e2ngulo<a href=\"https:\/\/en.wikipedia.org\/wiki\/Endocrine_gland\" target=\"_new\" rel=\"noopener noreferrer\">gl\u00e2ndulas end\u00f3crinas <\/a>que se localizam em cima dos <a href=\"https:\/\/en.wikipedia.org\/wiki\/Kidney\" target=\"_new\" rel=\"noopener noreferrer\">rins.<\/a>.<\/li>\r\n \t<li>As gl\u00e2ndulas suprarrenais s\u00e3o as principais respons\u00e1veis pela regula\u00e7\u00e3o <a href=\"https:\/\/en.wikipedia.org\/wiki\/Stress_%28medicine%29\" target=\"_new\" rel=\"noopener noreferrer\">stress<\/a> resposta aonosso corpo,<a href=\"https:\/\/en.wikipedia.org\/wiki\/Biosynthesis\" target=\"_new\" rel=\"noopener noreferrer\">sintetizando<\/a> <a href=\"https:\/\/en.wikipedia.org\/wiki\/Corticosteroid\" target=\"_new\" rel=\"noopener noreferrer\">corticosteroides<\/a>e<a href=\"https:\/\/en.wikipedia.org\/wiki\/Catecholamine\" target=\"_new\" rel=\"noopener noreferrer\">catecolaminas<\/a> que incluem <a href=\"https:\/\/en.wikipedia.org\/wiki\/Cortisol\" target=\"_new\" rel=\"noopener noreferrer\">cortisol<\/a> e <a href=\"https:\/\/en.wikipedia.org\/wiki\/Adrenaline\" target=\"_new\" rel=\"noopener noreferrer\">adrenalina<\/a> (Epinefrina).<\/li>\r\n<\/ul>\r\n<\/div>\r\n<h3>Apenas algumas das palavras-chave associadas ao Centro Raiz e as suas Portas s\u00e3o: <a href=\"&lt;?php echo site_url(); ?&gt;\/human-design-gates\/\">Gates<\/a> are :<\/h3>\r\n<table class=\"personality\" border=\"1\" width=\"650\" cellspacing=\"0\" cellpadding=\"0\">\r\n<tbody>\r\n<tr>\r\n<td>Press\u00e3o<\/td>\r\n<td>Estresse<\/td>\r\n<td>Calma<\/td>\r\n<\/tr>\r\n<tr>\r\n<td>Ponto de Foco<\/td>\r\n<td>Aceita\u00e7\u00e3o<\/td>\r\n<td>Limita\u00e7\u00e3o<\/td>\r\n<\/tr>\r\n<tr>\r\n<td>Fantasia<\/td>\r\n<td>Experi\u00eancias Novas<\/td>\r\n<td>Vitalidade<\/td>\r\n<\/tr>\r\n<tr>\r\n<td>Desafiar Autoridades<\/td>\r\n<td>Demandas<\/td>\r\n<td>Servi\u00e7o<\/td>\r\n<\/tr>\r\n<tr>\r\n<td>Oposi\u00e7\u00e3o<\/td>\r\n<td>Lutar<\/td>\r\n<td>Agressividade<\/td>\r\n<\/tr>\r\n<tr>\r\n<td>Ambi\u00e7\u00e3o Material<\/td>\r\n<td>Come\u00e7os<\/td>\r\n<td>Liberdade<\/td>\r\n<\/tr>\r\n<tr>\r\n<td>Necessidade<\/td>\r\n<td>Flerte<\/td>\r\n<td>Sensibilidade<\/td>\r\n<\/tr>\r\n<tr>\r\n<td>Tato<\/td>\r\n<td>Territ\u00f3rio<\/td>\r\n<td>Provoca\u00e7\u00e3o<\/td>\r\n<\/tr>\r\n<tr>\r\n<td>Individualismo<\/td>\r\n<td>Tens\u00e3o<\/td>\r\n<td>Surdez<\/td>\r\n<\/tr>\r\n<\/tbody>\r\n<\/table>\r\n<\/div>\r\n<\/div>\r\n<\/div>\r\n<div class=\"r_content right mar_top\"><\/div>\r\n<div class=\"clear\"><\/div>\r\n<\/div>","protected":false},"excerpt":{"rendered":"<p>Home \u00bb Centro De Informacoes \u00bb9 centros \u00bb Design Humano \u2013 Centro Raiz Design Humano \u2013 Centro Raiz O Centro Raiz \u00e9 simultaneamente um Centro de Press\u00e3o e Motor (Energia do Estresse). Controla a resposta de &#8220;luta ou fuga&#8221; no nosso corpo. Quatro das nove portas do Centro Raiz fazem parte do Circuito Coletivo (41,&hellip; <a class=\"more-link\" href=\"https:\/\/www.gmtxdev.com\/pt-pt\/human-design-root-center\/\">Continue a ler <span class=\"screen-reader-text\">Design Humano \u2013 Centro Raiz<\/span><\/a><\/p>\n","protected":false},"author":1,"featured_media":0,"parent":0,"menu_order":0,"comment_status":"closed","ping_status":"closed","template":"","meta":{"footnotes":""},"class_list":["post-12471","page","type-page","status-publish","hentry","entry"],"_links":{"self":[{"href":"https:\/\/www.gmtxdev.com\/pt-pt\/wp-json\/wp\/v2\/pages\/12471","targetHints":{"allow":["GET"]}}],"collection":[{"href":"https:\/\/www.gmtxdev.com\/pt-pt\/wp-json\/wp\/v2\/pages"}],"about":[{"href":"https:\/\/www.gmtxdev.com\/pt-pt\/wp-json\/wp\/v2\/types\/page"}],"author":[{"embeddable":true,"href":"https:\/\/www.gmtxdev.com\/pt-pt\/wp-json\/wp\/v2\/users\/1"}],"replies":[{"embeddable":true,"href":"https:\/\/www.gmtxdev.com\/pt-pt\/wp-json\/wp\/v2\/comments?post=12471"}],"version-history":[{"count":0,"href":"https:\/\/www.gmtxdev.com\/pt-pt\/wp-json\/wp\/v2\/pages\/12471\/revisions"}],"wp:attachment":[{"href":"https:\/\/www.gmtxdev.com\/pt-pt\/wp-json\/wp\/v2\/media?parent=12471"}],"curies":[{"name":"wp","href":"https:\/\/api.w.org\/{rel}","templated":true}]}}