   
{"id":12461,"date":"2020-10-07T11:43:09","date_gmt":"2020-10-07T11:43:09","guid":{"rendered":"https:\/\/www.geneticmatrixtest.com\/?page_id=12461"},"modified":"2020-10-07T12:25:06","modified_gmt":"2020-10-07T12:25:06","slug":"design-humano-centro-coracao","status":"publish","type":"page","link":"https:\/\/www.gmtxdev.com\/pt-pt\/design-humano-centro-coracao\/","title":{"rendered":"Design Humano \u2013 Centro Cora\u00e7\u00e3o"},"content":{"rendered":"<div id=\"content\">\r\n<div class=\"test_page\">\r\n<div class=\"breadcam\"><a href=\"\/\">Home<\/a> \u00bb <a href=\"\/pt-pt\/centro-de-informacoes\/\">Centro De Informacoes<\/a> \u00bb<a href=\"\/pt-pt\/os-9-centros\/\">9 centros<\/a> \u00bb Design Humano \u2013 Centro Cora\u00e7\u00e3o<\/div>\r\n<\/div>\r\n<div class=\"l_content left mar_top\">\r\n<div class=\"services\">\r\n<h3><strong>Design Humano \u2013 Centro Cora\u00e7\u00e3o<\/strong><\/h3>\r\n<ul>\r\n \t<li style=\"list-style-type: none;\">\r\n<ul>\r\n \t<li>30% da popula\u00e7\u00e3o mundial tem um Centro Cora\u00e7\u00e3o definido.<\/li>\r\n<\/ul>\r\n<\/li>\r\n<\/ul>\r\n<ul>\r\n \t<li>70% da popula\u00e7\u00e3o mundial tem um Centro Cora\u00e7\u00e3o Indefinido.<\/li>\r\n \t<li>O Centro Cora\u00e7\u00e3o \u00e9 um Centro Motor (Ego\/Energia de For\u00e7a de Vontade). Tem a capacidade de continuar quando todas as outras formas de energia est\u00e3o esgotadas.<\/li>\r\n \t<li>Tr\u00eas das quatro portas do Centro Cora\u00e7\u00e3o fazem parte do Circuito Tribal<\/li>\r\n \t<li>A outra porta faz parte do Circuito Central (51).<\/li>\r\n<\/ul>\r\n&nbsp;\r\n<div><a href=\"https:\/\/www.geneticmatrix.com\/wp-content\/uploads\/2020\/07\/Heart-Image.jpg\"><img class=\"alignnone size-full wp-image-12462\" src=\"https:\/\/www.geneticmatrix.com\/wp-content\/uploads\/2020\/07\/Heart-Image.jpg\" alt=\"\" width=\"279\" height=\"257\" \/><\/a><\/div>\r\n<!--\r\n<div class=\"heartcen right\">Passe o mouse sobre as imagens<\/div>\r\n-->\r\n<div class=\"clear\"><\/div>\r\n<div class=\"services\">\r\n<div class=\"right gall_sys\">\r\n<ul>\r\n \t<li>1 - The <a href=\"https:\/\/en.wikipedia.org\/wiki\/Heart\" target=\"_new\" rel=\"noopener noreferrer\">Heart Muscle<\/a> 1 \u2013 O M\u00fasculo do Cora\u00e7\u00e3o \u00e9 o \u00f3rg\u00e3o respons\u00e1vel por bombear sangue atrav\u00e9s dos nossos vasos sangu\u00edneos.<\/li>\r\n \t<li>2 - The <a href=\"https:\/\/en.wikipedia.org\/wiki\/Gall_bladder\">Gall bladder<\/a> 2 \u2013 A Ves\u00edcula Biliar \u00e9 um pequeno \u00f3rg\u00e3o cuja fun\u00e7\u00e3o no corpo \u00e9 armazenar a b\u00edlis como uma ajuda ao processo digestivo<\/li>\r\n \t<li>3 - The <a href=\"https:\/\/en.wikipedia.org\/wiki\/Thymus_gland\">Thymus<\/a> G3 \u2013 A Gl\u00e2ndula Timo \u00e9 um \u00f3rg\u00e3o que secreta horm\u00f4nios que estimulam a produ\u00e7\u00e3o de certas c\u00e9lulas, que combatem infe\u00e7\u00f5es. Este \u00f3rg\u00e3o \u00e9 de import\u00e2ncia central na matura\u00e7\u00e3o das c\u00e9lulas T. <a href=\"https:\/\/en.wikipedia.org\/wiki\/T_cells\">T Cells<\/a>.<\/li>\r\n \t<li>4 - <a href=\"https:\/\/en.wikipedia.org\/wiki\/Stomach_acid\"> Gastric Acid<\/a> 4 \u2013 O \u00c1cido G\u00e1strico \u00e9 uma das principais secre\u00e7\u00f5es do est\u00f4mago.<a href=\"https:\/\/en.wikipedia.org\/wiki\/Stomach\">stomach<\/a>.<\/li>\r\n<\/ul>\r\n<\/div>\r\n<div class=\"clear\"><\/div>\r\n<h3>Algumas das palavras-chave associadas ao Centro Card\u00edaco e suas Portas s\u00e3o: <a href=\"\/human-design-gates\/\">Gates<\/a> are :<\/h3>\r\n<table class=\"personality\" border=\"1\" width=\"650\" cellspacing=\"0\" cellpadding=\"0\">\r\n<tbody>\r\n<tr>\r\n<td>Ego<\/td>\r\n<td>For\u00e7a de vontade<\/td>\r\n<td>Como\u00e7\u00e3o<\/td>\r\n<\/tr>\r\n<tr>\r\n<td>Humor<\/td>\r\n<td>Controlar<\/td>\r\n<td>Pechinchas\/Ofertas<\/td>\r\n<\/tr>\r\n<tr>\r\n<td>Amor ao Trabalho<\/td>\r\n<td>Autoestima<\/td>\r\n<td>Dinheiro<\/td>\r\n<\/tr>\r\n<tr>\r\n<td>Solid\u00e3o<\/td>\r\n<td>Nega\u00e7\u00e3o<\/td>\r\n<td>Recupera\u00e7\u00e3o<\/td>\r\n<\/tr>\r\n<tr>\r\n<td>Manipula\u00e7\u00e3o<\/td>\r\n<td>Coragem<\/td>\r\n<td>Aud\u00e1cia<\/td>\r\n<\/tr>\r\n<tr>\r\n<td>Ir as Compras<\/td>\r\n<td>Esfor\u00e7o<\/td>\r\n<td>Tens\u00e3o<\/td>\r\n<\/tr>\r\n<tr>\r\n<td>Descansar<\/td>\r\n<td>Iniciativa<\/td>\r\n<td>Domina\u00e7\u00e3o<\/td>\r\n<\/tr>\r\n<tr>\r\n<td>Fam\u00edlia<\/td>\r\n<td>Competitividade<\/td>\r\n<td>Mem\u00f3ria<\/td>\r\n<\/tr>\r\n<tr>\r\n<td>Mentira\/Verdade<\/td>\r\n<td>A arte de vender<\/td>\r\n<td>Diretor-geral<\/td>\r\n<\/tr>\r\n<\/tbody>\r\n<\/table>\r\n<\/div>\r\n<\/div>\r\n<\/div>\r\n<div class=\"r_content right mar_top\"><\/div>\r\n<div class=\"clear\"><\/div>\r\n<\/div>","protected":false},"excerpt":{"rendered":"<p>Home \u00bb Centro De Informacoes \u00bb9 centros \u00bb Design Humano \u2013 Centro Cora\u00e7\u00e3o Design Humano \u2013 Centro Cora\u00e7\u00e3o 30% da popula\u00e7\u00e3o mundial tem um Centro Cora\u00e7\u00e3o definido. 70% da popula\u00e7\u00e3o mundial tem um Centro Cora\u00e7\u00e3o Indefinido. O Centro Cora\u00e7\u00e3o \u00e9 um Centro Motor (Ego\/Energia de For\u00e7a de Vontade). Tem a capacidade de continuar quando todas&hellip; <a class=\"more-link\" href=\"https:\/\/www.gmtxdev.com\/pt-pt\/design-humano-centro-coracao\/\">Continue a ler <span class=\"screen-reader-text\">Design Humano \u2013 Centro Cora\u00e7\u00e3o<\/span><\/a><\/p>\n","protected":false},"author":1,"featured_media":0,"parent":0,"menu_order":0,"comment_status":"closed","ping_status":"closed","template":"","meta":{"footnotes":""},"class_list":["post-12461","page","type-page","status-publish","hentry","entry"],"_links":{"self":[{"href":"https:\/\/www.gmtxdev.com\/pt-pt\/wp-json\/wp\/v2\/pages\/12461","targetHints":{"allow":["GET"]}}],"collection":[{"href":"https:\/\/www.gmtxdev.com\/pt-pt\/wp-json\/wp\/v2\/pages"}],"about":[{"href":"https:\/\/www.gmtxdev.com\/pt-pt\/wp-json\/wp\/v2\/types\/page"}],"author":[{"embeddable":true,"href":"https:\/\/www.gmtxdev.com\/pt-pt\/wp-json\/wp\/v2\/users\/1"}],"replies":[{"embeddable":true,"href":"https:\/\/www.gmtxdev.com\/pt-pt\/wp-json\/wp\/v2\/comments?post=12461"}],"version-history":[{"count":0,"href":"https:\/\/www.gmtxdev.com\/pt-pt\/wp-json\/wp\/v2\/pages\/12461\/revisions"}],"wp:attachment":[{"href":"https:\/\/www.gmtxdev.com\/pt-pt\/wp-json\/wp\/v2\/media?parent=12461"}],"curies":[{"name":"wp","href":"https:\/\/api.w.org\/{rel}","templated":true}]}}