   
{"id":12334,"date":"2020-10-06T12:56:07","date_gmt":"2020-10-06T12:56:07","guid":{"rendered":"https:\/\/www.geneticmatrixtest.com\/?page_id=12334"},"modified":"2021-03-22T11:59:25","modified_gmt":"2021-03-22T11:59:25","slug":"design-humano-o-gerador-manifestante","status":"publish","type":"page","link":"https:\/\/www.gmtxdev.com\/pt-pt\/design-humano-o-gerador-manifestante\/","title":{"rendered":"Design Humano - O Gerador Manifestante"},"content":{"rendered":"<div id=\"content\">\r\n<div class=\"test_page\">\r\n<div class=\"breadcam\"><a href=\"\/\">Casa<\/a> \u00bb <a href=\"\/pt-pt\/centro-de-informacoes\/\">Centro\r\nDe Informacoes<\/a> \u00bb<a href=\"\/pt-pt\/tipos-design-humano\/\">Tipos<\/a> \u00bb Design Humano - O Gerador Manifestante<\/div>\r\n<\/div>\r\n<div class=\"l_content left mar_top\">\r\n<div class=\"services\">\r\n<div>\r\n<h3><strong>Design Humano - O Gerador Manifestante<\/strong><\/h3>\r\n<ul>\r\n \t<li>Os Geradores Manifestantes s\u00e3o 32% da popula\u00e7\u00e3o mundial.<\/li>\r\n \t<li>Os Geradores Manifestantes s\u00e3o feitos para responder \u00e0 vida antes de iniciar energeticamente uma a\u00e7\u00e3o.<\/li>\r\n \t<li>O \u00fanico Gerador Manifestante puro \u00e9 que o que tem o Canal 20 - 34 ativado.<\/li>\r\n \t<li>Todos os outros Geradores Manifestantes s\u00e3o Geradores com aspetos Manifestantes.<\/li>\r\n<\/ul>\r\n\r\n<hr \/>\r\n\r\n<a href=\"https:\/\/www.geneticmatrix.com\/wp-content\/uploads\/2012\/09\/MG.png\"><img class=\"alignnone size-full wp-image-12337\" title=\"Human Design - Manifesting Generator\" src=\"https:\/\/www.geneticmatrix.com\/wp-content\/uploads\/2012\/09\/MG.png\" alt=\"\" width=\"664\" height=\"487\" \/><\/a>\r\n\r\n<hr \/>\r\n\r\n<ul>\r\n \t<li>O GM tem a intelig\u00eancia sacral para ser eficiente com a sua energia.<\/li>\r\n \t<li>A utiliza\u00e7\u00e3o eficiente da energia traz uma profunda sensa\u00e7\u00e3o de satisfa\u00e7\u00e3o para um GM.<\/li>\r\n \t<li>A poderosa energia de um GM encontra barreiras significativas de resist\u00eancia quando suas a\u00e7\u00f5es s\u00e3o iniciadas mentalmente<\/li>\r\n \t<li>A resist\u00eancia traz sentimentos profundos de frustra\u00e7\u00e3o e raiva para um GM.<\/li>\r\n \t<li>Os GMs s\u00e3o feitos para ser seres supremamente poderosos quando respondem a algo.<\/li>\r\n \t<li>A Energia Sacral completa n\u00e3o est\u00e1 dispon\u00edvel para um GM que decidiu iniciar uma a\u00e7\u00e3o baseada numa decis\u00e3o mental.<\/li>\r\n \t<li>H\u00e1 duas varia\u00e7\u00f5es diferentes da Autoridade Interior do tipo GM. Sacral e Emocional.<\/li>\r\n \t<li>Os GMs s\u00e3o projetados para trabalhar a sua energia, de uma forma pessoalmente satisfat\u00f3ria, tornando-se construtores criativos \u00fanicos guiados pela sua Autoridade Interior.<\/li>\r\n \t<li>Um GM que come\u00e7a suas a\u00e7\u00f5es atrav\u00e9s de decis\u00f5es mentais pode tornar-se o escravo energ\u00e9tico condicionado de todos os outros<\/li>\r\n<\/ul>\r\n<h3>O sono de um Gerador Manifestante<\/h3>\r\n<ul>\r\n \t<li>Para garantir uma \u00f3tima regenera\u00e7\u00e3o da sua energia Sacra, um GM precisa de ir para a cama antes de estarem cansados (ao contr\u00e1rio dos Geradores)<\/li>\r\n \t<li>Um GM precisa de se acalmar e esgotar o combust\u00edvel final no seu centro sacral enquanto se deita antes de adormecerem.<\/li>\r\n \t<li>O Centro Sacral de um GM foi concebido para \"regenerar\" completamente durante o sono. Como uma bateria a ser recarregada.<\/li>\r\n \t<li>A sua bateria sacral s\u00f3 pode carregar corretamente a partir de um estado esgotado antes de dormir.<\/li>\r\n \t<li>Um GM deve dormir sozinho (sem nada na sua aura). Isto garante o reequil\u00edbrio saud\u00e1vel de todo o seu corpo durante a noite.<\/li>\r\n<\/ul>\r\n<\/div>\r\n<div>\r\n\r\n<strong>32% da popula\u00e7\u00e3o mundial s\u00e3o Geradores Manifestantes.<\/strong>\r\n\r\nOs Geradores Manifestantes (GMs) t\u00eam o mesmo design gen\u00e9tico central que o tipo Gerador.\r\n\r\n&nbsp;\r\n\r\nAmbos os tipos s\u00e3o projetados para responder \u00e0 vida atrav\u00e9s do seu Centro Sacral antes de iniciar algo energeticamente.\r\n\r\n&nbsp;\r\n\r\nA recompensa por ser paciente e responder \u00e0 vida \u00e9 que ter\u00e1s uma vida \u00fanica.\r\n\r\n&nbsp;\r\n\r\nResponder naturalmente ao fluxo de vida que lhe chega como Gerador Manifestante \u00e9, em \u00faltima an\u00e1lise, a forma mais eficiente e satisfat\u00f3ria de utilizar a sua energia.\r\n\r\n&nbsp;\r\n\r\nA ess\u00eancia da verdadeira espiritualidade para um Gerador Manifestante \u00e9 confiar que a pr\u00f3pria vida tem o seu plano para si e que se desdobrar\u00e1 no seu pr\u00f3prio tempo natural como algo a que est\u00e1 exclusivamente desenhado e que poder\u00e1s responder.\r\n\r\n&nbsp;\r\n\r\nN\u00e3o podes controlar a dire\u00e7\u00e3o correta da sua vida usando uma abordagem mental \"racional\". A tua mente guiar-te-\u00e1 ativamente para uma vida que, em \u00faltima an\u00e1lise, se revelar\u00e1 insatisfat\u00f3ria.\r\n\r\n&nbsp;\r\n\r\nA diferen\u00e7a entre Geradores e Geradores Manifestantes \u00e9 que os Geradores Manifestantes s\u00e3o projetados para mover-se para a iniciar muito rapidamente ap\u00f3s responder (a menos que sejam Geradores Manifestantes emocionais).\r\n\r\n&nbsp;\r\n\r\nEstas s\u00e3o as pessoas com poder de perman\u00eancia. O Centro Sacral no seu corpo \u00e9 a chave para o seu poder puro. Cria a energia vital da for\u00e7a vital necess\u00e1ria para a a\u00e7\u00e3o, vida, fazer e criar. \u00c9 tamb\u00e9m o centro da nossa sexualidade e, assim, assegura a continua\u00e7\u00e3o da nossa esp\u00e9cie.\r\n\r\n&nbsp;\r\n\r\nA maior li\u00e7\u00e3o para um gerador \u00e9 aprender a responder \u00e0 vida a partir do seu interior. Sim, t\u00eam energia para queimar; energia para fazer todo o tipo de coisas; mas podem esperar pela sua deixa do mundo?\r\n\r\n&nbsp;\r\n\r\nSe puderem, todas as formas de frustra\u00e7\u00e3o s\u00e3o eliminadas das suas vidas e s\u00e3o substitu\u00eddas por um profundo sentimento de satisfa\u00e7\u00e3o. Respondendo de dentro de si mesmos a qualquer que seja a vida que envia o seu caminho, a vida torna-se uma experi\u00eancia alegre e satisfat\u00f3ria para todos os Geradores.\r\n\r\n&nbsp;\r\n\r\nOs Geradores geralmente iniciam a a\u00e7\u00e3o porque t\u00eam medo que nada aconte\u00e7a de outra forma. E esta \u00e9 a armadilha que os escraviza. Se o Gerador tiver a coragem de esperar, aprender\u00e3o muito rapidamente que este medo \u00e9 infundado.\r\n\r\n&nbsp;\r\n\r\nA energia infinita da for\u00e7a de vida que o Gerador det\u00e9m dentro do seu centro Sacral \u00e9 um \u00edman muito poderoso que atrai oportunidades atrav\u00e9s da sua aura envolvente. Outras pessoas anseiam\r\n\r\n&nbsp;\r\n\r\npelo acesso a esse enorme recurso energ\u00e9tico e o Gerador n\u00e3o tem de esperar muito at\u00e9 que outras pessoas comecem a pedir acesso a este recurso\r\n\r\n&nbsp;\r\n\r\nQuando o Gerador espera que a vida se apresente, tornam-se como um buraco negro magn\u00e9tico que atrai tudo e todos automaticamente. Todas as coisas vir\u00e3o ao Gerador no seu pr\u00f3prio tempo \u2013 n\u00e3o precisam de iniciar a\u00e7\u00f5es para tentar fazer as coisas acontecerem. Tudo o que \u00e9 projetado e est\u00e1 certo para eles ser\u00e1 atra\u00eddo automaticamente. Trabalho, relacionamentos, boa sorte, tudo.\r\n\r\n&nbsp;\r\n\r\nOs Geradores s\u00e3o projetados para fluir no \"agora\" com a corrente da vida, tomando as suas deixas de a\u00e7\u00e3o como eles aparecem. Os Geradores n\u00e3o est\u00e3o aqui para se preocuparem com o futuro. O seu futuro correto vir\u00e1 automaticamente se responderem no \"agora\" ao que a vida lhes d\u00e1.\r\n\r\n&nbsp;\r\n\r\nOs Geradores, com os seus enormes recursos energ\u00e9ticos, tamb\u00e9m est\u00e3o aqui para alcan\u00e7ar o dom\u00ednio da vida. Est\u00e3o aqui para dominar o que fizerem com que se comprometam corretamente atrav\u00e9s da resposta.\r\n\r\n&nbsp;\r\n\r\nUm grande sinal de que os Geradores devem ter cuidado como indica\u00e7\u00e3o de que est\u00e3o a responder e a funcionar corretamente \u00e9 a \"sincroniza\u00e7\u00e3o\". As coisas come\u00e7am magicamente a acontecer ou a aparecer automaticamente na vida deles. Parecem ter \"sorte\".\r\n\r\n&nbsp;\r\n\r\n\u00c9 perfeitamente poss\u00edvel que os Geradores que sa\u00edram e se manifestaram sem refer\u00eancia ao seu Centro Sacral possam, de facto, ter sido bem-sucedidos, mas raramente s\u00e3o felizes, satisfeitos ou realizados.\r\n\r\n&nbsp;\r\n\r\nMuitas vezes, os Geradores encontram-se envolvidos em projetos ou est\u00e3o comprometidos com algu\u00e9m ou algo que n\u00e3o det\u00e9m realmente o seu interesse ou os traz a realiza\u00e7\u00e3o. S\u00f3 o est\u00e3o a fazer porque parece que algu\u00e9m tem de o fazer e \u00e9 eles que t\u00eam energia! Claro que ficam intensamente frustrados, sendo escravo de outra pessoa, dando a sua energia a quem pedir.\r\n\r\n&nbsp;\r\n\r\nA li\u00e7\u00e3o simples, mas profunda, para todos os Geradores \u00e9 saber de dentro de si mesmos a quem e ao que se v\u00e3o comprometer. \u00c9 preciso sublinhar que os geradores precisam de saber desde o in\u00edcio de qualquer atividade se v\u00e3o ou n\u00e3o se comprometer, porque uma vez que tenham comprometido a sua consider\u00e1vel energia a algo ou a algu\u00e9m, n\u00e3o h\u00e1 volta sem uma frustra\u00e7\u00e3o consider\u00e1vel e uma inconveni\u00eancia.\r\n\r\n&nbsp;\r\n\r\nOs Geradores t\u00eam um interruptor \"ligado\", mas n\u00e3o t\u00eam um interruptor \"desligado\". Se descobrirem, passados alguns minutos, que quem ou o que acabam de se comprometer n\u00e3o lhes conv\u00e9m, \u00e9 tarde demais para parar. Aquele centro Sacral tem de seguir at\u00e9 \u00e0 conclus\u00e3o assim que tiver algum tipo de impulso. Mas se o Gerador est\u00e1 desesperado para parar e desiste, normalmente encontram-se em tumulto. O \u00faltimo recurso para um Gerador \u00e9 desistir.\r\n\r\n&nbsp;\r\n\r\nA import\u00e2ncia do Centro Sacral para um Gerador n\u00e3o pode ser sobrestimada. A sua estrat\u00e9gia para viver a vida corretamente vem de como este Centro Sacral \u00e9 realmente projetado para funcionar.\r\n\r\n&nbsp;\r\n\r\nO Centro Sacral s\u00f3 pode responder no momento com uma resposta \"sim\" ou \"n\u00e3o\". N\u00e3o usa palavras para transmitir estas respostas. Produz sons do interior da \u00e1rea do est\u00f4mago. Estes sons\r\ns\u00e3o como grunhidos ou rosnados que, quando se pode interpretar este som \"sim\" ou \"n\u00e3o\", leva o Gerador a tomar decis\u00f5es corretas para a sua vida.\r\n\r\n&nbsp;\r\n\r\nO trabalho dos Geradores \u00e9 come\u00e7ar a notar estes grunhidos sacral e perceber que eles s\u00e3o o seu mecanismo de resposta. A estrat\u00e9gia do Gerador para viver a sua vida \u00e9 esperar para responder.\r\n\r\n&nbsp;\r\n\r\nAlguns Geradores confundem-se com a palavra \"espera\", mas quando est\u00e1s acordado e a reparar em tudo o que se passa \u00e0 tua volta, esperar significa simplesmente ouvir a tua resposta sacral antes de agires.\r\n\r\n&nbsp;\r\n\r\nPara todos os Geradores, esta \u00e9 a chave para mudar toda a sua vida, para que voc\u00ea viva apenas quem voc\u00ea \u00e9, sem desperdi\u00e7ar o precioso poder do Centro Sacral.\r\n\r\n&nbsp;\r\n\r\nQuando o Gerador encontra a sua resposta sacral, podem obter o \"sim\" ou \"n\u00e3o\" que \u00e9 necess\u00e1rio para que eles avancem com a sua vida. Esta resposta pode vir sob a forma de um grunhido, \"uhuh\", ou \"unhuh\" ou pode ser apenas um sentimento, um levantamento ou uma defla\u00e7\u00e3o. O Gerador precisa de estar muito familiarizado com a sua resposta sacral, e precisam de tempo para o verificar. A resposta pode n\u00e3o vir imediatamente.\r\n\r\n&nbsp;\r\n\r\nTodos os Geradores atingem um n\u00edvel onde ficam presos. Sentem uma barreira e \u00e0s vezes voltam para tr\u00e1s. Se reagiu corretamente, ent\u00e3o \u00e9 importante que a ultrapasse esta barreira para que possa chegar ao n\u00edvel seguinte. \u00c9 quase como se fosse um teste, para que tenha a oportunidade de perguntar ao seu Centro Sacral, de novo, se \u00e9 isso que realmente quer. Empurrar a barreira confirmar-lhe-\u00e1 que est\u00e1 no caminho certo.\r\n\r\n&nbsp;\r\n\r\nOs Geradores s\u00e3o os trabalhadores e podem tornar-se escravos se n\u00e3o ouvirem o seu Centro Sacral. Um Manifesto ir\u00e1 sempre iniciar e esperar que o Gerador seja o seu \"fazedor\". Um Projetor tentar\u00e1 prender-se \u00e0 energia do Gerador da mesma forma.\r\n\r\n&nbsp;\r\n\r\nPor isso, os Geradores devem lembrar-se de verificar com o seu Centro Sacral antes de consentir em apenas \"fazer\" o que o Manifesto, o Projetor ou qualquer outro tipo sugere. Devem tomar consci\u00eancia e deixar de viver em \"piloto autom\u00e1tico\". \u00c9 por isso que o Gerador \u00e9 considerado um escravo natural. De maneira inconsciente, d\u00e3o a sua energia a todos os outros, em vez de ouvir a sua sabedoria interior; seu Centro Sacral.\r\n\r\n&nbsp;\r\n\r\nA maioria dos Geradores vive uma labuta repetitiva de \"rotina di\u00e1ria\"; apenas lutando para ganhar a vida. Mas t\u00eam sempre um descontentamento e frustra\u00e7\u00e3o que est\u00e3o aqui para outro prop\u00f3sito.\r\n\r\n&nbsp;\r\n\r\nTudo o que um Gerador precisa de fazer \u00e9 responder corretamente e o seu prop\u00f3sito vai encontr\u00e1-los.\r\n\r\n&nbsp;\r\n\r\n<hr \/>\r\n\r\n<!-- <a style=\"font-size: 13px; text-align: center;\" href=\"\/human-design-services\/\"><img class=\"alignnone size-full wp-image-3816\" style=\"opacity: 0.9; float: right;\" title=\"Unlock Your Potential - Click Here\" src=\"https:\/\/www.geneticmatrix.com\/wp-content\/uploads\/2012\/09\/gmkey.png\" alt=\"\" width=\"139\" height=\"69\" \/><\/a> -->\r\n\r\n&nbsp;\r\n\r\n&nbsp;\r\n\r\n<\/div>\r\n<\/div>\r\n<\/div>\r\n<div class=\"r_content right mar_top\"><\/div>\r\n<div class=\"clear\"><\/div>\r\n<\/div>","protected":false},"excerpt":{"rendered":"<p>Casa \u00bb Centro De Informacoes \u00bbTipos \u00bb Design Humano &#8211; O Gerador Manifestante Design Humano &#8211; O Gerador Manifestante Os Geradores Manifestantes s\u00e3o 32% da popula\u00e7\u00e3o mundial. Os Geradores Manifestantes s\u00e3o feitos para responder \u00e0 vida antes de iniciar energeticamente uma a\u00e7\u00e3o. O \u00fanico Gerador Manifestante puro \u00e9 que o que tem o Canal 20&hellip; <a class=\"more-link\" href=\"https:\/\/www.gmtxdev.com\/pt-pt\/design-humano-o-gerador-manifestante\/\">Continue a ler <span class=\"screen-reader-text\">Design Humano &#8211; O Gerador Manifestante<\/span><\/a><\/p>\n","protected":false},"author":1,"featured_media":0,"parent":0,"menu_order":0,"comment_status":"closed","ping_status":"closed","template":"","meta":{"footnotes":""},"class_list":["post-12334","page","type-page","status-publish","hentry","entry"],"_links":{"self":[{"href":"https:\/\/www.gmtxdev.com\/pt-pt\/wp-json\/wp\/v2\/pages\/12334","targetHints":{"allow":["GET"]}}],"collection":[{"href":"https:\/\/www.gmtxdev.com\/pt-pt\/wp-json\/wp\/v2\/pages"}],"about":[{"href":"https:\/\/www.gmtxdev.com\/pt-pt\/wp-json\/wp\/v2\/types\/page"}],"author":[{"embeddable":true,"href":"https:\/\/www.gmtxdev.com\/pt-pt\/wp-json\/wp\/v2\/users\/1"}],"replies":[{"embeddable":true,"href":"https:\/\/www.gmtxdev.com\/pt-pt\/wp-json\/wp\/v2\/comments?post=12334"}],"version-history":[{"count":0,"href":"https:\/\/www.gmtxdev.com\/pt-pt\/wp-json\/wp\/v2\/pages\/12334\/revisions"}],"wp:attachment":[{"href":"https:\/\/www.gmtxdev.com\/pt-pt\/wp-json\/wp\/v2\/media?parent=12334"}],"curies":[{"name":"wp","href":"https:\/\/api.w.org\/{rel}","templated":true}]}}