   
{"id":12239,"date":"2020-10-03T07:20:01","date_gmt":"2020-10-03T07:20:01","guid":{"rendered":"https:\/\/www.geneticmatrixtest.com\/?page_id=12239"},"modified":"2020-11-16T06:27:27","modified_gmt":"2020-11-16T06:27:27","slug":"home","status":"publish","type":"page","link":"https:\/\/www.gmtxdev.com\/pt-pt\/","title":{"rendered":"Home"},"content":{"rendered":"<div id=\"content\">\r\n\r\n<!--?php $lang = (ICL_LANGUAGE_CODE == 'pt-pt') ? 'pt': ICL_LANGUAGE_CODE; if (isset($_SESSION['client_id'])) { $logged = 1; } else { $logged = 0; } ?-->\r\n<div style=\"width: 717px; margin: auto !important;\">\r\n<div class=\"left content_line\"><\/div>\r\n<\/div>\r\n<div class=\"clear\"><\/div>\r\n<div class=\"content_topboxs_outer\" style=\"width: 717px; margin-top: -40px;\">&gt;\r\n<!--\r\n<div class=\"content_topboxs left red\" style=\"\/*width: auto;*\/\"> -->\r\n<!--?php \/\/echo do_shortcode('[celebritySearchBox]');?-->\r\n<!--\r\n<h3 class=\"order__heading\">Order Your Reading<\/h3>\r\n-->\r\n<!--\r\n<div class=\"home_page_diagrams\">\r\n<div>\r\n\r\n<button type=\"submit\" class=\"services_circle\" onclick=\"location.href='<?php echo home_url();?>\/complete-foundation-service\/'\">Foundation Reading\r\n\r\n<\/button><\/div>\r\n<div class=\"second_line services_square_one\">\r\n\r\n<button type=\"submit\" class=\"services_square services_lightBlue\" onclick=\"location.href='<?php echo home_url();?>\/solar-return-reading\/'\">Solar Return Reading\r\n\r\n<\/button><\/div>\r\n<div class=\"second_line services_square_two\">\r\n\r\n<button type=\"submit\" class=\"services_square services_yellow\" onclick=\"location.href='<?php echo home_url();?>\/connection-reading\/'\">Connection Reading\r\n\r\n<\/button><\/div>\r\n<\/div>\r\n<span><a href=\"\/services\/\" class=\"_morelink\">More<\/a><\/span><\/div>\r\n-->\r\n<div class=\"content_topboxs left red ct_chart\" style=\"margin-top: -10px !important;\"><object id=\"svgObject\" style=\"margin-top: 8px;\" data=\"\/wp-content\/themes\/twentyten\/assets\/chart_svg.php?chart_id=0&amp;ver=0&amp;type=freeNowAstro&amp;lvl=3&lang=pt&page=home\" type=\"image\/svg+xml\" width=\"100%\" height=\"100%\" align=\"middle\"><\/object><\/div>\r\n<div class=\"clear\"><\/div>\r\n<\/div>\r\n<div class=\"l_content left\">\r\n<div class=\"l_content_why_total\">\r\n<h3>O que mais vou saber?<\/h3>\r\n<div class=\"l_content_why\">\r\n<div class=\"l_content_why_padd\"><img class=\"alignleft size-full wp-image-12265\" src=\"\/wp-content\/uploads\/2012\/08\/Human-design-front4.jpg\" alt=\"human-design-system\" width=\"208\" height=\"137\" \/><\/div>\r\n<\/div>\r\nSe voc\u00ea estudasse a sua pr\u00f3pria vida atrav\u00e9s de uma lupa, o que veria? Sente-se preso repetindo os mesmos velhos padr\u00f5es em seus relacionamentos? O mesmo trabalho de sempre? N\u00e3o consegue fazer as mudan\u00e7as que quer ou nada parece dar resultado?<a href=\"\/pt-pt\/o-que-mais-vou-saber\/\">Consulte mais informa\u00e7\u00e3o<\/a>\r\n\r\n<\/div>\r\n<div class=\"clear\"><\/div>\r\n<div class=\"l_content_why_total\">\r\n<h3>O design humano tem as respostas para voc\u00ea.<\/h3>\r\n<div class=\"l_content_why\">\r\n<div class=\"l_content_why_padd\"><img class=\"alignleft size-full wp-image-12264\" src=\"\/wp-content\/uploads\/2012\/08\/Human-design-front3.jpg\" alt=\"human-design-system\" width=\"208\" height=\"137\" \/><\/div>\r\n<\/div>\r\nTodos n\u00f3s somos desafiados de uma mir\u00edade de maneiras que \u00e0s vezes parece n\u00e3o ter fim. Para a maioria das pessoas, a vida consiste em tentar \u2018descobrir\u2019; aprender a \u2018seguir as regras\u2019; tentando \u2018pensar as coisas logicamente\u2019 apenas para que possamos ter um pouco de paz interior e alegria. <a href=\"\/pt-pt\/o-design-humano-tem-as-respostas-para-voce\/\">Consulte mais informa\u00e7\u00e3o<\/a>\r\n\r\n<\/div>\r\n<div class=\"clear\"><\/div>\r\n<div class=\"clear\"><\/div>\r\n<\/div>\r\n<div class=\"r_content right\"><\/div>\r\n<div class=\"r_content right\">[people]<\/div>\r\n<div class=\"r_content right\"><\/div>\r\n<div class=\"clear\"><\/div>\r\n<\/div>","protected":false},"excerpt":{"rendered":"<p>&gt; O que mais vou saber? Se voc\u00ea estudasse a sua pr\u00f3pria vida atrav\u00e9s de uma lupa, o que veria? Sente-se preso repetindo os mesmos velhos padr\u00f5es em seus relacionamentos? O mesmo trabalho de sempre? N\u00e3o consegue fazer as mudan\u00e7as que quer ou nada parece dar resultado?Consulte mais informa\u00e7\u00e3o O design humano tem as respostas&hellip; <a class=\"more-link\" href=\"https:\/\/www.gmtxdev.com\/pt-pt\/\">Continue a ler <span class=\"screen-reader-text\">Home<\/span><\/a><\/p>\n","protected":false},"author":1,"featured_media":0,"parent":0,"menu_order":0,"comment_status":"closed","ping_status":"closed","template":"template-home.php","meta":{"footnotes":""},"class_list":["post-12239","page","type-page","status-publish","hentry","entry"],"_links":{"self":[{"href":"https:\/\/www.gmtxdev.com\/pt-pt\/wp-json\/wp\/v2\/pages\/12239","targetHints":{"allow":["GET"]}}],"collection":[{"href":"https:\/\/www.gmtxdev.com\/pt-pt\/wp-json\/wp\/v2\/pages"}],"about":[{"href":"https:\/\/www.gmtxdev.com\/pt-pt\/wp-json\/wp\/v2\/types\/page"}],"author":[{"embeddable":true,"href":"https:\/\/www.gmtxdev.com\/pt-pt\/wp-json\/wp\/v2\/users\/1"}],"replies":[{"embeddable":true,"href":"https:\/\/www.gmtxdev.com\/pt-pt\/wp-json\/wp\/v2\/comments?post=12239"}],"version-history":[{"count":0,"href":"https:\/\/www.gmtxdev.com\/pt-pt\/wp-json\/wp\/v2\/pages\/12239\/revisions"}],"wp:attachment":[{"href":"https:\/\/www.gmtxdev.com\/pt-pt\/wp-json\/wp\/v2\/media?parent=12239"}],"curies":[{"name":"wp","href":"https:\/\/api.w.org\/{rel}","templated":true}]}}