   
{"id":15203,"date":"2021-01-14T06:55:54","date_gmt":"2021-01-14T06:55:54","guid":{"rendered":"https:\/\/www.geneticmatrixtest.com\/?page_id=15203"},"modified":"2021-01-14T06:55:54","modified_gmt":"2021-01-14T06:55:54","slug":"human-design-innerlijke-autoriteit","status":"publish","type":"page","link":"https:\/\/www.gmtxdev.com\/nl\/human-design-innerlijke-autoriteit\/","title":{"rendered":"Human Design - Innerlijke Autoriteit"},"content":{"rendered":"<style>\r\n    .famous_people a{\r\n        color:orange;\r\n    }\r\n    .famous_people a:hover{\r\n        opacity:0.5\r\n    }\r\n<\/style>\r\n<div id=\"content\">\r\n<div class=\"test_page\">\r\n<div class=\"breadcam\"><a href=\"\/nl\">huis<\/a> \u00bb <a href=\"&lt;?php echo site_url(); ?&gt;\/nl\/info-centrum\/\">info-centrum<\/a> \u00bb Human Design - Innerlijke Autoriteit<\/div>\r\n<\/div>\r\n<div class=\"famous_people\">\r\n<h2>Human Design - Innerlijke Autoriteit<\/h2>\r\n\"Bij het nemen van een beslissing van ondergeschikt belang, heb ik het altijd voordelig gevonden, om alle voors en tegens te overwegen. In vitale zaken, zoals de keuze van een partner of een beroep, moet de beslissing komen van het onderbewustzijn, van ergens in onszelf. In de belangrijke beslissingen van het persoonlijke leven, moeten we worden geregeerd, denk ik, door de diepe innerlijke behoeften van onze natuur\" - Sigmund Freud\r\n\r\n998% van alle mensen in de wereld hebben een Innerlijk Besluitvorming Autoriteit Centrum waar ze op kunnen vertrouwen om 100% correct voor hen te zijn, de hele tijd\r\n\r\n1% van de wereldbevolking heeft geen expliciete innerlijke autoriteit, maar heeft een andere externe bron waarop ze kunnen vertrouwen om 100% correct te zijn voor hen, de hele tijd. Deze mensen heten Reflectors. Zie de sectie Reflector voor meer informatie.\r\n\r\n1% van de wereld heeft geen expliciete Innerlijke Autoriteit en geen andere externe bron waarop ze kunnen vertrouwen. Deze mensen heten Mentale Projectors. Maar mentale Projectors hebben een genetische wijsheid voor de besluitvorming, die zeer delicaat is en een groot bewustzijn vereist, maar toch accuraat is. Zie de sectie Mentale Projector voor meer informatie.\r\n\r\nEr zijn slechts vijf mogelijke vormen van innerlijke autoriteit die je zou kunnen hebben. Van die vijf soorten innerlijke autoriteit is er slechts \u00e9\u00e9n je enige en unieke innerlijke autoriteit. Niemand heeft meer dan \u00e9\u00e9n Innerlijke Autoriteit Centrum.\r\n\r\nHet is heel gemakkelijk voor je om je innerlijke autoriteit te achterhalen door alleen maar te kijken naar je Human Design Kaart.\r\n\r\nDe vijf soorten Innerlijke Autoriteit werken in een hi\u00ebrarchie van anci\u00ebnniteit .\r\n\r\nDe orde van de Innerlijke Autoriteit anci\u00ebnniteit is als volgt:\r\n\r\n1 - <a href=\"&lt;?php echo site_url(); ?&gt;\/human-design-solar-plexus-center\/\">Solar Plexus Centrum<\/a>Als je dit centrum gedefinieerd hebt (het is niet wit), dan is dit Centrum je Innerlijke Autoriteit. Het maakt niet uit of de andere centra gedefinieerd of ongedefinieerd zijn. Een gedefinieerde Solar Plexus regeert over alle andere centra.\r\n\r\n2 - <a href=\"&lt;?php echo site_url(); ?&gt;\/human-design-sacral-center\/\">Sacrale Centrum<\/a>Als je Solar Plexus Centrum niet gedefinieerd is, maar je Sacrale Centrum is gedefinieerd (niet wit), dan is het Sacrale Centrum je Innerlijke Autoriteit.\r\n\r\n3 - <a href=\"&lt;?php echo site_url(); ?&gt;\/human-design-splenic-center\/\">Milt Centrum.<\/a>Als je Solar Plexus en Sacrale Centrums niet gedefinieerd zijn, maar je Milt Centrum is gedefinieerd (niet wit), dan is het Milt Centrum je innerlijke autoriteit.\r\n\r\n4 - <a href=\"&lt;?php echo site_url(); ?&gt;\/human-design-heart-center\/\">- Hart Centrum<\/a>.Als je Solar Plexus, Sacrale en Milt Centrums niet gedefinieerd zijn, maar je Hart\/ Ego Centrum is gedefinieerd (niet wit), dan is het Hart\/Ego Centrum je innerlijke autoriteit.\r\n\r\n5 - <a href=\"&lt;?php echo site_url(); ?&gt;\/human-design-g-center\/\">G Centrum<\/a>Als je Solar Plexus, Sacrale, Milt en Hart\/Ego Centrums niet gedefinieerd zijn, maar je G Centrum is gedefinieerd (niet wit); dan is het G Centrum je innerlijke autoriteit.\r\n\r\n<a href=\"&lt;?php echo site_url(); ?&gt;\/human-design-reflector\/\">Reflector<\/a> Reflectors hebben nergens definitie in hun grafieken. Reflectors hebben dus geen innerlijk gezag. Maar ze kunnen vertrouwen op de maandelijkse cyclus van de maan om hen te helpen betrouwbare beslissingen te nemen. Zie de sectie Reflector voor meer informatie.\r\n\r\nMentale Projectors hebben altijd een <a href=\"&lt;?php echo site_url(); ?&gt;\/human-design-ajna-center\/\">Ajna Centrum<\/a> nog een <a href=\"&lt;?php echo site_url(); ?&gt;\/human-design-head-center\/\">Hoofd gedefinieerd<\/a>e\/\r\nof<a href=\"&lt;?php echo site_url(); ?&gt;\/human-design-throat-center\/\">Keel Centrum<\/a>. Alle andere centra onder de keel zijn wit of ongedefinieerd. Net als Reflectors hebben mentale Projectors geen innerlijke autoriteit. Mentale Projectors zijn ook niet afgestemd op de cycli van de maan zoals Reflectors. Ze zijn Zon mensen net als de andere 98% van de wereld. Mentale Projectors hebben een genetische wijsheid die kan worden ingeroepen voor de besluitvorming, maar het werkt niet via \u00e9\u00e9n van de Innerlijk Autoriteit Centra. Zie de sectie Mentale Projector voor meer details.\r\n\r\n<\/div>\r\n<\/div>\r\n<div class=\"clear\"><\/div>","protected":false},"excerpt":{"rendered":"<p>huis \u00bb info-centrum \u00bb Human Design &#8211; Innerlijke Autoriteit Human Design &#8211; Innerlijke Autoriteit &#8220;Bij het nemen van een beslissing van ondergeschikt belang, heb ik het altijd voordelig gevonden, om alle voors en tegens te overwegen. In vitale zaken, zoals de keuze van een partner of een beroep, moet de beslissing komen van het onderbewustzijn,&hellip; <a class=\"more-link\" href=\"https:\/\/www.gmtxdev.com\/nl\/human-design-innerlijke-autoriteit\/\">Lees verder <span class=\"screen-reader-text\">Human Design &#8211; Innerlijke Autoriteit<\/span><\/a><\/p>\n","protected":false},"author":1,"featured_media":0,"parent":0,"menu_order":0,"comment_status":"closed","ping_status":"closed","template":"","meta":{"footnotes":""},"class_list":["post-15203","page","type-page","status-publish","hentry","entry"],"_links":{"self":[{"href":"https:\/\/www.gmtxdev.com\/nl\/wp-json\/wp\/v2\/pages\/15203","targetHints":{"allow":["GET"]}}],"collection":[{"href":"https:\/\/www.gmtxdev.com\/nl\/wp-json\/wp\/v2\/pages"}],"about":[{"href":"https:\/\/www.gmtxdev.com\/nl\/wp-json\/wp\/v2\/types\/page"}],"author":[{"embeddable":true,"href":"https:\/\/www.gmtxdev.com\/nl\/wp-json\/wp\/v2\/users\/1"}],"replies":[{"embeddable":true,"href":"https:\/\/www.gmtxdev.com\/nl\/wp-json\/wp\/v2\/comments?post=15203"}],"version-history":[{"count":0,"href":"https:\/\/www.gmtxdev.com\/nl\/wp-json\/wp\/v2\/pages\/15203\/revisions"}],"wp:attachment":[{"href":"https:\/\/www.gmtxdev.com\/nl\/wp-json\/wp\/v2\/media?parent=15203"}],"curies":[{"name":"wp","href":"https:\/\/api.w.org\/{rel}","templated":true}]}}