   
{"id":15862,"date":"2021-02-16T08:11:41","date_gmt":"2021-02-16T08:11:41","guid":{"rendered":"https:\/\/www.geneticmatrixtest.com\/?page_id=15862"},"modified":"2021-02-16T08:11:41","modified_gmt":"2021-02-16T08:11:41","slug":"design-umano-autorita-interna","status":"publish","type":"page","link":"https:\/\/www.gmtxdev.com\/it\/design-umano-autorita-interna\/","title":{"rendered":"Design umano - Autorit\u00e0 interna"},"content":{"rendered":"<style>\r\n    .famous_people a{\r\n        color:orange;\r\n    }\r\n    .famous_people a:hover{\r\n        opacity:0.5\r\n    }\r\n<\/style>\r\n<div id=\"content\">\r\n<div class=\"test_page\">\r\n<div class=\"breadcam\"><a href=\"\/it\">Casa<\/a> \u00bb <a href=\"&lt;?php echo site_url(); ?&gt;\/it\/centro-informazioni\/\">centro-informazioni<\/a> \u00bb Design umano - Autorit\u00e0 interna<\/div>\r\n<\/div>\r\n<div class=\"famous_people\">\r\n<h2>Design umano - Autorit\u00e0 interna<\/h2>\r\n\"Quando ho preso una decisione di minore importanza, ho sempre trovato vantaggioso considerare tutti i pro e i contro. In questioni di vitale importanza, tuttavia, come la scelta di un compagno o di una professione, la decisione dovrebbe provenire dal subconscio, da qualche parte dentro di noi. Nelle decisioni importanti della vita personale, dovremmo essere governati, credo, dai bisogni interiori profondi della nostra natura\" - Sigmund Freud\r\n\r\nIl 98% di tutte le persone nel mondo ha un Centro di Autorit\u00e0 Decisionale Interna su cui possono contare per essere nel giusto al 100%, sempre.\r\n\r\nL'1% della popolazione mondiale non ha un'autorit\u00e0 interna esplicita, ma ha un'altra risorsa esterna su cui pu\u00f2 contare per essere nel giusto al 100%, sempre . Queste persone si chiamano Riflettori. Vedere la sezione Riflettore per ulteriori dettagli.\r\n\r\nL'1% del mondo non ha un'autorit\u00e0 interna esplicita e nessun'altra risorsa esterna su cui poter contare. Queste persone sono chiamate Proiettori Mentali. Ma i proiettori mentali hanno una saggezza genetica che li aiuta durante il processo decisionale che \u00e8 molto delicata e richiede una grande consapevolezza, ma \u00e8 comunque accurata. Vedere la sezione Proiettore mentale per ulteriori dettagli.\r\n\r\nCi sono solo cinque possibili tipi di autorit\u00e0 interna che una persona potrebbe avere. Di questi cinque tipi di autorit\u00e0 interiore solo uno di loro sar\u00e0 la vostra unica e speciale autorit\u00e0 interiore. Nessuno ha pi\u00f9 di un Centro di Autorit\u00e0 Interno.\r\n\r\n\u00c8 molto facile per te scoprire la tua autorit\u00e0 interiore semplicemente guardando il tuo grafico di Human Design.\r\n\r\nI cinque tipi di Autorit\u00e0 interna operano in una gerarchia di anzianit\u00e0.\r\n\r\nL'ordine di anzianit\u00e0 dell'Autorit\u00e0 Interna \u00e8 il seguente:\r\n\r\n1 - <a href=\"&lt;?php echo site_url(); ?&gt;\/human-design-solar-plexus-center\/\">Centro del Plesso Solare<\/a>. Se avete definito questo centro (non \u00e8 bianco) allora questo Centro \u00e8 la vostra Autorit\u00e0 Interna. Non importa se uno qualsiasi degli altri centri \u00e8 definito o indefinito. Un plesso solare definito governa tutti gli altri centri.\r\n\r\n2 - <a href=\"&lt;?php echo site_url(); ?&gt;\/human-design-sacral-center\/\">Centro Sacrale<\/a>. Se non hai definito il tuo Centro del Plesso Solare ma il tuo Centro Sacrale \u00e8 definito (Non Bianco); il Centro Sacrale \u00e8 la vostra Autorit\u00e0 Interiore.\r\n\r\n3 - <a href=\"&lt;?php echo site_url(); ?&gt;\/human-design-splenic-center\/\">Centro Splenico<\/a>. Se non hai definito il tuo plesso solare o i centri sacrali, ma il tuo Centro Splenico \u00e8 definito (non bianco); il Centro Splenico \u00e8 la vostra Autorit\u00e0 Interiore.\r\n\r\n4 - <a href=\"&lt;?php echo site_url(); ?&gt;\/human-design-heart-center\/\">Centro del Cuore<\/a>. Se non avete definito i vostri Centri del Plesso Solare, Sacrali o Splenici, ma il vostro Centro dell\u2019Io \u00e8 definito (non bianco); il Centro dell\u2019Io \u00e8 la vostra Autorit\u00e0 Interiore.\r\n\r\n5 - <a href=\"&lt;?php echo site_url(); ?&gt;\/human-design-g-center\/\">Centro G<\/a>. Se non avete definito i vostri Centri del Plesso Solare, Sacrali, Splenici o dell\u2019Io ma il vostro Centro G \u00e8 definito (non bianco); il Centro G \u00e8 la vostra Autorit\u00e0 Interiore.\r\n\r\n<a href=\"&lt;?php echo site_url(); ?&gt;\/human-design-reflector\/\">I riflettori<\/a> non hanno alcuna definizione in nessun punto dei grafici. Quindi, i riflettori non hanno autorit\u00e0 interiore. Ma possono contare sul ciclo mensile della Luna per aiutarli a prendere decisioni affidabili. Vedere la sezione Riflettore per ulteriori dettagli.\r\n\r\nI Proiettori Mentali hanno sempre un definito <a href=\"&lt;?php echo site_url(); ?&gt;\/human-design-ajna-center\/\">Ajna centro<\/a> pi\u00f9 u<a href=\"&lt;?php echo site_url(); ?&gt;\/human-design-head-center\/\">Testa definito<\/a> e\/o <a href=\"&lt;?php echo site_url(); ?&gt;\/human-design-throat-center\/\">centro della Gola<\/a>. Tutti gli altri centri sotto la gola sono bianchi o indefiniti. Proprio come i Riflettori, i Proiettori mentali non hanno alcuna Autorit\u00e0 interiore. I Proiettori Mentali non sono in sintonia con i cicli della Luna come i Riflettori. Sono persone solari proprio come l'altro 98% del mondo. I Proiettori Mentali hanno una saggezza genetica su cui si pu\u00f2 fare affidamento per il processo decisionale, ma non operano attraverso nessuno dei centri delle Autorit\u00e0 Interne. Vedere la sezione Proiettore Mentale per ulteriori dettagli.\r\n\r\n<\/div>\r\n<\/div>\r\n<div class=\"clear\"><\/div>","protected":false},"excerpt":{"rendered":"<p>Casa \u00bb centro-informazioni \u00bb Design umano &#8211; Autorit\u00e0 interna Design umano &#8211; Autorit\u00e0 interna &#8220;Quando ho preso una decisione di minore importanza, ho sempre trovato vantaggioso considerare tutti i pro e i contro. In questioni di vitale importanza, tuttavia, come la scelta di un compagno o di una professione, la decisione dovrebbe provenire dal subconscio,&hellip; <a class=\"more-link\" href=\"https:\/\/www.gmtxdev.com\/it\/design-umano-autorita-interna\/\">Continua a leggere <span class=\"screen-reader-text\">Design umano &#8211; Autorit\u00e0 interna<\/span><\/a><\/p>\n","protected":false},"author":1,"featured_media":0,"parent":0,"menu_order":0,"comment_status":"closed","ping_status":"closed","template":"","meta":{"footnotes":""},"class_list":["post-15862","page","type-page","status-publish","hentry","entry"],"_links":{"self":[{"href":"https:\/\/www.gmtxdev.com\/it\/wp-json\/wp\/v2\/pages\/15862","targetHints":{"allow":["GET"]}}],"collection":[{"href":"https:\/\/www.gmtxdev.com\/it\/wp-json\/wp\/v2\/pages"}],"about":[{"href":"https:\/\/www.gmtxdev.com\/it\/wp-json\/wp\/v2\/types\/page"}],"author":[{"embeddable":true,"href":"https:\/\/www.gmtxdev.com\/it\/wp-json\/wp\/v2\/users\/1"}],"replies":[{"embeddable":true,"href":"https:\/\/www.gmtxdev.com\/it\/wp-json\/wp\/v2\/comments?post=15862"}],"version-history":[{"count":0,"href":"https:\/\/www.gmtxdev.com\/it\/wp-json\/wp\/v2\/pages\/15862\/revisions"}],"wp:attachment":[{"href":"https:\/\/www.gmtxdev.com\/it\/wp-json\/wp\/v2\/media?parent=15862"}],"curies":[{"name":"wp","href":"https:\/\/api.w.org\/{rel}","templated":true}]}}