   
{"id":15797,"date":"2021-02-12T06:53:33","date_gmt":"2021-02-12T06:53:33","guid":{"rendered":"https:\/\/www.geneticmatrixtest.com\/?page_id=15797"},"modified":"2021-02-12T06:53:33","modified_gmt":"2021-02-12T06:53:33","slug":"disegno-umano-centro-di-se-g","status":"publish","type":"page","link":"https:\/\/www.gmtxdev.com\/it\/disegno-umano-centro-di-se-g\/","title":{"rendered":"Disegno umano \u2013 Centro di s\u00e9 (G)"},"content":{"rendered":"<div id=\"content\">\r\n<div class=\"test_page\">\r\n<div class=\"breadcam\"><a href=\"\/it\">Casa<\/a> \u00bb <a href=\"\/it\/centro-informazioni\/\">centro-informazioni<\/a> \u00bb<a href=\"\/it\/i-9-centri\/\">9 Centri<\/a> \u00bb Disegno umano \u2013 Centro di s\u00e9 (G)<\/div>\r\n<\/div>\r\n<div class=\"l_content left mar_top\">\r\n<div class=\"services\">\r\n<h3><strong>Disegno umano \u2013 Centro di s\u00e9 (G)<\/strong><\/h3>\r\n<ul>\r\n \t<li>Il Centro G \u00e8 la casa del Monopolo Magnetico<\/li>\r\n \t<li>Il Monopolo Magnetico \u00e8 il \"Pilota\u201d del nostro corpo<\/li>\r\n<\/ul>\r\n<div><a href=\"https:\/\/www.geneticmatrix.com\/wp-content\/uploads\/2020\/07\/G-Center-Image.jpg\"><img class=\"alignnone wp-image-8596 size-medium\" src=\"https:\/\/www.geneticmatrix.com\/wp-content\/uploads\/2020\/07\/G-Center-Image-279x300.jpg\" alt=\"\" width=\"279\" height=\"300\" \/><\/a><\/div>\r\n<!--\r\n<div class=\"gcen right\">Muovi il mouse sulle immagini<\/div>\r\n-->\r\n<div class=\"clear\"><\/div>\r\n<div class=\"services\">\r\n<div class=\"right gall_sys\">\r\n<h3>La biologia<\/h3>\r\n<ul>\r\n \t<li>Quattro degli otto cancelli del Centro G fanno parte di Circuiti Collettivi \u2013 Logico (7,15) Astratto (13,46).<\/li>\r\n \t<li>Due degli otto cancelli del Centro G fanno parte del Circuito Individuale (1,2).<\/li>\r\n \t<li>Uno degli otto cancelli del Centro G ha un doppio ruolo (10). A seconda dei cancelli attivi che vi si collegano, il decimo cancello fa parte del Circuito di Centraggio e della Rete di Integrazione.<\/li>\r\n \t<li>Il <a href=\"https:\/\/en.wikipedia.org\/wiki\/Liver\" target=\"_new\" rel=\"noopener noreferrer\">fegato<\/a> is \u00e8 un organo estremamente complesso e vitale che \u00e8 responsabile per la compensazione delle tossine dal nostro corpo.<\/li>\r\n \t<li>Il fegato \u00e8 anche responsabile dell'elaborazione e della modifica dei nutrienti assorbiti di cui abbiamo bisogno per la nostra sopravvivenza (<a href=\"https:\/\/en.wikipedia.org\/wiki\/Proteins\" target=\"_new\" rel=\"noopener noreferrer\">proteine<\/a>, <a href=\"https:\/\/en.wikipedia.org\/wiki\/Fat\" target=\"_new\" rel=\"noopener noreferrer\">grassi<\/a>, <a href=\"https:\/\/en.wikipedia.org\/wiki\/Carbohydrates\" target=\"_new\" rel=\"noopener noreferrer\">carboidrati<\/a>, <a href=\"https:\/\/en.wikipedia.org\/wiki\/Steroid_hormones\" target=\"_new\" rel=\"noopener noreferrer\">ormoni steriodi<\/a>, <a href=\"https:\/\/en.wikipedia.org\/wiki\/Antibodies\" target=\"_new\" rel=\"noopener noreferrer\">anticorpi<\/a> e <a href=\"https:\/\/en.wikipedia.org\/wiki\/Bile\" target=\"_new\" rel=\"noopener noreferrer\">bile<\/a> gall).<\/li>\r\n \t<li>Il <a href=\"https:\/\/en.wikipedia.org\/wiki\/Blood\" target=\"_new\" rel=\"noopener noreferrer\">sangue<\/a> \u00e8 un fluido corporeo specializzato che fornisce le sostanze necessarie alle cellule del <a href=\"https:\/\/en.wikipedia.org\/wiki\/Cell_%28biology%29\" target=\"_new\" rel=\"noopener noreferrer\">corpo.<\/a>.<\/li>\r\n<\/ul>\r\n<\/div>\r\n<div class=\"clear\"><\/div>\r\n<h3>Solo alcune delle parole chiave associate al Centro G e ai suoi <a href=\"\/human-design-gates\/\">Cancelli<\/a> sono:<\/h3>\r\n<table class=\"personality\" border=\"1\" width=\"650\" cellspacing=\"0\" cellpadding=\"0\">\r\n<tbody>\r\n<tr>\r\n<td>La casa del monopolo magnetico<\/td>\r\n<td>Il 10imo, la 15esimo, la 25esimo e la 46esimo Cancello sono tutti cancelli d'amore.<\/td>\r\n<td>Identit\u00e0<\/td>\r\n<\/tr>\r\n<tr>\r\n<td>S\u00e9<\/td>\r\n<td>Iniziazione<\/td>\r\n<td>Leadership<\/td>\r\n<\/tr>\r\n<tr>\r\n<td>Creativit\u00e0<\/td>\r\n<td>Tema del 13esimo Cancello<\/td>\r\n<td>Riflessione<\/td>\r\n<\/tr>\r\n<tr>\r\n<td>Innocenza<\/td>\r\n<td>Determinazione<\/td>\r\n<td>Ricettivit\u00e0<\/td>\r\n<\/tr>\r\n<tr>\r\n<td>Pilota<\/td>\r\n<td>Sfida<\/td>\r\n<td>Estremi<\/td>\r\n<\/tr>\r\n<tr>\r\n<td>Cambiare i ritmi<\/td>\r\n<td>15esima Cancello<\/td>\r\n<td>Comportamento<\/td>\r\n<\/tr>\r\n<\/tbody>\r\n<\/table>\r\n<\/div>\r\n<\/div>\r\n<\/div>\r\n<div class=\"r_content right mar_top\"><\/div>\r\n<div class=\"clear\"><\/div>\r\n<\/div>","protected":false},"excerpt":{"rendered":"<p>Casa \u00bb centro-informazioni \u00bb9 Centri \u00bb Disegno umano \u2013 Centro di s\u00e9 (G) Disegno umano \u2013 Centro di s\u00e9 (G) Il Centro G \u00e8 la casa del Monopolo Magnetico Il Monopolo Magnetico \u00e8 il &#8220;Pilota\u201d del nostro corpo La biologia Quattro degli otto cancelli del Centro G fanno parte di Circuiti Collettivi \u2013 Logico (7,15)&hellip; <a class=\"more-link\" href=\"https:\/\/www.gmtxdev.com\/it\/disegno-umano-centro-di-se-g\/\">Continua a leggere <span class=\"screen-reader-text\">Disegno umano \u2013 Centro di s\u00e9 (G)<\/span><\/a><\/p>\n","protected":false},"author":1,"featured_media":0,"parent":0,"menu_order":0,"comment_status":"closed","ping_status":"closed","template":"","meta":{"footnotes":""},"class_list":["post-15797","page","type-page","status-publish","hentry","entry"],"_links":{"self":[{"href":"https:\/\/www.gmtxdev.com\/it\/wp-json\/wp\/v2\/pages\/15797","targetHints":{"allow":["GET"]}}],"collection":[{"href":"https:\/\/www.gmtxdev.com\/it\/wp-json\/wp\/v2\/pages"}],"about":[{"href":"https:\/\/www.gmtxdev.com\/it\/wp-json\/wp\/v2\/types\/page"}],"author":[{"embeddable":true,"href":"https:\/\/www.gmtxdev.com\/it\/wp-json\/wp\/v2\/users\/1"}],"replies":[{"embeddable":true,"href":"https:\/\/www.gmtxdev.com\/it\/wp-json\/wp\/v2\/comments?post=15797"}],"version-history":[{"count":0,"href":"https:\/\/www.gmtxdev.com\/it\/wp-json\/wp\/v2\/pages\/15797\/revisions"}],"wp:attachment":[{"href":"https:\/\/www.gmtxdev.com\/it\/wp-json\/wp\/v2\/media?parent=15797"}],"curies":[{"name":"wp","href":"https:\/\/api.w.org\/{rel}","templated":true}]}}