   
{"id":15681,"date":"2021-02-10T10:19:37","date_gmt":"2021-02-10T10:19:37","guid":{"rendered":"https:\/\/www.geneticmatrixtest.com\/?page_id=15681"},"modified":"2021-03-24T12:03:00","modified_gmt":"2021-03-24T12:03:00","slug":"design-umano-proiettori","status":"publish","type":"page","link":"https:\/\/www.gmtxdev.com\/it\/design-umano-proiettori\/","title":{"rendered":"Design umano - Proiettori"},"content":{"rendered":"<div id=\"content\">\r\n<div class=\"test_page\">\r\n<div class=\"breadcam\"><a href=\"\/it\">Casa<\/a> \u00bb <a href=\"\/it\/centro-informazioni\/\">centro-informazioni <\/a>\u00bb<a href=\"\/it\/tipi-di-progettazione-umana\/\">Tipi<\/a> \u00bb Design umano - Proiettori<\/div>\r\n<\/div>\r\n<div class=\"l_content left mar_top\">\r\n<div class=\"services\">\r\n<h3><strong>Design umano - Proiettori<\/strong><\/h3>\r\n<ul>\r\n \t<li style=\"list-style-type: none;\">\r\n<ul>\r\n \t<li>I Proiettori sono il 22% della popolazione mondiale.<\/li>\r\n \t<li>Il ruolo naturale del Proiettore \u00e8 quello di essere la guida invitata per i tipi di energia sacrale (Generatori e Generatori Manifestanti).<\/li>\r\n<\/ul>\r\n<\/li>\r\n<\/ul>\r\n<a href=\"https:\/\/www.geneticmatrix.com\/wp-content\/uploads\/2012\/09\/Site-Projector.png\"><img class=\"alignnone size-full wp-image-15714\" title=\"Human Design - Projector\" src=\"https:\/\/www.geneticmatrix.com\/wp-content\/uploads\/2012\/09\/Site-Projector.png\" alt=\"\" width=\"665\" height=\"467\" \/><\/a>\r\n<ul>\r\n \t<li>Strategia - Se il Proiettore attende un invito prima di intraprendere le principali scelte di vita (Scelta della carriera; Scelta delle relazioni; Scelta di una casa; ecc.) non ci sar\u00e0 alcuna resistenza da parte degli altri E al Proiettore sar\u00e0 concesso l'uso diretto delle risorse energetiche di chi li ha correttamente invitati.<\/li>\r\n \t<li>I Proiettori sono tipi \"non energetici\". Il che significa che non sono qui per essere i lavoratori come Generatori che possono fare le cose pi\u00f9 e pi\u00f9 volte. Questo \u00e8 il motivo per cui hanno bisogno di studiare ed essere informati, in modo che possano guidare ed essere intelligenti con l'utilizzo dell\u2019energia.<\/li>\r\n \t<li>I Proiettori possono accedere a vaste risorse energetiche (superando le singole risorse energetiche di qualsiasi altro tipo) accettando gli inviti giusti e indirizzando correttamente queste risorse energetiche.<\/li>\r\n \t<li>I Proiettori devono sempre fare riferimento alla loro Autorit\u00e0 Interna prima di accettare qualsiasi invito di vita importante, altrimenti non c'\u00e8 modo di sapere se l'invito \u00e8 quello giusto per loro. Accettare l'invito sbagliato pu\u00f2 avere ripercussioni gravi e a lungo termine per i Proiettori.<\/li>\r\n \t<li>I Proiettori che non seguono la loro Strategia e Autorit\u00e0 Interna subiranno un grave esaurimento che porta alla malattia. Diventeranno anche molto amareggiati con la vita e con le altre persone.<\/li>\r\n \t<li>I Proiettori non sono progettati per \"tenere il passo\" energicamente con i Generatori e i Manifestatori di erogazione di energia. Questo non \u00e8 il ruolo del Proiettore.<\/li>\r\n \t<li>L'aura del Proiettore \u00e8 molto focalizzata. Si concentra sul Centro G di altre persone.<\/li>\r\n \t<li>Ci sono quattro diverse varianti dell'Autorit\u00e0 Interna del Proiettore e c'\u00e8 un'ulteriore variante senza autorit\u00e0 interna - Proiettori mentali.<\/li>\r\n \t<li>Nessun altro tipo di progettazione umana ha tante varianti nell'Autorit\u00e0 Interna di quante ne ha il Proiettore.<\/li>\r\n \t<li>Il Proiettore prende il nome dalla natura della sua aura. Il Proiettore \u00e8 \"proiettato\" dagli altri. Essi vengono notati!<\/li>\r\n \t<li>I Proiettori dovrebbero essere e sono studiosi naturali di informazioni e altre persone. Mentre sono in attesa di inviti corretti I Proiettori dovrebbero studiare e riposare perch\u00e9 devono essere pronti per quando arriva l'invito corretto.<\/li>\r\n<\/ul>\r\n<\/div>\r\n\r\n<hr \/>\r\n\r\n<div class=\"pure_gen_outer\">\r\n<div class=\"pure_generators left\">\r\n<h3>Il Proiettore nel dettaglio<\/h3>\r\nPrima dei tempi moderni, i Proiettori sono sempre stati in fondo alla piramide della leadership. L'unica cosa che in quei giorni non importava era l'intelligenza. Il potere e l'energia dei Manifestatori governavano la vita e i proiettori non sono mai stati equipaggiati per vincere quella partita.\r\n\r\n&nbsp;\r\n\r\nOggi, i Proiettori, che come gruppo sono il 22% della popolazione mondiale, siedono in cima alla gerarchia di leadership naturale. Il loro vero ruolo \u00e8 quello di guidare i tipi di energia (Manifestatori, Generatori e Generatori Manifestanti) nell'uso pi\u00f9 efficiente delle loro risorse energetiche.\r\n\r\n&nbsp;\r\n\r\nI proiettori hanno una capacit\u00e0 intrinseca di comprendere gli altri. Sono i maestri della lettura e della gestione efficiente dell'energia. \u00c8 a causa della loro apertura al Centro che possono prendere e leggere l'energia degli altri. A poco a poco, nel corso del tempo, la capacit\u00e0 dei Proiettori di leggere e riconoscere questa energia d\u00e0 loro la saggezza di guidare gli altri nell'uso pi\u00f9 efficiente delle loro energie, doni e talenti.\r\n\r\n&nbsp;\r\n\r\nI Proiettori sono anche grandi nell'organizzare gli altri e nel networking. Sanno come portare le persone giuste al lavoro per compiere un compito specifico e sanno anche come mantenere l'armonia nel mondo.\r\n\r\n&nbsp;\r\n\r\nPer questi motivi i Proiettori sono i leader ideali, amministratori e guide per il mondo democratico moderno in cui viviamo. I Proiettori hanno questa innata capacit\u00e0 naturale di riconoscere il potenziale e il talento delle altre persone e di essere in grado di offrire loro una guida.\r\n\r\n&nbsp;\r\n\r\nIl nostro mondo ha bisogno di molti tipi diversi di guide e il gruppo dei Proiettori rispecchia questa necessit\u00e0. I Proiettori, come tipo, portano la maggior parte dell'autorit\u00e0 interiore rispetto a qualsiasi\r\n\r\n&nbsp;\r\n\r\naltro tipo di essere umano. \u00c8 possibile incontrare Proiettori emotivi, Proiettori Splenici, Proiettori auto-proiettati, Proiettori mentali e Proiettori Ego proiettati. Come gruppo sono adeguatamente attrezzati per leggere e guidare ogni tipo di energia!\r\n\r\n<\/div>\r\n&nbsp;\r\n<div class=\"pure_generators left\">\r\n\r\nIl Proiettore \u00e8 anche il tipo di essere umano pi\u00f9 \"personale\" e ravvicinato. Questo \u00e8 a causa della natura della loro aura. La nostra aura umana rappresenta il campo energetico olistico che circonda in modo unico ognuno di noi.\r\n\r\n&nbsp;\r\n\r\nQuesta aura \u00e8 la nostra firma elettromagnetica personale e dice a ogni essere vivente intorno a noi tutto ci\u00f2 che siamo. La nostra aura si estende fino a 3 metri intorno all'intera circonferenza del nostro corpo. Avere un'aura ci d\u00e0 anche la capacit\u00e0 di leggere e interpretare le aure degli altri. Quella \"sensazione\" che si sperimenta quando ti piace o non ti piace qualcuno al primo incontro? Questa \u00e8 la tua aura che fa il suo lavoro e allerta tutti i tuoi sensi!\r\n\r\n&nbsp;\r\n\r\nInfatti, \u00e8 la natura particolare dell'aura del Proiettore che d\u00e0 al Proiettore il loro nome. Questa aura si 'Proietta' verso l'esterno in direzione delle altre persone ed \u00e8 'Proiettata' su di noi dalle altre persone. I Proiettori vengono notati in altre parole!\r\n\r\n&nbsp;\r\n\r\nL'aura del Proiettore \u00e8 molto focalizzata sulle persone che incontrano. I Proiettori non si concentrano sui gruppi. Si concentrano su un individuo alla volta. L'aura del Generatore avvolge l'intero gruppo intorno a loro. Ma l'aura del Proiettore si concentra su una persona alla volta. Quando incontri un Proiettore, incontri qualcuno che si concentrer\u00e0 su di te come un raggio laser!\r\n\r\n&nbsp;\r\n\r\nLa gran parte dei tipi di Proiettore hanno la maggior parte dei loro centri inattivi. Sono bianchi in altre parole. Ci\u00f2 significa che i Proiettori prendono e riflettono l'energia di altre persone da questi centri bianchi. Non solo riflettono questa energia la amplificano anche! Cos\u00ec, spesso sembra che siano come l\u2019energia a dinamo!\r\n\r\n&nbsp;\r\n\r\n\u00c8 sempre importante che i Proiettori notino la dinamica energetica che sentono quando sono in un gruppo di persone. Questa \u00e8 in realt\u00e0 la dinamica energetica del gruppo stesso, non il Proiettore che genera la propria energia accresciuta. Quella pseudo-energia che il Proiettore sente scomparir\u00e0 non appena i tipi di energia avranno lasciato il gruppo. Quando ci\u00f2 accade i Proiettori, si accorgono che non hanno pi\u00f9 l'energia per lavorare; infatti, di solito sono esausti!\r\n\r\n&nbsp;\r\n\r\nI Proiettori vivono in un mondo di persone impegnate. Generatori e Generatori Manifestanti costituiscono il 70% della popolazione mondiale. I tipi di energia sono la stragrande maggioranza. Quindi la maggior parte dei Proiettori non sono mai troppo lontani dall'aura di un tipo di energia! I loro centri bianchi stanno prendendo, amplificando e riflettendo questa abbondante energia quasi costantemente in modo che il Proiettore possa, nel tempo, esaurire completamente la propria energia e potrebbe aver bisogno di una lunga pausa o di un periodo di riposo lontano da tutti.\r\n\r\n&nbsp;\r\n\r\nI Proiettori che ignorano questi livelli di esaurimento e si sentono amareggiati perch\u00e9 non possono continuare allo stesso ritmo di prima, di solito sviluppano una qualche forma di malattia o un collasso fisico.\r\n\r\n&nbsp;\r\n\r\nLa maggior parte dei Proiettori adulti che vivono in un ambiente di tipi di energia occupata finiranno per essere sopraffatti ed esausti a meno che non capiscano veramente cosa significa essere un\r\nProiettore. Non cercare di tenere il passo con le api industriose! Basta dire a te stesso: \"In che cosa sono realmente impegnati\" \"\u00c8 efficace?\" \"\u00c8 efficiente?\" \"E 'intelligente?\" O \"stanno solo girando le ruota e sembrano occupati\". Questi tipi di energia hanno bisogno di guide intelligenti e il proiettore non pu\u00f2 guidarli se sono esausti nel cercare di tenere il passo per tutto il tempo.\r\n\r\n&nbsp;\r\n\r\nI Proiettori hanno bisogno di molto riposo perch\u00e9 prendono e riflettono tanta energia durante il giorno. Un tipo di energia come quella del Generatore Manifestante, o il Generatore si esaurir\u00e0 alla fine della giornata e andr\u00e0 a letto. Un Proiettore avverte quella sensazione di stanchezza frequentemente durante una giornata intensa e troppo e spesso non ha il tempo di fermarsi e riposare. Cos\u00ec vanno oltre quel punto di stanchezza.\r\n\r\n&nbsp;\r\n\r\nPoich\u00e9 questo \u00e8 accaduto molto spesso nella loro vita, alcuni Proiettori trovano difficile fermarsi alla fine della giornata e andare a letto. Ci viene insegnato e ci viene detto di essere \"Industriosi\" fin dalla tenera et\u00e0, quindi i Proiettori adulti hanno difficolt\u00e0 a rompere con il modello di abitudini ed il modo in cui hanno imparato ad essere.\r\n\r\n&nbsp;\r\n\r\nI Proiettori hanno bisogno di praticare e andare a letto un'ora prima di quanto pensano per\u00f2! Dovrebbero semplicemente riposare, leggere, guardare la TV, ascoltare un po' di musica, rilassarsi e rilassarsi. D\u00e0 al loro corpo il tempo di scaricare e rilasciare l'energia concentrata che vortica intorno al loro sistema e stabilirsi, in modo che possano dormire. Sdraiarsi e riposare, il riposo aiuta il 70% delle nostre funzioni genetiche a recuperare e rigenerarsi, il sonno le aiuta tutte. Idealmente, un proiettore dovrebbe cercare di essere al di fuori dell\u2019aura di chiunque mentre sono a riposo! Altrimenti i loro centri bianchi continuer\u00e0 ad assorbire ci\u00f2 che li circonda.\r\n\r\n&nbsp;\r\n<h3>Proiettore come Guida<\/h3>\r\nI Proiettori non possono dirigere nessuno. Devono capire e ricordare che la loro strategia di vita \u00e8 quella di \"aspettare che tu sia riconosciuto e invitato\" da qualcun altro. Solo quando i Proiettori saranno attenti e attenderanno questo invito a trasmettere la loro indubbia intelligenza e saggezza, la loro vita sar\u00e0 quella giusta.\r\n\r\n&nbsp;\r\n\r\nDetto questo, la maggior parte dei Proiettori sono di solito pi\u00f9 interessati ad altre persone che a se stessi, quindi amano partecipare alle cose e cercare di aiutare le persone senza essere invitati! Questa \u00e8 una qualit\u00e0 ammirevole, ma \u00e8 il Proiettore che finir\u00e0 per sentirsi non gradito, esausto e amareggiato quando non sono apprezzati per ci\u00f2 che fanno.\r\n\r\n&nbsp;\r\n\r\nIl lamento pi\u00f9 comune del proiettore \u00e8: \"E se non verr\u00f2 riconosciuto e invitato?\" \"Sicuramente dovrei fare qualcosa per far s\u00ec che questo accada?\"\r\n\r\n&nbsp;\r\n\r\nBeh, in verit\u00e0, non c'\u00e8 nulla da fare per il Proiettore fino a quando non viene riconosciuto e invitato per la prima volta dalla persona giusta. \u00c8 nel disegno del Proiettore essere notato, per cui dovrebbero avere fiducia in questo.\r\n\r\n&nbsp;\r\n\r\nI Proiettori sono geneticamente codificati attraverso la loro aura per farsi riconoscere e avvicinare dalle altre persone. Quindi hanno solo bisogno di rilassarsi e aspettare che la persona giusta arrivi. E lo faranno! Quando il proiettore si rilassa e rimane in silenzio, quell'aura del proiettore fa tutto il discorso e porta l'invito degli altri.\r\n\r\n&nbsp;\r\n\r\n\u00c8 davvero importante che i Proiettori capiscano che se soccombono a questa paura di non essere riconosciuti e forzano il ritmo con le altre persone non solo sprecano le loro preziose e limitate risorse energetiche, ma mancano anche le reali opportunit\u00e0.\r\n\r\n&nbsp;\r\n\r\nIl Proiettore non trover\u00e0 mai ci\u00f2 che \u00e8 giusto per lui tuffandosi a capofitto e cercando di far accadere le cose.\r\n\r\n&nbsp;\r\n\r\nUn Proiettore ha bisogno della persona giusta nella sua vita, non di una persona qualsiasi.\r\n\r\n&nbsp;\r\n\r\nIn che modo il Proiettore sa se qualcuno \u00e8 giusto per lui? Altre persone li riconoscono, si avvicinano e li invitano! Fino a quando ci\u00f2 non accade, non vale la pena sprecare quella preziosa energia e saggezza del Proiettore per nessuno.\r\n\r\n&nbsp;\r\n\r\nAlcuni Proiettori non hanno un modo costante e affidabile di prendere decisioni e altri hanno autorit\u00e0 interne molto delicate. La verit\u00e0 \u00e8 che alcuni proiettori possono essere molto spontanei nel prendere le decisioni; altri dovranno invece aspettare una settimana prima di poter prendere una decisione e altri dovranno aspettare ancora pi\u00f9 a lungo, per avere discussioni con gli altri e ottenere un feedback prima di arrivare a qualsiasi decisione definitiva con chiarezza.\r\n\r\n&nbsp;\r\n\r\nQuindi, \u00e8 ancora pi\u00f9 importante attendere tale riconoscimento e l'invito giusto perch\u00e9 pu\u00f2 ridurre notevolmente il potenziale di decisioni errate per un proiettore.\r\n\r\n&nbsp;\r\n\r\nI Proiettori non dovrebbero prendere questo \"attendere l'invito\" agli estremi per\u00f2! Infatti, se il proiettore utilizza solo questa strategia per i principali punti di svolta nella loro vita, pagheranno un enorme prezzo.\r\n\r\n&nbsp;\r\n\r\nQuesti punti di svolta sono i momenti della vita in cui i Proiettori devono onorare la loro strategia di aspettare di essere riconosciuti prima e poi invitati. Solo allora dovrebbero decidere se \u00e8 l'invito giusto per loro.\r\n\r\n&nbsp;\r\n<h3>Quindi, per tutti i Proiettori:<\/h3>\r\n<ul style=\"margin-left: 35px;\">\r\n \t<li>Attendi il tuo invito in una nuova relazione d'amore<\/li>\r\n \t<li>Attendi il tuo invito per un nuovo lavoro, opportunit\u00e0 di business, carriera o dove studiare<\/li>\r\n \t<li>Attendi il tuo invito a legare con gli altri in amicizia o in coppia<\/li>\r\n \t<li>Attendi l'invito per una nuova casa o a un nuovo luogo in cui vivere<\/li>\r\n<\/ul>\r\nIn definitiva, il vero successo nella vita di un Proiettore \u00e8 quello di selezionare le persone giuste da avere nella vita. Quelle persone che li riconoscono veramente e li apprezzano per quello che sono veramente, le nostre guide sagge e intelligenti.\r\n\r\n<\/div>\r\n<div class=\"right pure_generators_l\">\r\n<ul>\r\n \t<li>\r\n<div class=\"img_alg12\">\r\n\r\n<a href=\"https:\/\/www.geneticmatrix.com\/kennedy-john_f-human-design-chart.html\"><img class=\"alignnone wp-image-15686\" title=\"John F. Kennedy - Emotional Projector\" src=\"https:\/\/www.geneticmatrix.com\/wp-content\/uploads\/nsl_avatars\/75fd2452fecea176510a199fce73d179.png\" alt=\"\" width=\"180\" height=\"119\" \/><\/a>\r\n\r\n<a href=\"https:\/\/www.geneticmatrix.com\/taylor-elizabeth-human-design-chart.html\"><img class=\"alignnone wp-image-15687\" title=\"Elizabeth Taylor - Emotional Projector\" src=\"https:\/\/www.geneticmatrix.com\/wp-content\/uploads\/2020\/11\/user-123754.jpg\" alt=\"\" width=\"180\" height=\"119\" \/><\/a>\r\n\r\n<a href=\"https:\/\/www.geneticmatrix.com\/monet-claude-human-design-chart.html\"><img class=\"alignnone wp-image-15688\" title=\"Claude Monet - Emotional Projector\" src=\"https:\/\/www.geneticmatrix.com\/wp-content\/uploads\/nsl_avatars\/f13b309102fc0f395a8f15213efd96f8.png\" alt=\"\" width=\"180\" height=\"119\" \/><\/a>\r\n\r\n<a href=\"https:\/\/www.geneticmatrix.com\/streisand-barbra-human-design-chart.html\"><img class=\"alignnone wp-image-15689\" title=\"Barbra Streisand - Self Projected Projector\" src=\"https:\/\/www.geneticmatrix.com\/wp-content\/uploads\/nsl_avatars\/75fd2452fecea176510a199fce73d179.png\" alt=\"\" width=\"180\" height=\"119\" \/><\/a>\r\n\r\n<a href=\"https:\/\/www.geneticmatrix.com\/napoleon_i--human-design-chart.html\"><img class=\"alignnone wp-image-15690\" title=\"Napoleon I - Self Projected Projector\" src=\"https:\/\/www.geneticmatrix.com\/wp-content\/uploads\/nsl_avatars\/8e03aa21760b7beedd6b4c2e67c37bbd.jpg\" alt=\"\" width=\"180\" height=\"119\" \/><\/a>\r\n\r\n<a href=\"https:\/\/www.geneticmatrix.com\/merkel-angela-human-design-chart.html\"><img class=\"alignnone wp-image-15691\" title=\"Angela Merkel - Splenic Projector\" src=\"https:\/\/www.geneticmatrix.com\/wp-content\/uploads\/2020\/12\/user-125925.jpg\" alt=\"\" width=\"180\" height=\"119\" \/><\/a>\r\n\r\n<a href=\"https:\/\/www.geneticmatrix.com\/lincoln-abraham-human-design-chart.html\"><img class=\"alignnone wp-image-15692\" title=\"Abraham Lincoln - Mental Projector\" src=\"https:\/\/www.geneticmatrix.com\/wp-content\/uploads\/nsl_avatars\/5f0dd8f59d9339a7e5796c4cd60f6767.jpg\" alt=\"\" width=\"180\" height=\"119\" \/><\/a>\r\n\r\n<a href=\"https:\/\/www.geneticmatrix.com\/wp-content\/uploads\/2020\/11\/user-123757.jpg\"><img class=\"alignnone wp-image-15693\" title=\"Condoleezza Rice - Splenic Projector\" src=\"https:\/\/www.geneticmatrix.com\/wp-content\/uploads\/2020\/11\/user-123757.jpg\" alt=\"\" width=\"180\" height=\"119\" \/><\/a>\r\n\r\n<a href=\"https:\/\/www.geneticmatrix.com\/wozniak-steve-human-design-chart.html\"><img class=\"alignnone wp-image-15694\" title=\"Steve Wozniak - Mental Projector\" src=\"https:\/\/www.geneticmatrix.com\/wp-content\/uploads\/nsl_avatars\/8e03aa21760b7beedd6b4c2e67c37bbd.jpg\" alt=\"\" width=\"180\" height=\"119\" \/><\/a>\r\n\r\n<a href=\"https:\/\/www.geneticmatrix.com\/darwin-charles-human-design-chart.html\"><img class=\"alignnone wp-image-15695\" title=\"Charles Darwin - Splenic Projector \" src=\"https:\/\/www.geneticmatrix.com\/wp-content\/uploads\/nsl_avatars\/5f0dd8f59d9339a7e5796c4cd60f6767.jpg\" alt=\"\" width=\"180\" height=\"119\" \/><\/a>\r\n\r\n<a href=\"https:\/\/www.geneticmatrix.com\/x-malcolm-human-design-chart.html\"><img class=\"alignnone wp-image-15696\" title=\"Malcolm X - Splenic Projector\" src=\"https:\/\/www.geneticmatrix.com\/wp-content\/uploads\/nsl_avatars\/5f0dd8f59d9339a7e5796c4cd60f6767.jpg\" alt=\"\" width=\"180\" height=\"119\" \/><\/a>\r\n\r\n<a href=\"https:\/\/www.geneticmatrix.com\/earhart-amelia-human-design-chart.html\"><img class=\"alignnone wp-image-15697\" title=\"Amelia Earhart - Mental Projector\" src=\"https:\/\/www.geneticmatrix.com\/wp-content\/uploads\/nsl_avatars\/5f0dd8f59d9339a7e5796c4cd60f6767.jpg\" alt=\"\" width=\"180\" height=\"119\" \/><\/a>\r\n\r\n<a href=\"https:\/\/www.geneticmatrix.com\/butler-gerard-human-design-chart.html\"><img class=\"alignnone wp-image-15698\" title=\"Gerard Butler - Splenic Projector\" src=\"https:\/\/www.geneticmatrix.com\/wp-content\/uploads\/nsl_avatars\/aa1ad72f362dcd40f030858238dd1eb7.jpg\" alt=\"\" width=\"180\" height=\"119\" \/><\/a>\r\n\r\n<a href=\"https:\/\/www.geneticmatrix.com\/goodall-jane-human-design-chart.html\"><img class=\"alignnone wp-image-15699\" title=\"Jane Goodall - Emotional Projector\" src=\"https:\/\/www.geneticmatrix.com\/wp-content\/uploads\/nsl_avatars\/351f018554bf635648a441ba96678a0d.jpg\" alt=\"\" width=\"180\" height=\"119\" \/><\/a>\r\n\r\n<a href=\"https:\/\/www.geneticmatrix.com\/lister-joseph-human-design-chart.html\"><img class=\"alignnone wp-image-15700\" title=\"Joseph Lister - Ego Projected Projector\" src=\"https:\/\/www.geneticmatrix.com\/wp-content\/uploads\/2020\/11\/user-123764.png\" alt=\"\" width=\"180\" height=\"119\" \/><\/a>\r\n\r\n<a href=\"https:\/\/www.geneticmatrix.com\/tutu-desmond-human-design-chart.html\"><img class=\"alignnone wp-image-15701\" title=\"Desmond Tutu - Splenic Projector\" src=\"https:\/\/www.geneticmatrix.com\/wp-content\/uploads\/nsl_avatars\/351f018554bf635648a441ba96678a0d.jpg\" alt=\"\" width=\"180\" height=\"119\" \/><\/a>\r\n\r\n<a href=\"https:\/\/www.geneticmatrix.com\/edison-thomas-human-design-chart.html\"><img class=\"alignnone wp-image-15702\" title=\"Thomas Edison - Splenic Projector\" src=\"https:\/\/www.geneticmatrix.com\/wp-content\/uploads\/2020\/12\/user-125927.jpg\" alt=\"\" width=\"180\" height=\"119\" \/><\/a>\r\n\r\n<a href=\"https:\/\/www.geneticmatrix.com\/foster-jodie-human-design-chart.html\"><img class=\"alignnone wp-image-15703\" title=\"Jodie Foster - Emotional Projector\" src=\"https:\/\/www.geneticmatrix.com\/wp-content\/uploads\/2020\/11\/user-123765.png\" alt=\"\" width=\"180\" height=\"119\" \/><\/a>\r\n\r\n<a href=\"https:\/\/www.geneticmatrix.com\/asimov-isaac-human-design-chart.html\"><img class=\"alignnone wp-image-15704\" title=\"Isaac Asimov - Emotional Projector \" src=\"https:\/\/www.geneticmatrix.com\/wp-content\/uploads\/nsl_avatars\/8aa3eca0bd6acb55758fcad6c88b0e5e.jpg\" alt=\"\" width=\"180\" height=\"119\" \/><\/a>\r\n\r\n<a href=\"https:\/\/www.geneticmatrix.com\/washington-denzel-human-design-chart.html\"><img class=\"alignnone wp-image-15705\" title=\"Denzel Washington - Splenic Projector\" src=\"https:\/\/www.geneticmatrix.com\/wp-content\/uploads\/nsl_avatars\/93cfef1aa836c49d5d6518e79462ad58.png\" alt=\"\" width=\"180\" height=\"119\" \/><\/a>\r\n\r\n<a href=\"https:\/\/www.geneticmatrix.com\/day-doris-human-design-chart.html\"><img class=\"alignnone wp-image-15706\" title=\"Doris Day - Splenic Projector\" src=\"https:\/\/www.geneticmatrix.com\/wp-content\/uploads\/nsl_avatars\/93cfef1aa836c49d5d6518e79462ad58.png\" alt=\"\" width=\"180\" height=\"119\" \/><\/a>\r\n\r\n<a href=\"https:\/\/www.geneticmatrix.com\/mahler-gustav-human-design-chart.html\"><img class=\"alignnone wp-image-15707\" title=\"Gustav Mahler - Splenic Projector\" src=\"https:\/\/www.geneticmatrix.com\/wp-content\/uploads\/nsl_avatars\/93cfef1aa836c49d5d6518e79462ad58.png\" alt=\"\" width=\"180\" height=\"119\" \/><\/a>\r\n\r\n<a href=\"https:\/\/www.geneticmatrix.com\/obama-barack-human-design-chart.html\"><img class=\"alignnone wp-image-15708\" title=\"Barack Obama - Emotional Projector\" src=\"https:\/\/www.geneticmatrix.com\/wp-content\/uploads\/2020\/11\/user-36223.jpg\" alt=\"\" width=\"180\" height=\"119\" \/><\/a>\r\n\r\n<a href=\"https:\/\/www.geneticmatrix.com\/monroe-marilyn-human-design-chart.html\"><img class=\"alignnone wp-image-15709\" title=\"Marilyn Monroe - Emotional Projector\" src=\"https:\/\/www.geneticmatrix.com\/wp-content\/uploads\/2020\/12\/user-125928.png\" alt=\"\" width=\"180\" height=\"119\" \/><\/a>\r\n\r\n<a href=\"https:\/\/www.geneticmatrix.com\/baker-chet-human-design-chart.html\"><img class=\"alignnone wp-image-15710\" title=\"Chet Baker - Splenic Projector\" src=\"https:\/\/www.geneticmatrix.com\/wp-content\/uploads\/nsl_avatars\/9a758895d749a851a4e48964b8e3ba0b.jpg\" alt=\"\" width=\"180\" height=\"119\" \/><\/a>\r\n\r\n<a href=\"https:\/\/www.geneticmatrix.com\/churchill-sir_winston-human-design-chart.html\"><img class=\"alignnone wp-image-15711\" title=\"Sir Winston Churchill - Emotional Projector\" src=\"https:\/\/www.geneticmatrix.com\/wp-content\/uploads\/nsl_avatars\/9a758895d749a851a4e48964b8e3ba0b.jpg\" alt=\"\" width=\"180\" height=\"119\" \/><\/a>\r\n\r\n<a href=\"https:\/\/www.geneticmatrix.com\/williams-serena-human-design-chart.html\"><img class=\"alignnone wp-image-15712\" title=\"Serena Williams - Mental Projector\" src=\"https:\/\/www.geneticmatrix.com\/wp-content\/uploads\/nsl_avatars\/9a758895d749a851a4e48964b8e3ba0b.jpg\" alt=\"\" width=\"180\" height=\"119\" \/><\/a>\r\n\r\n<a href=\"https:\/\/www.geneticmatrix.com\/spielberg-steven-human-design-chart.html\"><img class=\"alignnone wp-image-15713\" title=\"Steven Spielberg - Self Projected Projector\" src=\"https:\/\/www.geneticmatrix.com\/wp-content\/uploads\/nsl_avatars\/0b16ae220b73891867d230d6ba4ba9c0.png\" alt=\"\" width=\"180\" height=\"119\" \/><\/a>\r\n\r\n&nbsp;\r\n\r\n&nbsp;\r\n\r\n<\/div><\/li>\r\n<\/ul>\r\n<\/div>\r\n<\/div>\r\n<div class=\"clear\"><\/div>\r\n<\/div>\r\n<div class=\"r_content right mar_top\"><\/div>\r\n<div class=\"r_content right mar_top\"><\/div>\r\n<div class=\"r_content right mar_top\"><\/div>\r\n<div class=\"r_content right mar_top\"><\/div>\r\n<div class=\"r_content right mar_top\"><\/div>\r\n<div class=\"r_content right mar_top\"><\/div>\r\n<div class=\"r_content right mar_top\"><\/div>\r\n<div class=\"r_content right mar_top\"><\/div>\r\n<div class=\"r_content right mar_top\"><\/div>\r\n<div class=\"r_content right mar_top\"><\/div>\r\n<div class=\"r_content right mar_top\"><\/div>\r\n<div class=\"r_content right mar_top\"><\/div>\r\n<div class=\"clear\"><\/div>\r\n<\/div>","protected":false},"excerpt":{"rendered":"<p>Casa \u00bb centro-informazioni \u00bbTipi \u00bb Design umano &#8211; Proiettori Design umano &#8211; Proiettori I Proiettori sono il 22% della popolazione mondiale. Il ruolo naturale del Proiettore \u00e8 quello di essere la guida invitata per i tipi di energia sacrale (Generatori e Generatori Manifestanti). Strategia &#8211; Se il Proiettore attende un invito prima di intraprendere le&hellip; <a class=\"more-link\" href=\"https:\/\/www.gmtxdev.com\/it\/design-umano-proiettori\/\">Continua a leggere <span class=\"screen-reader-text\">Design umano &#8211; Proiettori<\/span><\/a><\/p>\n","protected":false},"author":1,"featured_media":0,"parent":0,"menu_order":0,"comment_status":"closed","ping_status":"closed","template":"","meta":{"footnotes":""},"class_list":["post-15681","page","type-page","status-publish","hentry","entry"],"_links":{"self":[{"href":"https:\/\/www.gmtxdev.com\/it\/wp-json\/wp\/v2\/pages\/15681","targetHints":{"allow":["GET"]}}],"collection":[{"href":"https:\/\/www.gmtxdev.com\/it\/wp-json\/wp\/v2\/pages"}],"about":[{"href":"https:\/\/www.gmtxdev.com\/it\/wp-json\/wp\/v2\/types\/page"}],"author":[{"embeddable":true,"href":"https:\/\/www.gmtxdev.com\/it\/wp-json\/wp\/v2\/users\/1"}],"replies":[{"embeddable":true,"href":"https:\/\/www.gmtxdev.com\/it\/wp-json\/wp\/v2\/comments?post=15681"}],"version-history":[{"count":0,"href":"https:\/\/www.gmtxdev.com\/it\/wp-json\/wp\/v2\/pages\/15681\/revisions"}],"wp:attachment":[{"href":"https:\/\/www.gmtxdev.com\/it\/wp-json\/wp\/v2\/media?parent=15681"}],"curies":[{"name":"wp","href":"https:\/\/api.w.org\/{rel}","templated":true}]}}