   
{"id":15641,"date":"2021-02-10T07:54:25","date_gmt":"2021-02-10T07:54:25","guid":{"rendered":"https:\/\/www.geneticmatrixtest.com\/?page_id=15641"},"modified":"2021-03-22T11:58:17","modified_gmt":"2021-03-22T11:58:17","slug":"design-umano-il-generatore-manifestante","status":"publish","type":"page","link":"https:\/\/www.gmtxdev.com\/it\/design-umano-il-generatore-manifestante\/","title":{"rendered":"Design umano - Il Generatore Manifestante"},"content":{"rendered":"<div id=\"content\">\r\n<div class=\"test_page\">\r\n<div class=\"breadcam\"><a href=\"\/it\">Casa<\/a> \u00bb <a href=\"\/it\/centro-informazioni\/\">centro-informazioni<\/a> \u00bb<a href=\"\/it\/tipi-di-progettazione-umana\/\">Tipi<\/a> \u00bb Design umano - Il Generatore Manifestante<\/div>\r\n<\/div>\r\n<div class=\"l_content left mar_top\">\r\n<div class=\"services\">\r\n<div>\r\n<h3><strong>Design umano - Il Generatore Manifestante<\/strong><\/h3>\r\n<ul>\r\n \t<li>I Generatori Manifestanti sono il 32% della popolazione mondiale.<\/li>\r\n \t<li>I Generatori Manifestanti sono progettati per rispondere alla vita prima di avviare l'energia.<\/li>\r\n \t<li>L'unico Generatore Manifestante puro \u00e8 quello con il canale 20 - 34 attivato.<\/li>\r\n \t<li>Tutti gli altri Generatori Manifestanti sono Generatori con aspetti di Manifestazione.<\/li>\r\n<\/ul>\r\n\r\n<hr \/>\r\n\r\n<a href=\"https:\/\/www.geneticmatrix.com\/wp-content\/uploads\/2012\/09\/MG.png\"><img class=\"alignnone size-full wp-image-3823\" title=\"Human Design - Manifesting Generator\" src=\"https:\/\/www.geneticmatrix.com\/wp-content\/uploads\/2012\/09\/MG.png\" alt=\"\" width=\"664\" height=\"487\" \/><\/a>\r\n\r\n<hr \/>\r\n\r\n<ul>\r\n \t<li>Il GM ha l'intelligenza sacrale per essere efficiente con la loro energia.<\/li>\r\n \t<li>L'utilizzo efficiente dell'energia porta ad una profonda sensazione di soddisfazione per un GM.<\/li>\r\n \t<li>La potente energia del GM incontra significative barriere di resistenza quando ha mentalmente iniziato.<\/li>\r\n \t<li>La resistenza porta profondi sentimenti di frustrazione e rabbia per il GM.<\/li>\r\n \t<li>I GM sono progettati per essere esseri estremamente potenti quando rispondono a qualcosa.<\/li>\r\n \t<li>L'energia Sacrale completa non \u00e8 disponibile per un GM che ha deciso di avviare un'azione basata su una decisione mentale.<\/li>\r\n \t<li>Ci sono due diverse varianti di autorit\u00e0 interna del tipo GM. <a title=\"Go to Sacral Center page\" href=\"https:\/\/www.geneticmatrix.com\/human-design-sacral-center\/\">Sacrale<\/a> ed <a title=\"Go to Solar Plexus Center\" href=\"https:\/\/www.geneticmatrix.com\/human-design-solar-plexus-center\/\">Emotivo.<\/a>.<\/li>\r\n \t<li>I GM sono progettati per lavorare con la loro energia, in modo personalmente soddisfacente, diventando costruttori creativi unici guidati dalla loro Autorit\u00e0 Interna.<\/li>\r\n \t<li>La mente che inizia il GM pu\u00f2 diventare schiava dell'energia condizionata da tutti gli altri.<\/li>\r\n<\/ul>\r\n<h3>Il Sonno e il Generatore Manifestante<\/h3>\r\n<ul>\r\n \t<li>Per garantire una rigenerazione ottimale dell'energia Sacrale, il GM ha bisogno di andare a letto prima che siano stanchi (a differenza dei Generatori)<\/li>\r\n \t<li>Il GM ha bisogno di scaricare ed esaurire il combustibile finale nel loro centro sacrale mentre si sdraia prima di andare a dormire.<\/li>\r\n \t<li>Il Centro Sacrale della GM \u00e8 progettato per \"rigenerarsi\" completamente durante il sonno. Come una batteria ricaricata.<\/li>\r\n \t<li>La batteria Sacrale pu\u00f2 essere ricaricata correttamente solo da un completo esaurimento energetico prima del sonno.<\/li>\r\n \t<li>Il GM dovrebbe dormire da solo (nessuno nella vostra aura). Questo assicura il sano bilanciamento di tutto il loro corpo durante la notte.<\/li>\r\n<\/ul>\r\n<\/div>\r\n<div>\r\n\r\n<strong>Il 32% della popolazione mondiale si presenta come Generatore Manifestante.<\/strong>\r\n\r\nI Generatori Manifestanti (GM) hanno lo stesso design genetico di base del tipo Generatore.\r\n\r\n&nbsp;\r\n\r\nEntrambi i tipi sono progettati per rispondere alla vita attraverso il loro Centro Sacrale prima di iniziare l'energia.\r\n\r\n&nbsp;\r\n\r\nLa ricompensa per essere paziente e rispondere alla vita, \u00e8 che si otterr\u00e0 la vostra vita unica.\r\n\r\n&nbsp;\r\n\r\nRispondere naturalmente al flusso della vita che ti arriva come Generatore Manifestante \u00e8 in definitiva il modo pi\u00f9 efficiente e soddisfacente in cui la tua energia pu\u00f2 essere utilizzata.\r\n\r\n&nbsp;\r\n\r\nL'essenza della vera spiritualit\u00e0 per un Generatore Manifestante \u00e8 confidare che la vita stessa ha il suo piano per voi e che si svolger\u00e0 con il suo tempismo naturale come qualcosa a cui siete unicamente attrezzati per rispondere.\r\n\r\n&nbsp;\r\n\r\nNon puoi controllare la direzione corretta della tua vita utilizzando un approccio \"razionale\" basato sulle decisioni mentali. La vostra mente vi guider\u00e0 attivamente verso una vita che alla fine si riveler\u00e0 insoddisfacente.\r\n\r\n&nbsp;\r\n\r\nLa differenza tra Generatori e Generatori Manifestanti \u00e8 che i Generatori Manifestanti sono progettati per passare all'azione molto rapidamente dopo aver risposto (a meno che non siano Generatori Manifestanti Emotivi).\r\n\r\n&nbsp;\r\n\r\nQueste sono le persone con il potere di \u201crimanere\u201d. Il Centro Sacrale nel loro corpo \u00e8 la chiave del loro potere puro. Crea l'energia della forza vitale necessaria per l'azione, la vita, il fare e il creare. \u00c8 anche il centro della nostra sessualit\u00e0 e quindi assicura la continuazione della nostra specie.\r\n\r\n&nbsp;\r\n\r\nLa pi\u00f9 grande lezione per un Generatore \u00e8 imparare a rispondere alla vita dalle loro \"viscere\". S\u00ec, hanno energia da bruciare; energia per portare a termine ogni cosa; ma possono aspettare il loro segnale dal mondo?\r\n\r\n&nbsp;\r\n\r\nSe possono, allora tutte le forme della frustrazione vengono eliminate dalla loro vita e vengono sostituite da un profondo sentimento di soddisfazione. Rispondendo da dentro se stessi a qualsiasi vita gli venga assegnata, essa diventa un'esperienza gioiosa e soddisfacente per tutti i Generatori.\r\n\r\n&nbsp;\r\n\r\nI Generatori di solito avviano l'azione perch\u00e9 temono che non accadr\u00e0 nulla altrimenti. E questa \u00e8 la trappola che li rende schiavi. Se il Generatore ha il coraggio di aspettare impareranno molto rapidamente che questa paura \u00e8 infondata.\r\n\r\n&nbsp;\r\n\r\nL'energia infinita della forza vitale che il Generatore possiede all'interno del loro centro Sacrale \u00e8 come un magnete super potente che attrae opportunit\u00e0 attraverso la sua aura avvolgente. Altre\r\n\r\n&nbsp;\r\n\r\npersone bramano l'accesso a quell'enorme risorsa energetica e il generatore non deve aspettare molto prima che altre persone inizino a chiedere l'accesso a questa risorsa.\r\n\r\n&nbsp;\r\n\r\nQuando il Generatore attende che la vita si presenti, diventa come un buco nero magnetico che attira automaticamente tutti e tutto. Tutte le cose arriveranno al Generatore nei loro tempi - non hanno bisogno di avviare un'azione per cercare di far accadere le cose. Tutto ci\u00f2 che \u00e8 stato progettato ed \u00e8 giusto per loro sar\u00e0 attratto automaticamente. Lavoro, relazioni, fortuna, tutto.\r\n\r\n&nbsp;\r\n\r\nI Generatori sono progettati per fluire nel \"adesso\" con la corrente della vita, prendendo spunto per l'azione come appaiono. I generatori non sono qui per preoccuparsi del futuro. Il loro futuro corretto arriver\u00e0 automaticamente se rispondono nel \"adesso\" a ci\u00f2 che la vita offre loro.\r\n\r\n&nbsp;\r\n\r\nI Generatori, con le loro enormi risorse energetiche, sono qui anche per raggiungere la padronanza della vita. Sono qui per padroneggiare qualsiasi cosa in cui si impegnino a fondo.\r\n\r\n&nbsp;\r\n\r\nUn grande segno a cui i generatori dovrebbero prestare attenzione per come indicatore della corretta reazione \u00e8 la \"sincronicit\u00e0\". Le cose iniziano magicamente ad accadere o ad apparire automaticamente nella loro vita. Sembrano essere \"fortunati\".\r\n\r\n&nbsp;\r\n\r\n\u00c8 del tutto possibile che quei Generatori che sono venuti fuori e si sono manifestati senza fare riferimento al loro Centro Sacrale possano effettivamente avere successo, ma raramente sono felici, soddisfatti o si sentono appagati.\r\n\r\n&nbsp;\r\n\r\nSpesso, i generatori si trovano coinvolti in progetti o sono impegnati con qualcuno o qualcosa che in realt\u00e0 non tiene al loro interesse o li porta realizzazione. Lo stanno facendo solo perch\u00e9 sembra che qualcuno debba farlo ed io sono quello con l'energia! Ovviamente, si sentono intensamente frustrati, essendo gli schiavi di qualcun altro, svendendo il loro potere a chi lo richiede.\r\n\r\n&nbsp;\r\n\r\nLa lezione semplice ma profonda per tutti i generatori \u00e8 sapere \u201cda dentro\u201d con chi e in che cosa si impegneranno. Va sottolineato, che i generatori devono sapere fin dall'inizio il tipo di attivit\u00e0 se hanno intenzione di impegnarsi o meno perch\u00e9 una volta che hanno impegnato la loro notevole energia in qualcosa o in qualcuno, non potranno tornare indietro senza notevoli frustrazioni e disagi.\r\n\r\n&nbsp;\r\n\r\nI Generatori hanno un interruttore \"on\" ma non hanno un interruttore \"off\". Se dopo pochi minuti scopriranno che la persona o la cosa nella quale si sono appena impegnati non \u00e8 adatta a loro, \u00e8 troppo tardi per fermarsi. Quel centro Sacrale deve proseguire fino al completamento una volta che ha ricevuto qualsiasi tipo di slancio. Ma se il Generatore \u00e8 disperato, e vuole fermarsi, e finalmente smette di solito si trova in uno stato di agitazione. L'ultima risorsa per un generatore \u00e8 smettere.\r\n\r\n&nbsp;\r\n\r\nL'importanza del Centro Sacrale per un Generatore non pu\u00f2 essere enfatizzata eccessivamente. La loro strategia per vivere correttamente la vita deriva da come \u00e8 progettato realmente il funzionamento del Centro Sacrale.\r\n\r\n&nbsp;\r\n\r\nIl Centro Sacrale pu\u00f2 rispondere solo al momento con una risposta \"s\u00ec\" o \"no\". Non usa le parole per trasmettere queste risposte. Esso fornisce suoni dal profondo, dall\u2019interno, nella zona dello stomaco. Questi suoni sono come grugniti o ringhia che, quando si pu\u00f2 interpretare questo suono con un \"s\u00ec\" o con \"no\", porta il Generatore a prendere decisioni corrette per la loro vita.\r\n\r\n&nbsp;\r\n\r\nIl compito dei Generatori \u00e8 quello di iniziare a notare questi grugniti sacrali e rendersi conto che sono il loro meccanismo di risposta. La strategia dei Generatori per vivere la loro vita \u00e8 aspettare di rispondere.\r\n\r\n&nbsp;\r\n\r\nAlcuni Generatori si confondono sulla parola \"aspetta\", ma quando sei sveglio e noti tutto ci\u00f2 che sta succedendo intorno a te, aspettare significa semplicemente ascoltare la tua risposta sacra prima di agire.\r\n\r\n&nbsp;\r\n\r\nPer tutti i Generatori questa \u00e8 la chiave per cambiare tutta la loro vita, in modo da vivere propriamente ci\u00f2 che sei, senza sprecare il prezioso potere del Centro Sacrale.\r\n\r\n&nbsp;\r\n\r\nQuando il Generatore trova la sua risposta sacrale, pu\u00f2 ottenere il \"s\u00ec\" o il \"no\" necessario per andare avanti con la sua vita. Questa risposta pu\u00f2 venire sotto forma di un grugnito, \"uhuh\", o \"unhuh\" o pu\u00f2 essere solo un sentimento, un sollevamento o un senso di leggerezza . Il Generatore deve avere molta familiarit\u00e0 con la sua risposta sacrale, e ha bisogno di tempo per confrontarsi con essa. La risposta potrebbe non arrivare immediatamente.\r\n\r\n&nbsp;\r\n\r\nTutti i Generatori raggiungono un livello in cui rimangono bloccati. Sentono una barriera e a volte tornano indietro. Se hai risposto correttamente, allora \u00e8 importante per te spingere attraverso questa barriera in modo da poter arrivare al livello successivo. \u00c8 quasi come se fosse un test, in modo che tu ottenga la possibilit\u00e0 di chiedere al tuo Centro Sacrale, ancora una volta, se questo \u00e8 ci\u00f2 che vuoi veramente. Spingere attraverso la barriera vi confermer\u00e0 che siete sulla strada giusta.\r\n\r\n&nbsp;\r\n\r\nI Generatori sono i lavoratori e possono diventare schiavi se non ascoltano il loro Centro Sacrale. Un Manifestatore sar\u00e0 sempre colui che \u201cinizia\u201d e si aspetta che il Generatore sia quello che \"faccia\". Un proiettore cercher\u00e0 di agganciarsi alla potenza del Generatore in modo simile.\r\n\r\n&nbsp;\r\n\r\nCos\u00ec, i Generatori devono ricordare di confrontarsi con il loro Centro Sacrale prima di acconsentire a semplicemente \"fare\" ci\u00f2 che il Manifestatore, proiettore o qualsiasi altro tipo suggerisce. Devono prendere coscienza e smettere di vivere con il \"pilota automatico\". Ecco perch\u00e9 il generatore \u00e8 considerato uno schiavo naturale. Essi sono come sonnambuli che danno via la loro energia a tutti gli altri, invece di ascoltare la loro saggezza interiore; il loro Centro Sacrale.\r\n\r\n&nbsp;\r\n\r\nLa maggior parte dei Generatori vivono la faticosa ripetitivit\u00e0 della \u201croutine quotidiana\u201d; arrancano per guadagnarsi da vivere. Ma soffrono sempre di un malcontento incessante e la frustrazione di sapere che sono qui per un altro scopo.\r\n\r\n&nbsp;\r\n\r\nTutto ci\u00f2 che un generatore deve fare \u00e8 rispondere correttamente e sar\u00e0 lo scopo a trovare loro.\r\n\r\n&nbsp;\r\n\r\n<hr \/>\r\n\r\n<!-- <a style=\"font-size: 13px; text-align: center;\" href=\"\/human-design-services\/\"><img class=\"alignnone size-full wp-image-3816\" style=\"opacity: 0.9; float: right;\" title=\"Unlock Your Potential - Click Here\" src=\"https:\/\/www.geneticmatrix.com\/wp-content\/uploads\/2012\/09\/gmkey.png\" alt=\"\" width=\"139\" height=\"69\" \/><\/a> -->\r\n \r\n&nbsp;\r\n\r\n&nbsp;\r\n\r\n<\/div>\r\n<\/div>\r\n<\/div>\r\n<div class=\"r_content right mar_top\"><\/div>\r\n<div class=\"clear\"><\/div>\r\n<\/div>","protected":false},"excerpt":{"rendered":"<p>Casa \u00bb centro-informazioni \u00bbTipi \u00bb Design umano &#8211; Il Generatore Manifestante Design umano &#8211; Il Generatore Manifestante I Generatori Manifestanti sono il 32% della popolazione mondiale. I Generatori Manifestanti sono progettati per rispondere alla vita prima di avviare l&#8217;energia. L&#8217;unico Generatore Manifestante puro \u00e8 quello con il canale 20 &#8211; 34 attivato. Tutti gli altri&hellip; <a class=\"more-link\" href=\"https:\/\/www.gmtxdev.com\/it\/design-umano-il-generatore-manifestante\/\">Continua a leggere <span class=\"screen-reader-text\">Design umano &#8211; Il Generatore Manifestante<\/span><\/a><\/p>\n","protected":false},"author":1,"featured_media":0,"parent":0,"menu_order":0,"comment_status":"closed","ping_status":"closed","template":"","meta":{"footnotes":""},"class_list":["post-15641","page","type-page","status-publish","hentry","entry"],"_links":{"self":[{"href":"https:\/\/www.gmtxdev.com\/it\/wp-json\/wp\/v2\/pages\/15641","targetHints":{"allow":["GET"]}}],"collection":[{"href":"https:\/\/www.gmtxdev.com\/it\/wp-json\/wp\/v2\/pages"}],"about":[{"href":"https:\/\/www.gmtxdev.com\/it\/wp-json\/wp\/v2\/types\/page"}],"author":[{"embeddable":true,"href":"https:\/\/www.gmtxdev.com\/it\/wp-json\/wp\/v2\/users\/1"}],"replies":[{"embeddable":true,"href":"https:\/\/www.gmtxdev.com\/it\/wp-json\/wp\/v2\/comments?post=15641"}],"version-history":[{"count":0,"href":"https:\/\/www.gmtxdev.com\/it\/wp-json\/wp\/v2\/pages\/15641\/revisions"}],"wp:attachment":[{"href":"https:\/\/www.gmtxdev.com\/it\/wp-json\/wp\/v2\/media?parent=15641"}],"curies":[{"name":"wp","href":"https:\/\/api.w.org\/{rel}","templated":true}]}}