   
{"id":15252,"date":"2021-01-29T06:02:51","date_gmt":"2021-01-29T06:02:51","guid":{"rendered":"https:\/\/www.geneticmatrixtest.com\/?page_id=15252"},"modified":"2021-01-29T06:07:56","modified_gmt":"2021-01-29T06:07:56","slug":"grafico-parlante-della-fondazione","status":"publish","type":"page","link":"https:\/\/www.gmtxdev.com\/it\/grafico-parlante-della-fondazione\/","title":{"rendered":"Grafico Parlante della Fondazione"},"content":{"rendered":"<div class=\"banner\"><img src=\"\/wp-content\/uploads\/2015\/10\/talking-chart-01.jpg\" alt=\"banner\" width=\"980\" height=\"299\" \/><\/div>\r\n<div class=\"clearfix box_row\">\r\n<div class=\"leftCol\"><!--?php global $wpdb; $sql= \"select price from gm_services where svc_id='talkFound'\"; $services= $wpdb-&amp;gt;get_results($sql);&amp;lt;br ?--> $usrLvl=$_SESSION['client_lvl'];\r\nif($usrLvl==2){\r\n$amount=37;\r\n}else{\r\n$amount=32;\r\n}$price = ($usrLvl==1 || $usrLvl==5)? $services[0]-&gt;price:$amount;\r\nif(!is_user_logged_in()){\r\n$price = 57;\r\n}\r\n?&gt;\r\n<h1>Grafico Parlante della Fondazione<\/h1>\r\nIl Grafico Parlante \u00e8 un ottimo strumento per conoscere te stesso e gli altri ogni volta che ti coglie l'ispirazione. I Grafici Parlanti sono i regali ideali per la famiglia, gli amici e i colleghi. L'inestimabile dono della conoscenza di s\u00e9.\r\n\r\n<\/div>\r\n<div class=\"rightCol\">\r\n<div class=\"btn talkFound_color\"><a href=\"\/order-talking\/?service_type=talkFound\">$<!--?php echo $price ?--> - Grafico Parlante di Base Solo 32 dollariO<\/a><\/div>\r\n<\/div>\r\n<\/div>\r\n<div class=\"clearfix centerContent box_row\">\r\n<div class=\"box_1\">\r\n\r\n<img class=\"box_img\" src=\"\/wp-content\/uploads\/2015\/10\/talking-chart-02.jpg\" alt=\"img\" \/>\r\n<h2><strong>Che cos'\u00e8 un Grafico Parlante?<\/strong><\/h2>\r\nUn Grafico Parlante \u00e8 uno strumento di apprendimento completamente interattivo con la funzione, \u201cpremi ed ascolta\u201d che copre, in dettaglio, i principali aspetti del tuo Human Design di Base.\r\n\r\n<\/div>\r\n<div class=\"box_1\" style=\"margin: 0 32px;\">\r\n\r\n<img class=\"box_img\" src=\"\/wp-content\/uploads\/2015\/10\/talking-chart-03.jpg\" alt=\"img\" \/>\r\n<h2><strong>Perch\u00e9 \u00e8 importante?<\/strong><\/h2>\r\nComprendere il vostro Design di Base \u00e8 fondamentale per fare le scelte giuste e raggiungere la vera felicit\u00e0, la realizzazione e la consapevolezza illuminata nella vostra vita.\r\n\r\n<\/div>\r\n<div class=\"box_1\" style=\"float: right;\">\r\n\r\n<img class=\"box_img\" src=\"\/wp-content\/uploads\/2015\/10\/talking-chart-04.jpg\" alt=\"img\" \/>\r\n<h2><strong>In che modo mi aiuter\u00e0?<\/strong><\/h2>\r\nIl Grafico Parlante ti guida attraverso tutte le sfaccettature importanti del tuo Human Design. Ha lo stesso valore di una lettura completa della Base HD, ma ad un costo notevolmente ridotto.\r\n\r\n<\/div>\r\n<\/div>\r\n<div class=\"clearfix box_row\">\r\n<div class=\"leftCol\" style=\"float: right;\">\r\n<h2><strong>Cosa posso aspettarmi di ricevere?<\/strong><\/h2>\r\nOgni Grafico Parlante ha da 6 a 7 ore di audio unico dedicato al tuo design. Questi audio sono progettati per essere pratici e facili da capire ed assimilare. Sono in inglese britannico chiaramente parlato ad una velocit\u00e0 misurata \u00e8 progettata per le persone il cui inglese non \u00e8 necessariamente la loro prima lingua. Il tuo Grafico Parlante \u00e8 disponibile 24 ore su 24 tramite il tuo Centro Clienti GM che \u00e8 sempre attivo. \u00c8 possibile ascoltare e interagire tramite il telefono cellulare, tablet, computer o qualsiasi altro dispositivo con accesso ad Internet. Questo rende l'apprendimento del vostro progetto un processo facile, conveniente e assimilabile. Consulta le FAQ per maggiori dettagli sul Grafico Parlante.<!--\r\n<div class=\"bottomBox clearfix\" style=\"text-align: left;\">Foundation Talking Chart Only$[service__price svc_id=\"talkFound\"]<a class=\"btn saturn_color\" href=\"\/order-talking\/\">Grafico Parlante di Base Solo 32 dollariO<\/a><\/div>\r\n-->\r\n<div class=\"bottomBox clearfix\" style=\"text-align: left;\">\r\n<h2><strong>Foundation Talking Chart Only $<!--?php echo $price ?--><a class=\"btn talkFound_color\" href=\"\/order-talking\/?service_type=talkFound\">Grafico Parlante di Base Solo 32 dollariO<\/a><\/strong><\/h2>\r\n<\/div>\r\n<\/div>\r\n<div class=\"rightCol\" style=\"float: left;\"><img class=\"box_img\" style=\"height: auto;\" src=\"\/wp-content\/uploads\/2015\/10\/talking-chart-05.jpg\" alt=\"img\" \/><\/div>\r\n<\/div>\r\n<div class=\"foundation\">\r\n\r\n<b id=\"showhide\" style=\"cursor: pointer;\">Domande frequenti sui Grafici Parlanti<\/b>\r\n<div class=\"FAQ\" style=\"display: none;\">\r\n<p style=\"font-weight: bold;\">Ci sono dei prerequisiti per questa lettura?<\/p>\r\nNo. \u2013 Questo servizio \u00e8 disponibile per tutti i membri Basic, Advanced e Pro di Genetic Matrix e pu\u00f2 essere regalato ai non membri.\r\n<p style=\"font-weight: bold;\">Quando ricever\u00f2 la mia lettura?<\/p>\r\nSe il Grafico Parlante non \u00e8 un regalo, allora \u00e8 disponibile immediatamente dopo il pagamento. Se il Grafico Parlante \u00e8 un regalo, \u00e8 richiesta l'apertura di un account GM. Sono necessarie 24 ore per abilitare l\u2019email con le istruzioni del Grafico Parlante nella quale verr\u00e0 spiegato come accedere e utilizzare il proprio regalo.\r\n<p style=\"font-weight: bold;\">Le mie informazioni sono protette?<\/p>\r\nS\u00ec \u2013 Sono protette al 100%. Il Centro clienti utilizza le tecnologie Web crittografate pi\u00f9 recenti. Solo tu hai accesso al tuo account. Genetic Matrix \u00e8 il proprietario al 100% dei suoi server dedicati. Genetic Matrix non utilizza soluzioni di web hosting \"condivise\" economiche e non protette, che mettono a rischio i tuoi dati. I server Internet dedicati a Genetic Matrix fanno parte di una configurazione cloud del server di cui viene continuamente fatto il backup in tempo reale.\r\n<p style=\"font-weight: bold;\">Che cosa mostra questo Grafico Parlante nel dettaglio?<\/p>\r\nIl Tipo e l'Autorit\u00e0 Interna. Il tuo profilo. Il tuoi 9 centri di attivazione. Tutti i Canali e le forze di vita nel tuo Design. Tutti i Circuiti Energetici di famiglia nel tuo Design. Tutte le Porte, le Linee e i Pianeti nel tuo Design.<!--\r\n<p style=\"font-weight: bold;\">+ Do my employees have to know their design and be living it for me and my business to benefit from this?<\/p>\r\nNo \u2013 None of your employees need to know anything about Human Design or even that an analysis has been done. Business group auras transcend individual attributes and this means that you can create immediate bottom line impact on your business with correct group engineering of your Human Resource Capital using the logical rules of Human Design.-->\r\n\r\n<\/div>\r\n<\/div>","protected":false},"excerpt":{"rendered":"<p>$usrLvl=$_SESSION[&#8216;client_lvl&#8217;]; if($usrLvl==2){ $amount=37; }else{ $amount=32; }$price = ($usrLvl==1 || $usrLvl==5)? $services[0]-&gt;price:$amount; if(!is_user_logged_in()){ $price = 57; } ?&gt; Grafico Parlante della Fondazione Il Grafico Parlante \u00e8 un ottimo strumento per conoscere te stesso e gli altri ogni volta che ti coglie l&#8217;ispirazione. I Grafici Parlanti sono i regali ideali per la famiglia, gli amici e i&hellip; <a class=\"more-link\" href=\"https:\/\/www.gmtxdev.com\/it\/grafico-parlante-della-fondazione\/\">Continua a leggere <span class=\"screen-reader-text\">Grafico Parlante della Fondazione<\/span><\/a><\/p>\n","protected":false},"author":1,"featured_media":0,"parent":0,"menu_order":0,"comment_status":"closed","ping_status":"closed","template":"template_talkingChart.php","meta":{"footnotes":""},"class_list":["post-15252","page","type-page","status-publish","hentry","entry"],"_links":{"self":[{"href":"https:\/\/www.gmtxdev.com\/it\/wp-json\/wp\/v2\/pages\/15252","targetHints":{"allow":["GET"]}}],"collection":[{"href":"https:\/\/www.gmtxdev.com\/it\/wp-json\/wp\/v2\/pages"}],"about":[{"href":"https:\/\/www.gmtxdev.com\/it\/wp-json\/wp\/v2\/types\/page"}],"author":[{"embeddable":true,"href":"https:\/\/www.gmtxdev.com\/it\/wp-json\/wp\/v2\/users\/1"}],"replies":[{"embeddable":true,"href":"https:\/\/www.gmtxdev.com\/it\/wp-json\/wp\/v2\/comments?post=15252"}],"version-history":[{"count":0,"href":"https:\/\/www.gmtxdev.com\/it\/wp-json\/wp\/v2\/pages\/15252\/revisions"}],"wp:attachment":[{"href":"https:\/\/www.gmtxdev.com\/it\/wp-json\/wp\/v2\/media?parent=15252"}],"curies":[{"name":"wp","href":"https:\/\/api.w.org\/{rel}","templated":true}]}}