   
{"id":14418,"date":"2020-12-12T07:06:45","date_gmt":"2020-12-12T07:06:45","guid":{"rendered":"https:\/\/www.geneticmatrixtest.com\/?page_id=14418"},"modified":"2020-12-12T07:09:16","modified_gmt":"2020-12-12T07:09:16","slug":"design-humain-autorite","status":"publish","type":"page","link":"https:\/\/www.gmtxdev.com\/fr\/design-humain-autorite\/","title":{"rendered":"Design Humain - Autorit\u00e9"},"content":{"rendered":"<style>\r\n    .famous_people a{<br \/>\r\n        color:orange;<br \/>\r\n    }<br \/>\r\n    .famous_people a:hover{<br \/>\r\n        opacity:0.5<br \/>\r\n    }<br \/>\r\n<\/style>\r\n<div id=\"content\">\r\n<div class=\"test_page\">\r\n<div class=\"breadcam\"><a href=\"\/fr\/\">Accueil<\/a> \u00bb <a href=\"&lt;?php echo site_url(); ?&gt;\/fr\/centre-dinfos\/\">centre-dinfos<\/a> \u00bb Design Humain - Autorit\u00e9<\/div>\r\n<\/div>\r\n<div class=\"famous_people\">\r\n<h2>Design Humain - Autorit\u00e9 int\u00e9rieure<\/h2>\r\n\u00ab Lorsque je prends une d\u00e9cision d\u2019une importance mineure, j\u2019ai toujours trouv\u00e9 avantageux de consid\u00e9rer tous les avantages et tous les inconv\u00e9nients. Dans les questions vitales, cependant, comme le choix d\u2019un compagnon ou d\u2019une profession, la d\u00e9cision devrait venir du subconscient, de quelque part en nous-m\u00eames. Dans les d\u00e9cisions importantes de la vie personnelle, nous devrions \u00eatre gouvern\u00e9s, je pense, par les besoins int\u00e9rieurs profonds de notre nature. \u00bb - Sigmund Freud\r\n\r\n98% des personnes dans le monde ont un centre d\u2019autorit\u00e9 de prise de d\u00e9cision int\u00e9rieure sur lequel elles peuvent compter pour \u00eatre 100% correct avec elles-m\u00eames, tout le temps.\r\n\r\n1% de la population mondiale n\u2019a pas d\u2019autorit\u00e9 int\u00e9rieure explicite, mais a une autre ressource externe sur laquelle elle peut compter pour \u00eatre 100% correcte avec elle-m\u00eame, tout le temps. Ces personnes s\u2019appellent des r\u00e9flecteurs. Pour plus de d\u00e9tails, consultez la section R\u00e9flecteur.\r\n\r\n1% de la population mondiale n\u2019a pas d\u2019autorit\u00e9 int\u00e9rieure explicite et aucune autre ressource externe sur laquelle elle peut compter. Ces personnes s\u2019appellent des projecteurs mentaux. Mais les projecteurs mentaux ont une sagesse g\u00e9n\u00e9tique pour la prise de d\u00e9cision qui est tr\u00e8s d\u00e9licate et n\u00e9cessite une grande conscience, mais qui est n\u00e9anmoins exacte. Pour plus de d\u00e9tails, consultez la section Projecteur Mental.\r\n\r\nIl n\u2019y a que cinq types possibles d\u2019autorit\u00e9 int\u00e9rieure que vous pouvez avoir. Parmi ces cinq types d\u2019autorit\u00e9 int\u00e9rieure, un seul sera votre seule et unique autorit\u00e9 int\u00e9rieure. Personne n\u2019a plus d\u2019un centre d\u2019autorit\u00e9 int\u00e9rieure.\r\n\r\nIl est tr\u00e8s facile pour vous de d\u00e9couvrir votre autorit\u00e9 int\u00e9rieure juste en regardant votre carte de Design Humain.\r\n\r\nLes cinq types d\u2019autorit\u00e9 int\u00e9rieure fonctionnent selon une hi\u00e9rarchie d\u2019anciennet\u00e9.\r\n\r\nL\u2019ordre d\u2019anciennet\u00e9 de l\u2019autorit\u00e9 int\u00e9rieure est le suivant :\r\n\r\n1 - <a href=\"&lt;?php echo site_url(); ?&gt;\/human-design-solar-plexus-center\/\">Centre du Plexus Solaire.<\/a>. Si vous avez ce centre d\u00e9fini (il n\u2019est pas blanc), alors ce centre est votre autorit\u00e9 Int\u00e9rieure. Peu importe si l\u2019un des autres centres est d\u00e9fini ou ind\u00e9fini. Un Plexus Solaire d\u00e9fini r\u00e8gne sur tous les autres centres.\r\n\r\n2 - <a href=\"&lt;?php echo site_url(); ?&gt;\/human-design-sacral-center\/\">Centre sacral.<\/a>. Si vous n\u2019avez pas votre centre du Plexus solaire d\u00e9fini, mais votre centre sacral est d\u00e9fini (pas blanc), le centre sacral est votre autorit\u00e9 Int\u00e9rieure.\r\n\r\n3 - <a href=\"&lt;?php echo site_url(); ?&gt;\/human-design-splenic-center\/\">Centre spl\u00e9nique.<\/a>. Si vous n\u2019avez pas vos centres du Plexus solaire ou sacral d\u00e9finis, mais votre centre spl\u00e9nique est d\u00e9fini (pas blanc), le centre spl\u00e9nique est votre autorit\u00e9 Int\u00e9rieure.\r\n\r\n4 - <a href=\"&lt;?php echo site_url(); ?&gt;\/human-design-heart-center\/\">Centre du c\u0153ur.<\/a>. Si vous n\u2019avez pas vos centres du Plexus solaire, sacral ou spl\u00e9nique d\u00e9finis, mais que votre centre de l\u2019ego est d\u00e9fini (et non blanc) ; le centre de l\u2019ego est votre autorit\u00e9 Int\u00e9rieure.\r\n\r\n5 - <a href=\"&lt;?php echo site_url(); ?&gt;\/human-design-g-center\/\">Centre G<\/a>. Si vous n\u2019avez pas vos centres du Plexus solaire, sacral, spl\u00e9nique ou de l\u2019ego d\u00e9finis, mais que votre centre G est d\u00e9fini (et non blanc), le centre G est votre autorit\u00e9 Int\u00e9rieure.\r\n\r\n<a href=\"&lt;?php echo site_url(); ?&gt;\/human-design-reflector\/\">R\u00e9flecteurs<\/a> n\u2019ont aucune d\u00e9finition nulle part dans leurs cartes. Ainsi, les r\u00e9flecteurs n\u2019ont pas d\u2019autorit\u00e9 int\u00e9rieure. Mais ils peuvent compter sur le cycle mensuel de la Lune pour les aider \u00e0 prendre des d\u00e9cisions fiables. Consultez la section R\u00e9flecteur pour plus de d\u00e9tails.\r\n\r\nLes projecteurs mentaux ont toujours un <a href=\"&lt;?php echo site_url(); ?&gt;\/human-design-ajna-center\/\">centre Ajna<\/a> plus a <a href=\"&lt;?php echo site_url(); ?&gt;\/human-design-head-center\/\">t\u00eate d\u00e9finie<\/a> et\/ou <a href=\"&lt;?php echo site_url(); ?&gt;\/human-design-throat-center\/\">centre de la gorge.<\/a>. Tous les autres centres au-dessous de la gorge sont blancs ou ind\u00e9finis. Tout comme les r\u00e9flecteurs, les projecteurs mentaux n\u2019ont aucune autorit\u00e9 int\u00e9rieure. Les projecteurs mentaux ne sont pas non plus \u00e0 l\u2019\u00e9coute des cycles de la Lune comme les r\u00e9flecteurs. Ce sont des gens solaires comme 98% de la population mondiale. Les projecteurs mentaux ont une sagesse g\u00e9n\u00e9tique sur laquelle ils peuvent compter pour prendre des d\u00e9cisions, mais il ne fonctionne pas par l\u2019interm\u00e9diaire de l\u2019un des centres d\u2019autorit\u00e9 int\u00e9rieure. Pour plus de d\u00e9tails, consultez la section Projecteur Mental.\r\n\r\n<\/div>\r\n<\/div>\r\n<div class=\"clear\"><\/div>","protected":false},"excerpt":{"rendered":"<p>Accueil \u00bb centre-dinfos \u00bb Design Humain &#8211; Autorit\u00e9 Design Humain &#8211; Autorit\u00e9 int\u00e9rieure \u00ab Lorsque je prends une d\u00e9cision d\u2019une importance mineure, j\u2019ai toujours trouv\u00e9 avantageux de consid\u00e9rer tous les avantages et tous les inconv\u00e9nients. Dans les questions vitales, cependant, comme le choix d\u2019un compagnon ou d\u2019une profession, la d\u00e9cision devrait venir du subconscient, de&hellip; <a class=\"more-link\" href=\"https:\/\/www.gmtxdev.com\/fr\/design-humain-autorite\/\">Poursuivre la lecture de <span class=\"screen-reader-text\">Design Humain &#8211; Autorit\u00e9<\/span><\/a><\/p>\n","protected":false},"author":1,"featured_media":0,"parent":0,"menu_order":0,"comment_status":"closed","ping_status":"closed","template":"","meta":{"footnotes":""},"class_list":["post-14418","page","type-page","status-publish","hentry","entry"],"_links":{"self":[{"href":"https:\/\/www.gmtxdev.com\/fr\/wp-json\/wp\/v2\/pages\/14418","targetHints":{"allow":["GET"]}}],"collection":[{"href":"https:\/\/www.gmtxdev.com\/fr\/wp-json\/wp\/v2\/pages"}],"about":[{"href":"https:\/\/www.gmtxdev.com\/fr\/wp-json\/wp\/v2\/types\/page"}],"author":[{"embeddable":true,"href":"https:\/\/www.gmtxdev.com\/fr\/wp-json\/wp\/v2\/users\/1"}],"replies":[{"embeddable":true,"href":"https:\/\/www.gmtxdev.com\/fr\/wp-json\/wp\/v2\/comments?post=14418"}],"version-history":[{"count":0,"href":"https:\/\/www.gmtxdev.com\/fr\/wp-json\/wp\/v2\/pages\/14418\/revisions"}],"wp:attachment":[{"href":"https:\/\/www.gmtxdev.com\/fr\/wp-json\/wp\/v2\/media?parent=14418"}],"curies":[{"name":"wp","href":"https:\/\/api.w.org\/{rel}","templated":true}]}}