   
{"id":14415,"date":"2020-12-12T06:47:42","date_gmt":"2020-12-12T06:47:42","guid":{"rendered":"https:\/\/www.geneticmatrixtest.com\/?page_id=14415"},"modified":"2020-12-12T06:47:42","modified_gmt":"2020-12-12T06:47:42","slug":"strategie","status":"publish","type":"page","link":"https:\/\/www.gmtxdev.com\/fr\/strategie\/","title":{"rendered":"STRAT\u00c9GIE"},"content":{"rendered":"<div id=\"content\">\r\n<div class=\"test_page\">\r\n<div class=\"breadcam\"><a href=\"\/fr\/\">Accueil<\/a> \u00bb <a href=\"&lt;?php echo site_url(); ?&gt;\/fr\/centre-dinfos\/\">centre-dinfos<\/a> \u00bb STRAT\u00c9GIE<\/div>\r\n<\/div>\r\n<div class=\"famous_people\">\r\n<h2>STRAT\u00c9GIE DE TYPE<\/h2>\r\nNous avons tous des designs g\u00e9n\u00e9tiques absolument uniques. Mais, tout comme les \u00eatres humains ont \u00e9volu\u00e9 vers quatre groupes sanguins distincts, \u00e0 un niveau \u00e9lev\u00e9 tous les \u00eatres humains peuvent \u00e9galement \u00eatre class\u00e9s en quatre cat\u00e9gories distinctes. Ces quatre cat\u00e9gories de haut niveau sont appel\u00e9es les types. Chaque grand type d\u2019\u00eatre humain a une strat\u00e9gie unique et logique qui, si elle est utilis\u00e9e, \u00e9liminera imm\u00e9diatement la r\u00e9sistance de votre vie. Il existe des strat\u00e9gies uniques qui s\u2019appliquent aux diff\u00e9rents types d\u2019\u00eatres humains.\r\n<div class=\"left mar_rig\">\r\n<h3>Strat\u00e9gie du g\u00e9n\u00e9rateur<\/h3>\r\n&nbsp;\r\n<div class=\"famous_people_outer\">\r\n<div class=\"famous_people_padd\"><img src=\"http:\/\/www.geneticmatrixtest.com\/wp-content\/themes\/twentyten\/images\/famous_peaple_name.png\" alt=\"img\" width=\"250\" height=\"152\" border=\"0\" \/><\/div>\r\n<\/div>\r\n<\/div>\r\n<div class=\"left mar_rig\">\r\n<h3>Strat\u00e9gie du manifesteur-g\u00e9n\u00e9rateur<\/h3>\r\n&nbsp;\r\n<div class=\"famous_people_outer\">\r\n<div class=\"famous_people_padd\"><img src=\"http:\/\/www.geneticmatrixtest.com\/wp-content\/themes\/twentyten\/images\/famous_peaple_profile.png\" alt=\"img\" width=\"250\" height=\"152\" border=\"0\" \/><\/div>\r\n<\/div>\r\n<\/div>\r\n<div class=\"left\">\r\n<h3>Strat\u00e9gie du manifesteur<\/h3>\r\n&nbsp;\r\n<div class=\"famous_people_outer\">\r\n<div class=\"famous_people_padd\"><img src=\"http:\/\/www.geneticmatrixtest.com\/wp-content\/themes\/twentyten\/images\/famous_peaple_type.png\" alt=\"img\" width=\"250\" height=\"152\" border=\"0\" \/><\/div>\r\n<\/div>\r\n<\/div>\r\n<div class=\"clear\"><\/div>\r\n<div class=\"left mar_rig\">\r\n<h3>Strat\u00e9gie du projecteur<\/h3>\r\n&nbsp;\r\n<div class=\"famous_people_outer\">\r\n<div class=\"famous_people_padd\"><img src=\"http:\/\/www.geneticmatrixtest.com\/wp-content\/themes\/twentyten\/images\/famous_peaple_type.png\" alt=\"img\" width=\"250\" height=\"152\" border=\"0\" \/><\/div>\r\n<\/div>\r\n<\/div>\r\n<div class=\"left mar_rig\">\r\n<h3>Strat\u00e9gie de r\u00e9flecteur<\/h3>\r\n&nbsp;\r\n<div class=\"famous_people_outer\">\r\n<div class=\"famous_people_padd\"><img src=\"http:\/\/www.geneticmatrixtest.com\/wp-content\/themes\/twentyten\/images\/famous_peaple_type.png\" alt=\"img\" width=\"250\" height=\"152\" border=\"0\" \/><\/div>\r\n<\/div>\r\n<\/div>\r\n<div class=\"clear\"><\/div>\r\n<\/div>\r\n<\/div>","protected":false},"excerpt":{"rendered":"<p>Accueil \u00bb centre-dinfos \u00bb STRAT\u00c9GIE STRAT\u00c9GIE DE TYPE Nous avons tous des designs g\u00e9n\u00e9tiques absolument uniques. Mais, tout comme les \u00eatres humains ont \u00e9volu\u00e9 vers quatre groupes sanguins distincts, \u00e0 un niveau \u00e9lev\u00e9 tous les \u00eatres humains peuvent \u00e9galement \u00eatre class\u00e9s en quatre cat\u00e9gories distinctes. Ces quatre cat\u00e9gories de haut niveau sont appel\u00e9es les types.&hellip; <a class=\"more-link\" href=\"https:\/\/www.gmtxdev.com\/fr\/strategie\/\">Poursuivre la lecture de <span class=\"screen-reader-text\">STRAT\u00c9GIE<\/span><\/a><\/p>\n","protected":false},"author":1,"featured_media":0,"parent":0,"menu_order":0,"comment_status":"closed","ping_status":"closed","template":"","meta":{"footnotes":""},"class_list":["post-14415","page","type-page","status-publish","hentry","entry"],"_links":{"self":[{"href":"https:\/\/www.gmtxdev.com\/fr\/wp-json\/wp\/v2\/pages\/14415","targetHints":{"allow":["GET"]}}],"collection":[{"href":"https:\/\/www.gmtxdev.com\/fr\/wp-json\/wp\/v2\/pages"}],"about":[{"href":"https:\/\/www.gmtxdev.com\/fr\/wp-json\/wp\/v2\/types\/page"}],"author":[{"embeddable":true,"href":"https:\/\/www.gmtxdev.com\/fr\/wp-json\/wp\/v2\/users\/1"}],"replies":[{"embeddable":true,"href":"https:\/\/www.gmtxdev.com\/fr\/wp-json\/wp\/v2\/comments?post=14415"}],"version-history":[{"count":0,"href":"https:\/\/www.gmtxdev.com\/fr\/wp-json\/wp\/v2\/pages\/14415\/revisions"}],"wp:attachment":[{"href":"https:\/\/www.gmtxdev.com\/fr\/wp-json\/wp\/v2\/media?parent=14415"}],"curies":[{"name":"wp","href":"https:\/\/api.w.org\/{rel}","templated":true}]}}