   
{"id":14412,"date":"2020-12-12T06:31:17","date_gmt":"2020-12-12T06:31:17","guid":{"rendered":"https:\/\/www.geneticmatrixtest.com\/?page_id=14412"},"modified":"2020-12-12T11:39:58","modified_gmt":"2020-12-12T11:39:58","slug":"croix-dincarnation","status":"publish","type":"page","link":"https:\/\/www.gmtxdev.com\/fr\/croix-dincarnation\/","title":{"rendered":"Croix d'Incarnation"},"content":{"rendered":"<div id=\"content\">\r\n<div class=\"test_page\">\r\n<div class=\"breadcam\"><a href=\"\/fr\/\">Accueil<\/a> \u00bb <a href=\"\/fr\/centre-dinfos\/\">centre-dinfos<\/a> \u00bb Design humain - Croix d'Incarnation<\/div>\r\n<\/div>\r\n<div class=\"l_content left mar_top\">\r\n<div class=\"services\">\r\n<h3><strong>Design humain - Croix d'Incarnation<\/strong><\/h3>\r\nNous sommes tous n\u00e9s ou \u00ab incarn\u00e9s \u00bb avec un th\u00e8me de croix d'incarnation pour notre vie.\r\n\r\nCe th\u00e8me repr\u00e9sente votre direction de vie ou votre but de vie SI vous suivez votr <a href=\"\/fr\/strategie\/\">strat\u00e9gie<\/a>et votre <a href=\"\/fr\/design-humain-autorite\/\">autorit\u00e9 interne.<\/a> correctemen\r\n<ul>\r\n \t<li style=\"list-style-type: none;\">\r\n<ul>\r\n \t<li>Il existe 768 variations de croix d'incarnation de base en Design humain.<\/li>\r\n \t<li>448 sont des croix \u00e0 angle droit - Destin personnel.<\/li>\r\n \t<li>256 sont des croix \u00e0 angle gauche - Destin transpersonnel.<\/li>\r\n \t<li>64 sont des croix de juxtaposition - Destin fixe.<\/li>\r\n \t<li>Les 768 croix d'incarnation de base ont re\u00e7u 112 noms th\u00e9matiques.<\/li>\r\n \t<li>C'est ce nom th\u00e9matique qui appara\u00eet sur votre sch\u00e9ma corporel de Deign humain.<\/li>\r\n<\/ul>\r\n<\/li>\r\n<\/ul>\r\n<h3>Voir la liste compl\u00e8te des <a href=\"\/fr\/design-humain-noms-des-croix-dincarnation-les-croix-de-langle-droit\/\">noms de croix d'incarnation \u00e0 angle droit.<\/a>.<\/h3>\r\nLes 448 croix d'incarnation \u00e0 angle droit ont 16 noms th\u00e9matiques. Chaque nom th\u00e9matique \u00e0 angle droit appara\u00eet une fois dans chacun des quatre quartiers de la roue du design humain. Ainsi, chaque nom th\u00e9matique appara\u00eet quatre fois au total. Par exemple, le nom \u00ab Croix \u00e0 angle droit des quatre voies \u00bb appara\u00eet quatre fois, c\u2019est-\u00e0-dire une fois par trimestre.\r\n<h3>Voir la liste compl\u00e8te des <a href=\"\/fr\/design-humain-noms-des-croix-dincarnation-les-croix-de-langle-gauche\/\">noms de croix d'incarnation \u00e0 angle gauche.<\/a>.<\/h3>\r\nLes 256 croix d'incarnation \u00e0 angle gauche ont 32 noms th\u00e9matiques. Chaque nom appara\u00eet une fois dans deux quartiers distincts. Par exemple, le nom \u00ab Croix de masques \u00e0 angle gauche \u00bb appara\u00eet deux fois dans les quatre trimestres.\r\n<h3>Voir la liste compl\u00e8te des <a href=\"\/fr\/design-humain-noms-des-croix-dincarnation-les-croix-de-juxtaposition\/\">noms de croix d'incarnation de juxtaposition.<\/a>.<\/h3>\r\nLes 64 croix d'incarnation de juxtaposition ont 64 noms th\u00e9matiques. Chaque nom n'appara\u00eet qu'une seule fois dans un trimestre sp\u00e9cifique. Par exemple, le nom \u00ab Croix de juxtaposition des destins \u00bb n'appara\u00eet qu'une seule fois dans les quatre quartiers.\r\n<strong>Un autre niveau -<\/strong> Au niveau le plus profond de la connaissance du design humain, ces 768 croix d'incarnation de base deviennent un total de 69 120 croix d'incarnation possibles. Celles-ci concernent les portails, les lignes, les couleurs, les tons et les bases sp\u00e9cifiques dans lesquels vous \u00eates n\u00e9. Il est hors de la port\u00e9e de ce site Web de vous amener \u00e0 ce niveau de d\u00e9tail.\r\n\r\nToutefois, il suffit de dire que si vous recevez la description correcte de votre Croix d'Incarnation dans les 768 variations de base, il vous suffira de comprendre la direction et la nature de votre objectif de vie.\r\n<h3>Comment trouver mon quartier de Croix d\u2019Incarnation?<\/h3>\r\n<a href=\"\/fr\/design-humain-tableau-de-liicarnation-du-soleil\/\">D\u00e9couvrez comment ici<\/a>\r\n\r\n<\/div>\r\n<div class=\"clear\"><\/div>\r\n<\/div>\r\n<div class=\"r_content right mar_top\"><\/div>\r\n<div class=\"clear\"><\/div>\r\n<\/div>","protected":false},"excerpt":{"rendered":"<p>Accueil \u00bb centre-dinfos \u00bb Design humain &#8211; Croix d&rsquo;Incarnation Design humain &#8211; Croix d&rsquo;Incarnation Nous sommes tous n\u00e9s ou \u00ab incarn\u00e9s \u00bb avec un th\u00e8me de croix d&rsquo;incarnation pour notre vie. Ce th\u00e8me repr\u00e9sente votre direction de vie ou votre but de vie SI vous suivez votr strat\u00e9gieet votre autorit\u00e9 interne. correctemen Il existe 768&hellip; <a class=\"more-link\" href=\"https:\/\/www.gmtxdev.com\/fr\/croix-dincarnation\/\">Poursuivre la lecture de <span class=\"screen-reader-text\">Croix d&rsquo;Incarnation<\/span><\/a><\/p>\n","protected":false},"author":1,"featured_media":0,"parent":0,"menu_order":0,"comment_status":"closed","ping_status":"closed","template":"","meta":{"footnotes":""},"class_list":["post-14412","page","type-page","status-publish","hentry","entry"],"_links":{"self":[{"href":"https:\/\/www.gmtxdev.com\/fr\/wp-json\/wp\/v2\/pages\/14412","targetHints":{"allow":["GET"]}}],"collection":[{"href":"https:\/\/www.gmtxdev.com\/fr\/wp-json\/wp\/v2\/pages"}],"about":[{"href":"https:\/\/www.gmtxdev.com\/fr\/wp-json\/wp\/v2\/types\/page"}],"author":[{"embeddable":true,"href":"https:\/\/www.gmtxdev.com\/fr\/wp-json\/wp\/v2\/users\/1"}],"replies":[{"embeddable":true,"href":"https:\/\/www.gmtxdev.com\/fr\/wp-json\/wp\/v2\/comments?post=14412"}],"version-history":[{"count":0,"href":"https:\/\/www.gmtxdev.com\/fr\/wp-json\/wp\/v2\/pages\/14412\/revisions"}],"wp:attachment":[{"href":"https:\/\/www.gmtxdev.com\/fr\/wp-json\/wp\/v2\/media?parent=14412"}],"curies":[{"name":"wp","href":"https:\/\/api.w.org\/{rel}","templated":true}]}}