   
{"id":14396,"date":"2020-12-10T13:45:29","date_gmt":"2020-12-10T13:45:29","guid":{"rendered":"https:\/\/www.geneticmatrixtest.com\/?page_id=14396"},"modified":"2020-12-10T13:45:29","modified_gmt":"2020-12-10T13:45:29","slug":"conception-humaine-profil-6-2","status":"publish","type":"page","link":"https:\/\/www.gmtxdev.com\/fr\/conception-humaine-profil-6-2\/","title":{"rendered":"Conception humaine Profil 6\/2"},"content":{"rendered":"<div id=\"content\">\r\n<div class=\"breadcam\"><a href=\"\/fr\/\">Accueil<\/a> \u00bb <a href=\"\/fr\/centre-dinfos\/\">centre-dinfos<\/a> \u00bb <a href=\"\/fr\/conception-humaine-les-12-profils\/\">12 profils <\/a> \u00bb Profil 6\/2<\/div>\r\n<div class=\"l_content left mar_top\">\r\n<div class=\"services\">\r\n<h2>Les Profil 6\/2<\/h2>\r\n<ul>\r\n \t<li>Le profil 6\/2 repr\u00e9sente 14,55 % de la population<\/li>\r\n \t<li>Voici quelques-uns des mots li\u00e9s au profil 6\/2 :<\/li>\r\n<\/ul>\r\n<h3>Personnalit\u00e9 consciente<\/h3>\r\n<table class=\"personality\" border=\"1\" width=\"650\" cellspacing=\"0\" cellpadding=\"0\">\r\n<tbody>\r\n<tr>\r\n<td>Mod\u00e8le<\/td>\r\n<td>Administrateur<\/td>\r\n<td>Pessimiste\/optimiste<\/td>\r\n<\/tr>\r\n<tr>\r\n<td>Objectif<\/td>\r\n<td>\u00c2me s\u0153ur ou pas<\/td>\r\n<td>Confiance ou pas<\/td>\r\n<\/tr>\r\n<tr>\r\n<td>L\u2019autorit\u00e9<\/td>\r\n<td>D\u00e9tach\u00e9<\/td>\r\n<td>Distant<\/td>\r\n<\/tr>\r\n<tr>\r\n<td>Espoir<\/td>\r\n<td>Transition<\/td>\r\n<td>Observateur\/observ\u00e9<\/td>\r\n<\/tr>\r\n<\/tbody>\r\n<\/table>\r\n<h3>Design inconscient<\/h3>\r\n<table class=\"personality\" border=\"1\" width=\"650\" cellspacing=\"0\" cellpadding=\"0\">\r\n<tbody>\r\n<tr>\r\n<td>Ermite<\/td>\r\n<td>D\u00e9mocratique<\/td>\r\n<td>Bigot<\/td>\r\n<\/tr>\r\n<tr>\r\n<td>Harmonie<\/td>\r\n<td>Nourrisseur\/Epuisant<\/td>\r\n<td>Talent naturel<\/td>\r\n<\/tr>\r\n<tr>\r\n<td>Projet\u00e9 sur le vu<\/td>\r\n<td>Dans le d\u00e9ni<\/td>\r\n<td>L\u2019appel<\/td>\r\n<\/tr>\r\n<tr>\r\n<td>Sensible\/r\u00e9actif<\/td>\r\n<td>Projection vers l\u2019ext\u00e9rieur<\/td>\r\n<td>Timidit\u00e9\/audace<\/td>\r\n<\/tr>\r\n<\/tbody>\r\n<\/table>\r\n<h3><a href=\"\/human-design-people-by-profile-6-2.html\">Autres personnes ayant un profil 6\/2<\/a><\/h3>\r\n<div class=\"personality_img\">\r\n<ul>\r\n \t<li><img src=\"https:\/\/www.geneticmatrix.com\/wp-content\/themes\/twentyten\/images\/people\/Banderas Antonio - Picture.jpg\" alt=\"img\" width=\"115\" height=\"157\" \/><\/li>\r\n \t<li><img src=\"https:\/\/www.geneticmatrix.com\/wp-content\/themes\/twentyten\/images\/people\/Hendrix Jimi P.jpg\" alt=\"img\" width=\"115\" height=\"157\" \/><\/li>\r\n \t<li><img src=\"https:\/\/www.geneticmatrix.com\/wp-content\/themes\/twentyten\/images\/people\/Monroe Marilyn P.jpg\" alt=\"img\" width=\"115\" height=\"157\" \/><\/li>\r\n \t<li><img src=\"https:\/\/www.geneticmatrix.com\/wp-content\/themes\/twentyten\/images\/people\/John Elton P.jpg\" alt=\"img\" width=\"115\" height=\"157\" \/><\/li>\r\n \t<li><img src=\"https:\/\/www.geneticmatrix.com\/wp-content\/themes\/twentyten\/images\/people\/Dickens Charles - Picture.jpg\" alt=\"img\" width=\"115\" height=\"157\" \/><\/li>\r\n \t<li><img src=\"https:\/\/www.geneticmatrix.com\/wp-content\/themes\/twentyten\/images\/people\/Hepburn Audrey P.jpg\" alt=\"img\" width=\"115\" height=\"157\" \/><\/li>\r\n<\/ul>\r\n<\/div>\r\n<\/div>\r\n<\/div>\r\n<div class=\"r_content right mar_top\"><\/div>\r\n<div class=\"clear\"><\/div>\r\n<\/div>","protected":false},"excerpt":{"rendered":"<p>Accueil \u00bb centre-dinfos \u00bb 12 profils \u00bb Profil 6\/2 Les Profil 6\/2 Le profil 6\/2 repr\u00e9sente 14,55 % de la population Voici quelques-uns des mots li\u00e9s au profil 6\/2 : Personnalit\u00e9 consciente Mod\u00e8le Administrateur Pessimiste\/optimiste Objectif \u00c2me s\u0153ur ou pas Confiance ou pas L\u2019autorit\u00e9 D\u00e9tach\u00e9 Distant Espoir Transition Observateur\/observ\u00e9 Design inconscient Ermite D\u00e9mocratique Bigot Harmonie&hellip; <a class=\"more-link\" href=\"https:\/\/www.gmtxdev.com\/fr\/conception-humaine-profil-6-2\/\">Poursuivre la lecture de <span class=\"screen-reader-text\">Conception humaine Profil 6\/2<\/span><\/a><\/p>\n","protected":false},"author":1,"featured_media":0,"parent":0,"menu_order":0,"comment_status":"closed","ping_status":"closed","template":"","meta":{"footnotes":""},"class_list":["post-14396","page","type-page","status-publish","hentry","entry"],"_links":{"self":[{"href":"https:\/\/www.gmtxdev.com\/fr\/wp-json\/wp\/v2\/pages\/14396","targetHints":{"allow":["GET"]}}],"collection":[{"href":"https:\/\/www.gmtxdev.com\/fr\/wp-json\/wp\/v2\/pages"}],"about":[{"href":"https:\/\/www.gmtxdev.com\/fr\/wp-json\/wp\/v2\/types\/page"}],"author":[{"embeddable":true,"href":"https:\/\/www.gmtxdev.com\/fr\/wp-json\/wp\/v2\/users\/1"}],"replies":[{"embeddable":true,"href":"https:\/\/www.gmtxdev.com\/fr\/wp-json\/wp\/v2\/comments?post=14396"}],"version-history":[{"count":0,"href":"https:\/\/www.gmtxdev.com\/fr\/wp-json\/wp\/v2\/pages\/14396\/revisions"}],"wp:attachment":[{"href":"https:\/\/www.gmtxdev.com\/fr\/wp-json\/wp\/v2\/media?parent=14396"}],"curies":[{"name":"wp","href":"https:\/\/api.w.org\/{rel}","templated":true}]}}