   
{"id":14394,"date":"2020-12-10T13:30:29","date_gmt":"2020-12-10T13:30:29","guid":{"rendered":"https:\/\/www.geneticmatrixtest.com\/?page_id=14394"},"modified":"2020-12-10T13:30:29","modified_gmt":"2020-12-10T13:30:29","slug":"conception-humaine-profil-5-2","status":"publish","type":"page","link":"https:\/\/www.gmtxdev.com\/fr\/conception-humaine-profil-5-2\/","title":{"rendered":"Conception humaine Profil 5\/2"},"content":{"rendered":"<div id=\"content\">\r\n<div class=\"breadcam\"><a href=\"\/fr\/\">Accueil<\/a> \u00bb <a href=\"\/fr\/centre-dinfos\/\">centre-dinfos<\/a> \u00bb <a href=\"\/fr\/conception-humaine-les-12-profils\/\">12 profils <\/a> \u00bb Profil 5\/2<\/div>\r\n<div class=\"l_content left mar_top\">\r\n<div class=\"services\">\r\n<h2>Les Profil 5\/2<\/h2>\r\n<ul>\r\n \t<li>Le profil 5\/2 repr\u00e9sente 2,24 % de la population<\/li>\r\n \t<li>Voici quelques-uns des mots li\u00e9s au profil 5\/2 :<\/li>\r\n<\/ul>\r\n<h3>Personnalit\u00e9 consciente<\/h3>\r\n<table class=\"personality\" border=\"1\" width=\"650\" cellspacing=\"0\" cellpadding=\"0\">\r\n<tbody>\r\n<tr>\r\n<td>Universalisation<\/td>\r\n<td>H\u00e9r\u00e9tique<\/td>\r\n<td>Le g\u00e9n\u00e9ral<\/td>\r\n<\/tr>\r\n<tr>\r\n<td>Sauveur<\/td>\r\n<td>Attrayant<\/td>\r\n<td>Le ma\u00eetre<\/td>\r\n<\/tr>\r\n<tr>\r\n<td>Projet\u00e9 sur l\u2019invisible<\/td>\r\n<td>Attentes<\/td>\r\n<td>L\u2019arrangeur<\/td>\r\n<\/tr>\r\n<tr>\r\n<td>Le Saint<\/td>\r\n<td>Distributeur\/accapareur<\/td>\r\n<td>S\u00e9ducteur\/s\u00e9duit<\/td>\r\n<\/tr>\r\n<\/tbody>\r\n<\/table>\r\n<h3>Design inconscient<\/h3>\r\n<table class=\"personality\" border=\"1\" width=\"650\" cellspacing=\"0\" cellpadding=\"0\">\r\n<tbody>\r\n<tr>\r\n<td>Ermite<\/td>\r\n<td>D\u00e9mocratique<\/td>\r\n<td>Bigot<\/td>\r\n<\/tr>\r\n<tr>\r\n<td>Harmonie<\/td>\r\n<td>Nourrisseur\/Epuisant<\/td>\r\n<td>Talent naturel<\/td>\r\n<\/tr>\r\n<tr>\r\n<td>Projet\u00e9 sur le vu<\/td>\r\n<td>Dans le d\u00e9ni<\/td>\r\n<td>L\u2019appel<\/td>\r\n<\/tr>\r\n<tr>\r\n<td>Sensible\/r\u00e9actif<\/td>\r\n<td>Projection vers l\u2019ext\u00e9rieur<\/td>\r\n<td>Timidit\u00e9\/audace<\/td>\r\n<\/tr>\r\n<\/tbody>\r\n<\/table>\r\n<h3><a href=\"\/human-design-people-by-profile-5-2.html\">Autres personnes ayant un profil 5\/2<\/a><\/h3>\r\n<div class=\"personality_img\">\r\n<ul>\r\n \t<li><img src=\"https:\/\/www.geneticmatrix.com\/wp-content\/themes\/twentyten\/images\/people\/Brando Marlon - Picture.JPG\" alt=\"img\" width=\"115\" height=\"157\" \/><\/li>\r\n \t<li><img src=\"https:\/\/www.geneticmatrix.com\/wp-content\/themes\/twentyten\/images\/people\/Jones Tom - Picture.jpg\" alt=\"img\" width=\"115\" height=\"157\" \/><\/li>\r\n \t<li><img src=\"https:\/\/www.geneticmatrix.com\/wp-content\/themes\/twentyten\/images\/people\/Kudrow Lisa P.jpg\" alt=\"img\" width=\"115\" height=\"157\" \/><\/li>\r\n \t<li><img src=\"https:\/\/www.geneticmatrix.com\/wp-content\/themes\/twentyten\/images\/people\/De Niro Robert P.jpg\" alt=\"img\" width=\"115\" height=\"157\" \/><\/li>\r\n \t<li><img src=\"https:\/\/www.geneticmatrix.com\/wp-content\/themes\/twentyten\/images\/people\/Grant Ulysees. S - Picture.jpg\" alt=\"img\" width=\"115\" height=\"157\" \/><\/li>\r\n \t<li><img src=\"https:\/\/www.geneticmatrix.com\/wp-content\/themes\/twentyten\/images\/people\/Hackett Joan - P.jpg\" alt=\"img\" width=\"115\" height=\"157\" \/><\/li>\r\n<\/ul>\r\n<\/div>\r\n<\/div>\r\n<\/div>\r\n<div class=\"r_content right mar_top\"><\/div>\r\n<div class=\"clear\"><\/div>\r\n<\/div>","protected":false},"excerpt":{"rendered":"<p>Accueil \u00bb centre-dinfos \u00bb 12 profils \u00bb Profil 5\/2 Les Profil 5\/2 Le profil 5\/2 repr\u00e9sente 2,24 % de la population Voici quelques-uns des mots li\u00e9s au profil 5\/2 : Personnalit\u00e9 consciente Universalisation H\u00e9r\u00e9tique Le g\u00e9n\u00e9ral Sauveur Attrayant Le ma\u00eetre Projet\u00e9 sur l\u2019invisible Attentes L\u2019arrangeur Le Saint Distributeur\/accapareur S\u00e9ducteur\/s\u00e9duit Design inconscient Ermite D\u00e9mocratique Bigot Harmonie&hellip; <a class=\"more-link\" href=\"https:\/\/www.gmtxdev.com\/fr\/conception-humaine-profil-5-2\/\">Poursuivre la lecture de <span class=\"screen-reader-text\">Conception humaine Profil 5\/2<\/span><\/a><\/p>\n","protected":false},"author":1,"featured_media":0,"parent":0,"menu_order":0,"comment_status":"closed","ping_status":"closed","template":"","meta":{"footnotes":""},"class_list":["post-14394","page","type-page","status-publish","hentry","entry"],"_links":{"self":[{"href":"https:\/\/www.gmtxdev.com\/fr\/wp-json\/wp\/v2\/pages\/14394","targetHints":{"allow":["GET"]}}],"collection":[{"href":"https:\/\/www.gmtxdev.com\/fr\/wp-json\/wp\/v2\/pages"}],"about":[{"href":"https:\/\/www.gmtxdev.com\/fr\/wp-json\/wp\/v2\/types\/page"}],"author":[{"embeddable":true,"href":"https:\/\/www.gmtxdev.com\/fr\/wp-json\/wp\/v2\/users\/1"}],"replies":[{"embeddable":true,"href":"https:\/\/www.gmtxdev.com\/fr\/wp-json\/wp\/v2\/comments?post=14394"}],"version-history":[{"count":0,"href":"https:\/\/www.gmtxdev.com\/fr\/wp-json\/wp\/v2\/pages\/14394\/revisions"}],"wp:attachment":[{"href":"https:\/\/www.gmtxdev.com\/fr\/wp-json\/wp\/v2\/media?parent=14394"}],"curies":[{"name":"wp","href":"https:\/\/api.w.org\/{rel}","templated":true}]}}