   
{"id":14391,"date":"2020-12-10T13:20:01","date_gmt":"2020-12-10T13:20:01","guid":{"rendered":"https:\/\/www.geneticmatrixtest.com\/?page_id=14391"},"modified":"2020-12-10T13:20:01","modified_gmt":"2020-12-10T13:20:01","slug":"conception-humaine-profil-5-1","status":"publish","type":"page","link":"https:\/\/www.gmtxdev.com\/fr\/conception-humaine-profil-5-1\/","title":{"rendered":"Conception humaine Profil 5\/1"},"content":{"rendered":"<div id=\"content\">\r\n<div class=\"breadcam\"><a href=\"\/fr\/\">Accueil<\/a> \u00bb <a href=\"\/fr\/centre-dinfos\/\">centre-dinfos<\/a> \u00bb <a href=\"\/fr\/conception-humaine-les-12-profils\/\">12 profils <\/a> \u00bb Profil 5\/1<\/div>\r\n<div class=\"l_content left mar_top\">\r\n<div class=\"services\">\r\n<h2>Les Profil 5\/1<\/h2>\r\n<ul>\r\n \t<li>Le profil 5\/1 repr\u00e9sente 14,40 % de la population<\/li>\r\n \t<li>Voici quelques-uns des mots li\u00e9s au profil 5\/1 :<\/li>\r\n<\/ul>\r\n<h3>Personnalit\u00e9 consciente<\/h3>\r\n<table class=\"personality\" border=\"1\" width=\"650\" cellspacing=\"0\" cellpadding=\"0\">\r\n<tbody>\r\n<tr>\r\n<td>Universalisation<\/td>\r\n<td>H\u00e9r\u00e9tique<\/td>\r\n<td>Le g\u00e9n\u00e9ral<\/td>\r\n<\/tr>\r\n<tr>\r\n<td>Sauveur<\/td>\r\n<td>Attrayant<\/td>\r\n<td>Le ma\u00eetre<\/td>\r\n<\/tr>\r\n<tr>\r\n<td>Projet\u00e9 sur l\u2019invisible<\/td>\r\n<td>Attentes<\/td>\r\n<td>L\u2019arrangeur<\/td>\r\n<\/tr>\r\n<tr>\r\n<td>Le Saint<\/td>\r\n<td>Distributeur\/accapareur<\/td>\r\n<td>S\u00e9ducteur\/s\u00e9duit<\/td>\r\n<\/tr>\r\n<\/tbody>\r\n<\/table>\r\n<h3>Design inconscient<\/h3>\r\n<table class=\"personality\" border=\"1\" width=\"650\" cellspacing=\"0\" cellpadding=\"0\">\r\n<tbody>\r\n<tr>\r\n<td>Chercheur<\/td>\r\n<td>Autoritaire<\/td>\r\n<td>Introspection<\/td>\r\n<\/tr>\r\n<tr>\r\n<td>Subjective<\/td>\r\n<td>Ins\u00e9curit\u00e9<\/td>\r\n<td>Fondamental<\/td>\r\n<\/tr>\r\n<tr>\r\n<td>Sp\u00e9cialisation<\/td>\r\n<td>Empathie<\/td>\r\n<td>\u00c9tude\/analyse<\/td>\r\n<\/tr>\r\n<tr>\r\n<td>Pure cr\u00e9ativit\u00e9<\/td>\r\n<td>\u00c9gocentrisme<\/td>\r\n<td>Poursuivant\/Poursuivi<\/td>\r\n<\/tr>\r\n<\/tbody>\r\n<\/table>\r\n<h3><a href=\"\/human-design-people-by-profile-5-1.html\">Autres personnes ayant un profil 5\/1<\/a><\/h3>\r\n<div class=\"personality_img\">\r\n<ul>\r\n \t<li><img src=\"https:\/\/www.geneticmatrix.com\/wp-content\/themes\/twentyten\/images\/people\/Law Jude - Picture.jpg\" alt=\"img\" width=\"115\" height=\"157\" \/><\/li>\r\n \t<li><img src=\"https:\/\/www.geneticmatrix.com\/wp-content\/themes\/twentyten\/images\/people\/Madonna - Picture.jpg\" alt=\"img\" width=\"115\" height=\"157\" \/><\/li>\r\n \t<li><img src=\"https:\/\/www.geneticmatrix.com\/wp-content\/themes\/twentyten\/images\/people\/King Martin Luther - Picture.jpg\" alt=\"img\" width=\"115\" height=\"157\" \/><\/li>\r\n \t<li><img src=\"https:\/\/www.geneticmatrix.com\/wp-content\/themes\/twentyten\/images\/people\/Timberlake Justin P.jpg\" alt=\"img\" width=\"115\" height=\"157\" \/><\/li>\r\n \t<li><img src=\"https:\/\/www.geneticmatrix.com\/wp-content\/themes\/twentyten\/images\/people\/Bonaparte Napoleon - Picture.JPG\" alt=\"img\" width=\"115\" height=\"157\" \/><\/li>\r\n<\/ul>\r\n<\/div>\r\n<\/div>\r\n<\/div>\r\n<div class=\"clear\"><\/div>\r\n<\/div>","protected":false},"excerpt":{"rendered":"<p>Accueil \u00bb centre-dinfos \u00bb 12 profils \u00bb Profil 5\/1 Les Profil 5\/1 Le profil 5\/1 repr\u00e9sente 14,40 % de la population Voici quelques-uns des mots li\u00e9s au profil 5\/1 : Personnalit\u00e9 consciente Universalisation H\u00e9r\u00e9tique Le g\u00e9n\u00e9ral Sauveur Attrayant Le ma\u00eetre Projet\u00e9 sur l\u2019invisible Attentes L\u2019arrangeur Le Saint Distributeur\/accapareur S\u00e9ducteur\/s\u00e9duit Design inconscient Chercheur Autoritaire Introspection Subjective&hellip; <a class=\"more-link\" href=\"https:\/\/www.gmtxdev.com\/fr\/conception-humaine-profil-5-1\/\">Poursuivre la lecture de <span class=\"screen-reader-text\">Conception humaine Profil 5\/1<\/span><\/a><\/p>\n","protected":false},"author":1,"featured_media":0,"parent":0,"menu_order":0,"comment_status":"closed","ping_status":"closed","template":"","meta":{"footnotes":""},"class_list":["post-14391","page","type-page","status-publish","hentry","entry"],"_links":{"self":[{"href":"https:\/\/www.gmtxdev.com\/fr\/wp-json\/wp\/v2\/pages\/14391","targetHints":{"allow":["GET"]}}],"collection":[{"href":"https:\/\/www.gmtxdev.com\/fr\/wp-json\/wp\/v2\/pages"}],"about":[{"href":"https:\/\/www.gmtxdev.com\/fr\/wp-json\/wp\/v2\/types\/page"}],"author":[{"embeddable":true,"href":"https:\/\/www.gmtxdev.com\/fr\/wp-json\/wp\/v2\/users\/1"}],"replies":[{"embeddable":true,"href":"https:\/\/www.gmtxdev.com\/fr\/wp-json\/wp\/v2\/comments?post=14391"}],"version-history":[{"count":0,"href":"https:\/\/www.gmtxdev.com\/fr\/wp-json\/wp\/v2\/pages\/14391\/revisions"}],"wp:attachment":[{"href":"https:\/\/www.gmtxdev.com\/fr\/wp-json\/wp\/v2\/media?parent=14391"}],"curies":[{"name":"wp","href":"https:\/\/api.w.org\/{rel}","templated":true}]}}