   
{"id":14382,"date":"2020-12-10T10:25:48","date_gmt":"2020-12-10T10:25:48","guid":{"rendered":"https:\/\/www.geneticmatrixtest.com\/?page_id=14382"},"modified":"2020-12-10T10:25:48","modified_gmt":"2020-12-10T10:25:48","slug":"conception-humaine-profil-3-6","status":"publish","type":"page","link":"https:\/\/www.gmtxdev.com\/fr\/conception-humaine-profil-3-6\/","title":{"rendered":"Conception humaine Profil 3\/6"},"content":{"rendered":"<div id=\"content\">\r\n<div class=\"breadcam\"><a href=\"\/fr\/\">Accueil<\/a> \u00bb <a href=\"\/fr\/centre-dinfos\/\">centre-dinfos<\/a> \u00bb <a href=\"\/fr\/conception-humaine-les-12-profils\/\">12 profils <\/a> \u00bb Profil 3\/6<\/div>\r\n<div class=\"l_content left mar_top\">\r\n<div class=\"services\">\r\n<h2>Les Profil 3\/6<\/h2>\r\n<ul>\r\n \t<li>Le profil 3\/6 repr\u00e9sente 2,19 % de la population<\/li>\r\n \t<li>Voici quelques-uns des mots li\u00e9s au profil 3\/6 :<\/li>\r\n<\/ul>\r\n<h3>Personnalit\u00e9 consciente<\/h3>\r\n<table class=\"personality\" border=\"1\" width=\"650\" cellspacing=\"0\" cellpadding=\"0\">\r\n<tbody>\r\n<tr>\r\n<td>Martyr<\/td>\r\n<td>Anarchiste<\/td>\r\n<td>Adaptable<\/td>\r\n<\/tr>\r\n<tr>\r\n<td>D\u00e9couverte<\/td>\r\n<td>Optimiste\/pessimiste<\/td>\r\n<td>Liens cr\u00e9\u00e9s\/liens cass\u00e9s<\/td>\r\n<\/tr>\r\n<tr>\r\n<td>Essais et erreurs<\/td>\r\n<td>Exp\u00e9rientiel<\/td>\r\n<td>Accidents positifs\/n\u00e9gatifs<\/td>\r\n<\/tr>\r\n<tr>\r\n<td>Lecteur cr\u00e9atif<\/td>\r\n<td>Instable<\/td>\r\n<td>Changeant<\/td>\r\n<\/tr>\r\n<\/tbody>\r\n<\/table>\r\n<h3>Design inconscient<\/h3>\r\n<table class=\"personality\" border=\"1\" width=\"650\" cellspacing=\"0\" cellpadding=\"0\">\r\n<tbody>\r\n<tr>\r\n<td>Mod\u00e8le<\/td>\r\n<td>Administrateur<\/td>\r\n<td>Pessimiste\/optimiste<\/td>\r\n<\/tr>\r\n<tr>\r\n<td>Objectif<\/td>\r\n<td>\u00c2me s\u0153ur ou pas<\/td>\r\n<td>Confiance ou pas<\/td>\r\n<\/tr>\r\n<tr>\r\n<td>L\u2019autorit\u00e9<\/td>\r\n<td>D\u00e9tach\u00e9<\/td>\r\n<td>Distant<\/td>\r\n<\/tr>\r\n<tr>\r\n<td>Espoir<\/td>\r\n<td>Transition<\/td>\r\n<td>Observateur\/observ\u00e9<\/td>\r\n<\/tr>\r\n<\/tbody>\r\n<\/table>\r\n<h3><a href=\"\/human-design-people-by-profile-3-6.html\">Autres personnes avec le profil 3\/6<\/a><\/h3>\r\n<div class=\"personality_img\">\r\n<ul>\r\n \t<li><img src=\"https:\/\/www.geneticmatrix.com\/wp-content\/themes\/twentyten\/images\/people\/Stiller Ben - Picture.JPG\" alt=\"img\" width=\"115\" height=\"157\" \/><\/li>\r\n \t<li><img src=\"https:\/\/www.geneticmatrix.com\/wp-content\/themes\/twentyten\/images\/people\/Wahlberg Mark P.jpg\" alt=\"img\" width=\"115\" height=\"157\" \/><\/li>\r\n \t<li><img src=\"https:\/\/www.geneticmatrix.com\/wp-content\/themes\/twentyten\/images\/people\/Nightingale Florence - Picture.jpg\" alt=\"img\" width=\"115\" height=\"157\" \/><\/li>\r\n \t<li><img src=\"https:\/\/www.geneticmatrix.com\/wp-content\/themes\/twentyten\/images\/people\/Richards Keith.jpg\" alt=\"img\" width=\"115\" height=\"157\" \/><\/li>\r\n \t<li><img src=\"https:\/\/www.geneticmatrix.com\/wp-content\/themes\/twentyten\/images\/people\/Lee Brenda - P.jpg\" alt=\"img\" width=\"115\" height=\"157\" \/><\/li>\r\n \t<li><img src=\"https:\/\/www.geneticmatrix.com\/wp-content\/themes\/twentyten\/images\/people\/Abetti Giorgio - P.jpg\" alt=\"img\" width=\"115\" height=\"157\" \/><\/li>\r\n<\/ul>\r\n<\/div>\r\n<\/div>\r\n<\/div>\r\n<div class=\"r_content right mar_top\"><\/div>\r\n<div class=\"clear\"><\/div>\r\n<\/div>","protected":false},"excerpt":{"rendered":"<p>Accueil \u00bb centre-dinfos \u00bb 12 profils \u00bb Profil 3\/6 Les Profil 3\/6 Le profil 3\/6 repr\u00e9sente 2,19 % de la population Voici quelques-uns des mots li\u00e9s au profil 3\/6 : Personnalit\u00e9 consciente Martyr Anarchiste Adaptable D\u00e9couverte Optimiste\/pessimiste Liens cr\u00e9\u00e9s\/liens cass\u00e9s Essais et erreurs Exp\u00e9rientiel Accidents positifs\/n\u00e9gatifs Lecteur cr\u00e9atif Instable Changeant Design inconscient Mod\u00e8le Administrateur Pessimiste\/optimiste&hellip; <a class=\"more-link\" href=\"https:\/\/www.gmtxdev.com\/fr\/conception-humaine-profil-3-6\/\">Poursuivre la lecture de <span class=\"screen-reader-text\">Conception humaine Profil 3\/6<\/span><\/a><\/p>\n","protected":false},"author":1,"featured_media":0,"parent":0,"menu_order":0,"comment_status":"closed","ping_status":"closed","template":"","meta":{"footnotes":""},"class_list":["post-14382","page","type-page","status-publish","hentry","entry"],"_links":{"self":[{"href":"https:\/\/www.gmtxdev.com\/fr\/wp-json\/wp\/v2\/pages\/14382","targetHints":{"allow":["GET"]}}],"collection":[{"href":"https:\/\/www.gmtxdev.com\/fr\/wp-json\/wp\/v2\/pages"}],"about":[{"href":"https:\/\/www.gmtxdev.com\/fr\/wp-json\/wp\/v2\/types\/page"}],"author":[{"embeddable":true,"href":"https:\/\/www.gmtxdev.com\/fr\/wp-json\/wp\/v2\/users\/1"}],"replies":[{"embeddable":true,"href":"https:\/\/www.gmtxdev.com\/fr\/wp-json\/wp\/v2\/comments?post=14382"}],"version-history":[{"count":0,"href":"https:\/\/www.gmtxdev.com\/fr\/wp-json\/wp\/v2\/pages\/14382\/revisions"}],"wp:attachment":[{"href":"https:\/\/www.gmtxdev.com\/fr\/wp-json\/wp\/v2\/media?parent=14382"}],"curies":[{"name":"wp","href":"https:\/\/api.w.org\/{rel}","templated":true}]}}