   
{"id":14368,"date":"2020-12-10T07:21:43","date_gmt":"2020-12-10T07:21:43","guid":{"rendered":"https:\/\/www.geneticmatrixtest.com\/?page_id=14368"},"modified":"2020-12-10T07:23:38","modified_gmt":"2020-12-10T07:23:38","slug":"conception-humaine-profil-1-4","status":"publish","type":"page","link":"https:\/\/www.gmtxdev.com\/fr\/conception-humaine-profil-1-4\/","title":{"rendered":"Conception humaine Profil 1\/4"},"content":{"rendered":"<div id=\"content\">\r\n<div class=\"breadcam\"><a href=\"\/fr\/\">Accueil<\/a> \u00bb <a href=\"\/fr\/centre-dinfos\/\">centre-dinfos<\/a> \u00bb <a href=\"\/fr\/conception-humaine-les-12-profils\/\">12 profils <\/a> \u00bb Profil 1\/4<\/div>\r\n<div class=\"l_content left mar_top\">\r\n<div class=\"services\">\r\n<h2>Les 12 profils<\/h2>\r\n<ul>\r\n \t<li>Le profil 1\/4 repr\u00e9sente 2,23 % de la population<\/li>\r\n \t<li>Voici quelques-uns des mots li\u00e9s au profil 1\/4 :<\/li>\r\n<\/ul>\r\n<h3>Personnalit\u00e9 consciente<\/h3>\r\n<table class=\"personality\" border=\"1\" width=\"650\" cellspacing=\"0\" cellpadding=\"0\">\r\n<tbody>\r\n<tr>\r\n<td>Chercheur<\/td>\r\n<td>Autoritaire<\/td>\r\n<td>Introspection<\/td>\r\n<\/tr>\r\n<tr>\r\n<td>Subjective<\/td>\r\n<td>Ins\u00e9curit\u00e9<\/td>\r\n<td>Fondamental<\/td>\r\n<\/tr>\r\n<tr>\r\n<td>Sp\u00e9cialisation<\/td>\r\n<td>Empathie<\/td>\r\n<td>\u00c9tude\/analyse<\/td>\r\n<\/tr>\r\n<tr>\r\n<td>Pure cr\u00e9ativit\u00e9<\/td>\r\n<td>\u00c9gocentrisme<\/td>\r\n<td>Poursuivant\/Poursuivi<\/td>\r\n<\/tr>\r\n<\/tbody>\r\n<\/table>\r\n<h3>Design inconscient<\/h3>\r\n<table class=\"personality\" border=\"1\" width=\"650\" cellspacing=\"0\" cellpadding=\"0\">\r\n<tbody>\r\n<tr>\r\n<td>Opportunistes<\/td>\r\n<td>Abdiquant<\/td>\r\n<td>Cr\u00e9ativit\u00e9 dans la solitude<\/td>\r\n<\/tr>\r\n<tr>\r\n<td>Fragile<\/td>\r\n<td>Bienveillance\/malveillance<\/td>\r\n<td>R\u00e9seau personnel<\/td>\r\n<\/tr>\r\n<tr>\r\n<td>Influenceur<\/td>\r\n<td>Externalisant<\/td>\r\n<td>Communication<\/td>\r\n<\/tr>\r\n<tr>\r\n<td>Fixe<\/td>\r\n<td>Confident\/non confident<\/td>\r\n<td>Bienfaiteur\/d\u00e9pendant<\/td>\r\n<\/tr>\r\n<\/tbody>\r\n<\/table>\r\n<h3><a href=\"\/human-design-people-by-profile-1-4.html\">Autres personnes ayant le profil 1\/4<\/a><\/h3>\r\n<div class=\"personality_img\">\r\n<ul>\r\n \t<li><img src=\"https:\/\/www.geneticmatrix.com\/wp-content\/themes\/twentyten\/images\/people\/Einstein Albert Picture.jpg\" alt=\"img\" width=\"115\" height=\"157\" \/><\/li>\r\n \t<li><img src=\"https:\/\/www.geneticmatrix.com\/wp-content\/themes\/twentyten\/images\/people\/McGregor Ewan - Picture.jpg\" alt=\"img\" width=\"115\" height=\"157\" \/><\/li>\r\n \t<li><img src=\"https:\/\/www.geneticmatrix.com\/wp-content\/themes\/twentyten\/images\/people\/Young Loretta p.jpg\" alt=\"img\" width=\"115\" height=\"157\" \/><\/li>\r\n \t<li><img src=\"https:\/\/www.geneticmatrix.com\/wp-content\/themes\/twentyten\/images\/people\/Tanner Roscoe - Picture.JPG\" alt=\"img\" width=\"115\" height=\"157\" \/><\/li>\r\n \t<li><img src=\"https:\/\/www.geneticmatrix.com\/wp-content\/themes\/twentyten\/images\/people\/Ali Muhammad - Picture.jpg\" alt=\"img\" width=\"115\" height=\"157\" \/><\/li>\r\n \t<li><img src=\"https:\/\/www.geneticmatrix.com\/wp-content\/themes\/twentyten\/images\/people\/Vicious Sid - Picture.jpg\" alt=\"img\" width=\"115\" height=\"157\" \/><\/li>\r\n<\/ul>\r\n<\/div>\r\n<\/div>\r\n<\/div>\r\n<div class=\"r_content right mar_top\"><\/div>\r\n<div class=\"clear\"><\/div>\r\n<\/div>","protected":false},"excerpt":{"rendered":"<p>Accueil \u00bb centre-dinfos \u00bb 12 profils \u00bb Profil 1\/4 Les 12 profils Le profil 1\/4 repr\u00e9sente 2,23 % de la population Voici quelques-uns des mots li\u00e9s au profil 1\/4 : Personnalit\u00e9 consciente Chercheur Autoritaire Introspection Subjective Ins\u00e9curit\u00e9 Fondamental Sp\u00e9cialisation Empathie \u00c9tude\/analyse Pure cr\u00e9ativit\u00e9 \u00c9gocentrisme Poursuivant\/Poursuivi Design inconscient Opportunistes Abdiquant Cr\u00e9ativit\u00e9 dans la solitude Fragile Bienveillance\/malveillance&hellip; <a class=\"more-link\" href=\"https:\/\/www.gmtxdev.com\/fr\/conception-humaine-profil-1-4\/\">Poursuivre la lecture de <span class=\"screen-reader-text\">Conception humaine Profil 1\/4<\/span><\/a><\/p>\n","protected":false},"author":1,"featured_media":0,"parent":0,"menu_order":0,"comment_status":"closed","ping_status":"closed","template":"","meta":{"footnotes":""},"class_list":["post-14368","page","type-page","status-publish","hentry","entry"],"_links":{"self":[{"href":"https:\/\/www.gmtxdev.com\/fr\/wp-json\/wp\/v2\/pages\/14368","targetHints":{"allow":["GET"]}}],"collection":[{"href":"https:\/\/www.gmtxdev.com\/fr\/wp-json\/wp\/v2\/pages"}],"about":[{"href":"https:\/\/www.gmtxdev.com\/fr\/wp-json\/wp\/v2\/types\/page"}],"author":[{"embeddable":true,"href":"https:\/\/www.gmtxdev.com\/fr\/wp-json\/wp\/v2\/users\/1"}],"replies":[{"embeddable":true,"href":"https:\/\/www.gmtxdev.com\/fr\/wp-json\/wp\/v2\/comments?post=14368"}],"version-history":[{"count":0,"href":"https:\/\/www.gmtxdev.com\/fr\/wp-json\/wp\/v2\/pages\/14368\/revisions"}],"wp:attachment":[{"href":"https:\/\/www.gmtxdev.com\/fr\/wp-json\/wp\/v2\/media?parent=14368"}],"curies":[{"name":"wp","href":"https:\/\/api.w.org\/{rel}","templated":true}]}}