   
{"id":14344,"date":"2020-12-09T13:58:59","date_gmt":"2020-12-09T13:58:59","guid":{"rendered":"https:\/\/www.geneticmatrixtest.com\/?page_id=14344"},"modified":"2020-12-09T13:58:59","modified_gmt":"2020-12-09T13:58:59","slug":"design-humain-centre-du-soi-g","status":"publish","type":"page","link":"https:\/\/www.gmtxdev.com\/fr\/design-humain-centre-du-soi-g\/","title":{"rendered":"Design Humain \u2013 Centre du Soi (G)"},"content":{"rendered":"<div id=\"content\">\r\n<div class=\"test_page\">\r\n<div class=\"breadcam\"><a href=\"\/fr\/\">Accueil<\/a> \u00bb <a href=\"\/fr\/centre-dinfos\/\">centre-dinfos<\/a> \u00bb<a href=\"\/fr\/les-9-centres\/\">9 centres<\/a> \u00bb Design Humain \u2013 Centre du Soi (G)<\/div>\r\n<\/div>\r\n<div class=\"l_content left mar_top\">\r\n<div class=\"services\">\r\n<h3><strong>Design Humain \u2013 Centre du Soi (G)<\/strong><\/h3>\r\n<ul>\r\n \t<li>Le centre G abrite le monopole magn\u00e9tique<\/li>\r\n \t<li>Le monopole magn\u00e9tique est le \u00ab conducteur \u00bb de notre corps<\/li>\r\n<\/ul>\r\n<div><a href=\"https:\/\/www.geneticmatrix.com\/wp-content\/uploads\/2020\/07\/G-Center-Image.jpg\"><img class=\"alignnone wp-image-14346 size-medium\" src=\"https:\/\/www.geneticmatrixtest.com\/wp-content\/uploads\/2020\/03\/user-36844-247x300.png\" alt=\"\" width=\"279\" height=\"300\" \/><\/a><\/div>\r\n<!--\r\n<div class=\"gcen right\">Move Your Mouse Over the Images<\/div>\r\n-->\r\n<div class=\"clear\"><\/div>\r\n<div class=\"services\">\r\n<div class=\"right gall_sys\">\r\n<h3>La biologie<\/h3>\r\n<ul>\r\n \t<li>FQuatre des huit portes du centre G font partie des circuits collectifs \u2013 logique (7, 15), abstrait (13, 46).<\/li>\r\n \t<li>Deux des huit portes du centre G font partie du circuit individuel (1, 2).<\/li>\r\n \t<li>L\u2019une des huit portes du centre G a un double r\u00f4le (10). Selon les portes actives qui s\u2019y connectent, la 10e porte fait partie du circuit de centrage et du r\u00e9seau d\u2019int\u00e9gration.<\/li>\r\n \t<li>Le <a href=\"https:\/\/en.wikipedia.org\/wiki\/Liver\" target=\"_new\" rel=\"noopener noreferrer\">foie<\/a> est un organe extr\u00eamement complexe et vital qui est responsable de l\u2019\u00e9limination des toxines de notre corps.<\/li>\r\n \t<li>Le foie est \u00e9galement responsable du traitement et de la modification des nutriments absorb\u00e9s dont nous avons besoin pour notre survie (<a href=\"https:\/\/en.wikipedia.org\/wiki\/Proteins\" target=\"_new\" rel=\"noopener noreferrer\">prot\u00e9ines<\/a>, <a href=\"https:\/\/en.wikipedia.org\/wiki\/Fat\" target=\"_new\" rel=\"noopener noreferrer\">graisses<\/a>, <a href=\"https:\/\/en.wikipedia.org\/wiki\/Carbohydrates\" target=\"_new\" rel=\"noopener noreferrer\">glucides<\/a>, <a href=\"https:\/\/en.wikipedia.org\/wiki\/Steroid_hormones\" target=\"_new\" rel=\"noopener noreferrer\">hormones st\u00e9riodes<\/a>, <a href=\"https:\/\/en.wikipedia.org\/wiki\/Antibodies\" target=\"_new\" rel=\"noopener noreferrer\">anticorps<\/a> et <a href=\"https:\/\/en.wikipedia.org\/wiki\/Bile\" target=\"_new\" rel=\"noopener noreferrer\">bile<\/a> (fiel).<\/li>\r\n \t<li>Le <a href=\"https:\/\/en.wikipedia.org\/wiki\/Blood\" target=\"_new\" rel=\"noopener noreferrer\">sang<\/a>est un liquide corporel sp\u00e9cialis\u00e9 qui fournit les substances n\u00e9cessaires aux cellules du corps.<a href=\"https:\/\/en.wikipedia.org\/wiki\/Cell_%28biology%29\" target=\"_new\" rel=\"noopener noreferrer\">cells<\/a>.<\/li>\r\n<\/ul>\r\n<\/div>\r\n<div class=\"clear\"><\/div>\r\n<h3>Quelques-uns des mots-cl\u00e9s associ\u00e9s au centre G et \u00e0 ses <a href=\"\/human-design-gates\/\">portes:<\/a> son:<\/h3>\r\n<table class=\"personality\" border=\"1\" width=\"650\" cellspacing=\"0\" cellpadding=\"0\">\r\n<tbody>\r\n<tr>\r\n<td>La maison du monopole magn\u00e9tique<\/td>\r\n<td>Les 10e, 15e, 25e et 46e portes sont toutes des portes de l\u2019amour.<\/td>\r\n<td>Identit\u00e9<\/td>\r\n<\/tr>\r\n<tr>\r\n<td>Soi-m\u00eame<\/td>\r\n<td>Initiation<\/td>\r\n<td>Leadership<\/td>\r\n<\/tr>\r\n<tr>\r\n<td>Cr\u00e9ativit\u00e9<\/td>\r\n<td>Th\u00e8me de la 13e porte<\/td>\r\n<td>R\u00e9flexion<\/td>\r\n<\/tr>\r\n<tr>\r\n<td>Innocence<\/td>\r\n<td>D\u00e9termination<\/td>\r\n<td>R\u00e9ceptivit\u00e9<\/td>\r\n<\/tr>\r\n<tr>\r\n<td>Pilote<\/td>\r\n<td>D\u00e9fi<\/td>\r\n<td>Extr\u00eames<\/td>\r\n<\/tr>\r\n<tr>\r\n<td>Changer les rythmes<\/td>\r\n<td>15e porte<\/td>\r\n<td>Comportement<\/td>\r\n<\/tr>\r\n<\/tbody>\r\n<\/table>\r\n<\/div>\r\n<\/div>\r\n<\/div>\r\n<div class=\"r_content right mar_top\"><\/div>\r\n<div class=\"clear\"><\/div>\r\n<\/div>","protected":false},"excerpt":{"rendered":"<p>Accueil \u00bb centre-dinfos \u00bb9 centres \u00bb Design Humain \u2013 Centre du Soi (G) Design Humain \u2013 Centre du Soi (G) Le centre G abrite le monopole magn\u00e9tique Le monopole magn\u00e9tique est le \u00ab conducteur \u00bb de notre corps La biologie FQuatre des huit portes du centre G font partie des circuits collectifs \u2013 logique (7,&hellip; <a class=\"more-link\" href=\"https:\/\/www.gmtxdev.com\/fr\/design-humain-centre-du-soi-g\/\">Poursuivre la lecture de <span class=\"screen-reader-text\">Design Humain \u2013 Centre du Soi (G)<\/span><\/a><\/p>\n","protected":false},"author":1,"featured_media":0,"parent":0,"menu_order":0,"comment_status":"closed","ping_status":"closed","template":"","meta":{"footnotes":""},"class_list":["post-14344","page","type-page","status-publish","hentry","entry"],"_links":{"self":[{"href":"https:\/\/www.gmtxdev.com\/fr\/wp-json\/wp\/v2\/pages\/14344","targetHints":{"allow":["GET"]}}],"collection":[{"href":"https:\/\/www.gmtxdev.com\/fr\/wp-json\/wp\/v2\/pages"}],"about":[{"href":"https:\/\/www.gmtxdev.com\/fr\/wp-json\/wp\/v2\/types\/page"}],"author":[{"embeddable":true,"href":"https:\/\/www.gmtxdev.com\/fr\/wp-json\/wp\/v2\/users\/1"}],"replies":[{"embeddable":true,"href":"https:\/\/www.gmtxdev.com\/fr\/wp-json\/wp\/v2\/comments?post=14344"}],"version-history":[{"count":0,"href":"https:\/\/www.gmtxdev.com\/fr\/wp-json\/wp\/v2\/pages\/14344\/revisions"}],"wp:attachment":[{"href":"https:\/\/www.gmtxdev.com\/fr\/wp-json\/wp\/v2\/media?parent=14344"}],"curies":[{"name":"wp","href":"https:\/\/api.w.org\/{rel}","templated":true}]}}