   
{"id":14339,"date":"2020-12-09T13:42:24","date_gmt":"2020-12-09T13:42:24","guid":{"rendered":"https:\/\/www.geneticmatrixtest.com\/?page_id=14339"},"modified":"2020-12-09T13:42:24","modified_gmt":"2020-12-09T13:42:24","slug":"design-humain-centre-de-la-gorge","status":"publish","type":"page","link":"https:\/\/www.gmtxdev.com\/fr\/design-humain-centre-de-la-gorge\/","title":{"rendered":"Design Humain \u2013 Centre de la gorge"},"content":{"rendered":"<div id=\"content\">\r\n<div class=\"test_page\">\r\n<div class=\"breadcam\"><a href=\"\/fr\/\">Accueil<\/a> \u00bb <a href=\"\/fr\/centre-dinfos\/\">centre-dinfos<\/a> \u00bb<a href=\"\/fr\/les-9-centres\/\">9 centres<\/a> \u00bb Design Humain \u2013 Centre de la gorge<\/div>\r\n<\/div>\r\n<div class=\"l_content left mar_top\">\r\n<div class=\"services\">\r\n<h3><strong>Design Humain \u2013 Centre de la gorge<\/strong><\/h3>\r\n<ul>\r\n \t<li>Le centre de la gorge est un centre de manifestation.<\/li>\r\n<\/ul>\r\n<div><a href=\"https:\/\/www.geneticmatrix.com\/wp-content\/uploads\/2020\/07\/Throat-Center-Image.jpg\"><img class=\"alignnone wp-image-14342 size-medium\" src=\"https:\/\/www.geneticmatrix.com\/wp-content\/uploads\/2020\/07\/Throat-Center-Image-263x300.jpg\" alt=\"\" width=\"263\" height=\"300\" \/><\/a><\/div>\r\n<!--\r\n<div class=\"throat right\">D\u00e9placez votre souris sur les images<\/div>\r\n-->\r\n<div class=\"clear\"><\/div>\r\n<div class=\"services\">\r\n<div class=\"right gall_sys\">\r\n<h3>La biologie<\/h3>\r\n<ul>\r\n \t<li>Six des onze portes du centre de la gorge font partie du circuit collectif (16, 31, 33, 35, 56, 62).<\/li>\r\n \t<li>Trois des onze portes du centre de la gorge font partie du circuit individuel (8, 12, 23).<\/li>\r\n \t<li>L\u2019une des onze portes du centre de la gorge fait partie du circuit tribal (45).<\/li>\r\n \t<li>L\u2019une des onze portes du centre de la gorge ne fait partie d\u2019aucun circuit (20). Elle fait partie du r\u00e9seau d\u2019int\u00e9gration.<\/li>\r\n \t<li>La <a href=\"http:\/\/en.wikipedia.org\/wiki\/Thyroid_gland\" target=\"_new\" rel=\"noopener noreferrer\">glande thyro\u00efde<\/a> et <a href=\"http:\/\/en.wikipedia.org\/wiki\/Parathyroid_gland\" target=\"_new\" rel=\"noopener noreferrer\">glandes parathyro\u00efdes<\/a> du centre de la gorge contr\u00f4lent notre <a href=\"http:\/\/en.wikipedia.org\/wiki\/Metabolism\" target=\"_new\" rel=\"noopener noreferrer\">m\u00e9tabolisme<\/a> et\r\nprocessus m\u00e9tamorphiques.<\/li>\r\n<\/ul>\r\n<\/div>\r\n<div class=\"clear\"><\/div>\r\n<h3>Voici quelques-uns des mots-cl\u00e9s associ\u00e9s au centre de la gorge et \u00e0 ses <a href=\"&lt;?php echo site_url(); ?&gt;\/human-design-gates\/\">portes :<\/a> sont:<\/h3>\r\n<table class=\"personality\" border=\"1\" width=\"650\" cellspacing=\"0\" cellpadding=\"0\">\r\n<tbody>\r\n<tr>\r\n<td>Manifestation<\/td>\r\n<td>Comp\u00e9tences identifi\u00e9es<\/td>\r\n<td>Planification<\/td>\r\n<\/tr>\r\n<tr>\r\n<td>Exp\u00e9rimentation<\/td>\r\n<td>D\u00e9tails<\/td>\r\n<td>\u00c9tiquettes<\/td>\r\n<\/tr>\r\n<tr>\r\n<td>Organisation<\/td>\r\n<td>Explication<\/td>\r\n<td>D\u00e9vouement<\/td>\r\n<\/tr>\r\n<tr>\r\n<td>Assimilation<\/td>\r\n<td>Stimulation<\/td>\r\n<td>Distraction<\/td>\r\n<\/tr>\r\n<tr>\r\n<td>Expression<\/td>\r\n<td>Changement<\/td>\r\n<td>Progr\u00e8s<\/td>\r\n<\/tr>\r\n<tr>\r\n<td>Exp\u00e9rientiel<\/td>\r\n<td>Arr\u00eat<\/td>\r\n<td>\u00c9ducation<\/td>\r\n<\/tr>\r\n<tr>\r\n<td>Articulation<\/td>\r\n<td>Silence<\/td>\r\n<td>Gouvernement<\/td>\r\n<\/tr>\r\n<tr>\r\n<td>Possession<\/td>\r\n<td>Vie priv\u00e9e<\/td>\r\n<td>Explication<\/td>\r\n<\/tr>\r\n<tr>\r\n<td>Solitude<\/td>\r\n<td>Contribution<\/td>\r\n<td>Leadership<\/td>\r\n<\/tr>\r\n<tr>\r\n<td>Existentialisme<\/td>\r\n<td>Promotion<\/td>\r\n<td>Sati\u00e9t\u00e9<\/td>\r\n<\/tr>\r\n<\/tbody>\r\n<\/table>\r\n<\/div>\r\n<\/div>\r\n<\/div>\r\n<div class=\"r_content right mar_top\"><\/div>\r\n<div class=\"clear\"><\/div>\r\n<\/div>","protected":false},"excerpt":{"rendered":"<p>Accueil \u00bb centre-dinfos \u00bb9 centres \u00bb Design Humain \u2013 Centre de la gorge Design Humain \u2013 Centre de la gorge Le centre de la gorge est un centre de manifestation. La biologie Six des onze portes du centre de la gorge font partie du circuit collectif (16, 31, 33, 35, 56, 62). Trois des onze&hellip; <a class=\"more-link\" href=\"https:\/\/www.gmtxdev.com\/fr\/design-humain-centre-de-la-gorge\/\">Poursuivre la lecture de <span class=\"screen-reader-text\">Design Humain \u2013 Centre de la gorge<\/span><\/a><\/p>\n","protected":false},"author":1,"featured_media":0,"parent":0,"menu_order":0,"comment_status":"closed","ping_status":"closed","template":"","meta":{"footnotes":""},"class_list":["post-14339","page","type-page","status-publish","hentry","entry"],"_links":{"self":[{"href":"https:\/\/www.gmtxdev.com\/fr\/wp-json\/wp\/v2\/pages\/14339","targetHints":{"allow":["GET"]}}],"collection":[{"href":"https:\/\/www.gmtxdev.com\/fr\/wp-json\/wp\/v2\/pages"}],"about":[{"href":"https:\/\/www.gmtxdev.com\/fr\/wp-json\/wp\/v2\/types\/page"}],"author":[{"embeddable":true,"href":"https:\/\/www.gmtxdev.com\/fr\/wp-json\/wp\/v2\/users\/1"}],"replies":[{"embeddable":true,"href":"https:\/\/www.gmtxdev.com\/fr\/wp-json\/wp\/v2\/comments?post=14339"}],"version-history":[{"count":0,"href":"https:\/\/www.gmtxdev.com\/fr\/wp-json\/wp\/v2\/pages\/14339\/revisions"}],"wp:attachment":[{"href":"https:\/\/www.gmtxdev.com\/fr\/wp-json\/wp\/v2\/media?parent=14339"}],"curies":[{"name":"wp","href":"https:\/\/api.w.org\/{rel}","templated":true}]}}