   
{"id":14330,"date":"2020-12-09T13:11:38","date_gmt":"2020-12-09T13:11:38","guid":{"rendered":"https:\/\/www.geneticmatrixtest.com\/?page_id=14330"},"modified":"2020-12-09T13:11:38","modified_gmt":"2020-12-09T13:11:38","slug":"design-humain-centre-splenique","status":"publish","type":"page","link":"https:\/\/www.gmtxdev.com\/fr\/design-humain-centre-splenique\/","title":{"rendered":"Design Humain \u2013 Centre spl\u00e9nique"},"content":{"rendered":"<div id=\"content\">\r\n<div class=\"test_page\">\r\n<div class=\"breadcam\"><a href=\"\/fr\/\">Accueil<\/a> \u00bb <a href=\"\/fr\/centre-dinfos\/\">centre-dinfos<\/a> \u00bb<a href=\"\/fr\/les-9-centres\/\">9 centres<\/a> \u00bb Design Humain \u2013 Centre spl\u00e9nique<\/div>\r\n<\/div>\r\n<div class=\"l_content left mar_top\">\r\n<div class=\"services\">\r\n<h3><strong>Design Humain \u2013 Centre spl\u00e9nique<\/strong><\/h3>\r\n<ul>\r\n \t<li>Le centre spl\u00e9nique est un centre de sensibilisation.<\/li>\r\n<\/ul>\r\n<a href=\"https:\/\/www.geneticmatrix.com\/wp-content\/uploads\/2020\/07\/Splenic-Center-Image.png\"><img class=\"alignnone wp-image-14332 size-medium\" src=\"https:\/\/www.geneticmatrix.com\/wp-content\/uploads\/2020\/07\/Splenic-Center-Image-249x300.png\" alt=\"\" width=\"249\" height=\"300\" \/><\/a>\r\n\r\n<\/div>\r\n<\/div>\r\n<div class=\"l_content left mar_top\">\r\n<div class=\"services\">\r\n<div><\/div>\r\n<!--\r\n<div class=\"splenic right\">D\u00e9placez votre souris sur les images<\/div>\r\n-->\r\n<div class=\"clear\"><\/div>\r\n<div class=\"services\">\r\n<div class=\"right gall_sys\">\r\n<ul>\r\n \t<li>1 \u2013 Intuition \u2013 Son<\/li>\r\n \t<li>2 \u2013 Instinct \u2013 Odorat<\/li>\r\n \t<li>3 \u2013 Go\u00fbt \u2013 Jugement<\/li>\r\n<\/ul>\r\n<h3>La biologie<\/h3>\r\n<ul>\r\n \t<li>Trois des sept portes du centre spl\u00e9nique font partie du circuit tribal (32, 44, 50)<\/li>\r\n \t<li>Deux des sept portes du centre spl\u00e9nique font partie du circuit collectif (18, 48).<\/li>\r\n \t<li>L\u2019une des sept portes du centre spl\u00e9nique fait partie du circuit individuel (28).<\/li>\r\n \t<li>L\u2019une des sept portes du centre spl\u00e9nique ne fait partie d\u2019aucun circuit (57). Elle fait partie du r\u00e9seau d\u2019int\u00e9gration.<\/li>\r\n \t<li>Le <a href=\"https:\/\/en.wikipedia.org\/wiki\/Lymph_system\" target=\"_new\" rel=\"noopener noreferrer\">syst\u00e8me lymphatique<\/a> peut \u00eatre largement divis\u00e9 en deux fonctions. En tant que syst\u00e8me conducteur, il <a href=\"https:\/\/en.wikipedia.org\/wiki\/Lymph\" target=\"_new\" rel=\"noopener noreferrer\">Lymphe<\/a>(y compris <a href=\"https:\/\/en.wikipedia.org\/wiki\/White_blood_cells\" target=\"_new\" rel=\"noopener noreferrer\">globules blancs)<\/a>) dans tout le corps <a href=\"https:\/\/en.wikipedia.org\/wiki\/Lymphoid_tissue#Lymphoid_tissue\" target=\"_new\" rel=\"noopener noreferrer\">tissu lympho\u00efde,<\/a> il est impliqu\u00e9 dans nos r\u00e9ponses du syst\u00e8me immunitaire.<\/li>\r\n \t<li>La <a href=\"https:\/\/en.wikipedia.org\/wiki\/Spleen\" target=\"_new\" rel=\"noopener noreferrer\">rate<\/a> est un organe dont la responsabilit\u00e9 principale est de d\u00e9truire des <a href=\"https:\/\/en.wikipedia.org\/wiki\/Red_blood_cells\" target=\"_new\" rel=\"noopener noreferrer\">rouges redondants.<\/a>.La rate contient \u00e9galement un r\u00e9servoir de <a href=\"https:\/\/en.wikipedia.org\/wiki\/Blood\" target=\"_new\" rel=\"noopener noreferrer\">sang.<\/a>.<\/li>\r\n<\/ul>\r\n<\/div>\r\n<div class=\"clear\"><\/div>\r\n<h3>Voici quelques-uns des mots-cl\u00e9s associ\u00e9s au centre spl\u00e9nique et \u00e0 ses <a href=\"&lt;?php echo site_url(); ?&gt;\/human-design-gates\/\">portes :<\/a> sont:<\/h3>\r\n<table class=\"personality\" border=\"1\" width=\"650\" cellspacing=\"0\" cellpadding=\"0\">\r\n<tbody>\r\n<tr>\r\n<td>Instinct<\/td>\r\n<td>Profondeur<\/td>\r\n<td>Spontan\u00e9it\u00e9<\/td>\r\n<\/tr>\r\n<tr>\r\n<td>Peurs en mati\u00e8re de survie<\/td>\r\n<td>Intelligence<\/td>\r\n<td>Lois<\/td>\r\n<\/tr>\r\n<tr>\r\n<td>Valeurs<\/td>\r\n<td>Go\u00fbt<\/td>\r\n<td>Intuition<\/td>\r\n<\/tr>\r\n<tr>\r\n<td>Odeur<\/td>\r\n<td>Acoustique<\/td>\r\n<td>Solutions<\/td>\r\n<\/tr>\r\n<tr>\r\n<td>Clart\u00e9<\/td>\r\n<td>P\u00e9n\u00e9tration<\/td>\r\n<td>Vigilance<\/td>\r\n<\/tr>\r\n<tr>\r\n<td>Gestionnaire du personnel<\/td>\r\n<td>M\u00e9moire instinctive<\/td>\r\n<td>Directeur financier<\/td>\r\n<\/tr>\r\n<tr>\r\n<td>Transformation<\/td>\r\n<td>Prise de risque<\/td>\r\n<td>Correction<\/td>\r\n<\/tr>\r\n<tr>\r\n<td>Voir les d\u00e9fauts<\/td>\r\n<td>Difficile<\/td>\r\n<td>Service<\/td>\r\n<\/tr>\r\n<tr>\r\n<td>Bien-\u00eatre<\/td>\r\n<td>Sant\u00e9<\/td>\r\n<td>Peur de l\u2019autorit\u00e9<\/td>\r\n<\/tr>\r\n<tr>\r\n<td>Peur de l\u2019insuffisance<\/td>\r\n<td>Peur de l\u2019inattendu (Avenir)<\/td>\r\n<td>Peur du pass\u00e9<\/td>\r\n<\/tr>\r\n<tr>\r\n<td>Peur de la responsabilit\u00e9<\/td>\r\n<td>Peur de l\u2019\u00e9chec<\/td>\r\n<td>Peur de la mort<\/td>\r\n<\/tr>\r\n<\/tbody>\r\n<\/table>\r\n<\/div>\r\n<\/div>\r\n<\/div>\r\n<div class=\"r_content right mar_top\"><\/div>\r\n<div class=\"clear\"><\/div>\r\n<\/div>","protected":false},"excerpt":{"rendered":"<p>Accueil \u00bb centre-dinfos \u00bb9 centres \u00bb Design Humain \u2013 Centre spl\u00e9nique Design Humain \u2013 Centre spl\u00e9nique Le centre spl\u00e9nique est un centre de sensibilisation. 1 \u2013 Intuition \u2013 Son 2 \u2013 Instinct \u2013 Odorat 3 \u2013 Go\u00fbt \u2013 Jugement La biologie Trois des sept portes du centre spl\u00e9nique font partie du circuit tribal (32, 44,&hellip; <a class=\"more-link\" href=\"https:\/\/www.gmtxdev.com\/fr\/design-humain-centre-splenique\/\">Poursuivre la lecture de <span class=\"screen-reader-text\">Design Humain \u2013 Centre spl\u00e9nique<\/span><\/a><\/p>\n","protected":false},"author":1,"featured_media":0,"parent":0,"menu_order":0,"comment_status":"closed","ping_status":"closed","template":"","meta":{"footnotes":""},"class_list":["post-14330","page","type-page","status-publish","hentry","entry"],"_links":{"self":[{"href":"https:\/\/www.gmtxdev.com\/fr\/wp-json\/wp\/v2\/pages\/14330","targetHints":{"allow":["GET"]}}],"collection":[{"href":"https:\/\/www.gmtxdev.com\/fr\/wp-json\/wp\/v2\/pages"}],"about":[{"href":"https:\/\/www.gmtxdev.com\/fr\/wp-json\/wp\/v2\/types\/page"}],"author":[{"embeddable":true,"href":"https:\/\/www.gmtxdev.com\/fr\/wp-json\/wp\/v2\/users\/1"}],"replies":[{"embeddable":true,"href":"https:\/\/www.gmtxdev.com\/fr\/wp-json\/wp\/v2\/comments?post=14330"}],"version-history":[{"count":0,"href":"https:\/\/www.gmtxdev.com\/fr\/wp-json\/wp\/v2\/pages\/14330\/revisions"}],"wp:attachment":[{"href":"https:\/\/www.gmtxdev.com\/fr\/wp-json\/wp\/v2\/media?parent=14330"}],"curies":[{"name":"wp","href":"https:\/\/api.w.org\/{rel}","templated":true}]}}