   
{"id":14324,"date":"2020-12-09T12:29:28","date_gmt":"2020-12-09T12:29:28","guid":{"rendered":"https:\/\/www.geneticmatrixtest.com\/?page_id=14324"},"modified":"2020-12-09T12:29:28","modified_gmt":"2020-12-09T12:29:28","slug":"design-humain-centre-ajna","status":"publish","type":"page","link":"https:\/\/www.gmtxdev.com\/fr\/design-humain-centre-ajna\/","title":{"rendered":"Design Humain \u2013 Centre Ajna"},"content":{"rendered":"<div id=\"content\">\r\n<div class=\"test_page\">\r\n<div class=\"breadcam\"><a href=\"\/fr\/\">Accueil<\/a> \u00bb <a href=\"\/fr\/centre-dinfos\/\">centre-dinfos<\/a> \u00bb<a href=\"\/fr\/les-9-centres\/\">9 centres<\/a> \u00bb Design Humain \u2013 Centre Ajna<\/div>\r\n<\/div>\r\n<div class=\"l_content left mar_top\">\r\n<div class=\"services\">\r\n<h3><strong>Design Humain \u2013 Centre Ajna<\/strong><\/h3>\r\n<ul>\r\n \t<li>Le centre Ajna est un centre de sensibilisation<\/li>\r\n<\/ul>\r\n<a href=\"https:\/\/www.geneticmatrix.com\/wp-content\/uploads\/2020\/07\/Ajna-Center-Image.jpg\"><img class=\"alignnone wp-image-14326 size-medium\" src=\"https:\/\/www.geneticmatrixtest.com\/wp-content\/uploads\/2020\/03\/user-36760-300x300.jpg\" alt=\"\" width=\"300\" height=\"276\" \/><\/a>\r\n\r\n<\/div>\r\n<\/div>\r\n<\/div>\r\n<div id=\"content\">\r\n<div class=\"l_content left mar_top\">\r\n<div class=\"services\">\r\n\r\n<!--\r\n<div class=\"ajna right\">D\u00e9placez votre souris sur les images<\/div>\r\n-->\r\n<div class=\"clear\"><\/div>\r\n<div class=\"services\">\r\n<div class=\"right gall_sys\">\r\n<h3>La biologie<\/h3>\r\n<ul>\r\n \t<li>Quatre des six portes du centre Ajna font partie du Circuit Collectif (4, 11, 17, 47). Ces lobes sont des postes de commandement pour une grande partie de nos <a href=\"https:\/\/en.wikipedia.org\/wiki\/Endocrine_system\" target=\"_new\" rel=\"noopener noreferrer\">syst\u00e8me endocrinien.<\/a> fonctions du<\/li>\r\n \t<li>Les deux autres portes du centre Ajna (24,43) font partie du Circuit Individuel.<\/li>\r\n \t<li>Le <a href=\"https:\/\/en.wikipedia.org\/wiki\/Pituitary_gland#Anterior_pituitary_.28Adenohypophysis.29\" target=\"_new\" rel=\"noopener noreferrer\">L\u2019hypophyse ant\u00e9rieure<\/a> et <a href=\"https:\/\/en.wikipedia.org\/wiki\/Pituitary_gland#Posterior_pituitary_.28Neurohypophysis.29\" target=\"_new\" rel=\"noopener noreferrer\">l\u2019hypophyse post\u00e9rieure<\/a> dans la taille d\u2019un pois. <a href=\"https:\/\/en.wikipedia.org\/wiki\/Pituitary_gland\" target=\"_new\" rel=\"noopener noreferrer\">glande pituitaire<\/a>.<\/li>\r\n \t<li>Ces lobes sont des postes de commandement pour une grande partie de nos <a href=\"https:\/\/en.wikipedia.org\/wiki\/Endocrine_system\" target=\"_new\" rel=\"noopener noreferrer\">syst\u00e8me endocrinien.<\/a> fonctions du<\/li>\r\n \t<li>La glande pituitaire est au sommet de la hi\u00e9rarchie du syst\u00e8me endocrinien dans notre corps.<\/li>\r\n<\/ul>\r\n<\/div>\r\n<div class=\"clear\"><\/div>\r\n<h3>Quelques-uns des mots-cl\u00e9s associ\u00e9s au centre Ajna et \u00e0 ses <a href=\"&lt;?php echo site_url(); ?&gt;\/human-design-gates\/\">portes<\/a> sont :<\/h3>\r\n<table class=\"personality\" border=\"1\" width=\"650\" cellspacing=\"0\" cellpadding=\"0\">\r\n<tbody>\r\n<tr>\r\n<td>Conceptualisation<\/td>\r\n<td>Rationalisation<\/td>\r\n<td>Opinions<\/td>\r\n<\/tr>\r\n<tr>\r\n<td>Voix int\u00e9rieure<\/td>\r\n<td>Peur du rejet<\/td>\r\n<td>Anxi\u00e9t\u00e9 de l\u2019assimilation<\/td>\r\n<\/tr>\r\n<tr>\r\n<td>Surdit\u00e9<\/td>\r\n<td>Perspicacit\u00e9<\/td>\r\n<td>Sch\u00e9mas<\/td>\r\n<\/tr>\r\n<tr>\r\n<td>\u00c9coute<\/td>\r\n<td>Formules<\/td>\r\n<td>Peur du Chaos<\/td>\r\n<\/tr>\r\n<tr>\r\n<td>R\u00e9ponses<\/td>\r\n<td>M\u00e9fiance<\/td>\r\n<td>Peur de l\u2019ignorance<\/td>\r\n<\/tr>\r\n<tr>\r\n<td>Silence (ou pas)<\/td>\r\n<td>Anxi\u00e9t\u00e9 du d\u00e9tail<\/td>\r\n<td>Le pass\u00e9<\/td>\r\n<\/tr>\r\n<tr>\r\n<td>Recherche<\/td>\r\n<td>R\u00e9active<\/td>\r\n<td>Acoustique<\/td>\r\n<\/tr>\r\n<tr>\r\n<td>Peur du d\u00e9fi<\/td>\r\n<td>Visuel<\/td>\r\n<td>Explication<\/td>\r\n<\/tr>\r\n<tr>\r\n<td>Anxi\u00e9t\u00e9 quant aux doutes<\/td>\r\n<td>Anxi\u00e9t\u00e9 quant aux myst\u00e8res<\/td>\r\n<td>Anxi\u00e9t\u00e9 de la communication<\/td>\r\n<\/tr>\r\n<tr>\r\n<td>Peur de l\u2019insuffisance<\/td>\r\n<td>Peur de l\u2019inattendu (Avenir)<\/td>\r\n<td>Peur du pass\u00e9<\/td>\r\n<\/tr>\r\n<tr>\r\n<td>Peur de la responsabilit\u00e9<\/td>\r\n<td>Peur de l\u2019\u00e9chec<\/td>\r\n<td>Peur de la mort<\/td>\r\n<\/tr>\r\n<\/tbody>\r\n<\/table>\r\n<\/div>\r\n<\/div>\r\n<\/div>\r\n<div class=\"r_content right mar_top\"><\/div>\r\n<div class=\"clear\"><\/div>\r\n<\/div>","protected":false},"excerpt":{"rendered":"<p>Accueil \u00bb centre-dinfos \u00bb9 centres \u00bb Design Humain \u2013 Centre Ajna Design Humain \u2013 Centre Ajna Le centre Ajna est un centre de sensibilisation La biologie Quatre des six portes du centre Ajna font partie du Circuit Collectif (4, 11, 17, 47). Ces lobes sont des postes de commandement pour une grande partie de nos&hellip; <a class=\"more-link\" href=\"https:\/\/www.gmtxdev.com\/fr\/design-humain-centre-ajna\/\">Poursuivre la lecture de <span class=\"screen-reader-text\">Design Humain \u2013 Centre Ajna<\/span><\/a><\/p>\n","protected":false},"author":1,"featured_media":0,"parent":0,"menu_order":0,"comment_status":"closed","ping_status":"closed","template":"","meta":{"footnotes":""},"class_list":["post-14324","page","type-page","status-publish","hentry","entry"],"_links":{"self":[{"href":"https:\/\/www.gmtxdev.com\/fr\/wp-json\/wp\/v2\/pages\/14324","targetHints":{"allow":["GET"]}}],"collection":[{"href":"https:\/\/www.gmtxdev.com\/fr\/wp-json\/wp\/v2\/pages"}],"about":[{"href":"https:\/\/www.gmtxdev.com\/fr\/wp-json\/wp\/v2\/types\/page"}],"author":[{"embeddable":true,"href":"https:\/\/www.gmtxdev.com\/fr\/wp-json\/wp\/v2\/users\/1"}],"replies":[{"embeddable":true,"href":"https:\/\/www.gmtxdev.com\/fr\/wp-json\/wp\/v2\/comments?post=14324"}],"version-history":[{"count":0,"href":"https:\/\/www.gmtxdev.com\/fr\/wp-json\/wp\/v2\/pages\/14324\/revisions"}],"wp:attachment":[{"href":"https:\/\/www.gmtxdev.com\/fr\/wp-json\/wp\/v2\/media?parent=14324"}],"curies":[{"name":"wp","href":"https:\/\/api.w.org\/{rel}","templated":true}]}}