   
{"id":14316,"date":"2020-12-09T11:16:56","date_gmt":"2020-12-09T11:16:56","guid":{"rendered":"https:\/\/www.geneticmatrixtest.com\/?page_id=14316"},"modified":"2020-12-09T11:16:56","modified_gmt":"2020-12-09T11:16:56","slug":"design-humain-centre-sacral","status":"publish","type":"page","link":"https:\/\/www.gmtxdev.com\/fr\/design-humain-centre-sacral\/","title":{"rendered":"Design Humain \u2013 Centre sacral"},"content":{"rendered":"<div id=\"content\">\r\n<div class=\"test_page\">\r\n<div class=\"breadcam\"><a href=\"\/fr\/\">Accueil<\/a> \u00bb <a href=\"\/fr\/centre-dinfos\/\">centre-dinfos<\/a> \u00bb<a href=\"\/fr\/les-9-centres\/\">9 centres<\/a> \u00bb Design Humain \u2013 Centre sacral<\/div>\r\n<\/div>\r\n<div class=\"l_content left mar_top\">\r\n<div class=\"services\">\r\n<h3><strong>Design Humain \u2013 Centre sacral<\/strong><\/h3>\r\n<ul>\r\n \t<li>Le centre sacral est un centre moteur tr\u00e8s puissant (\u00e9nergie de force de vie).<\/li>\r\n<\/ul>\r\n<\/div>\r\n&nbsp;\r\n<div class=\"services\">\r\n<div><a href=\"https:\/\/www.geneticmatrix.com\/wp-content\/uploads\/2020\/07\/image-12.png\"><img class=\"alignnone wp-image-14318 size-medium\" src=\"https:\/\/www.geneticmatrix.com\/wp-content\/uploads\/2020\/07\/image-12-300x273.png\" alt=\"\" width=\"300\" height=\"273\" \/><\/a><\/div>\r\n<!--\r\n<div class=\"img_hover right\">D\u00e9placez votre souris sur les images<\/div>\r\n-->\r\n<div class=\"right gall_sys\">\r\n<h3>La biologie<\/h3>\r\n<ul>\r\n \t<li>Quatre des neuf portes du centre sacral (5, 9, 29, 42) font partie du circuit collectif.<\/li>\r\n \t<li>Deux des neuf portes du centre sacral (3, 14) font partie du circuit individuel.<\/li>\r\n \t<li>Deux des neuf portes du centre sacral (27, 59) font partie du circuit tribal.<\/li>\r\n \t<li>L\u2019une des neuf portes du centre sacral (34) peut faire partie du circuit individuel (centrage) et\/ou du r\u00e9seau d\u2019int\u00e9gration. Cela d\u00e9pend des portes qui s\u2019y connectent (ou non).<\/li>\r\n \t<li>Contraints par nos g\u00e8nes, les <a href=\"https:\/\/en.wikipedia.org\/wiki\/Reproductive_organs\" target=\"_new\" rel=\"noopener noreferrer\">organes reproducteurs<\/a> veillent \u00e0 ce que notre esp\u00e8ce se reproduise et reste g\u00e9n\u00e9tiquement viable.<\/li>\r\n \t<li>Le centre sacral est un <a href=\"https:\/\/en.wikipedia.org\/wiki\/Vortex\" target=\"_new\" rel=\"noopener noreferrer\">vortex<\/a> qui fonctionne selon un mouvement croissant de spirale dans le corps.<\/li>\r\n<\/ul>\r\n<\/div>\r\n<div class=\"clear\"><\/div>\r\n<h3>Voici quelques-uns des mots-cl\u00e9s associ\u00e9s au centre sacral et \u00e0 ses <a href=\"\/human-design-gates\/\">portes:<\/a> sont:<\/h3>\r\n<table class=\"personality tab_mar\" border=\"1\" width=\"650\" cellspacing=\"0\" cellpadding=\"0\">\r\n<tbody>\r\n<tr>\r\n<td>G\u00e9n\u00e9rative<\/td>\r\n<td>Croissance<\/td>\r\n<td>Ach\u00e8vement<\/td>\r\n<\/tr>\r\n<tr>\r\n<td>Vortex<\/td>\r\n<td>Cycles<\/td>\r\n<td>Commande<\/td>\r\n<\/tr>\r\n<tr>\r\n<td>Le Nouveau<\/td>\r\n<td>Se concentrer<\/td>\r\n<td>D\u00e9tails<\/td>\r\n<\/tr>\r\n<tr>\r\n<td>Planification<\/td>\r\n<td>Soins<\/td>\r\n<td>Nourriture<\/td>\r\n<\/tr>\r\n<tr>\r\n<td>Pouvoir<\/td>\r\n<td>\u00c9go\u00efsme<\/td>\r\n<td>Richesse<\/td>\r\n<\/tr>\r\n<tr>\r\n<td>Esclavage<\/td>\r\n<td>Engagement<\/td>\r\n<td>Industrie<\/td>\r\n<\/tr>\r\n<tr>\r\n<td>Reproduction<\/td>\r\n<td>Intimit\u00e9<\/td>\r\n<td>Fertilit\u00e9<\/td>\r\n<\/tr>\r\n<tr>\r\n<td>Attente<\/td>\r\n<td>Rythmes fixes<\/td>\r\n<td>Habitudes<\/td>\r\n<\/tr>\r\n<\/tbody>\r\n<\/table>\r\n<div class=\"services\"><\/div>\r\n<\/div>\r\n<\/div>\r\n<div class=\"r_content right mar_top\"><\/div>\r\n<div class=\"clear\"><\/div>\r\n<\/div>","protected":false},"excerpt":{"rendered":"<p>Accueil \u00bb centre-dinfos \u00bb9 centres \u00bb Design Humain \u2013 Centre sacral Design Humain \u2013 Centre sacral Le centre sacral est un centre moteur tr\u00e8s puissant (\u00e9nergie de force de vie). &nbsp; La biologie Quatre des neuf portes du centre sacral (5, 9, 29, 42) font partie du circuit collectif. Deux des neuf portes du centre&hellip; <a class=\"more-link\" href=\"https:\/\/www.gmtxdev.com\/fr\/design-humain-centre-sacral\/\">Poursuivre la lecture de <span class=\"screen-reader-text\">Design Humain \u2013 Centre sacral<\/span><\/a><\/p>\n","protected":false},"author":1,"featured_media":0,"parent":0,"menu_order":0,"comment_status":"closed","ping_status":"closed","template":"","meta":{"footnotes":""},"class_list":["post-14316","page","type-page","status-publish","hentry","entry"],"_links":{"self":[{"href":"https:\/\/www.gmtxdev.com\/fr\/wp-json\/wp\/v2\/pages\/14316","targetHints":{"allow":["GET"]}}],"collection":[{"href":"https:\/\/www.gmtxdev.com\/fr\/wp-json\/wp\/v2\/pages"}],"about":[{"href":"https:\/\/www.gmtxdev.com\/fr\/wp-json\/wp\/v2\/types\/page"}],"author":[{"embeddable":true,"href":"https:\/\/www.gmtxdev.com\/fr\/wp-json\/wp\/v2\/users\/1"}],"replies":[{"embeddable":true,"href":"https:\/\/www.gmtxdev.com\/fr\/wp-json\/wp\/v2\/comments?post=14316"}],"version-history":[{"count":0,"href":"https:\/\/www.gmtxdev.com\/fr\/wp-json\/wp\/v2\/pages\/14316\/revisions"}],"wp:attachment":[{"href":"https:\/\/www.gmtxdev.com\/fr\/wp-json\/wp\/v2\/media?parent=14316"}],"curies":[{"name":"wp","href":"https:\/\/api.w.org\/{rel}","templated":true}]}}