   
{"id":14312,"date":"2020-12-09T10:58:51","date_gmt":"2020-12-09T10:58:51","guid":{"rendered":"https:\/\/www.geneticmatrixtest.com\/?page_id=14312"},"modified":"2020-12-09T10:58:51","modified_gmt":"2020-12-09T10:58:51","slug":"design-humain-centre-de-la-racine","status":"publish","type":"page","link":"https:\/\/www.gmtxdev.com\/fr\/design-humain-centre-de-la-racine\/","title":{"rendered":"Design Humain \u2013 Centre de la racine"},"content":{"rendered":"<div id=\"content\">\r\n<div class=\"test_page\">\r\n<div class=\"breadcam\"><a href=\"\/fr\/\">Accueil<\/a> \u00bb <a href=\"\/fr\/centre-dinfos\/\">centre-dinfos<\/a> \u00bb<a href=\"\/fr\/les-9-centres\/\">9 centres<\/a> \u00bb Design Humain \u2013 Centre de la racine<\/div>\r\n<\/div>\r\n<div class=\"l_content left mar_top\">\r\n<div class=\"services\">\r\n<h3><strong>Design Humain \u2013 Centre de la racine<\/strong><\/h3>\r\n<ul>\r\n \t<li>Le centre de la racine est \u00e0 la fois un centre de pression et moteur (\u00e9nergie du stress). Il contr\u00f4le la r\u00e9action de \u00ab lutte ou de fuite \u00bb de notre corps.<\/li>\r\n \t<li>Quatre des neuf portes du centre de la racine font partie du circuit collectif (41, 52, 53, 58).<\/li>\r\n \t<li>Trois des neuf portes du centre de la racine font partie du circuit individuel (38, 39, 60).<\/li>\r\n \t<li>Deux des neuf portes du centre de la racine font partie du circuit tribal (19, 54).<\/li>\r\n<\/ul>\r\n<div><a href=\"https:\/\/www.geneticmatrix.com\/wp-content\/uploads\/2020\/07\/Root-Center-Image.png\"><img class=\"alignnone wp-image-14314 size-medium\" src=\"https:\/\/www.geneticmatrix.com\/wp-content\/uploads\/2020\/07\/Root-Center-Image-300x174.png\" alt=\"\" width=\"300\" height=\"174\" \/><\/a><\/div>\r\n<!--\r\n<div class=\"root right\">D\u00e9placez votre souris sur les images<\/div>\r\n-->\r\n<div class=\"clear\"><\/div>\r\n<div class=\"services\">\r\n<div class=\"clear\"><\/div>\r\n<div class=\"right gall_sys\">\r\n<ul>\r\n \t<li>1 \u2013 Connaissance de la pression (individuelle)<\/li>\r\n \t<li>2 \u2013 Pression tribale<\/li>\r\n \t<li>3 \u2013 Comprendre la pression (logique)<\/li>\r\n \t<li>4 \u2013 Pression de d\u00e9tection (abstraction)<\/li>\r\n<\/ul>\r\n<h3>La biologie<\/h3>\r\n<ul>\r\n \t<li>Les <a href=\"https:\/\/en.wikipedia.org\/wiki\/Adrenal_glands\" target=\"_new\" rel=\"noopener noreferrer\">glandes surr\u00e9nales<\/a>sont des en forme de triangle<a href=\"https:\/\/en.wikipedia.org\/wiki\/Endocrine_gland\" target=\"_new\" rel=\"noopener noreferrer\">endocrine glands <\/a>qui s\u2019assoient au-dessus des<a href=\"https:\/\/en.wikipedia.org\/wiki\/Kidney\" target=\"_new\" rel=\"noopener noreferrer\">reins.<\/a>.<\/li>\r\n \t<li>Les glandes surr\u00e9nales sont principalement responsables de la r\u00e9gulation de la r\u00e9ponse au <a href=\"https:\/\/en.wikipedia.org\/wiki\/Stress_%28medicine%29\" target=\"_new\" rel=\"noopener noreferrer\">stress<\/a> dans notre corps en <a href=\"https:\/\/en.wikipedia.org\/wiki\/Biosynthesis\" target=\"_new\" rel=\"noopener noreferrer\">synth\u00e9tisant<\/a> <a href=\"https:\/\/en.wikipedia.org\/wiki\/Corticosteroid\" target=\"_new\" rel=\"noopener noreferrer\">corticost\u00e9riodes<\/a>et <a href=\"https:\/\/en.wikipedia.org\/wiki\/Catecholamine\" target=\"_new\" rel=\"noopener noreferrer\">cat\u00e9cholamines<\/a> qui comprennent <a href=\"https:\/\/en.wikipedia.org\/wiki\/Cortisol\" target=\"_new\" rel=\"noopener noreferrer\">cortisol<\/a>et <a href=\"https:\/\/en.wikipedia.org\/wiki\/Adrenaline\" target=\"_new\" rel=\"noopener noreferrer\">l\u2019adr\u00e9naline<\/a>(\u00e9pin\u00e9phrine).<\/li>\r\n<\/ul>\r\n<\/div>\r\n<h3>Quelques-uns des mots-cl\u00e9s associ\u00e9s au centre de la racine et \u00e0 ses <a href=\"&lt;?php echo site_url(); ?&gt;\/human-design-gates\/\">portes<\/a> sont les suivants :<\/h3>\r\n<table class=\"personality\" border=\"1\" width=\"650\" cellspacing=\"0\" cellpadding=\"0\">\r\n<tbody>\r\n<tr>\r\n<td>Pression<\/td>\r\n<td>Stress<\/td>\r\n<td>Immobilit\u00e9<\/td>\r\n<\/tr>\r\n<tr>\r\n<td>Se concentrer<\/td>\r\n<td>Acceptation<\/td>\r\n<td>Limitation<\/td>\r\n<\/tr>\r\n<tr>\r\n<td>Imaginaire<\/td>\r\n<td>Nouvelle exp\u00e9rience<\/td>\r\n<td>Vitalit\u00e9<\/td>\r\n<\/tr>\r\n<tr>\r\n<td>Autorit\u00e9 de d\u00e9fi<\/td>\r\n<td>Demandes<\/td>\r\n<td>Service<\/td>\r\n<\/tr>\r\n<tr>\r\n<td>Opposition<\/td>\r\n<td>Combat<\/td>\r\n<td>Agressivit\u00e9<\/td>\r\n<\/tr>\r\n<tr>\r\n<td>Ambition mat\u00e9rielle<\/td>\r\n<td>D\u00e9buts<\/td>\r\n<td>Libert\u00e9<\/td>\r\n<\/tr>\r\n<tr>\r\n<td>Besoin<\/td>\r\n<td>Flirt<\/td>\r\n<td>Sensibilit\u00e9<\/td>\r\n<\/tr>\r\n<tr>\r\n<td>Toucher<\/td>\r\n<td>Territoire<\/td>\r\n<td>Provocation<\/td>\r\n<\/tr>\r\n<tr>\r\n<td>Individualisme<\/td>\r\n<td>Tension<\/td>\r\n<td>Surdit\u00e9<\/td>\r\n<\/tr>\r\n<\/tbody>\r\n<\/table>\r\n<\/div>\r\n<\/div>\r\n<\/div>\r\n<div class=\"r_content right mar_top\"><\/div>\r\n<div class=\"clear\"><\/div>\r\n<\/div>","protected":false},"excerpt":{"rendered":"<p>Accueil \u00bb centre-dinfos \u00bb9 centres \u00bb Design Humain \u2013 Centre de la racine Design Humain \u2013 Centre de la racine Le centre de la racine est \u00e0 la fois un centre de pression et moteur (\u00e9nergie du stress). Il contr\u00f4le la r\u00e9action de \u00ab lutte ou de fuite \u00bb de notre corps. Quatre des neuf&hellip; <a class=\"more-link\" href=\"https:\/\/www.gmtxdev.com\/fr\/design-humain-centre-de-la-racine\/\">Poursuivre la lecture de <span class=\"screen-reader-text\">Design Humain \u2013 Centre de la racine<\/span><\/a><\/p>\n","protected":false},"author":1,"featured_media":0,"parent":0,"menu_order":0,"comment_status":"closed","ping_status":"closed","template":"","meta":{"footnotes":""},"class_list":["post-14312","page","type-page","status-publish","hentry","entry"],"_links":{"self":[{"href":"https:\/\/www.gmtxdev.com\/fr\/wp-json\/wp\/v2\/pages\/14312","targetHints":{"allow":["GET"]}}],"collection":[{"href":"https:\/\/www.gmtxdev.com\/fr\/wp-json\/wp\/v2\/pages"}],"about":[{"href":"https:\/\/www.gmtxdev.com\/fr\/wp-json\/wp\/v2\/types\/page"}],"author":[{"embeddable":true,"href":"https:\/\/www.gmtxdev.com\/fr\/wp-json\/wp\/v2\/users\/1"}],"replies":[{"embeddable":true,"href":"https:\/\/www.gmtxdev.com\/fr\/wp-json\/wp\/v2\/comments?post=14312"}],"version-history":[{"count":0,"href":"https:\/\/www.gmtxdev.com\/fr\/wp-json\/wp\/v2\/pages\/14312\/revisions"}],"wp:attachment":[{"href":"https:\/\/www.gmtxdev.com\/fr\/wp-json\/wp\/v2\/media?parent=14312"}],"curies":[{"name":"wp","href":"https:\/\/api.w.org\/{rel}","templated":true}]}}