   
{"id":14308,"date":"2020-12-09T10:31:13","date_gmt":"2020-12-09T10:31:13","guid":{"rendered":"https:\/\/www.geneticmatrixtest.com\/?page_id=14308"},"modified":"2020-12-09T10:31:13","modified_gmt":"2020-12-09T10:31:13","slug":"design-humain-centre-du-coeur","status":"publish","type":"page","link":"https:\/\/www.gmtxdev.com\/fr\/design-humain-centre-du-coeur\/","title":{"rendered":"Design Humain \u2013 Centre du c\u0153ur"},"content":{"rendered":"<div id=\"content\">\r\n<div class=\"test_page\">\r\n<div class=\"breadcam\"><a href=\"\/fr\/\">Accueil<\/a> \u00bb <a href=\"\/fr\/centre-dinfos\/\">centre-dinfos<\/a> \u00bb<a href=\"\/les-9-centres\/\">9 centres<\/a> \u00bb Design Humain \u2013 Centre du c\u0153ur<\/div>\r\n<\/div>\r\n<div class=\"l_content left mar_top\">\r\n<div class=\"services\">\r\n<h3><strong>Design Humain \u2013 Centre du c\u0153ur<\/strong><\/h3>\r\n<ul>\r\n \t<li>30% de la population mondiale dispose d\u2019un centre du c\u0153ur d\u00e9fini.<\/li>\r\n \t<li>70% de la population mondiale dispose d\u2019un centre du c\u0153ur ind\u00e9fini.<\/li>\r\n \t<li>Le centre du c\u0153ur est un centre moteur (ego\/\u00e9nergie de la volont\u00e9). Il a la capacit\u00e9 de continuer lorsque toutes les autres formes d\u2019\u00e9nergie sont \u00e9puis\u00e9es.<\/li>\r\n \t<li>Trois des quatre portes du centre du c\u0153ur font partie du circuit tribal.<\/li>\r\n \t<li>L\u2019autre porte fait partie du circuit de centrage (51).<\/li>\r\n<\/ul>\r\n&nbsp;\r\n<div><a href=\"https:\/\/www.geneticmatrix.com\/wp-content\/uploads\/2020\/07\/Heart-Image.jpg\"><img class=\"alignnone size-full wp-image-14310\" src=\"https:\/\/www.geneticmatrix.com\/wp-content\/uploads\/2020\/07\/Heart-Image.jpg\" alt=\"\" width=\"279\" height=\"257\" \/><\/a><\/div>\r\n<!--\r\n<div class=\"heartcen right\">\r\nD\u00e9placez votre souris sur les images<\/div>\r\n-->\r\n<div class=\"clear\"><\/div>\r\n<div class=\"services\">\r\n<div class=\"right gall_sys\">\r\n<ul>\r\n \t<li>1 \u2013 Le <a href=\"https:\/\/en.wikipedia.org\/wiki\/Heart\" target=\"_new\" rel=\"noopener noreferrer\">muscle cardiaque<\/a> est l\u2019organe responsable du pompage du sang \u00e0 travers nos vaisseaux sanguins.<\/li>\r\n \t<li>2 \u2013 La <a href=\"https:\/\/en.wikipedia.org\/wiki\/Gall_bladder\">v\u00e9sicule biliaire<\/a> est un petit organe dont la fonction dans le corps est de stocker la bile comme une aide au processus digestif.<\/li>\r\n \t<li>3 \u2013 La <a href=\"https:\/\/en.wikipedia.org\/wiki\/Thymus_gland\">Thymus<\/a> glande du est un organe qui s\u00e9cr\u00e8te des hormones qui stimulent la production de certaines cellules de lutte contre l\u2019infection. Cet organe est d\u2019une importance centrale dans la maturation des <a href=\"https:\/\/en.wikipedia.org\/wiki\/T_cells\">lymphocytes T.<\/a>.<\/li>\r\n \t<li>4 \u2013 <a href=\"https:\/\/en.wikipedia.org\/wiki\/Stomach_acid\"> L\u2019acide gastrique<\/a> est l\u2019une des principales s\u00e9cr\u00e9tions de l\u2019estomac. <a href=\"https:\/\/en.wikipedia.org\/wiki\/Stomach\">estomac<\/a>.<\/li>\r\n<\/ul>\r\n<\/div>\r\n<div class=\"clear\"><\/div>\r\n<h3>Voici quelques-uns des mots-cl\u00e9s associ\u00e9s au centre du c\u0153ur et \u00e0 ses <a href=\"\/human-design-gates\/\">portes<\/a> \r\nsont :<\/h3>\r\n<table class=\"personality\" border=\"1\" width=\"650\" cellspacing=\"0\" cellpadding=\"0\">\r\n<tbody>\r\n<tr>\r\n<td>Ego<\/td>\r\n<td>Volont\u00e9<\/td>\r\n<td>Choc<\/td>\r\n<\/tr>\r\n<tr>\r\n<td>Humour<\/td>\r\n<td>Contr\u00f4le<\/td>\r\n<td>Promos\/Offres<\/td>\r\n<\/tr>\r\n<tr>\r\n<td>Amour du travail<\/td>\r\n<td>Soi<\/td>\r\n<td>Argent<\/td>\r\n<\/tr>\r\n<tr>\r\n<td>Solitude<\/td>\r\n<td>D\u00e9ni<\/td>\r\n<td>R\u00e9cup\u00e9ration<\/td>\r\n<\/tr>\r\n<tr>\r\n<td>Manipulation<\/td>\r\n<td>Courage<\/td>\r\n<td>La folie<\/td>\r\n<\/tr>\r\n<tr>\r\n<td>Achats<\/td>\r\n<td>Effort<\/td>\r\n<td>Tension<\/td>\r\n<\/tr>\r\n<tr>\r\n<td>Repos<\/td>\r\n<td>Initiative<\/td>\r\n<td>Domination<\/td>\r\n<\/tr>\r\n<tr>\r\n<td>Famille<\/td>\r\n<td>Comp\u00e9titif<\/td>\r\n<td>M\u00e9moire<\/td>\r\n<\/tr>\r\n<tr>\r\n<td>Mensonge\/V\u00e9rit\u00e9<\/td>\r\n<td>Technique de vente<\/td>\r\n<td>Directeur<\/td>\r\n<\/tr>\r\n<\/tbody>\r\n<\/table>\r\n<\/div>\r\n<\/div>\r\n<\/div>\r\n<div class=\"r_content right mar_top\"><\/div>\r\n<div class=\"clear\"><\/div>\r\n<\/div>","protected":false},"excerpt":{"rendered":"<p>Accueil \u00bb centre-dinfos \u00bb9 centres \u00bb Design Humain \u2013 Centre du c\u0153ur Design Humain \u2013 Centre du c\u0153ur 30% de la population mondiale dispose d\u2019un centre du c\u0153ur d\u00e9fini. 70% de la population mondiale dispose d\u2019un centre du c\u0153ur ind\u00e9fini. Le centre du c\u0153ur est un centre moteur (ego\/\u00e9nergie de la volont\u00e9). Il a la&hellip; <a class=\"more-link\" href=\"https:\/\/www.gmtxdev.com\/fr\/design-humain-centre-du-coeur\/\">Poursuivre la lecture de <span class=\"screen-reader-text\">Design Humain \u2013 Centre du c\u0153ur<\/span><\/a><\/p>\n","protected":false},"author":1,"featured_media":0,"parent":0,"menu_order":0,"comment_status":"closed","ping_status":"closed","template":"","meta":{"footnotes":""},"class_list":["post-14308","page","type-page","status-publish","hentry","entry"],"_links":{"self":[{"href":"https:\/\/www.gmtxdev.com\/fr\/wp-json\/wp\/v2\/pages\/14308","targetHints":{"allow":["GET"]}}],"collection":[{"href":"https:\/\/www.gmtxdev.com\/fr\/wp-json\/wp\/v2\/pages"}],"about":[{"href":"https:\/\/www.gmtxdev.com\/fr\/wp-json\/wp\/v2\/types\/page"}],"author":[{"embeddable":true,"href":"https:\/\/www.gmtxdev.com\/fr\/wp-json\/wp\/v2\/users\/1"}],"replies":[{"embeddable":true,"href":"https:\/\/www.gmtxdev.com\/fr\/wp-json\/wp\/v2\/comments?post=14308"}],"version-history":[{"count":0,"href":"https:\/\/www.gmtxdev.com\/fr\/wp-json\/wp\/v2\/pages\/14308\/revisions"}],"wp:attachment":[{"href":"https:\/\/www.gmtxdev.com\/fr\/wp-json\/wp\/v2\/media?parent=14308"}],"curies":[{"name":"wp","href":"https:\/\/api.w.org\/{rel}","templated":true}]}}