   
{"id":14174,"date":"2020-12-04T13:29:49","date_gmt":"2020-12-04T13:29:49","guid":{"rendered":"https:\/\/www.geneticmatrixtest.com\/?page_id=14174"},"modified":"2021-03-22T11:56:05","modified_gmt":"2021-03-22T11:56:05","slug":"design-humain-le-manifesteur-generateur","status":"publish","type":"page","link":"https:\/\/www.gmtxdev.com\/fr\/design-humain-le-manifesteur-generateur\/","title":{"rendered":"Design Humain - Le manifesteur-g\u00e9n\u00e9rateur"},"content":{"rendered":"<div id=\"content\">\r\n<div class=\"test_page\">\r\n<div class=\"breadcam\"><a href=\"\/fr\/\">Accueil<\/a> \u00bb <a href=\"\/fr\/centre-dinfos\/\">Centre d'information<\/a> \u00bb<a href=\"\/fr\/types-de-conception-humaine\/\">Types<\/a> \u00bb Design Humain - Le manifesteur-g\u00e9n\u00e9rateur<\/div>\r\n<\/div>\r\n<div class=\"l_content left mar_top\">\r\n<div class=\"services\">\r\n<div>\r\n<h3><strong>Design Humain - Le manifesteur-g\u00e9n\u00e9rateur<\/strong><\/h3>\r\n<ul>\r\n \t<li>Les manifesteurs-g\u00e9n\u00e9rateurs repr\u00e9sentent 32 % de la population mondiale.<\/li>\r\n \t<li>Les manifesteurs-g\u00e9n\u00e9rateurs sont con\u00e7us pour r\u00e9pondre \u00e0 la vie avant d\u2019initier de l\u2019\u00e9nergie.<\/li>\r\n \t<li>Le seul manifesteur-g\u00e9n\u00e9rateur pur est celui avec le canal 20 - 34 activ\u00e9.<\/li>\r\n \t<li>Tous les autres manifesteurs-g\u00e9n\u00e9rateurs sont des g\u00e9n\u00e9rateurs avec des aspects manifesteurs.<\/li>\r\n<\/ul>\r\n\r\n<hr \/>\r\n\r\n<a href=\"https:\/\/www.geneticmatrix.com\/wp-content\/uploads\/2012\/09\/MG.png\"><img class=\"alignnone size-full wp-image-14178\" title=\"Human Design - Manifesting Generator\" src=\"https:\/\/www.geneticmatrix.com\/wp-content\/uploads\/2012\/09\/MG.png\" alt=\"\" width=\"664\" height=\"487\" \/><\/a>\r\n\r\n<hr \/>\r\n\r\n<ul>\r\n \t<li>Le MG a l\u2019intelligence sacrale pour \u00eatre efficace avec son \u00e9nergie.<\/li>\r\n \t<li>L\u2019utilisation efficace de l\u2019\u00e9nergie apporte un sentiment profond de satisfaction pour un MG.<\/li>\r\n \t<li>L\u2019\u00e9nergie puissante du MG rencontre des obstacles de r\u00e9sistance significatifs lorsque mentalement initi\u00e9e.<\/li>\r\n \t<li>La r\u00e9sistance apporte de profonds sentiments de frustration et de col\u00e8re chez le MG.<\/li>\r\n \t<li>Les MG sont con\u00e7us pour \u00eatre des \u00eatres supr\u00eamement puissants lorsqu\u2019ils r\u00e9pondent \u00e0 quelque chose.<\/li>\r\n \t<li>L\u2019\u00e9nergie sacrale compl\u00e8te n\u2019est pas disponible pour un MG qui a d\u00e9cid\u00e9 d\u2019engager une action sur la base d\u2019une d\u00e9cision mentale.<\/li>\r\n \t<li>Il y a deux variations diff\u00e9rentes d\u2019autorit\u00e9 int\u00e9rieure du type du MG <a title=\"Go to Sacral Center page\" href=\"https:\/\/www.geneticmatrix.com\/human-design-sacral-center\/\">Sacrale<\/a> et<a title=\"Go to Solar Plexus Center\" href=\"https:\/\/www.geneticmatrix.com\/human-design-solar-plexus-center\/\">\u00e9motionnelle.<\/a>.<\/li>\r\n \t<li>Les MG sont con\u00e7us pour travailler leur \u00e9nergie, d\u2019une mani\u00e8re personnellement satisfaisante, en devenant des constructeurs cr\u00e9atifs uniques guid\u00e9s par leur autorit\u00e9 int\u00e9rieure.<\/li>\r\n \t<li>Les MG \u00e0 l\u2019esprit initiant peuvent devenir les esclaves de l\u2019\u00e9nergie conditionn\u00e9e de tout le monde.<\/li>\r\n<\/ul>\r\n<h3>Le sommeil et le manifesteur-g\u00e9n\u00e9rateur<\/h3>\r\n<ul>\r\n \t<li>Pour assurer une r\u00e9g\u00e9n\u00e9ration optimale de l\u2019\u00e9nergie sacrale, le MG doit se coucher avant d\u2019\u00eatre fatigu\u00e9 (contrairement aux g\u00e9n\u00e9rateurs).<\/li>\r\n \t<li>Le MG a besoin de se d\u00e9tendre et d\u2019\u00e9puiser le dernier carburant dans leur centre sacral tout en se couchant avant qu\u2019il ne s\u2019endorme.<\/li>\r\n \t<li>Le centre sacral du MG est con\u00e7u pour se \u00ab r\u00e9g\u00e9n\u00e9rer \u00bb compl\u00e8tement pendant le sommeil. Comme une batterie rechargeable.<\/li>\r\n \t<li>Votre batterie sacrale ne peut se recharger correctement qu\u2019\u00e0 partir d\u2019un \u00e9tat d\u2019\u00e9puisement avant le sommeil.<\/li>\r\n \t<li>Le MG devrait dormir seul (aucune personne dans votre aura). Cela assure le r\u00e9\u00e9quilibrage sain de son corps entier pendant la nuit.<\/li>\r\n<\/ul>\r\n<\/div>\r\n<div>\r\n\r\n<strong>32 % de la population mondiale sont des manifesteurs-g\u00e9n\u00e9rateurs.<\/strong>\r\n\r\nLes manifesteurs-g\u00e9n\u00e9rateurs (MG) ont la m\u00eame conception g\u00e9n\u00e9tique de base que le type du g\u00e9n\u00e9rateur.\r\n\r\n&nbsp;\r\n\r\nLes deux types sont con\u00e7us pour r\u00e9pondre \u00e0 la vie par le biais de leur centre sacral avant d\u2019initier de l\u2019\u00e9nergie.\r\n\r\n&nbsp;\r\n\r\nLa patience et le fait de r\u00e9pondre \u00e0 la vie sont r\u00e9compens\u00e9s par l\u2019obtention d\u2019une votre vie unique.\r\n\r\n&nbsp;\r\n\r\nR\u00e9pondre naturellement au flux de vie qui vient \u00e0 vous en tant que manifesteur-g\u00e9n\u00e9rateur est finalement la fa\u00e7on la plus efficace et satisfaisante dont votre \u00e9nergie peut \u00eatre utilis\u00e9e.\r\n\r\n&nbsp;\r\n\r\nL\u2019essence de la vraie spiritualit\u00e9 pour un manifesteur-g\u00e9n\u00e9rateur est de croire que la vie elle-m\u00eame a un projet pour vous et qu\u2019elle se d\u00e9roulera selon son propre timing naturel comme quelque chose auquel vous \u00eates sp\u00e9cialement \u00e9quip\u00e9 \u00e0 r\u00e9pondre.\r\n\r\n&nbsp;\r\n\r\nVous ne pouvez pas contr\u00f4ler la bonne direction de votre vie en utilisant une approche \u00ab rationnelle \u00bb fond\u00e9e sur la d\u00e9cision mentale. Votre esprit vous guidera activement vers une vie qui, en fin de compte, s\u2019av\u00e9rera insatisfaisante.\r\n\r\n&nbsp;\r\n\r\nLa diff\u00e9rence entre les g\u00e9n\u00e9rateurs et les manifesteurs-g\u00e9n\u00e9rateurs est que les manifesteurs-g\u00e9n\u00e9rateurs sont con\u00e7us pour passer \u00e0 l\u2019initiation tr\u00e8s rapidement apr\u00e8s avoir r\u00e9pondu (\u00e0 moins qu\u2019ils ne soient des manifesteurs-g\u00e9n\u00e9rateurs \u00e9motionnels).\r\n\r\n&nbsp;\r\n\r\nCe sont les gens qui restent au pouvoir. Le centre sacral dans leur corps est la cl\u00e9 de leur puissance pure. Il cr\u00e9e l\u2019\u00e9nergie vitale de la force de vie n\u00e9cessaire \u00e0 l\u2019action, pour vivre la vie, faire et cr\u00e9er. Il est \u00e9galement le centre de notre sexualit\u00e9 et assure ainsi la continuit\u00e9 de notre esp\u00e8ce.\r\n\r\n&nbsp;\r\n\r\nLa plus grande le\u00e7on pour un g\u00e9n\u00e9rateur est d\u2019apprendre \u00e0 r\u00e9pondre \u00e0 la vie avec leur \u00ab instinct \u00bb. Oui, ils ont de l\u2019\u00e9nergie \u00e0 br\u00fbler ; de l\u2019\u00e9nergie pour faire toutes sortes de choses ; mais peuvent-ils attendre que le monde leur donne leur signal ?\r\n\r\n&nbsp;\r\n\r\nS\u2019ils le peuvent, alors toutes les formes de frustrations sont \u00e9limin\u00e9es de leur vie et sont remplac\u00e9es par un profond sentiment de satisfaction. En r\u00e9pondant de l\u2019int\u00e9rieur d\u2019eux-m\u00eames \u00e0 tout ce que la vie leur offre, leur mode de vie devient une exp\u00e9rience joyeuse et satisfaisante pour tous les g\u00e9n\u00e9rateurs.\r\n\r\n&nbsp;\r\n\r\nLes g\u00e9n\u00e9rateurs lancent habituellement des actions parce qu\u2019ils craignent que rien ne se passe autrement. Et c\u2019est le pi\u00e8ge qui les asservit. Si le g\u00e9n\u00e9rateur a le courage d\u2019attendre, il apprendra tr\u00e8s rapidement que cette peur n\u2019est pas fond\u00e9e.\r\n\r\n&nbsp;\r\n\r\nL\u2019\u00e9nergie de force de vie sans fin que le g\u00e9n\u00e9rateur d\u00e9tient dans son centre sacral est un aimant super puissant qui attire des possibilit\u00e9s \u00e0 travers leur aura enveloppante. D\u2019autres personnes ont soif d\u2019acc\u00e8s \u00e0 cette \u00e9norme ressource \u00e9nerg\u00e9tique et le g\u00e9n\u00e9rateur n\u2019a pas \u00e0 attendre longtemps avant que d\u2019autres personnes commencent \u00e0 demander l\u2019acc\u00e8s \u00e0 cette ressource.\r\n\r\n&nbsp;\r\n\r\nLorsque le g\u00e9n\u00e9rateur attend que la vie se pr\u00e9sente, il devient comme un trou noir magn\u00e9tique qui attire tout et tout le monde vers eux automatiquement. Toutes choses viendront au g\u00e9n\u00e9rateur en leur propre temps - il n\u2019a pas besoin d\u2019entreprendre des actions pour essayer de faire bouger les choses. Tout ce qui est con\u00e7u pour et est bon pour eux seront attir\u00e9s automatiquement. Travail, relations, bonne fortune et le reste.\r\n\r\n&nbsp;\r\n\r\nLes g\u00e9n\u00e9rateurs sont con\u00e7us pour flotter dans le \u00ab moment pr\u00e9sent \u00bb suivant le courant de la vie, en prenant leurs signes pour l\u2019action quand ils apparaissent. Les g\u00e9n\u00e9rateurs ne sont pas l\u00e0 pour s\u2019inqui\u00e9ter de l\u2019avenir. Leur avenir correct viendra automatiquement s\u2019ils r\u00e9pondent dans le \u00ab moment pr\u00e9sent \u00bb \u00e0 ce que la vie leur donne.\r\n\r\n&nbsp;\r\n\r\nLes g\u00e9n\u00e9rateurs, avec leurs \u00e9normes ressources \u00e9nerg\u00e9tiques, sont \u00e9galement l\u00e0 pour atteindre la ma\u00eetrise de la vie. Ils sont ici pour ma\u00eetriser tout ce qu\u2019ils s\u2019engagent correctement \u00e0 r\u00e9pondre.\r\n\r\n&nbsp;\r\n\r\nUn grand signe que les g\u00e9n\u00e9rateurs devraient faire attention qu\u2019ils r\u00e9pondent et fonctionnent correctement est la \u00ab synchronicit\u00e9 \u00bb. Les choses commencent comme par magie \u00e0 se produire ou \u00e0 appara\u00eetre automatiquement dans leur vie. Ils semblent \u00eatre \u00ab chanceux \u00bb.\r\n\r\n&nbsp;\r\n\r\nIl est tout \u00e0 fait possible que ces g\u00e9n\u00e9rateurs qui sont sortis et se sont manifest\u00e9s sans r\u00e9f\u00e9rence \u00e0 leur centre sacral peut en fait avoir \u00e9t\u00e9 un succ\u00e8s, mais ils sont rarement heureux, satisfaits ou se sentent combl\u00e9s.\r\n\r\n&nbsp;\r\n\r\nSouvent, les g\u00e9n\u00e9rateurs se trouvent impliqu\u00e9s dans des projets ou sont engag\u00e9s aupr\u00e8s de quelqu\u2019un ou quelque chose qui ne retient pas vraiment leur int\u00e9r\u00eat ou ne leur apporte l\u2019accomplissement. Ils le font simplement parce qu\u2019il semble que quelqu\u2019un doit le faire et ils sont ceux qui ont l\u2019\u00e9nergie ! Bien s\u00fbr, ils deviennent intens\u00e9ment frustr\u00e9s, \u00e9tant l\u2019esclave de quelqu\u2019un d\u2019autre, donnant leur pouvoir en gros \u00e0 celui qui demande.\r\n\r\n&nbsp;\r\n\r\nLa le\u00e7on simple mais profonde pour tous les g\u00e9n\u00e9rateurs est de savoir de l\u2019int\u00e9rieur aupr\u00e8s de qui et \u00e0 ce \u00e0 quoi ils vont s\u2019engager. Il faut souligner que les g\u00e9n\u00e9rateurs doivent savoir d\u00e8s le d\u00e9but de toute activit\u00e9 s\u2019ils vont s\u2019engager ou non parce qu\u2019une fois qu\u2019ils ont consacr\u00e9 leur \u00e9nergie consid\u00e9rable \u00e0 quelque chose ou quelqu\u2019un, il n\u2019y a pas de retour en arri\u00e8re sans frustration et inconv\u00e9nients consid\u00e9rables.\r\n\r\n&nbsp;\r\n\r\nLes g\u00e9n\u00e9rateurs sont con\u00e7us pour flotter dans le \u00ab moment pr\u00e9sent \u00bb suivant le courant de la vie, en prenant leurs signes pour l\u2019action quand ils apparaissent. Les g\u00e9n\u00e9rateurs ne sont pas l\u00e0 pour s\u2019inqui\u00e9ter de l\u2019avenir. Leur avenir correct viendra automatiquement s\u2019ils r\u00e9pondent dans le \u00ab moment pr\u00e9sent \u00bb \u00e0 ce que la vie leur donne.\r\n\r\n&nbsp;\r\n\r\nLes g\u00e9n\u00e9rateurs, avec leurs \u00e9normes ressources \u00e9nerg\u00e9tiques, sont \u00e9galement l\u00e0 pour atteindre la ma\u00eetrise de la vie. Ils sont ici pour ma\u00eetriser tout ce qu\u2019ils s\u2019engagent correctement \u00e0 r\u00e9pondre.\r\n\r\n&nbsp;\r\n\r\nUn grand signe que les g\u00e9n\u00e9rateurs devraient faire attention qu\u2019ils r\u00e9pondent et fonctionnent correctement est la \u00ab synchronicit\u00e9 \u00bb. Les choses commencent comme par magie \u00e0 se produire ou \u00e0 appara\u00eetre automatiquement dans leur vie. Ils semblent \u00eatre \u00ab chanceux \u00bb.\r\n\r\n&nbsp;\r\n\r\nIl est tout \u00e0 fait possible que ces g\u00e9n\u00e9rateurs qui sont sortis et se sont manifest\u00e9s sans r\u00e9f\u00e9rence \u00e0 leur centre sacral peut en fait avoir \u00e9t\u00e9 un succ\u00e8s, mais ils sont rarement heureux, satisfaits ou se sentent combl\u00e9s.\r\n\r\n&nbsp;\r\n\r\nSouvent, les g\u00e9n\u00e9rateurs se trouvent impliqu\u00e9s dans des projets ou sont engag\u00e9s aupr\u00e8s de quelqu\u2019un ou quelque chose qui ne retient pas vraiment leur int\u00e9r\u00eat ou ne leur apporte l\u2019accomplissement. Ils le font simplement parce qu\u2019il semble que quelqu\u2019un doit le faire et ils sont ceux qui ont l\u2019\u00e9nergie ! Bien s\u00fbr, ils deviennent intens\u00e9ment frustr\u00e9s, \u00e9tant l\u2019esclave de quelqu\u2019un d\u2019autre, donnant leur pouvoir en gros \u00e0 celui qui demande.\r\n\r\n&nbsp;\r\n\r\nLa le\u00e7on simple mais profonde pour tous les g\u00e9n\u00e9rateurs est de savoir de l\u2019int\u00e9rieur aupr\u00e8s de qui et \u00e0 ce \u00e0 quoi ils vont s\u2019engager. Il faut souligner que les g\u00e9n\u00e9rateurs doivent savoir d\u00e8s le d\u00e9but de toute activit\u00e9 s\u2019ils vont s\u2019engager ou non parce qu\u2019une fois qu\u2019ils ont consacr\u00e9 leur \u00e9nergie consid\u00e9rable \u00e0 quelque chose ou quelqu\u2019un, il n\u2019y a pas de retour en arri\u00e8re sans frustration et inconv\u00e9nients consid\u00e9rables.\r\n\r\n&nbsp;\r\n\r\nLorsque le g\u00e9n\u00e9rateur trouve sa r\u00e9ponse sacrale, il peut obtenir le \u00ab oui \u00bb ou \u00ab non \u00bb qui lui est n\u00e9cessaire pour aller de l\u2019avant dans sa vie. Cette r\u00e9ponse peut prendre la forme d\u2019un grognement, \u00ab uhuh \u00bb, ou \u00ab unhuh \u00bb ou il peut juste \u00eatre un sentiment, un soul\u00e8vement ou une d\u00e9flation. Le g\u00e9n\u00e9rateur doit \u00eatre tr\u00e8s familier de sa r\u00e9ponse sacrale, et il a besoin de temps pour faire le point avec elle. La r\u00e9ponse peut ne pas venir imm\u00e9diatement.\r\n\r\n&nbsp;\r\n\r\nTous les g\u00e9n\u00e9rateurs atteignent un niveau o\u00f9 ils sont coinc\u00e9s. Ils sentent une barri\u00e8re et parfois font demi-tour. Si vous avez r\u00e9pondu correctement, il est important pour vous de pousser au travers de cette barri\u00e8re afin que vous puissiez passer au niveau suivant. C\u2019est presque comme s\u2019il s\u2019agissait d\u2019un test, de sorte que vous avez la chance de demander \u00e0 votre centre sacral, encore une fois, si c\u2019est ce que vous voulez vraiment. Pousser au travers de la barri\u00e8re vous confirmera que vous \u00eates sur la bonne voie.\r\n\r\n&nbsp;\r\n\r\nLes g\u00e9n\u00e9rateurs sont des travailleurs et peuvent devenir esclaves s\u2019ils n\u2019\u00e9coutent pas leur centre sacral. Un manifesteur initiera toujours et s\u2019attendra \u00e0 ce que le g\u00e9n\u00e9rateur soit son \u00ab faiseur \u00bb. Un projecteur va essayer de s\u2019accrocher \u00e0 cette puissance du g\u00e9n\u00e9rateur d\u2019une mani\u00e8re similaire.\r\n\r\n&nbsp;\r\n\r\nAinsi, les g\u00e9n\u00e9rateurs doivent se rappeler de faire le point avec leur centre sacral avant de consentir \u00e0 simplement \u00ab faire \u00bb ce que le manifesteur, projecteur ou tout autre type sugg\u00e8re. Ils doivent prendre conscience et cesser de vivre en \u00ab pilote automatique \u00bb. C\u2019est pourquoi le g\u00e9n\u00e9rateur est consid\u00e9r\u00e9 comme un esclave naturel. Il somnambule en donnant son \u00e9nergie \u00e0 tout le monde, au lieu d\u2019\u00e9couter sa sagesse int\u00e9rieure, leur centre sacral.\r\n\r\n&nbsp;\r\n\r\nLa plupart des g\u00e9n\u00e9rateurs vivent un labeur r\u00e9p\u00e9titif de \u00ab la vie quotidienne \u00bb, gagnant p\u00e9niblement leur vie. Mais ils ont toujours un m\u00e9contentement rongeur et la frustration en eux qu\u2019ils sont ici pour un autre but.\r\n\r\n&nbsp;\r\n\r\nTout ce qu\u2019un g\u00e9n\u00e9rateur doit faire est de r\u00e9pondre correctement et leur but les trouvera.\r\n\r\n&nbsp;\r\n\r\n<hr \/>\r\n\r\n&nbsp;\r\n\r\n&nbsp;\r\n\r\n<\/div>\r\n<\/div>\r\n<\/div>\r\n<div class=\"r_content right mar_top\"><\/div>\r\n<div class=\"clear\"><\/div>\r\n<\/div>","protected":false},"excerpt":{"rendered":"<p>Accueil \u00bb Centre d&rsquo;information \u00bbTypes \u00bb Design Humain &#8211; Le manifesteur-g\u00e9n\u00e9rateur Design Humain &#8211; Le manifesteur-g\u00e9n\u00e9rateur Les manifesteurs-g\u00e9n\u00e9rateurs repr\u00e9sentent 32 % de la population mondiale. Les manifesteurs-g\u00e9n\u00e9rateurs sont con\u00e7us pour r\u00e9pondre \u00e0 la vie avant d\u2019initier de l\u2019\u00e9nergie. Le seul manifesteur-g\u00e9n\u00e9rateur pur est celui avec le canal 20 &#8211; 34 activ\u00e9. Tous les autres manifesteurs-g\u00e9n\u00e9rateurs&hellip; <a class=\"more-link\" href=\"https:\/\/www.gmtxdev.com\/fr\/design-humain-le-manifesteur-generateur\/\">Poursuivre la lecture de <span class=\"screen-reader-text\">Design Humain &#8211; Le manifesteur-g\u00e9n\u00e9rateur<\/span><\/a><\/p>\n","protected":false},"author":1,"featured_media":0,"parent":0,"menu_order":0,"comment_status":"closed","ping_status":"closed","template":"","meta":{"footnotes":""},"class_list":["post-14174","page","type-page","status-publish","hentry","entry"],"_links":{"self":[{"href":"https:\/\/www.gmtxdev.com\/fr\/wp-json\/wp\/v2\/pages\/14174","targetHints":{"allow":["GET"]}}],"collection":[{"href":"https:\/\/www.gmtxdev.com\/fr\/wp-json\/wp\/v2\/pages"}],"about":[{"href":"https:\/\/www.gmtxdev.com\/fr\/wp-json\/wp\/v2\/types\/page"}],"author":[{"embeddable":true,"href":"https:\/\/www.gmtxdev.com\/fr\/wp-json\/wp\/v2\/users\/1"}],"replies":[{"embeddable":true,"href":"https:\/\/www.gmtxdev.com\/fr\/wp-json\/wp\/v2\/comments?post=14174"}],"version-history":[{"count":0,"href":"https:\/\/www.gmtxdev.com\/fr\/wp-json\/wp\/v2\/pages\/14174\/revisions"}],"wp:attachment":[{"href":"https:\/\/www.gmtxdev.com\/fr\/wp-json\/wp\/v2\/media?parent=14174"}],"curies":[{"name":"wp","href":"https:\/\/api.w.org\/{rel}","templated":true}]}}