   
{"id":14146,"date":"2020-12-04T12:34:42","date_gmt":"2020-12-04T12:34:42","guid":{"rendered":"https:\/\/www.geneticmatrixtest.com\/?page_id=14146"},"modified":"2021-03-24T09:51:24","modified_gmt":"2021-03-24T09:51:24","slug":"design-humain-generateur","status":"publish","type":"page","link":"https:\/\/www.gmtxdev.com\/fr\/design-humain-generateur\/","title":{"rendered":"Design Humain - G\u00e9n\u00e9rateur"},"content":{"rendered":"<div id=\"content\">\r\n<div class=\"test_page\">\r\n<div class=\"breadcam\"><a href=\"\/fr\/\">Accueil<\/a> \u00bb <a href=\"\/fr\/centre-dinfos\/\">Centre d'information<\/a> \u00bb<a href=\"\/fr\/types-de-conception-humaine\/\">types<\/a> \u00bb Design Humain - G\u00e9n\u00e9rateur<\/div>\r\n<\/div>\r\n<div class=\"l_content left mar_top\">\r\n<div class=\"services\">\r\n<h3><strong>Design Humain - G\u00e9n\u00e9rateur<\/strong><\/h3>\r\n<ul>\r\n \t<li>Les g\u00e9n\u00e9rateurs purs repr\u00e9sentent 36 % de la population mondiale.<\/li>\r\n \t<li>L\u2019aura du g\u00e9n\u00e9rateur est ouverte et inclusive. La seule d\u00e9fense des g\u00e9n\u00e9rateurs face aux autres en raison de cette aura ouverte et inclusive est d\u2019utiliser leur strat\u00e9gie et leur autorit\u00e9 int\u00e9rieure.<\/li>\r\n<\/ul>\r\n\r\n<hr \/>\r\n\r\n<img class=\"alignnone size-full wp-image-2601\" title=\"The Generator\" src=\"\/wp-content\/uploads\/2012\/09\/Generator-Site.png\" alt=\"\" width=\"664\" height=\"487\" \/>\r\n\r\n<hr \/>\r\n\r\n<ul>\r\n \t<li>Si le g\u00e9n\u00e9rateur attend pour r\u00e9pondre, la nature de sa puissante aura inclusive et magn\u00e9tique fera son travail et attirera les gens et les possibilit\u00e9s vers le g\u00e9n\u00e9rateur<\/li>\r\n \t<li>L\u2019aura du g\u00e9n\u00e9rateur oblige litt\u00e9ralement les autres \u00e0 demander aux g\u00e9n\u00e9rateurs l\u2019utilisation de leur puissante source d\u2019\u00e9nergie sacrale.<\/li>\r\n \t<li>Le g\u00e9n\u00e9rateur tire son nom de la nature de sa source d\u2019\u00e9nergie primaire - le centre sacral (centre g\u00e9n\u00e9rateur).<\/li>\r\n \t<li>La v\u00e9ritable puissance du g\u00e9n\u00e9rateur r\u00e9side dans sa capacit\u00e9 \u00e0 r\u00e9pondre \u00e0 l\u2019environnement autour et de l\u2019int\u00e9rieur. Quand ils r\u00e9pondent correctement les g\u00e9n\u00e9rateurs sont les types les plus puissants \u00e9nerg\u00e9tiquement des \u00eatres humains.<\/li>\r\n \t<li>Il existe deux variantes diff\u00e9rentes de l\u2019autorit\u00e9 int\u00e9rieure du g\u00e9n\u00e9rateur. Sacrale et \u00e9motionnelle.<\/li>\r\n \t<li>Les g\u00e9n\u00e9rateurs qui suivent leur strat\u00e9gie et leur autorit\u00e9 int\u00e9rieure ressentent des niveaux profonds de satisfaction lorsqu\u2019ils d\u00e9ploient correctement leur \u00e9nergie sacrale. Lorsqu\u2019ils r\u00e9pondent correctement, ils ont le sentiment d\u2019avoir une ressource \u00e9nerg\u00e9tique presque sans fin satisfaisante \u00e0 leur commandement.<\/li>\r\n \t<li>Les g\u00e9n\u00e9rateurs sont les v\u00e9ritables travailleurs du monde parce qu\u2019ils ont la capacit\u00e9 de continuer. La force vitale cr\u00e9\u00e9e \u00e0 partir de leur centre sacral est la source d\u2019\u00e9nergie coh\u00e9rente la plus puissante disponible pour l\u2019humanit\u00e9.<\/li>\r\n \t<li>Les g\u00e9n\u00e9rateurs doivent \u00e9puiser compl\u00e8tement leur \u00e9nergie avant le sommeil pour assurer une r\u00e9g\u00e9n\u00e9ration compl\u00e8te pendant la nuit.<\/li>\r\n \t<li>Le centre g\u00e9n\u00e9rateurs sacral est con\u00e7u pour \u00ab r\u00e9g\u00e9n\u00e9rer \u00bb compl\u00e8tement apr\u00e8s une seule nuit de sommeil. Mais cela ne fonctionne correctement que s\u2019il peut se r\u00e9g\u00e9n\u00e9rer \u00e0 partir d\u2019un \u00e9tat \u00e9puis\u00e9.<\/li>\r\n \t<li>Les g\u00e9n\u00e9rateurs qui ne suivent pas leur strat\u00e9gie et l\u2019autorit\u00e9 int\u00e9rieure sont enclins \u00e0 rester coinc\u00e9s dans des situations et peuvent devenir tr\u00e8s frustr\u00e9s par leur vie. Ils ne seront pas non plus satisfaits de l\u2019utilisation de leur puissante \u00e9nergie de force vitale.<\/li>\r\n \t<li>Les g\u00e9n\u00e9rateurs qui ne suivent pas leur strat\u00e9gie et leur autorit\u00e9 Int\u00e9rieure sont \u00e9galement enclins \u00e0 devenir les esclaves de tous les autres.<\/li>\r\n<\/ul>\r\n<\/div>\r\n\r\n<hr \/>\r\n\r\n<div class=\"pure_gen_outer\">\r\n<div class=\"pure_generators left\">\r\n\r\n<strong>36 % de la population mondiale sont des g\u00e9n\u00e9rateurs.<\/strong>\r\n\r\nLes g\u00e9n\u00e9rateurs sont les personnes qui fournissent l\u2019\u00e9nergie continue et la force vitale au monde. Ce sont les gens qui restent au pouvoir. Le centre sacral dans leur corps est la cl\u00e9 de leur puissance pure. Il cr\u00e9e l\u2019\u00e9nergie vitale de la force vitale n\u00e9cessaire \u00e0 l\u2019action, \u00e0 la vie, \u00e0 la vie et \u00e0 la cr\u00e9ation. Il est \u00e9galement le centre de notre sexualit\u00e9 et assure ainsi la continuation de notre esp\u00e8ce.\r\n\r\n&nbsp;\r\n\r\nLes g\u00e9n\u00e9rateurs purs sont des gens qui ont leur centre sacral activ\u00e9 et allum\u00e9 tout le temps, mais n\u2019ont aucun lien avec la manifestation humaine et le centre d\u2019expression, le centre de la gorge.\r\n\r\n&nbsp;\r\n\r\nLa plupart d\u2019entre nous ont \u00e9t\u00e9 \u00e9duqu\u00e9s, cajol\u00e9s ou \u00e9lev\u00e9s en tant qu\u2019enfants \u00e0 croire que nous devons initier l\u2019action. Il y a cette croyance erron\u00e9e dans le monde que nous devrions tous simplement \u00ab faire \u00bb. Nous croyons que nous sommes des manifesteurs et que nous pouvons donc faire n\u2019importe quoi, quand nous le voulons. Mais ce n\u2019est tout simplement pas vrai pour 91% de la population mondiale.\r\n\r\n&nbsp;\r\n\r\nLa plus grande le\u00e7on pour un g\u00e9n\u00e9rateur est d\u2019apprendre \u00e0 r\u00e9pondre \u00e0 la vie avec leur \u00ab instinct \u00bb. Oui, ils ont de l\u2019\u00e9nergie \u00e0 br\u00fbler ; l\u2019\u00e9nergie pour faire toutes sortes de choses ; mais peuvent-ils attendre que le monde leur donne le signal ?\r\n\r\n&nbsp;\r\n\r\nS\u2019ils le peuvent, alors toutes les formes de frustrations sont \u00e9limin\u00e9es de leur vie et sont remplac\u00e9es par un profond sentiment de satisfaction. En r\u00e9pondant de l\u2019int\u00e9rieur d\u2019eux-m\u00eames \u00e0 tout ce que la vie leur offre, leur mode de vie devient une exp\u00e9rience joyeuse et satisfaisante pour tous les g\u00e9n\u00e9rateurs.\r\n\r\n&nbsp;\r\n\r\nLes g\u00e9n\u00e9rateurs lancent habituellement des actions parce qu\u2019ils craignent que rien ne se passe autrement. Et c\u2019est le pi\u00e8ge qui les asservit. Si le g\u00e9n\u00e9rateur a le courage d\u2019attendre, il apprendra tr\u00e8s rapidement que cette peur n\u2019est pas fond\u00e9e.\r\n\r\n&nbsp;\r\n\r\nL\u2019\u00e9nergie de force de vie sans fin que le g\u00e9n\u00e9rateur d\u00e9tient dans son centre sacral est comme un aimant super puissant qui attire des possibilit\u00e9s \u00e0 travers leur aura enveloppante. D\u2019autres personnes ont soif d\u2019acc\u00e8s \u00e0 cette \u00e9norme ressource \u00e9nerg\u00e9tique et le g\u00e9n\u00e9rateur n\u2019a pas \u00e0 attendre longtemps avant que d\u2019autres personnes commencent \u00e0 demander l\u2019acc\u00e8s \u00e0 cette ressource.\r\n\r\n&nbsp;\r\n\r\nLorsque le g\u00e9n\u00e9rateur attend que la vie se pr\u00e9sente, il devient comme un trou noir magn\u00e9tique qui attire tout et tout le monde vers eux automatiquement. Toutes les choses viendront au g\u00e9n\u00e9rateur en leur propre temps - ils n\u2019ont pas besoin d\u2019entreprendre des actions pour essayer de faire bouger les choses. Tout ce qui est con\u00e7u pour et est bon pour eux seront attir\u00e9s automatiquement. Travail, relations, bonne fortune et le reste.\r\n\r\n&nbsp;\r\n\r\nLes g\u00e9n\u00e9rateurs sont con\u00e7us pour flotter dans le \u00ab moment pr\u00e9sent \u00bb du courant de la vie, en prenant leurs signes pour l\u2019action quand ils apparaissent. Les g\u00e9n\u00e9rateurs ne sont pas l\u00e0 pour s\u2019inqui\u00e9ter de l\u2019avenir. Leur avenir correct viendra automatiquement s\u2019ils r\u00e9pondent dans le \u00ab moment pr\u00e9sent \u00bb \u00e0 ce que la vie leur donne.\r\n\r\n&nbsp;\r\n\r\nLes g\u00e9n\u00e9rateurs, avec leurs \u00e9normes ressources \u00e9nerg\u00e9tiques, sont \u00e9galement l\u00e0 pour atteindre la ma\u00eetrise de la vie. Ils sont ici pour ma\u00eetriser tout ce qu\u2019ils s\u2019engagent correctement \u00e0 r\u00e9pondre.\r\n\r\n&nbsp;\r\n\r\nUn grand signe que les g\u00e9n\u00e9rateurs devraient faire attention qu\u2019ils r\u00e9pondent et fonctionnent correctement est la \u00ab synchronicit\u00e9 \u00bb. Les choses commencent comme par magie \u00e0 se produire ou \u00e0 appara\u00eetre automatiquement dans leur vie. Ils semblent \u00eatre \u00ab chanceux \u00bb.\r\n\r\n&nbsp;\r\n\r\nIl est tout \u00e0 fait possible que ces g\u00e9n\u00e9rateurs qui sont sortis et se sont manifest\u00e9s sans r\u00e9f\u00e9rence \u00e0 leur centre sacral peut en fait avoir \u00e9t\u00e9 un succ\u00e8s, mais ils sont rarement heureux, satisfaits ou se sentent combl\u00e9s.\r\n\r\n&nbsp;\r\n\r\nSouvent, les g\u00e9n\u00e9rateurs se trouvent impliqu\u00e9s dans des projets ou sont engag\u00e9s aupr\u00e8s de quelqu\u2019un ou quelque chose qui ne retient pas vraiment leur int\u00e9r\u00eat ou ne leur apporte l\u2019accomplissement. Ils le font simplement parce qu\u2019il semble que quelqu\u2019un doit le faire et ils sont ceux qui ont l\u2019\u00e9nergie ! Bien s\u00fbr, ils deviennent intens\u00e9ment frustr\u00e9s, \u00e9tant l\u2019esclave de quelqu\u2019un d\u2019autre, donnant leur pouvoir en gros \u00e0 celui qui demande.\r\n\r\n&nbsp;\r\n\r\nLa le\u00e7on simple mais profonde pour tous les g\u00e9n\u00e9rateurs est de savoir de l\u2019int\u00e9rieur aupr\u00e8s de qui et \u00e0 ce \u00e0 quoi ils vont s\u2019engager. Il faut souligner que les g\u00e9n\u00e9rateurs doivent savoir d\u00e8s le d\u00e9but de toute activit\u00e9 s\u2019ils vont s\u2019engager ou non parce qu\u2019une fois qu\u2019ils ont consacr\u00e9 leur \u00e9nergie consid\u00e9rable \u00e0 quelque chose ou quelqu\u2019un, il n\u2019y a pas de retour en arri\u00e8re sans frustration et inconv\u00e9nients consid\u00e9rables.\r\n\r\n&nbsp;\r\n\r\nLes g\u00e9n\u00e9rateurs ont un interrupteur \u00ab on \u00bb, mais ils n\u2019ont pas d\u2019interrupteur \u00ab off \u00bb. S\u2019ils d\u00e9couvrent au bout de quelques minutes que ce aupr\u00e8s de qui ou ce \u00e0 quoi ils viennent de s\u2019engager ne leur convient pas r\u00e9ellement, il est trop tard pour s\u2019arr\u00eater. Ce centre sacral doit poursuivre jusqu\u2019\u00e0 l\u2019ach\u00e8vement une fois qu\u2019il a n\u2019importe quel type d\u2019\u00e9lan. Mais si le g\u00e9n\u00e9rateur est d\u00e9sesp\u00e9r\u00e9\r\n\r\n&nbsp;\r\n\r\nd\u2019arr\u00eater et s\u2019il ne quitte, il se trouve g\u00e9n\u00e9ralement dans la tourmente. Le dernier recours pour un g\u00e9n\u00e9rateur est d\u2019arr\u00eater.\r\n\r\n&nbsp;\r\n\r\nL\u2019importance du centre sacral pour un g\u00e9n\u00e9rateur ne peut pas \u00eatre surestim\u00e9e. Leur strat\u00e9gie pour vivre correctement vient de la fa\u00e7on dont ce centre sacral est vraiment con\u00e7u pour fonctionner.\r\n\r\n&nbsp;\r\n\r\nLe centre sacral ne peut r\u00e9pondre que dans l\u2019instant avec une r\u00e9ponse \u00ab oui \u00bb ou \u00ab non \u00bb. Il n\u2019utilise pas de mots pour transmettre ces r\u00e9ponses. Il d\u00e9livre des sons de profondeur \u00e0 l\u2019int\u00e9rieur de la zone de l\u2019estomac. Ces sons sont comme des grognements qui, lorsque vous pouvez interpr\u00e9ter ce son \u00ab oui \u00bb ou \u00ab non \u00bb, conduisent le g\u00e9n\u00e9rateur \u00e0 prendre des d\u00e9cisions correctes pour leur vie.\r\n\r\n&nbsp;\r\n\r\nLe travail des g\u00e9n\u00e9rateurs est de commencer \u00e0 remarquer ces grognements sacraux et se rendre compte qu\u2019ils sont leur m\u00e9canisme de r\u00e9ponse. La strat\u00e9gie de g\u00e9n\u00e9rateur pour vivre sa vie est d\u2019attendre pour r\u00e9pondre.\r\n\r\n&nbsp;\r\n\r\nCertains g\u00e9n\u00e9rateurs deviennent confus au sujet du mot \u00ab attendre \u00bb, mais quand vous \u00eates \u00e9veill\u00e9 et remarquer tout ce qui se passe autour de vous, attendre signifie simplement \u00e9couter votre r\u00e9ponse sacrale avant d\u2019agir.\r\n\r\n&nbsp;\r\n\r\nPour tous les g\u00e9n\u00e9rateurs c\u2019est la cl\u00e9 pour changer toute leur vie, de sorte que vous vivez exactement qui vous \u00eates, sans gaspiller la puissance pr\u00e9cieuse du centre sacral.\r\n\r\n&nbsp;\r\n\r\nLorsque le g\u00e9n\u00e9rateur trouve sa r\u00e9ponse sacrale, il peut obtenir le \u00ab oui \u00bb ou \u00ab non \u00bb qui lui est n\u00e9cessaire pour aller de l\u2019avant dans sa vie. Cette r\u00e9ponse peut prendre la forme d\u2019un grognement, \u00ab uhuh \u00bb, ou \u00ab unhuh \u00bb ou il peut juste \u00eatre un sentiment, un soul\u00e8vement ou une d\u00e9flation. Le g\u00e9n\u00e9rateur doit \u00eatre tr\u00e8s familier de sa r\u00e9ponse sacrale, et il a besoin de temps pour faire le point avec elle. La r\u00e9ponse peut ne pas venir imm\u00e9diatement.\r\n\r\n&nbsp;\r\n\r\nTous les g\u00e9n\u00e9rateurs atteignent un niveau o\u00f9 ils sont coinc\u00e9s. Ils sentent une barri\u00e8re et parfois font demi-tour. Si vous avez r\u00e9pondu correctement, il est important pour vous de pousser au travers de cette barri\u00e8re afin que vous puissiez passer au niveau suivant. C\u2019est presque comme s\u2019il s\u2019agissait d\u2019un test, de sorte que vous avez la chance de demander \u00e0 votre centre sacral, encore une fois, si c\u2019est ce que vous voulez vraiment. Pousser au travers de la barri\u00e8re vous confirmera que vous \u00eates sur la bonne voie.\r\n\r\n&nbsp;\r\n\r\nLes g\u00e9n\u00e9rateurs sont des travailleurs et peuvent devenir esclaves s\u2019ils n\u2019\u00e9coutent pas leur centre sacral. Un manifesteur initiera toujours et s\u2019attendra \u00e0 ce que le g\u00e9n\u00e9rateur soit son \u00ab faiseur \u00bb. Un projecteur va essayer de s\u2019accrocher \u00e0 cette puissance du g\u00e9n\u00e9rateur d\u2019une mani\u00e8re similaire.\r\n\r\n&nbsp;\r\n\r\nAinsi, les g\u00e9n\u00e9rateurs doivent se rappeler de faire le point avec leur centre sacral avant de consentir \u00e0 simplement \u00ab faire \u00bb ce que le manifesteur, projecteur ou tout autre type sugg\u00e8re. Ils doivent prendre conscience et cesser de vivre en \u00ab pilote automatique \u00bb. C\u2019est pourquoi le g\u00e9n\u00e9rateur est consid\u00e9r\u00e9 comme un esclave naturel. Il somnambule en donnant son \u00e9nergie \u00e0 tout le monde, au lieu d\u2019\u00e9couter sa sagesse int\u00e9rieure, leur centre sacral.\r\n\r\n&nbsp;\r\n\r\nLa plupart des g\u00e9n\u00e9rateurs vivent un labeur r\u00e9p\u00e9titif de \u00ab la vie quotidienne \u00bb, gagnant p\u00e9niblement leur vie. Mais ils ont toujours un m\u00e9contentement rongeur et la frustration en eux qu\u2019ils sont ici pour un autre but.\r\n\r\n&nbsp;\r\n\r\nTout ce qu\u2019un g\u00e9n\u00e9rateur doit faire est de r\u00e9pondre correctement et leur but les trouvera.\r\n\r\n&nbsp;\r\n\r\n<hr \/>\r\n\r\n<!--<a style=\"font-size: 13px; text-align: center;\" href=\"\/human-design-services\/\"><img class=\"alignnone size-full wp-image-3816\" style=\"opacity: 0.9; float: right;\" title=\"Unlock Your Potential - Click Here\" src=\"https:\/\/www.geneticmatrix.com\/wp-content\/uploads\/2012\/09\/gmkey.png\" alt=\"\" width=\"139\" height=\"69\" \/>\r\n<\/a>-->\r\n\r\n&nbsp;\r\n\r\n&nbsp;\r\n\r\n<\/div>\r\n<div class=\"right pure_generators_l\">\r\n<ul>\r\n \t<li>\r\n<div><\/div>\r\n<div><\/div>\r\n<a href=\"https:\/\/www.geneticmatrix.com\/aguilera-christina-human-design-chart.html\"><img title=\"Christina Aguilera - Emotional Generator\" src=\"\/wp-content\/uploads\/2012\/09\/Aguilera-Christina-1.jpg\" alt=\"\" width=\"180\" height=\"120\" \/><\/a><\/li>\r\n \t<li><a href=\"https:\/\/www.geneticmatrix.com\/armstrong-neil-human-design-chart.html\"><img title=\"Neil Armstrong - Pure Generator\" src=\"https:\/\/www.geneticmatrix.com\/wp-content\/uploads\/\" alt=\"\" width=\"180\" height=\"120\" \/><\/a><a href=\"https:\/\/www.geneticmatrix.com\/winfrey-oprah-human-design-chart.html\"><img title=\"Oprah Winfrey - Emotional Generator\" src=\"https:\/\/www.geneticmatrix.com\/wp-content\/uploads\/2020\/11\/user-124810.jpg\" alt=\"\" width=\"180\" height=\"119\" \/><\/a><a href=\"https:\/\/www.geneticmatrix.com\/pasteur-louis-human-design-chart.html\"><img title=\"Louis Pasteur - Pure Generator\" src=\"https:\/\/www.geneticmatrix.com\/wp-content\/uploads\/2020\/11\/user-124805.jpg\" alt=\"\" width=\"180\" height=\"119\" \/><\/a><a href=\"https:\/\/www.geneticmatrix.com\/chanel-coco-human-design-chart.html\"><img class=\"alignnone wp-image-14163\" title=\"Chanel Coco - Pure Generator\" src=\"https:\/\/www.geneticmatrixtest.com\/wp-content\/uploads\/2012\/09\/Chanel-Coco.jpg\" alt=\"\" width=\"180\" height=\"119\" \/><\/a><a href=\"https:\/\/www.geneticmatrix.com\/dion-celine-human-design-chart.html\"><img title=\"Celine Dion - Emotional Generator\" src=\"https:\/\/www.geneticmatrix.com\/wp-content\/uploads\/2020\/11\/user-124810.jpg\" alt=\"\" width=\"180\" height=\"119\" \/><\/a><a href=\"https:\/\/www.geneticmatrix.com\/chaplin-sir_charlie-human-design-chart.html\"><img title=\"Sir Charlie Chaplin - Pure Generator\" src=\"https:\/\/www.geneticmatrix.com\/wp-content\/uploads\/2020\/10\/user-121792.png\" alt=\"\" width=\"180\" height=\"119\" \/><\/a><a href=\"https:\/\/www.geneticmatrix.com\/beethoven-ludwig_van-human-design-chart.html\"><img class=\"alignnone wp-image-14168\" title=\"Ludwig van Beethoven - Pure Gnerator\" src=\"https:\/\/www.geneticmatrixtest.com\/wp-content\/uploads\/2012\/09\/Beethoven-1.jpg\" alt=\"\" width=\"180\" height=\"119\" \/><\/a><a style=\"line-height: 1.6em;\" href=\"https:\/\/www.geneticmatrix.com\/depardieu-gerard-human-design-chart.html\"><img class=\"wp-image-14149 alignnone\" title=\"Gerard Depardieu - Pure Generator\" src=\"https:\/\/www.geneticmatrixtest.com\/wp-content\/uploads\/2012\/09\/Depardieu-Gerard-p1.jpg\" alt=\"\" width=\"179\" height=\"120\" \/><\/a><a href=\"https:\/\/www.geneticmatrix.com\/nightingale-florence-human-design-chart.html\"><img title=\"Florence Nightingale - Emotional Generator\" src=\"https:\/\/www.geneticmatrix.com\/wp-content\/uploads\/2020\/10\/user-121804.jpg\" alt=\"\" width=\"180\" height=\"119\" \/><\/a><a href=\"https:\/\/www.geneticmatrix.com\/cosby-bill-human-design-chart.html\"><img class=\"alignnone wp-image-14151\" title=\"Bill Cosby - Pure Generator\" src=\"https:\/\/www.geneticmatrixtest.com\/wp-content\/uploads\/2012\/09\/Cosby-Bill-p.jpg\" alt=\"\" width=\"180\" height=\"119\" \/><\/a>\r\n\r\n<a href=\"https:\/\/www.geneticmatrix.com\/downey_jr-robert-human-design-chart.html\"><img class=\"alignnone wp-image-14152\" title=\"Robert Downey, Jr - Pure Generator\" src=\"https:\/\/www.geneticmatrixtest.com\/wp-content\/uploads\/2012\/09\/Downey-Jr-Robert2.jpg\" alt=\"\" width=\"180\" height=\"119\" \/><\/a>\r\n\r\n<a href=\"https:\/\/www.geneticmatrix.com\/ellington-duke-human-design-chart.html\"><img class=\"alignnone wp-image-14153\" title=\"Duke Ellington - Pure Generator\" src=\"https:\/\/www.geneticmatrixtest.com\/wp-content\/uploads\/2012\/09\/Ellington-Duke-P1.jpg\" alt=\"\" width=\"180\" height=\"119\" \/><\/a>\r\n\r\n<a href=\"https:\/\/www.geneticmatrix.com\/jarrett-keith-human-design-chart.html\"><img class=\"alignnone wp-image-14155\" title=\"Keith Jarrett - Pure Generator \" src=\"https:\/\/www.geneticmatrixtest.com\/wp-content\/uploads\/2012\/09\/Jarrett-Keith-p1.jpg\" alt=\"\" width=\"180\" height=\"119\" \/><\/a>\r\n\r\n<a href=\"https:\/\/www.geneticmatrix.com\/branson-sir_richard-human-design-chart.html\"><img class=\"alignnone wp-image-14157\" title=\"Sir Richard Branson - Pure Generator\" src=\"https:\/\/www.geneticmatrixtest.com\/wp-content\/uploads\/2012\/09\/Branson-Richard-P.jpg\" alt=\"\" width=\"180\" height=\"119\" \/><\/a>\r\n\r\n<a href=\"https:\/\/www.geneticmatrix.com\/craig-daniel-human-design-chart.html\"><img class=\"alignnone wp-image-14158\" title=\"Daniel Craig - Emotional Generator\" src=\"https:\/\/www.geneticmatrixtest.com\/wp-content\/uploads\/2012\/09\/Craig-Daniel.jpg\" alt=\"\" width=\"180\" height=\"119\" \/><\/a>\r\n\r\n<a href=\"https:\/\/www.geneticmatrix.com\/fonteyn-margot-human-design-chart.html\"><img class=\"alignnone wp-image-14161\" title=\"Fonteyn Margot - Emotional Generator\" src=\"https:\/\/www.geneticmatrixtest.com\/wp-content\/uploads\/2012\/09\/Fonteyn-Margot.jpg\" alt=\"\" width=\"180\" height=\"119\" \/><\/a>\r\n\r\n<a href=\"https:\/\/www.geneticmatrix.com\/ronaldo-cristiano-human-design-chart.html\"><img class=\"alignnone wp-image-14164\" title=\"Cristiano Ronaldo - Pure Generator\" src=\"https:\/\/www.geneticmatrixtest.com\/wp-content\/uploads\/2012\/09\/Ronaldo-Cristiano.jpg\" alt=\"\" width=\"180\" height=\"119\" \/><\/a>\r\n\r\n<a href=\"https:\/\/www.geneticmatrix.com\/mendeleev-dmitri-human-design-chart.html\"><img class=\"alignnone wp-image-14165\" title=\"Dmitri Mendeleev - Emotional Generator\" src=\"https:\/\/www.geneticmatrixtest.com\/wp-content\/uploads\/2012\/09\/Mendeleev-Dmitri.jpg\" alt=\"\" width=\"180\" height=\"119\" \/><\/a>\r\n\r\n<a href=\"https:\/\/www.geneticmatrix.com\/pattinson-robert-human-design-chart.html\"><img title=\"Robert Pattinson - Emotional Generator\" src=\"https:\/\/www.geneticmatrix.com\/wp-content\/uploads\/\" alt=\"\" width=\"180\" height=\"119\" \/><\/a>\r\n\r\n<a href=\"https:\/\/www.geneticmatrix.com\/montessori-maria-human-design-chart.html\"><img class=\"alignnone wp-image-14166\" title=\"Maria Montessori - Emotional Gnerator\" src=\"https:\/\/www.geneticmatrixtest.com\/wp-content\/uploads\/2012\/09\/Montessori-Maria.jpg\" alt=\"\" width=\"180\" height=\"119\" \/><\/a>\r\n<p style=\"text-align: center;\"><\/p>\r\n<\/li>\r\n<\/ul>\r\n<\/div>\r\n&nbsp;\r\n\r\n&nbsp;\r\n\r\n<\/div>\r\n&nbsp;\r\n\r\n&nbsp;\r\n\r\n<\/div>\r\n<div class=\"r_content right mar_top\"><\/div>\r\n<div class=\"r_content right mar_top\"><\/div>\r\n<div class=\"clear\"><\/div>\r\n<\/div>","protected":false},"excerpt":{"rendered":"<p>Accueil \u00bb Centre d&rsquo;information \u00bbtypes \u00bb Design Humain &#8211; G\u00e9n\u00e9rateur Design Humain &#8211; G\u00e9n\u00e9rateur Les g\u00e9n\u00e9rateurs purs repr\u00e9sentent 36 % de la population mondiale. L\u2019aura du g\u00e9n\u00e9rateur est ouverte et inclusive. La seule d\u00e9fense des g\u00e9n\u00e9rateurs face aux autres en raison de cette aura ouverte et inclusive est d\u2019utiliser leur strat\u00e9gie et leur autorit\u00e9 int\u00e9rieure.&hellip; <a class=\"more-link\" href=\"https:\/\/www.gmtxdev.com\/fr\/design-humain-generateur\/\">Poursuivre la lecture de <span class=\"screen-reader-text\">Design Humain &#8211; G\u00e9n\u00e9rateur<\/span><\/a><\/p>\n","protected":false},"author":1,"featured_media":0,"parent":0,"menu_order":0,"comment_status":"closed","ping_status":"closed","template":"","meta":{"footnotes":""},"class_list":["post-14146","page","type-page","status-publish","hentry","entry"],"_links":{"self":[{"href":"https:\/\/www.gmtxdev.com\/fr\/wp-json\/wp\/v2\/pages\/14146","targetHints":{"allow":["GET"]}}],"collection":[{"href":"https:\/\/www.gmtxdev.com\/fr\/wp-json\/wp\/v2\/pages"}],"about":[{"href":"https:\/\/www.gmtxdev.com\/fr\/wp-json\/wp\/v2\/types\/page"}],"author":[{"embeddable":true,"href":"https:\/\/www.gmtxdev.com\/fr\/wp-json\/wp\/v2\/users\/1"}],"replies":[{"embeddable":true,"href":"https:\/\/www.gmtxdev.com\/fr\/wp-json\/wp\/v2\/comments?post=14146"}],"version-history":[{"count":0,"href":"https:\/\/www.gmtxdev.com\/fr\/wp-json\/wp\/v2\/pages\/14146\/revisions"}],"wp:attachment":[{"href":"https:\/\/www.gmtxdev.com\/fr\/wp-json\/wp\/v2\/media?parent=14146"}],"curies":[{"name":"wp","href":"https:\/\/api.w.org\/{rel}","templated":true}]}}