   
{"id":14142,"date":"2020-12-04T11:05:12","date_gmt":"2020-12-04T11:05:12","guid":{"rendered":"https:\/\/www.geneticmatrixtest.com\/?page_id=14142"},"modified":"2020-12-07T06:19:11","modified_gmt":"2020-12-07T06:19:11","slug":"types-de-conception-humaine","status":"publish","type":"page","link":"https:\/\/www.gmtxdev.com\/fr\/types-de-conception-humaine\/","title":{"rendered":"Types de conception humaine"},"content":{"rendered":"<div id=\"content\">\r\n<div class=\"test_page\">\r\n<div class=\"breadcam\"><a href=\"\/fr\/\">\r\nAccueil<\/a> \u00bb <a href=\"\/fr\/Types de conception humaine\/\">Centre d'information<\/a> \u00bb Types de conception humaine<\/div>\r\n<div class=\"breadcam\"><\/div>\r\n<\/div>\r\n<div class=\"l_content left mar_top\">\r\n<div class=\"services\">\r\n<h3>Types de conception humaine<\/h3>\r\n&nbsp;\r\n<h3>Les \"types \u00e9nerg\u00e9tiques\"<\/h3>\r\n<ul>\r\n \t<li><a title=\"Human Design - The Generator\" href=\"\/fr\/design-humain-generateur\/\">Le G\u00e9n\u00e9rateur<\/a><\/li>\r\n \t<li><a href=\"\/fr\/design-humain-le-manifesteur-generateur\/\">Le Manifesteur-G\u00e9n\u00e9rateur<\/a><\/li>\r\n \t<li><a href=\"\/fr\/design-humain-le-manifesteur\/\">Le Manifesteur<\/a><\/li>\r\n<\/ul>\r\n<h3>Les types \"non \u00e9nerg\u00e9tiques\"<\/h3>\r\n<ul>\r\n \t<li><a href=\"\/fr\/design-humain-projecteur\/\">Projecteur<\/a><\/li>\r\n \t<li><a href=\"\/fr\/design-humain-reflecteur\/\">R\u00e9flecteur<\/a><\/li>\r\n<\/ul>\r\n<\/div>\r\n<\/div>\r\n<div class=\"r_content right mar_top\"><\/div>\r\n<div class=\"clear\"><\/div>\r\n<\/div>","protected":false},"excerpt":{"rendered":"<p>Accueil \u00bb Centre d&rsquo;information \u00bb Types de conception humaine Types de conception humaine &nbsp; Les \u00ab\u00a0types \u00e9nerg\u00e9tiques\u00a0\u00bb Le G\u00e9n\u00e9rateur Le Manifesteur-G\u00e9n\u00e9rateur Le Manifesteur Les types \u00ab\u00a0non \u00e9nerg\u00e9tiques\u00a0\u00bb Projecteur R\u00e9flecteur<\/p>\n","protected":false},"author":1,"featured_media":0,"parent":0,"menu_order":0,"comment_status":"closed","ping_status":"closed","template":"","meta":{"footnotes":""},"class_list":["post-14142","page","type-page","status-publish","hentry","entry"],"_links":{"self":[{"href":"https:\/\/www.gmtxdev.com\/fr\/wp-json\/wp\/v2\/pages\/14142","targetHints":{"allow":["GET"]}}],"collection":[{"href":"https:\/\/www.gmtxdev.com\/fr\/wp-json\/wp\/v2\/pages"}],"about":[{"href":"https:\/\/www.gmtxdev.com\/fr\/wp-json\/wp\/v2\/types\/page"}],"author":[{"embeddable":true,"href":"https:\/\/www.gmtxdev.com\/fr\/wp-json\/wp\/v2\/users\/1"}],"replies":[{"embeddable":true,"href":"https:\/\/www.gmtxdev.com\/fr\/wp-json\/wp\/v2\/comments?post=14142"}],"version-history":[{"count":0,"href":"https:\/\/www.gmtxdev.com\/fr\/wp-json\/wp\/v2\/pages\/14142\/revisions"}],"wp:attachment":[{"href":"https:\/\/www.gmtxdev.com\/fr\/wp-json\/wp\/v2\/media?parent=14142"}],"curies":[{"name":"wp","href":"https:\/\/api.w.org\/{rel}","templated":true}]}}