   
{"id":13599,"date":"2020-11-09T06:40:02","date_gmt":"2020-11-09T06:40:02","guid":{"rendered":"https:\/\/www.geneticmatrixtest.com\/?page_id=13599"},"modified":"2020-12-04T10:54:40","modified_gmt":"2020-12-04T10:54:40","slug":"home","status":"publish","type":"page","link":"https:\/\/www.gmtxdev.com\/fr\/","title":{"rendered":"Home"},"content":{"rendered":"<div id=\"content\">\r\n<?php $lang = (ICL_LANGUAGE_CODE == 'pt-pt') ? 'pt': ICL_LANGUAGE_CODE; if (isset($_SESSION['client_id'])) { $logged = 1; } else { $logged = 0; } ?>\r\n<div style=\"width: 717px; margin: auto !important;\">\r\n<div class=\"left content_line\"><\/div>\r\n<\/div>\r\n<div class=\"clear\"><\/div>\r\n<div class=\"content_topboxs_outer\" style=\"width: 717px; margin-top: -40px;\">\r\n<!--\r\n<div class=\"content_topboxs left red\" style=\"\/*width: auto;*\/\"> -->\r\n<!--?php \/\/echo do_shortcode('[celebritySearchBox]');?-->\r\n<!--\r\n<h3 class=\"order__heading\">Order Your Reading<\/h3>\r\n-->\r\n<!--\r\n<div class=\"home_page_diagrams\">\r\n<div>\r\n\r\n<button type=\"submit\" class=\"services_circle\" onclick=\"location.href='<?php echo home_url();?>\/complete-foundation-service\/'\">\r\n\r\nFoundation Reading\r\n\r\n<\/button><\/div>\r\n<div class=\"second_line services_square_one\">\r\n\r\n<button type=\"submit\" class=\"services_square services_lightBlue\" onclick=\"location.href='<?php echo home_url();?>\/solar-return-reading\/'\">\r\n\r\nSolar Return Reading\r\n\r\n<\/button><\/div>\r\n<div class=\"second_line services_square_two\">\r\n\r\n<button type=\"submit\" class=\"services_square services_yellow\" onclick=\"location.href='<?php echo home_url();?>\/connection-reading\/'\">\r\n\r\nConnection Reading\r\n\r\n<\/button><\/div>\r\n<\/div>\r\n<span><a href=\"\/services\/\" class=\"_morelink\">More<\/a><\/span><\/div>\r\n-->\r\n<div class=\"content_topboxs left red ct_chart\" style=\"margin-top: -10px !important;\"><object id=\"svgObject\" style=\"margin-top: 8px;\" data=\"\/wp-content\/themes\/twentyten\/assets\/chart_svg.php?chart_id=0&amp;ver=0&amp;type=freeNowAstro&amp;lvl=3&lang=<?php echo $lang;?>&page=home\" type=\"image\/svg+xml\" width=\"100%\" height=\"100%\" align=\"middle\" data-mce-fragment=\"1\"><\/object><\/div>\r\n<div class=\"clear\"><\/div>\r\n<\/div>\r\n<div class=\"l_content left\">\r\n<div class=\"l_content_why_total\">\r\n<h3>Qu\u2019est-ce que je saurai d\u2019autre ?<\/h3>\r\n<div class=\"l_content_why\">\r\n<div class=\"l_content_why_padd\"><img class=\"alignleft size-full wp-image-13626\" src=\"\/wp-content\/uploads\/2012\/08\/Human-design-front4.jpg\" alt=\"human-design-system\" width=\"208\" height=\"137\" \/><\/div>\r\n<\/div>\r\nSi vous \u00e9tudiiez votre propre vie \u00e0 travers une loupe, que verriez-vous? Vous sentez-vous coinc\u00e9 dans le m\u00eame vieux mod\u00e8le dans vos relations? Le m\u00eame vieux travail ? Juste ne peut pas sembler faire les changements que vous voulez ou rien ne semble jamais fonctionner?<a href=\"\/fr\/quest-ce-que-je-saurai-dautre\/\">Lire la suite<\/a>\r\n\r\n<\/div>\r\n<div class=\"clear\"><\/div>\r\n<div class=\"l_content_why_total\">\r\n<h3>Human Design a les r\u00e9ponses pour vous.<\/h3>\r\n<div class=\"l_content_why\">\r\n<div class=\"l_content_why_padd\"><img class=\"alignleft size-full wp-image-13625\" src=\"\/wp-content\/uploads\/2012\/08\/Human-design-front3.jpg\" alt=\"human-design-system\" width=\"208\" height=\"137\" \/><\/div>\r\n<\/div>\r\nNous sommes tous confront\u00e9s \u00e0 une myriade de fa\u00e7ons qui semblent parfois sans fin. Pour la plupart des gens, la vie consiste \u00e0 essayer de \u00abcomprendre\u00bb; apprendre \u00e0 \u00abjouer selon les r\u00e8gles\u00bb; essayer de \u00abpenser les choses de mani\u00e8re logique\u00bb juste pour que nous puissions avoir un peu de paix int\u00e9rieure et de joie.<a href=\"\/fr\/le-design-humain-a-vos-reponses\/\">Lire la suite<\/a>\r\n\r\n<\/div>\r\n<div class=\"clear\"><\/div>\r\n<div class=\"clear\"><\/div>\r\n<\/div>\r\n<div class=\"r_content right\"><\/div>\r\n<div class=\"r_content right\">[people]<\/div>\r\n<div class=\"r_content right\"><\/div>\r\n<div class=\"clear\"><\/div>\r\n<\/div>","protected":false},"excerpt":{"rendered":"","protected":false},"author":1,"featured_media":0,"parent":0,"menu_order":0,"comment_status":"closed","ping_status":"closed","template":"template-home.php","meta":{"footnotes":""},"class_list":["post-13599","page","type-page","status-publish","hentry","entry"],"_links":{"self":[{"href":"https:\/\/www.gmtxdev.com\/fr\/wp-json\/wp\/v2\/pages\/13599","targetHints":{"allow":["GET"]}}],"collection":[{"href":"https:\/\/www.gmtxdev.com\/fr\/wp-json\/wp\/v2\/pages"}],"about":[{"href":"https:\/\/www.gmtxdev.com\/fr\/wp-json\/wp\/v2\/types\/page"}],"author":[{"embeddable":true,"href":"https:\/\/www.gmtxdev.com\/fr\/wp-json\/wp\/v2\/users\/1"}],"replies":[{"embeddable":true,"href":"https:\/\/www.gmtxdev.com\/fr\/wp-json\/wp\/v2\/comments?post=13599"}],"version-history":[{"count":0,"href":"https:\/\/www.gmtxdev.com\/fr\/wp-json\/wp\/v2\/pages\/13599\/revisions"}],"wp:attachment":[{"href":"https:\/\/www.gmtxdev.com\/fr\/wp-json\/wp\/v2\/media?parent=13599"}],"curies":[{"name":"wp","href":"https:\/\/api.w.org\/{rel}","templated":true}]}}