   
{"id":11309,"date":"2012-09-28T13:38:59","date_gmt":"2012-09-28T13:38:59","guid":{"rendered":"https:\/\/www.geneticmatrix.com\/human-design-2-5-perfil\/"},"modified":"2020-09-20T13:49:31","modified_gmt":"2020-09-20T13:49:31","slug":"human-design-2-5-perfil","status":"publish","type":"page","link":"https:\/\/www.gmtxdev.com\/es\/human-design-2-5-perfil\/","title":{"rendered":"Human-Design-2-5-Perfil"},"content":{"rendered":"<div id=\"content\">\r\n<div class=\"breadcam\"><a href=\"\/\">Home<\/a> \u00bb <a href=\"\/human-design-info-center\/\">Info-Center<\/a> \u00bb <a href=\"\/human-design-the-12-profiles\/\">12 Perfil <\/a> \u00bb 2\/5 Perfil<\/div>\r\n<div class=\"l_content left mar_top\">\r\n<div class=\"services\">\r\n<h2>El Perfil 2\/5<\/h2>\r\n<ul>\r\n \t<li>El perfil 2\/5 constituye el 2.31% de la poblaci\u00f3n.<\/li>\r\n \t<li>Algunas de las palabras relacionadas con el perfil 2\/5 son:<\/li>\r\n<\/ul>\r\n<h3>Conscious Personality<\/h3>\r\n<table class=\"personality\" border=\"1\" width=\"650\" cellspacing=\"0\" cellpadding=\"0\">\r\n<tbody>\r\n<tr>\r\n<td>Hermita\u00f1o<\/td>\r\n<td>Democr\u00e1tico<\/td>\r\n<td>Intolerante<\/td>\r\n<\/tr>\r\n<tr>\r\n<td>Armon\u00eda<\/td>\r\n<td>Nutrir\/agotar<\/td>\r\n<td>Talento natural<\/td>\r\n<\/tr>\r\n<tr>\r\n<td>Proyectado sobre lo visto<\/td>\r\n<td>En negaci\u00f3n<\/td>\r\n<td>La Llamada<\/td>\r\n<\/tr>\r\n<tr>\r\n<td>Sensible\/reactivo<\/td>\r\n<td>Proyectando hacia afuera<\/td>\r\n<td>Pena\/extroversion<\/td>\r\n<\/tr>\r\n<\/tbody>\r\n<\/table>\r\n<h3>Dise\u00f1o Inconsciente<\/h3>\r\n<table class=\"personality\" border=\"1\" width=\"650\" cellspacing=\"0\" cellpadding=\"0\">\r\n<tbody>\r\n<tr>\r\n<td>Unviersalizante<\/td>\r\n<td>Hereje<\/td>\r\n<td>El General<\/td>\r\n<\/tr>\r\n<tr>\r\n<td>Salvador<\/td>\r\n<td>Atractivo<\/td>\r\n<td>El Maestro<\/td>\r\n<\/tr>\r\n<tr>\r\n<td>Proyectado sobre lo que no es visible<\/td>\r\n<td>Expectativas<\/td>\r\n<td>El Organizador<\/td>\r\n<\/tr>\r\n<tr>\r\n<td>El Santo<\/td>\r\n<td>Distribuidor\/acaparador<\/td>\r\n<td>Seductor\/seducido<\/td>\r\n<\/tr>\r\n<\/tbody>\r\n<\/table>\r\n<h3><a href=\"\/human-design-people-by-profile-2-5.html\">Otras personas con el perfil 2\/5<\/a><\/h3>\r\n<div class=\"personality_img\">\r\n<ul>\r\n \t<li><img src=\"https:\/\/www.geneticmatrix.com\/wp-content\/themes\/twentyten\/images\/people\/Prince William P.jpg\" alt=\"img\" width=\"115\" height=\"157\" \/><\/li>\r\n \t<li><img src=\"https:\/\/www.geneticmatrix.com\/wp-content\/themes\/twentyten\/images\/people\/Knight Gladys - Picture.jpg\" alt=\"img\" width=\"115\" height=\"157\" \/><\/li>\r\n \t<li><img src=\"https:\/\/www.geneticmatrix.com\/wp-content\/themes\/twentyten\/images\/people\/Deneuve Catherine P.jpg\" alt=\"img\" width=\"115\" height=\"157\" \/><\/li>\r\n \t<li><img src=\"https:\/\/www.geneticmatrix.com\/wp-content\/themes\/twentyten\/images\/people\/Twain Mark P.jpg\" alt=\"img\" width=\"115\" height=\"157\" \/><\/li>\r\n \t<li><img src=\"https:\/\/www.geneticmatrix.com\/wp-content\/themes\/twentyten\/images\/people\/Robbins Tim - Picture.JPG\" alt=\"img\" width=\"115\" height=\"157\" \/><\/li>\r\n \t<li><img src=\"https:\/\/www.geneticmatrix.com\/wp-content\/themes\/twentyten\/images\/people\/Costner Kevin P.jpg\" alt=\"img\" width=\"115\" height=\"157\" \/><\/li>\r\n<\/ul>\r\n<\/div>\r\n<\/div>\r\n<\/div>\r\n<div class=\"r_content right mar_top\"><\/div>\r\n<div class=\"clear\"><\/div>\r\n<\/div>","protected":false},"excerpt":{"rendered":"<p>Home \u00bb Info-Center \u00bb 12 Perfil \u00bb 2\/5 Perfil El Perfil 2\/5 El perfil 2\/5 constituye el 2.31% de la poblaci\u00f3n. Algunas de las palabras relacionadas con el perfil 2\/5 son: Conscious Personality Hermita\u00f1o Democr\u00e1tico Intolerante Armon\u00eda Nutrir\/agotar Talento natural Proyectado sobre lo visto En negaci\u00f3n La Llamada Sensible\/reactivo Proyectando hacia afuera Pena\/extroversion Dise\u00f1o Inconsciente&hellip; <a class=\"more-link\" href=\"https:\/\/www.gmtxdev.com\/es\/human-design-2-5-perfil\/\">Seguir leyendo <span class=\"screen-reader-text\">Human-Design-2-5-Perfil<\/span><\/a><\/p>\n","protected":false},"author":1,"featured_media":0,"parent":0,"menu_order":0,"comment_status":"closed","ping_status":"closed","template":"","meta":{"footnotes":""},"class_list":["post-11309","page","type-page","status-publish","hentry","entry"],"_links":{"self":[{"href":"https:\/\/www.gmtxdev.com\/es\/wp-json\/wp\/v2\/pages\/11309","targetHints":{"allow":["GET"]}}],"collection":[{"href":"https:\/\/www.gmtxdev.com\/es\/wp-json\/wp\/v2\/pages"}],"about":[{"href":"https:\/\/www.gmtxdev.com\/es\/wp-json\/wp\/v2\/types\/page"}],"author":[{"embeddable":true,"href":"https:\/\/www.gmtxdev.com\/es\/wp-json\/wp\/v2\/users\/1"}],"replies":[{"embeddable":true,"href":"https:\/\/www.gmtxdev.com\/es\/wp-json\/wp\/v2\/comments?post=11309"}],"version-history":[{"count":0,"href":"https:\/\/www.gmtxdev.com\/es\/wp-json\/wp\/v2\/pages\/11309\/revisions"}],"wp:attachment":[{"href":"https:\/\/www.gmtxdev.com\/es\/wp-json\/wp\/v2\/media?parent=11309"}],"curies":[{"name":"wp","href":"https:\/\/api.w.org\/{rel}","templated":true}]}}