   
{"id":11303,"date":"2012-09-28T13:20:22","date_gmt":"2012-09-28T13:20:22","guid":{"rendered":"https:\/\/www.geneticmatrix.com\/human-design-1-3-perfil\/"},"modified":"2020-09-20T13:45:19","modified_gmt":"2020-09-20T13:45:19","slug":"human-design-1-3-perfil","status":"publish","type":"page","link":"https:\/\/www.gmtxdev.com\/es\/human-design-1-3-perfil\/","title":{"rendered":"Human-Design-1-3-Perfil"},"content":{"rendered":"<div id=\"content\">\r\n<div class=\"breadcam\"><a href=\"\/\">Home<\/a> \u00bb <a href=\"&lt;?php echo site_url();?&gt;\/human-design-info-center\/\">Info-Center<\/a> \u00bb <a href=\"&lt;?php echo site_url(); ?&gt;;\/human-design-the-12-profiles\/\">12 Perfils <\/a> \u00bb 1\/3 Perfil<\/div>\r\n<div class=\"l_content left mar_top\">\r\n<div class=\"services\">\r\n<h2>El 1\/3 Perfil<\/h2>\r\n<ul>\r\n \t<li>El perfil 1\/3 constituye el 14.55% de la poblaci\u00f3n<\/li>\r\n \t<li>Algunas de las palabras relacionadas con el perfil 1\/3 son:<\/li>\r\n<\/ul>\r\n<h3>Personalidad Consciente<\/h3>\r\n<table class=\"personality\" border=\"1\" width=\"650\" cellspacing=\"0\" cellpadding=\"0\">\r\n<tbody>\r\n<tr>\r\n<td>Investigador<\/td>\r\n<td>Autoritario<\/td>\r\n<td>Introspecci\u00f3n<\/td>\r\n<\/tr>\r\n<tr>\r\n<td>Subjetivo<\/td>\r\n<td>Inseguro<\/td>\r\n<td>Fundamentos<\/td>\r\n<\/tr>\r\n<tr>\r\n<td>Especializaci\u00f3n<\/td>\r\n<td>Empat\u00eda<\/td>\r\n<td>Esudiar\/analizar<\/td>\r\n<\/tr>\r\n<tr>\r\n<td>Creatividad pura<\/td>\r\n<td>Egocentrismo<\/td>\r\n<td>Perseguidor\/Perseguido<\/td>\r\n<\/tr>\r\n<\/tbody>\r\n<\/table>\r\n<h3>Dise\u00f1o Inconsciente<\/h3>\r\n<table class=\"personality\" border=\"1\" width=\"650\" cellspacing=\"0\" cellpadding=\"0\">\r\n<tbody>\r\n<tr>\r\n<td>M\u00e1rtir<\/td>\r\n<td>Anarquista<\/td>\r\n<td>Adaptable<\/td>\r\n<\/tr>\r\n<tr>\r\n<td>Descubrir<\/td>\r\n<td>Optimista\/pesimista<\/td>\r\n<td>Relaciones hechas\/relaciones rotas<\/td>\r\n<\/tr>\r\n<tr>\r\n<td>Prueba y error<\/td>\r\n<td>Experiencia<\/td>\r\n<td>Accidentes positivos\/negativos<\/td>\r\n<\/tr>\r\n<tr>\r\n<td>Impulso creativo<\/td>\r\n<td>Inestable<\/td>\r\n<td>Cambiante<\/td>\r\n<\/tr>\r\n<\/tbody>\r\n<\/table>\r\n<h3><a href=\"\/human-design-people-by-profile-1-3.html\">Otras personas con El Perfil 1\/3<\/a><\/h3>\r\n<div class=\"personality_img\">\r\n<ul>\r\n \t<li><img src=\"&lt;?php bloginfo('template_directory'); ?&gt;\/images\/Mercury Freddie-Picture.jpg\" alt=\"img\" width=\"115\" height=\"157\" \/><\/li>\r\n \t<li><img src=\"&lt;?php bloginfo('template_directory'); ?&gt;\/images\/Van Gogh Vincent-Picture.jpg\" alt=\"img\" width=\"115\" height=\"157\" \/><\/li>\r\n \t<li><img src=\"&lt;?php bloginfo('template_directory'); ?&gt;\/images\/Bono-Picture.jpg\" alt=\"img\" width=\"115\" height=\"157\" \/><\/li>\r\n \t<li><img src=\"&lt;?php bloginfo('template_directory'); ?&gt;\/images\/Kidman-Nicole-P.jpg\" alt=\"img\" width=\"115\" height=\"157\" \/><\/li>\r\n \t<li><img src=\"&lt;?php bloginfo('template_directory'); ?&gt;\/images\/Diana-Princess-P.jpg\" alt=\"img\" width=\"115\" height=\"157\" \/><\/li>\r\n \t<li><img src=\"&lt;?php bloginfo('template_directory'); ?&gt;\/images\/people\/Schumann Robert - Picture.jpg\" alt=\"img\" width=\"115\" height=\"157\" \/><\/li>\r\n \t<li><img src=\"&lt;?php bloginfo('template_directory'); ?&gt;\/images\/people\/Chaplin Charlie P.jpg\" alt=\"img\" width=\"115\" height=\"157\" \/><\/li>\r\n \t<li><img src=\"&lt;?php bloginfo('template_directory'); ?&gt;\/images\/people\/Guevara Che P.jpg\" alt=\"img\" width=\"115\" height=\"157\" \/><\/li>\r\n \t<li><img src=\"&lt;?php bloginfo('template_directory'); ?&gt;\/images\/people\/Diaz Caermon - Picture.JPG\" alt=\"img\" width=\"115\" height=\"157\" \/><\/li>\r\n<\/ul>\r\n<\/div>\r\n<\/div>\r\n<\/div>\r\n<div class=\"r_content right mar_top\"><\/div>\r\n<div class=\"clear\"><\/div>\r\n<\/div>\r\n[:]","protected":false},"excerpt":{"rendered":"<p>Home \u00bb Info-Center \u00bb 12 Perfils \u00bb 1\/3 Perfil El 1\/3 Perfil El perfil 1\/3 constituye el 14.55% de la poblaci\u00f3n Algunas de las palabras relacionadas con el perfil 1\/3 son: Personalidad Consciente Investigador Autoritario Introspecci\u00f3n Subjetivo Inseguro Fundamentos Especializaci\u00f3n Empat\u00eda Esudiar\/analizar Creatividad pura Egocentrismo Perseguidor\/Perseguido Dise\u00f1o Inconsciente M\u00e1rtir Anarquista Adaptable Descubrir Optimista\/pesimista Relaciones hechas\/relaciones&hellip; <a class=\"more-link\" href=\"https:\/\/www.gmtxdev.com\/es\/human-design-1-3-perfil\/\">Seguir leyendo <span class=\"screen-reader-text\">Human-Design-1-3-Perfil<\/span><\/a><\/p>\n","protected":false},"author":1,"featured_media":0,"parent":0,"menu_order":0,"comment_status":"closed","ping_status":"closed","template":"","meta":{"footnotes":""},"class_list":["post-11303","page","type-page","status-publish","hentry","entry"],"_links":{"self":[{"href":"https:\/\/www.gmtxdev.com\/es\/wp-json\/wp\/v2\/pages\/11303","targetHints":{"allow":["GET"]}}],"collection":[{"href":"https:\/\/www.gmtxdev.com\/es\/wp-json\/wp\/v2\/pages"}],"about":[{"href":"https:\/\/www.gmtxdev.com\/es\/wp-json\/wp\/v2\/types\/page"}],"author":[{"embeddable":true,"href":"https:\/\/www.gmtxdev.com\/es\/wp-json\/wp\/v2\/users\/1"}],"replies":[{"embeddable":true,"href":"https:\/\/www.gmtxdev.com\/es\/wp-json\/wp\/v2\/comments?post=11303"}],"version-history":[{"count":0,"href":"https:\/\/www.gmtxdev.com\/es\/wp-json\/wp\/v2\/pages\/11303\/revisions"}],"wp:attachment":[{"href":"https:\/\/www.gmtxdev.com\/es\/wp-json\/wp\/v2\/media?parent=11303"}],"curies":[{"name":"wp","href":"https:\/\/api.w.org\/{rel}","templated":true}]}}