   
{"id":11267,"date":"2012-09-12T09:53:49","date_gmt":"2012-09-12T09:53:49","guid":{"rendered":"https:\/\/www.geneticmatrix.com\/diseno-humano-reflector\/"},"modified":"2021-03-24T12:48:24","modified_gmt":"2021-03-24T12:48:24","slug":"diseno-humano-reflector","status":"publish","type":"page","link":"https:\/\/www.gmtxdev.com\/es\/diseno-humano-reflector\/","title":{"rendered":"Dise\u00f1o Humano - Reflector"},"content":{"rendered":"<div id=\"content\">\r\n<div class=\"test_page\">\r\n<div class=\"breadcam\"><a href=\"\/\">Home<\/a> \u00bb <a href=\"\/human-design-info-center\/\">Centro de informaci\u00f3n<\/a> \u00bb<a href=\"\/human-design-types\/\">Tipos<\/a> \u00bb Dise\u00f1o Humano - Reflector<\/div>\r\n<\/div>\r\n<div class=\"l_content left mar_top\">\r\n<div class=\"services\">\r\n<h3><strong>Dise\u00f1o Humano - Reflector<\/strong><\/h3>\r\n<ul>\r\n \t<li style=\"list-style-type: none;\">\r\n<ul>\r\n \t<li>Los Reflectores constituyen el 1% de la poblaci\u00f3n.<\/li>\r\n \t<li>Los Reflectores derivan su nombre de la naturaleza reflectiva de su aura.<\/li>\r\n<\/ul>\r\n<\/li>\r\n<\/ul>\r\n<a href=\"https:\/\/www.geneticmatrix.com\/wp-content\/uploads\/2012\/09\/Site-Reflector.png\"><img class=\"alignnone wp-image-11298 size-full\" title=\"Human Design Reflector\" src=\"https:\/\/www.geneticmatrix.com\/wp-content\/uploads\/2012\/09\/Site-Reflector.png\" alt=\"\" width=\"557\" height=\"465\" \/><\/a>\r\n<ul>\r\n \t<li>1-Sin centros definidos<\/li>\r\n<\/ul>\r\n<ul>\r\n \t<li>El aura de un Reflector resiste, prueba y refleja otras auras.<\/li>\r\n \t<li>El Reflector es un observador sabio de la vida con un gran don de poder leer a otras personas.<\/li>\r\n \t<li>Los Reflectores deben esperar un ciclo lunar entero antes de tomar decisiones grandes en su vida.<\/li>\r\n \t<li>Los Reflectores tienen la oportunidad de tener una vida m\u00edstica debido a su apertura.<\/li>\r\n \t<li>Es de gran importancia para un Reflector el poder encontrar el ambiente perfecto en el que vivir\r\n(refugio, comunidad) y encontrar a una grupo de gente que sea ben\u00e9fico y arm\u00f3nico para ellos.<\/li>\r\n \t<li>Los Reflectores deber\u00edan estar alertas a los tr\u00e1nsitos diarios que hacen los planetas para que puedan ver el efecto que tiene sobre ellos durante el d\u00eda.<\/li>\r\n \t<li>El aspecto m\u00e1s consistente dentro del dise\u00f1o de un Reflector es su Perfil y su Color Motivacional<\/li>\r\n \t<li>Otras personas siempre ver\u00e1n aspectos de s\u00ed mismos cuando conocen a un Reflector.<\/li>\r\n \t<li>Los Reflectores no tienen ning\u00fan centro activado en su cuerpo.<\/li>\r\n \t<li>Los reflectores reflejan la energ\u00eda y las emociones que provienen de los planetas en tr\u00e1nsito y su entorno.<\/li>\r\n \t<li>Los reflectores est\u00e1n destinados a ser el coraz\u00f3n de su comunidad. Saben exactamente cu\u00e1ndo una comunidad funciona correctamente y cu\u00e1ndo no.<\/li>\r\n<\/ul>\r\n<\/div>\r\n\r\n<hr \/>\r\n\r\n<div class=\"pure_gen_outer\">\r\n<div class=\"pure_generators left\">\r\n<h3>El Reflector a mayor detalle<\/h3>\r\nEl Reflector lleva consigo un Dise\u00f1o Humano extraordinario. Constituyen el 1% de la poblaci\u00f3n humana y son enteramente distintos en c\u00f3mo opera el 99% de los humanos restantes.\r\n\r\n&nbsp;\r\n\r\nLos Reflectores no tienen ning\u00fan centro activado en el momento en el que nacen. Todos los centros en su dise\u00f1o est\u00e1n en blanco. Como resultado, dan la ilusi\u00f3n de ser algo que no tiene nada que ver con quien realmente son.\r\nA primera instancia, con todos esos centros inactivos, podr\u00eda parecer que los Reflectores est\u00e1n constantemente tomando la energ\u00eda y emociones de los dem\u00e1s sin tener un patr\u00f3n confiable dentro de s\u00ed mismos.\r\n\r\n&nbsp;\r\n\r\nSi estuvi\u00e9semos hablando de cualquier otro tipo de dise\u00f1o humano, esto ser\u00eda el caso. El centro abierto e inactivo dentro de una persona est\u00e1 siempre vulnerable a los efectos de otras personas.\r\n\r\n&nbsp;\r\n\r\nSin embargo, la diferencia fundamental de un Reflector es la naturaleza de su aura electromagn\u00e9tica. Nuestra aura humana es el campo hol\u00edstico energ\u00e9tico que envuelve a cada uno de nosotros. Esta aura es nuestra firma electromagn\u00e9tica personal y le dice a todo lo que nos rodea de qu\u00e9 nos tratamos. Esta aura se extiende hasta tres metros alrededor de la circunferencia de nuestro cuerpo. El tener un aura nos da la habilidad de leer e interpretar las auras de los dem\u00e1s.\r\n\r\n&nbsp;\r\n\r\nEl aura de un Reflector es \u201cresistente\u201d y hace dos cosas de manera \u00fanica. Primeramente, \u201cprueba\u201d las auras de la gente que los rodea al tomar s\u00f3lo una parte de lo que percibe. Y, por otro lado, refleja todo aquello que recibe de la otra persona.\r\n\r\n&nbsp;\r\n\r\nEsta aura resistente sirve como un mecanismo de defensa para un Reflector. Sirve de protecci\u00f3n para no sentirse abrumado por las energ\u00edas y emociones de las personas que los rodean.\r\n\r\n&nbsp;\r\n\r\nEs tambi\u00e9n la raz\u00f3n por la que los Reflectores nos parecen camaleones. Un camale\u00f3n que puede mezclarse con lo que sea que lo rodea. Los Reflectores se mezclan con su ambiente. Lo hacen de manera natural pero a veces pueden parecer invisibles a los dem\u00e1s.\r\n\r\n&nbsp;\r\n\r\nOtras personas siempre ver\u00e1n aspectos de s\u00ed mismos cuando conocen a un Reflector. As\u00ed que un Reflector siempre debe estar muy consciente de qu\u00e9 personas tiene a su alrededor y con qui\u00e9n se relaciona.\r\nUn Reflector debe de observar muy bien con qui\u00e9n interact\u00faa para ver qu\u00e9 aspectos positivos y negativos esas personas traen a la relaci\u00f3n.\r\n\r\n&nbsp;\r\n\r\nSi la persona con la que el Reflector est\u00e1 interactuando es alguien positivo y feliz, entonces el Reflector lo va a reflejar. Pero si son corruptos y manipulativos, ientonces tambi\u00e9n van a reflejar esto!\r\nAs\u00ed que un Reflector debe de pasar tiempo descubriendo qui\u00e9n es realmente y qu\u00e9 est\u00e1 reflejando. Tomar\u00e1 un poco de pr\u00e1ctica y es s\u00f3lo con el paso del tiempo que descubrir\u00e1 qui\u00e9n es realmente.\r\n\r\n&nbsp;\r\n\r\nLos Reflectores est\u00e1n caminando por el mundo en una \u201cburbuja\u201d \u00e1urica que no les permite conectar profundamente con otras personas. Esto hace que las relaciones personales sean m\u00e1s dif\u00edciles para los Reflectores que para el resto de nosotros. El aura m\u00e1s parecida a la de un Reflector es la de un Manifestador.\r\n\r\n&nbsp;\r\n\r\nEl Manifestador no \u201cprueba\u201d las auras de otras personas, sino que \u201crepele\u201d a esas auras. Sin embargo, as\u00ed como un Reflector, el Manifestador est\u00e1 dise\u00f1ado con una especie de barrera protectora de las auras de otras personas.\r\n\r\n&nbsp;\r\n<h3>Los planetas<\/h3>\r\nUn factor principal que hace que los Reflectores sean distintos, es el efecto profundo de los movimientos planetarios sobre sus d\u00eda a d\u00eda. Su aura no los puede proteger de este efecto.\r\n\r\n&nbsp;\r\n\r\nLos planetas transitando alrededor de sus \u00f3rbitas activan o desactivan nuestras puertas en todos nuestros dise\u00f1os de manera continua. Pero s\u00f3lo los Reflectores sienten este efecto de manera profunda.\r\n\r\n&nbsp;\r\n\r\nCualquier persona que no sea un Reflector s\u00f3lo recibe un peque\u00f1o atisbo de este efecto sobre de s\u00ed mismos. Ellos s\u00f3lo experimentan una peque\u00f1a dosis de las energ\u00edas y emociones que se activan por el tr\u00e1nsito de los planetas.\r\niPero los Reflectores lo experimentan por completo! Sienten el efecto energ\u00e9tico de los planetas profundamente.\r\n\r\n&nbsp;\r\n\r\nAlgunos dicen que \u00e9sta es una de las razones m\u00e1s importantes por las que est\u00e1n aqu\u00ed los Reflectores.\r\nEst\u00e1n aqu\u00ed para mostrar el efecto planetario sobre la vida humana de manera continua. La activaci\u00f3n de puertas que viene de otras personas dentro del aura de un Reflector tiene muy poco impacto sobre el Reflector mismo.\r\n\r\n&nbsp;\r\n\r\nSin embargo, las activaciones de puertas a trav\u00e9s de otras personas dentro del resto de los tipos tiene un impacto profundo sobre de ellos. De manera similar, el efecto del movimiento planetario tiene un efecto limitado y casi superficial sobre los no-Reflectores, pero un impacto fort\u00edsimo sobre los Reflectores.\r\n\r\n&nbsp;\r\n\r\nLos Reflectores operan de una manera completamente opuesta que el resto del 99% de la gente\r\n\r\n&nbsp;\r\n<h3>Decisiones<\/h3>\r\nLos Reflectores no tienen ning\u00fan \u00e1rea fiable dentro de s\u00ed mismos que les permita tomar decisiones.\r\n\r\n&nbsp;\r\n\r\nLos Generadores pueden depender y tomar decisiones en base a su Centro Sacro. Las personas con un Centro Bazo activado pueden tomar decisiones espont\u00e1neas correctas. Aqu\u00e9llos con un el Centro del Plexo Solar activado necesitan esperar a que su ola emocional haya pasado por completo para poder tomar una decisi\u00f3n clara. Inclusive aqu\u00e9llos con el Centro G o el Centro Coraz\u00f3n activado pueden tener un mecanismo delicado para la toma de decisiones. \u00bfY los Reflectores? No tienen ning\u00fan centro activado. \u00bfC\u00f3mo deben de tomar decisiones entonces?\r\nDe manera \u00fanica, los Reflectores tienen una relaci\u00f3n \u00edntima con la Luna. Viven en un huso horario completamente propio. Es un huso horario lunar. Es la conexi\u00f3n con la Luna lo que le permite a un Reflector tomar decisiones. Pero para poder tomar decisiones correctas, un Reflector debe esperar un ciclo de 28 d\u00edas antes de decidir cualquier cosa. iY claro que esto es algo dif\u00edcil de hacer!\r\n\r\n&nbsp;\r\n\r\nPero es importante que un Reflector no se permita sentir presionado para tomar una decisi\u00f3n r\u00e1pidamente. Cuando alguien descubre que es un Reflector por primera vez, debe de empezar el proceso de comunicar a aquellos que lo rodean de que no deben de ser presionados para tomar decisiones.\r\n\r\n&nbsp;\r\n\r\nEs muy \u00fatil para un Reflector que est\u00e9 al pendiente del tr\u00e1nsito de los planetas y el impacto que eso tendr\u00e1 sobre de ellos ese d\u00eda. El mapa del tr\u00e1nsito diario muestra la activaci\u00f3n de puertas en los seres humanos durante ese d\u00eda en relaci\u00f3n con el movimiento planetario. Estas activaciones (dependiendo de las puertas involucradas) pueden activar centros, crear canales o pueden agregar puertas adicionales a un centro existente.\r\nAs\u00ed que, cuando el mapa de tr\u00e1nsito diario es el de un Manifestador, entonces eso es lo que un Reflector ser\u00e1. De igual modo cuando es un d\u00eda como Generador, o un Proyector.\r\n\r\n&nbsp;\r\n\r\nLos Reflectores pueden aprovechar esto enormemente. Al informarse de los tr\u00e1nsitos de d\u00edas futuros, el Reflector sabr\u00e1 exactamente cu\u00e1n energ\u00e9ticos estar\u00e1n o no. iAs\u00ed que pueden elegir los d\u00edas como Manifestadores, Generadores y Generadores Manifestantes cuando quieren ser muy productivos! Y quiz\u00e1 no comprometerse a tanto los d\u00edas como Proyectores.\r\n\r\n&nbsp;\r\n\r\nLo m\u00e1s importante que debe recordar un Reflector es que estos tr\u00e1nsitos no son lo que realmente son, s\u00f3lo est\u00e1n reflejando. Lo m\u00e1s confiable dentro de la personalidad de un Reflector ser\u00e1 su Perfil y su Color Motivacional. Estos aspectos de un Reflector no est\u00e1n afectados por los planetas ni por las personas que entran y salen de su aura.\r\n\r\n&nbsp;\r\n\r\nLos Reflectores encontrar\u00e1n que tambi\u00e9n les es valioso hablar con otros y escuchar objetivamente los puntos de vista de los dem\u00e1s durante sus 28 d\u00edas de espera para tomar una decisi\u00f3n. Tambi\u00e9n deber\u00edan de tener la misma conversaci\u00f3n con muchas personas para obtener distintos puntos de vista y obtener distintas respuestas a una situaci\u00f3n en particular.\r\n\r\n&nbsp;\r\n\r\nCuatro de las decisiones m\u00e1s cruciales que un Reflector tendr\u00e1 que tomar de manera\r\n\r\ncorrecta son:\r\n- En d\u00f3nde viven\r\n- Con qui\u00e9n viven\r\n- En d\u00f3nde trabajan\r\n- Con qui\u00e9n trabajan\r\n\r\nEllos reflejan la comunidad y la salud del ambiente y la gente que los rodea.\r\n\r\n&nbsp;\r\n\r\nSi la comunidad con la que viven es comprensiva y alentadora, ellos crecer\u00e1n y prosperar\u00e1n. Si no lo es, entonces la vida puede ser sumamente desilusionante para un Reflector.\r\n\r\n&nbsp;\r\n\r\nSi los Reflectores realmente dominan su dise\u00f1o humano, entonces tienen la oportunidad de ser los m\u00e1s sabios y objetivos de todos nosotros.\r\n\r\n&nbsp;\r\n\r\n<!--<a href=\"\/human-design-services\/\"><img title=\"Unlock Your Potential - Click Here\" src=\"https:\/\/www.geneticmatrix.com\/wp-content\/uploads\/2012\/09\/gmkey.png\" alt=\"\" width=\"139\" height=\"69\" \/>\r\n<\/a>-->\r\n\r\n<\/div>\r\n<div class=\"right pure_generators_l\">\r\n<ul>\r\n \t<li><a href=\"https:\/\/www.geneticmatrix.com\/bullock-sandra-human-design-chart.html\"><img class=\"alignnone wp-image-11273\" title=\"Sandra Bullock - Reflector\" src=\"https:\/\/www.geneticmatrix.com\/wp-content\/uploads\/2012\/09\/Bullock-Sandra.jpg\" alt=\"\" width=\"180\" height=\"119\" \/><\/a><\/li>\r\n \t<li><\/li>\r\n \t<li><a href=\"https:\/\/www.geneticmatrix.com\/burton-richard-human-design-chart.html\"><img title=\"Richard Burton - Reflector\" src=\"https:\/\/www.geneticmatrix.com\/wp-content\/uploads\/2012\/09\/Burton-Richard.jpg\" alt=\"\" width=\"180\" height=\"119\" \/><\/a><\/li>\r\n \t<li><\/li>\r\n \t<li><a href=\"https:\/\/www.geneticmatrix.com\/dostoevsky-fyodor-human-design-chart.html\"><img class=\"alignnone wp-image-11274\" title=\"Fyodor Dostoevsky - Reflector\" src=\"https:\/\/www.geneticmatrix.com\/wp-content\/uploads\/2012\/09\/Dostoevsky-Fyodor.jpg\" alt=\"\" width=\"180\" height=\"119\" \/><\/a><\/li>\r\n \t<li><\/li>\r\n \t<li><\/li>\r\n \t<li><a href=\"https:\/\/www.geneticmatrix.com\/klinsmann-jurgen-human-design-chart.html\"><img class=\"alignnone wp-image-11275\" title=\"Jurgen Klinsmann - Reflector\" src=\"https:\/\/www.geneticmatrix.com\/wp-content\/uploads\/2012\/09\/Klinsmann-Jurgen.jpg\" alt=\"\" width=\"180\" height=\"119\" \/><\/a><\/li>\r\n \t<li><a href=\"https:\/\/www.geneticmatrix.com\/mendelssohn-felix-human-design-chart.html\"><img class=\"alignnone wp-image-11276\" title=\"Felix Mendelssohn - Reflector\" src=\"https:\/\/www.geneticmatrix.com\/wp-content\/uploads\/2012\/09\/Mendelssohn-Felix.jpg\" alt=\"\" width=\"180\" height=\"119\" \/><\/a><\/li>\r\n \t<li><a href=\"https:\/\/www.geneticmatrix.com\/boeing-william-human-design-chart.html\"><img class=\"alignnone wp-image-11277\" title=\"William Boeing - Reflector\" src=\"https:\/\/www.geneticmatrix.com\/wp-content\/uploads\/2012\/09\/William_Boeing1.jpg\" alt=\"\" width=\"180\" height=\"119\" \/><\/a><\/li>\r\n \t<li><a href=\"https:\/\/www.geneticmatrix.com\/henry-lenny-human-design-chart.html\"><img class=\"alignnone wp-image-11278\" title=\"Lenny Henry - Reflector\" src=\"https:\/\/www.geneticmatrix.com\/wp-content\/uploads\/2012\/09\/Henry-Lenny.jpg\" alt=\"\" width=\"180\" height=\"119\" \/><\/a><\/li>\r\n \t<li><a href=\"https:\/\/www.geneticmatrix.com\/springfield-dusty-human-design-chart.html\"><img class=\"alignnone wp-image-11279\" title=\"Dusty Springfield - Reflector\" src=\"https:\/\/www.geneticmatrix.com\/wp-content\/uploads\/2012\/09\/Springfield-Dusty.jpg\" alt=\"\" width=\"180\" height=\"119\" \/><\/a><\/li>\r\n \t<li><a href=\"https:\/\/www.geneticmatrix.com\/vidal-gore-human-design-chart.html\"><img class=\"alignnone wp-image-11280\" title=\"Gore Vidal - Reflector\" src=\"https:\/\/www.geneticmatrix.com\/wp-content\/uploads\/2012\/09\/Vidal-Gore.jpg\" alt=\"\" width=\"180\" height=\"119\" \/><\/a><\/li>\r\n \t<li><a href=\"https:\/\/www.geneticmatrix.com\/solzhenitsyn-aleksandr-human-design-chart.html\"><img class=\"alignnone wp-image-11281\" title=\"Aleksandr Solzhenitsyn - Reflector\" src=\"https:\/\/www.geneticmatrix.com\/wp-content\/uploads\/2012\/09\/Solzhenitsyn-Aleksandr-p.jpg\" alt=\"\" width=\"180\" height=\"119\" \/><\/a><\/li>\r\n \t<li><a href=\"https:\/\/www.geneticmatrix.com\/greene-graham-human-design-chart.html\"><img class=\"alignnone wp-image-11282\" title=\"Graham Greene - Reflector\" src=\"https:\/\/www.geneticmatrix.com\/wp-content\/uploads\/2012\/09\/Greene-Graham.jpg\" alt=\"\" width=\"180\" height=\"119\" \/><\/a><\/li>\r\n \t<li><a href=\"https:\/\/www.geneticmatrix.com\/dee-sandra-human-design-chart.html\"><img class=\"alignnone wp-image-11283\" title=\"Sandra Dee - Reflector\" src=\"https:\/\/www.geneticmatrix.com\/wp-content\/uploads\/2012\/09\/Dee-Sandra.jpg\" alt=\"\" width=\"180\" height=\"119\" \/><\/a><\/li>\r\n \t<li><a href=\"https:\/\/www.geneticmatrix.com\/wells-h_g-human-design-chart.html\"><img class=\"alignnone wp-image-11284\" title=\"H G Wells - Reflector\" src=\"https:\/\/www.geneticmatrix.com\/wp-content\/uploads\/2012\/09\/Wells-H-G.jpg\" alt=\"\" width=\"180\" height=\"119\" \/><\/a><\/li>\r\n \t<li><a href=\"https:\/\/www.geneticmatrix.com\/galway-james-human-design-chart.html\"><img class=\"alignnone wp-image-11285\" title=\"James Galway - Reflector\" src=\"https:\/\/www.geneticmatrix.com\/wp-content\/uploads\/2012\/09\/Galway-James.jpg\" alt=\"\" width=\"180\" height=\"119\" \/><\/a><\/li>\r\n \t<li><a href=\"https:\/\/www.geneticmatrix.com\/fields-w_c-human-design-chart.html\"><img class=\"alignnone wp-image-11286\" title=\"W C Fields - Reflector\" src=\"https:\/\/www.geneticmatrix.com\/wp-content\/uploads\/2012\/09\/Fields-W-C-.jpg\" alt=\"\" width=\"180\" height=\"119\" \/><\/a><\/li>\r\n \t<li><a href=\"https:\/\/www.geneticmatrix.com\/geller-uri-human-design-chart.html\"><img class=\"alignnone wp-image-11287\" title=\"Uri Geller - Reflector\" src=\"https:\/\/www.geneticmatrix.com\/wp-content\/uploads\/2012\/09\/Geller-Uri.jpg\" alt=\"\" width=\"180\" height=\"119\" \/><\/a><\/li>\r\n \t<li><a href=\"https:\/\/www.geneticmatrix.com\/aantjes-willem-human-design-chart.html\"><img class=\"alignnone wp-image-11288\" title=\"Willem Aantjes - Reflector\" src=\"https:\/\/www.geneticmatrix.com\/wp-content\/uploads\/2012\/09\/Aantjes-Willem.jpg\" alt=\"\" width=\"180\" height=\"119\" \/><\/a><\/li>\r\n \t<li><a href=\"https:\/\/www.geneticmatrix.com\/bernard-alain-human-design-chart.html\"><img class=\"alignnone wp-image-11289\" title=\"Alain Bernard - Reflector\" src=\"https:\/\/www.geneticmatrix.com\/wp-content\/uploads\/2012\/09\/Bernard-Alain.jpg\" alt=\"\" width=\"180\" height=\"119\" \/><\/a><\/li>\r\n \t<li><a href=\"https:\/\/www.geneticmatrix.com\/udet-ernst-human-design-chart.html\"><img class=\"alignnone wp-image-11290\" title=\"Ernst Udet - Reflector\" src=\"https:\/\/www.geneticmatrix.com\/wp-content\/uploads\/2012\/09\/Udet-Ernst.jpg\" alt=\"\" width=\"180\" height=\"119\" \/><\/a><\/li>\r\n \t<li><a href=\"https:\/\/www.geneticmatrix.com\/urich-robert-human-design-chart.html\"><img class=\"alignnone wp-image-11292\" title=\"Robert Urich - Reflector\" src=\"https:\/\/www.geneticmatrix.com\/wp-content\/uploads\/2012\/09\/Urich-Robert.jpg\" alt=\"\" width=\"180\" height=\"119\" \/><\/a><\/li>\r\n \t<li><a href=\"https:\/\/www.geneticmatrix.com\/vives_i_sicilia-joan_enric-human-design-chart.html\"><img class=\"alignnone wp-image-11293\" title=\"Joan Enric Vives i Sicilia - Reflector\" src=\"https:\/\/www.geneticmatrix.com\/wp-content\/uploads\/2012\/09\/silvia.jpg\" alt=\"\" width=\"180\" height=\"119\" \/><\/a><\/li>\r\n \t<li><a href=\"https:\/\/www.geneticmatrix.com\/aerts-jean-human-design-chart.html\"><img class=\"alignnone wp-image-11294\" title=\"Jean Aerts - Reflector\" src=\"https:\/\/www.geneticmatrix.com\/wp-content\/uploads\/2012\/09\/Aerts-Jean.jpg\" alt=\"\" width=\"180\" height=\"119\" \/><\/a><\/li>\r\n \t<li><a href=\"https:\/\/www.geneticmatrix.com\/marclay-christian-human-design-chart.html\"><img class=\"alignnone wp-image-11295\" title=\"Christian Marclay - Reflector\" src=\"https:\/\/www.geneticmatrix.com\/wp-content\/uploads\/2012\/09\/Marclay-Christian-.jpg\" alt=\"\" width=\"180\" height=\"119\" \/><\/a><\/li>\r\n \t<li><a href=\"https:\/\/www.geneticmatrix.com\/gauss-carl_friedrich-human-design-chart.html\"><img class=\"alignnone wp-image-11296\" title=\"Carl Friedrich Gauss - Reflector\" src=\"https:\/\/www.geneticmatrix.com\/wp-content\/uploads\/2012\/09\/Gauss-Carl-Friedrich.jpg\" alt=\"\" width=\"180\" height=\"119\" \/><\/a><\/li>\r\n \t<li><a href=\"https:\/\/www.geneticmatrix.com\/leoncavallo-ruggero-human-design-chart.html\"><img class=\"alignnone wp-image-11297\" title=\"Ruggero Leoncavallo\" src=\"https:\/\/www.geneticmatrix.com\/wp-content\/uploads\/2012\/09\/Leoncavallo-Ruggero.jpg\" alt=\"\" width=\"180\" height=\"119\" \/><\/a><\/li>\r\n \t<li><\/li>\r\n<\/ul>\r\n<div><span style=\"font-size: medium;\"><span style=\"line-height: 24px;\">\u00a0<\/span><\/span><\/div>\r\n<\/div>\r\n<\/div>\r\n<div class=\"right pure_generators_l\"><\/div>\r\n<\/div>\r\n<div class=\"right pure_generators_l\"><\/div>\r\n<div class=\"right pure_generators_l\"><\/div>\r\n<div class=\"right pure_generators_l\"><\/div>\r\n<div class=\"right pure_generators_l\"><\/div>\r\n<div class=\"right pure_generators_l\"><\/div>\r\n<div class=\"right pure_generators_l\"><\/div>\r\n<h4 class=\"right pure_generators_l\"><\/h4>\r\n<div class=\"clear\"><\/div>\r\n<\/div>\r\n<div><\/div>","protected":false},"excerpt":{"rendered":"<p>Home \u00bb Centro de informaci\u00f3n \u00bbTipos \u00bb Dise\u00f1o Humano &#8211; Reflector Dise\u00f1o Humano &#8211; Reflector Los Reflectores constituyen el 1% de la poblaci\u00f3n. Los Reflectores derivan su nombre de la naturaleza reflectiva de su aura. 1-Sin centros definidos El aura de un Reflector resiste, prueba y refleja otras auras. El Reflector es un observador sabio&hellip; <a class=\"more-link\" href=\"https:\/\/www.gmtxdev.com\/es\/diseno-humano-reflector\/\">Seguir leyendo <span class=\"screen-reader-text\">Dise\u00f1o Humano &#8211; Reflector<\/span><\/a><\/p>\n","protected":false},"author":1,"featured_media":0,"parent":0,"menu_order":0,"comment_status":"closed","ping_status":"closed","template":"","meta":{"footnotes":""},"class_list":["post-11267","page","type-page","status-publish","hentry","entry"],"_links":{"self":[{"href":"https:\/\/www.gmtxdev.com\/es\/wp-json\/wp\/v2\/pages\/11267","targetHints":{"allow":["GET"]}}],"collection":[{"href":"https:\/\/www.gmtxdev.com\/es\/wp-json\/wp\/v2\/pages"}],"about":[{"href":"https:\/\/www.gmtxdev.com\/es\/wp-json\/wp\/v2\/types\/page"}],"author":[{"embeddable":true,"href":"https:\/\/www.gmtxdev.com\/es\/wp-json\/wp\/v2\/users\/1"}],"replies":[{"embeddable":true,"href":"https:\/\/www.gmtxdev.com\/es\/wp-json\/wp\/v2\/comments?post=11267"}],"version-history":[{"count":0,"href":"https:\/\/www.gmtxdev.com\/es\/wp-json\/wp\/v2\/pages\/11267\/revisions"}],"wp:attachment":[{"href":"https:\/\/www.gmtxdev.com\/es\/wp-json\/wp\/v2\/media?parent=11267"}],"curies":[{"name":"wp","href":"https:\/\/api.w.org\/{rel}","templated":true}]}}