   
{"id":11197,"date":"2012-09-12T06:44:34","date_gmt":"2012-09-12T06:44:34","guid":{"rendered":"https:\/\/www.geneticmatrix.com\/the-9-centers\/"},"modified":"2020-09-21T12:48:34","modified_gmt":"2020-09-21T12:48:34","slug":"the-9-centers","status":"publish","type":"page","link":"https:\/\/www.gmtxdev.com\/es\/the-9-centers\/","title":{"rendered":"The-9-Centers"},"content":{"rendered":"<div id=\"content\">\r\n<div class=\"test_page\">\r\n<div class=\"breadcam\"><a href=\"\/\">Home<\/a> \u00bb <a href=\"\/human-design-info-center\/\">Info-Center<\/a> \u00bb The-9-Centers<\/div>\r\n<\/div>\r\n<div class=\"l_content left mar_top\">\r\n<div class=\"services\">\r\n<h2>Los 9 Centros<\/h2>\r\n<h3>Centro de energ\u00eda<\/h3>\r\n<ul>\r\n \t<li><a href=\"\/es\/diseno-humano-centro-corazona\/\">Centro Coraz\u00f3n<\/a><\/li>\r\n \t<li><a href=\"\/es\/diseno-humano-centro-rai\/\">Centro Ra\u00edz<\/a><\/li>\r\n \t<li><a href=\"\/es\/diseno-humano-centro-sacro\/\">Centro Sacro<\/a><\/li>\r\n \t<li><a href=\"\/es\/human-design-solar-plexus-center\/\">Centro De Plexo Solar<\/a><\/li>\r\n<\/ul>\r\n<h3>Centro de sensibillizaci\u00f3n<\/h3>\r\n<ul>\r\n \t<li><a href=\"\/es\/ human-design-ajna-center\/\">Centro Ajna<\/a><\/li>\r\n \t<li><a href=\"\/es\/ human-design-solar-plexus-center\/\">Centro del plexo solar<\/a><\/li>\r\n \t<li><a href=\"\/es\/ human-design-splenic-center\/\">Centro Bazo<\/a><\/li>\r\n<\/ul>\r\n<h3>Centro de Presi\u00f3n<\/h3>\r\n<ul>\r\n \t<li><a href=\"\/es\/ human-design-head-center\/\">Centro Cabeza<\/a><\/li>\r\n \t<li><a href=\"\/es\/ diseno-humano-centro-rai\/\">Centro Ra\u00edz<\/a><\/li>\r\n<\/ul>\r\n<h3>Centro de manifestaci\u00f3n<\/h3>\r\n<ul>\r\n \t<li><a href=\"\/es\/ diseno-humano-centro-garganta\/\">Centro Garganta<\/a><\/li>\r\n<\/ul>\r\n<h3>Otro centro<\/h3>\r\n<ul>\r\n \t<li><a href=\"\/es\/ human-design-g-center\/\">Centro G<\/a><\/li>\r\n<\/ul>\r\n<\/div>\r\n<\/div>\r\n<div class=\"r_content right mar_top\"><\/div>\r\n<div class=\"clear\"><\/div>\r\n<\/div>","protected":false},"excerpt":{"rendered":"<p>Home \u00bb Info-Center \u00bb The-9-Centers Los 9 Centros Centro de energ\u00eda Centro Coraz\u00f3n Centro Ra\u00edz Centro Sacro Centro De Plexo Solar Centro de sensibillizaci\u00f3n Centro Ajna Centro del plexo solar Centro Bazo Centro de Presi\u00f3n Centro Cabeza Centro Ra\u00edz Centro de manifestaci\u00f3n Centro Garganta Otro centro Centro G<\/p>\n","protected":false},"author":1,"featured_media":0,"parent":0,"menu_order":0,"comment_status":"closed","ping_status":"closed","template":"","meta":{"footnotes":""},"class_list":["post-11197","page","type-page","status-publish","hentry","entry"],"_links":{"self":[{"href":"https:\/\/www.gmtxdev.com\/es\/wp-json\/wp\/v2\/pages\/11197","targetHints":{"allow":["GET"]}}],"collection":[{"href":"https:\/\/www.gmtxdev.com\/es\/wp-json\/wp\/v2\/pages"}],"about":[{"href":"https:\/\/www.gmtxdev.com\/es\/wp-json\/wp\/v2\/types\/page"}],"author":[{"embeddable":true,"href":"https:\/\/www.gmtxdev.com\/es\/wp-json\/wp\/v2\/users\/1"}],"replies":[{"embeddable":true,"href":"https:\/\/www.gmtxdev.com\/es\/wp-json\/wp\/v2\/comments?post=11197"}],"version-history":[{"count":0,"href":"https:\/\/www.gmtxdev.com\/es\/wp-json\/wp\/v2\/pages\/11197\/revisions"}],"wp:attachment":[{"href":"https:\/\/www.gmtxdev.com\/es\/wp-json\/wp\/v2\/media?parent=11197"}],"curies":[{"name":"wp","href":"https:\/\/api.w.org\/{rel}","templated":true}]}}