   
{"id":11190,"date":"2012-09-12T05:46:51","date_gmt":"2012-09-12T05:46:51","guid":{"rendered":"https:\/\/www.geneticmatrix.com\/diseno-humano-centro-garganta\/"},"modified":"2020-09-20T14:47:03","modified_gmt":"2020-09-20T14:47:03","slug":"diseno-humano-centro-garganta","status":"publish","type":"page","link":"https:\/\/www.gmtxdev.com\/es\/diseno-humano-centro-garganta\/","title":{"rendered":"Dise\u00f1o Humano - Centro Garganta"},"content":{"rendered":"<div id=\"content\">\r\n<div class=\"test_page\">\r\n<div class=\"breadcam\"><a href=\"\/\">Home<\/a> \u00bb <a href=\"\/human-design-info-center\/\">Info-Center<\/a> \u00bb<a href=\"\/human-design-the-9-centers\/\">9 Centro<\/a> \u00bb Dise\u00f1o Humano - Centro Garganta<\/div>\r\n<\/div>\r\n<div class=\"l_content left mar_top\">\r\n<div class=\"services\">\r\n<h3><strong>Dise\u00f1o Humano - Centro Garganta<\/strong><\/h3>\r\n<ul>\r\n \t<li>El Centro Garganta es un Centro Manifestante<\/li>\r\n<\/ul>\r\n<a href=\"https:\/\/www.geneticmatrix.com\/wp-content\/uploads\/2020\/07\/Throat-Center-Image.jpg\"><img class=\"alignnone wp-image-11192 size-medium\" src=\"https:\/\/www.geneticmatrix.com\/wp-content\/uploads\/2020\/07\/Throat-Center-Image-263x300.jpg\" alt=\"\" width=\"263\" height=\"300\" \/><\/a>\r\n<h3>La Biolog\u00eda<\/h3>\r\n<ul>\r\n \t<li>Seis de las once puertas del Centro Garganta son parte del Circuito Colectivo (16,31,33,35,56,62).<\/li>\r\n \t<li>Tres de las once puertas del Centro Garganta son parte del Circuito Individual (8,12,23).<\/li>\r\n \t<li>Una de las once puertas del Centro Garganta es parte del Circuito Tribal (45)<\/li>\r\n \t<li>Una de las once puertas del Centro Garganta no es parte de ning\u00fan circuito (20). Es parte de la Red de Integraci\u00f3n.<\/li>\r\n \t<li>La <a href=\"http:\/\/en.wikipedia.org\/wiki\/Thyroid_gland\" target=\"_new\" rel=\"noopener noreferrer\">gl\u00e1ndula tiroides <\/a> y <a href=\"http:\/\/en.wikipedia.org\/wiki\/Parathyroid_gland\" target=\"_new\" rel=\"noopener noreferrer\">la gl\u00e1ndula paratiroidea<\/a> en nuestro Centro Garganta controlan nuestro <a href=\"http:\/\/en.wikipedia.org\/wiki\/Metabolism\" target=\"_new\" rel=\"noopener noreferrer\">metabolismo<\/a> y y nuestros procesos de metamorfosis.<\/li>\r\n<\/ul>\r\n<\/div>\r\n<div class=\"clear\"><\/div>\r\n<h3>Algunas palabras asociadas con el Centro garganta y sus <a href=\"&lt;?php echo site_url(); ?&gt;\/human-design-gates\/\">puertas<\/a> son:<\/h3>\r\n<table class=\"personality\" border=\"1\" width=\"650\" cellspacing=\"0\" cellpadding=\"0\">\r\n<tbody>\r\n<tr>\r\n<td>Manifestaci\u00f3n<\/td>\r\n<td>Talentos identificados<\/td>\r\n<td>Planear<\/td>\r\n<\/tr>\r\n<tr>\r\n<td>Experimentaci\u00f3n<\/td>\r\n<td>Detalles<\/td>\r\n<td>Etiquetasn<\/td>\r\n<\/tr>\r\n<tr>\r\n<td>Organizaci\u00f3n<\/td>\r\n<td>Explicaci\u00f3n<\/td>\r\n<td>Dedicaci\u00f3n<\/td>\r\n<\/tr>\r\n<tr>\r\n<td>Assimilation<\/td>\r\n<td>Stimulation<\/td>\r\n<td>Distraction<\/td>\r\n<\/tr>\r\n<tr>\r\n<td>Expresi\u00f3n<\/td>\r\n<td>Cambio<\/td>\r\n<td>Progreso<\/td>\r\n<\/tr>\r\n<tr>\r\n<td>Experiencial<\/td>\r\n<td>Detenci\u00f3n<\/td>\r\n<td>Educaci\u00f3n<\/td>\r\n<\/tr>\r\n<tr>\r\n<td>Articulaci\u00f3n<\/td>\r\n<td>Silencio<\/td>\r\n<td>Dirigente<\/td>\r\n<\/tr>\r\n<tr>\r\n<td>Posesi\u00f3n<\/td>\r\n<td>Privacidad<\/td>\r\n<td>Explicaci\u00f3n<\/td>\r\n<\/tr>\r\n<tr>\r\n<td>Soledad<\/td>\r\n<td>Contribuci\u00f3n<\/td>\r\n<td>Liderazgo<\/td>\r\n<\/tr>\r\n<tr>\r\n<td>Existensialismo<\/td>\r\n<td>Promoci\u00f3n<\/td>\r\n<td>Saciedad<\/td>\r\n<\/tr>\r\n<\/tbody>\r\n<\/table>\r\n<\/div>\r\n<\/div>\r\n<div class=\"r_content right mar_top\"><\/div>\r\n<div class=\"clear\"><\/div>","protected":false},"excerpt":{"rendered":"<p>Home \u00bb Info-Center \u00bb9 Centro \u00bb Dise\u00f1o Humano &#8211; Centro Garganta Dise\u00f1o Humano &#8211; Centro Garganta El Centro Garganta es un Centro Manifestante La Biolog\u00eda Seis de las once puertas del Centro Garganta son parte del Circuito Colectivo (16,31,33,35,56,62). Tres de las once puertas del Centro Garganta son parte del Circuito Individual (8,12,23). Una de&hellip; <a class=\"more-link\" href=\"https:\/\/www.gmtxdev.com\/es\/diseno-humano-centro-garganta\/\">Seguir leyendo <span class=\"screen-reader-text\">Dise\u00f1o Humano &#8211; Centro Garganta<\/span><\/a><\/p>\n","protected":false},"author":1,"featured_media":0,"parent":0,"menu_order":0,"comment_status":"closed","ping_status":"closed","template":"","meta":{"footnotes":""},"class_list":["post-11190","page","type-page","status-publish","hentry","entry"],"_links":{"self":[{"href":"https:\/\/www.gmtxdev.com\/es\/wp-json\/wp\/v2\/pages\/11190","targetHints":{"allow":["GET"]}}],"collection":[{"href":"https:\/\/www.gmtxdev.com\/es\/wp-json\/wp\/v2\/pages"}],"about":[{"href":"https:\/\/www.gmtxdev.com\/es\/wp-json\/wp\/v2\/types\/page"}],"author":[{"embeddable":true,"href":"https:\/\/www.gmtxdev.com\/es\/wp-json\/wp\/v2\/users\/1"}],"replies":[{"embeddable":true,"href":"https:\/\/www.gmtxdev.com\/es\/wp-json\/wp\/v2\/comments?post=11190"}],"version-history":[{"count":0,"href":"https:\/\/www.gmtxdev.com\/es\/wp-json\/wp\/v2\/pages\/11190\/revisions"}],"wp:attachment":[{"href":"https:\/\/www.gmtxdev.com\/es\/wp-json\/wp\/v2\/media?parent=11190"}],"curies":[{"name":"wp","href":"https:\/\/api.w.org\/{rel}","templated":true}]}}