   
{"id":11187,"date":"2012-09-12T05:46:11","date_gmt":"2012-09-12T05:46:11","guid":{"rendered":"https:\/\/www.geneticmatrix.com\/human-design-ajna-center\/"},"modified":"2020-09-21T07:54:05","modified_gmt":"2020-09-21T07:54:05","slug":"human-design-ajna-center","status":"publish","type":"page","link":"https:\/\/www.gmtxdev.com\/es\/human-design-ajna-center\/","title":{"rendered":"Dise\u00f1o-Humano-Cualquier-Centro"},"content":{"rendered":"<div id=\"content\">\r\n<div class=\"test_page\">\r\n<div class=\"breadcam\"><a href=\"\/\">Home<\/a> \u00bb <a href=\"\/human-design-info-center\/\">Info-Center<\/a> \u00bb<a href=\"\/human-design-the-9-centers\/\">9 Centro<\/a> \u00bb Dise\u00f1o Humano \u2013 Centro Ajna<\/div>\r\n<\/div>\r\n<div class=\"l_content left mar_top\">\r\n<div class=\"services\">\r\n<h3><strong>Dise\u00f1o Humano \u2013 Centro Ajna<\/strong><\/h3>\r\n<ul>\r\n \t<li>El Centro Ajna es un Centro de consciencia<\/li>\r\n<\/ul>\r\n<a href=\"https:\/\/www.geneticmatrix.com\/wp-content\/uploads\/2020\/07\/Ajna-Center-Image.jpg\"><img class=\"alignnone wp-image-11188 size-medium\" src=\"https:\/\/www.geneticmatrix.com\/wp-content\/uploads\/2020\/03\/user-36760-300x300.jpg\" alt=\"\" width=\"300\" height=\"276\" \/><\/a>\r\n<div><\/div>\r\n<!--\r\n<div class=\"ajna right\">mueve el cursor sobre las im\u00e1genes<\/div>\r\n-->\r\n<div class=\"clear\"><\/div>\r\n<div class=\"services\">\r\n<div class=\"right gall_sys\">\r\n<h3>La Biolog\u00eda<\/h3>\r\n<ul>\r\n \t<li>Cuatro de las seis puertas del Centro Ajna son parte del Circuito colectivo (4,11,17,47). Estos l\u00f3bulos son centros de comando para muchas de las. <a href=\"https:\/\/en.wikipedia.org\/wiki\/Endocrine_system\" target=\"_new\" rel=\"noopener noreferrer\">funciones del sistema end\u00f3crino<\/a><\/li>\r\n \t<li>Las otras dos puertas en el Centro Ajna (24,43) son parte del Circuito del Individu.<\/li>\r\n \t<li>La <a href=\"https:\/\/en.wikipedia.org\/wiki\/Pituitary_gland#Anterior_pituitary_.28Adenohypophysis.29\" target=\"_new\" rel=\"noopener noreferrer\">pituitaria anterior<\/a> y <a href=\"https:\/\/en.wikipedia.org\/wiki\/Pituitary_gland#Posterior_pituitary_.28Neurohypophysis.29\" target=\"_new\" rel=\"noopener noreferrer\">la pituitaria posterior<\/a> est\u00e1n contenidas dentro de la peque\u00f1a<a href=\"https:\/\/en.wikipedia.org\/wiki\/Pituitary_gland\" target=\"_new\" rel=\"noopener noreferrer\"> gl\u00e1ndula pituitaria.<\/a>.<\/li>\r\n \t<li>La gl\u00e1ndula pituitaria es la gl\u00e1ndula m\u00e1s importante del <a href=\"https:\/\/en.wikipedia.org\/wiki\/Endocrine_system\" target=\"_new\" rel=\"noopener noreferrer\"> sistema end\u00f3crino.<\/a><\/li>\r\n<\/ul>\r\n<\/div>\r\n<div class=\"clear\"><\/div>\r\n<h3>Algunas palabras asociadas con el Centro ajna y sus <a href=\"&lt;?php echo site_url(); ?&gt;\/human-design-gates\/\">puertas<\/a> son:<\/h3>\r\n<table class=\"personality\" border=\"1\" width=\"650\" cellspacing=\"0\" cellpadding=\"0\">\r\n<tbody>\r\n<tr>\r\n<td>Conceptualizaci\u00f3n<\/td>\r\n<td>Racionalizaci\u00f3n<\/td>\r\n<td>Opiniones<\/td>\r\n<\/tr>\r\n<tr>\r\n<td>Voz interior<\/td>\r\n<td>Miedo a ser rechazado<\/td>\r\n<td>Ansiedad sobre asimilaci\u00f3n<\/td>\r\n<\/tr>\r\n<tr>\r\n<td>Sordera<\/td>\r\n<td>Perspicacia<\/td>\r\n<td>Patrones<\/td>\r\n<\/tr>\r\n<tr>\r\n<td>Escucha<\/td>\r\n<td>F\u00f3rmulas<\/td>\r\n<td>Miedo al caos<\/td>\r\n<\/tr>\r\n<tr>\r\n<td>Respuestas<\/td>\r\n<td>Sospecha<\/td>\r\n<td>Miedo a la ignoranci<\/td>\r\n<\/tr>\r\n<tr>\r\n<td>Silencio (o no)<\/td>\r\n<td>Ansiedad sobre detalles<\/td>\r\n<td>El pasado<\/td>\r\n<\/tr>\r\n<tr>\r\n<td>Investigaci\u00f3n<\/td>\r\n<td>Reactividad<\/td>\r\n<td>Ac\u00fastica<\/td>\r\n<\/tr>\r\n<tr>\r\n<td>Miedo a los riesgos<\/td>\r\n<td>Visual<\/td>\r\n<td>Explicaci\u00f3n<\/td>\r\n<\/tr>\r\n<tr>\r\n<td>Ansiedad sobre dudas<\/td>\r\n<td>Ansiedad sobre el misterio<\/td>\r\n<td>Ansiedad sobre comunicaci\u00f3n<\/td>\r\n<\/tr>\r\n<tr>\r\n<td>Fear of Inadequacy<\/td>\r\n<td>Fear of the Unexpected (Future)<\/td>\r\n<td>Fear of the Past<\/td>\r\n<\/tr>\r\n<tr>\r\n<td>Miedo a ser inadecuado<\/td>\r\n<td>Miedo a lo inesperado (el futuro)<\/td>\r\n<td>Miedo al pasado<\/td>\r\n<\/tr>\r\n<\/tbody>\r\n<\/table>\r\n<\/div>\r\n<\/div>\r\n<\/div>\r\n<div class=\"r_content right mar_top\"><\/div>\r\n<div class=\"clear\"><\/div>\r\n<\/div>","protected":false},"excerpt":{"rendered":"<p>Home \u00bb Info-Center \u00bb9 Centro \u00bb Dise\u00f1o Humano \u2013 Centro Ajna Dise\u00f1o Humano \u2013 Centro Ajna El Centro Ajna es un Centro de consciencia La Biolog\u00eda Cuatro de las seis puertas del Centro Ajna son parte del Circuito colectivo (4,11,17,47). Estos l\u00f3bulos son centros de comando para muchas de las. funciones del sistema end\u00f3crino Las&hellip; <a class=\"more-link\" href=\"https:\/\/www.gmtxdev.com\/es\/human-design-ajna-center\/\">Seguir leyendo <span class=\"screen-reader-text\">Dise\u00f1o-Humano-Cualquier-Centro<\/span><\/a><\/p>\n","protected":false},"author":1,"featured_media":0,"parent":0,"menu_order":0,"comment_status":"closed","ping_status":"closed","template":"","meta":{"footnotes":""},"class_list":["post-11187","page","type-page","status-publish","hentry","entry"],"_links":{"self":[{"href":"https:\/\/www.gmtxdev.com\/es\/wp-json\/wp\/v2\/pages\/11187","targetHints":{"allow":["GET"]}}],"collection":[{"href":"https:\/\/www.gmtxdev.com\/es\/wp-json\/wp\/v2\/pages"}],"about":[{"href":"https:\/\/www.gmtxdev.com\/es\/wp-json\/wp\/v2\/types\/page"}],"author":[{"embeddable":true,"href":"https:\/\/www.gmtxdev.com\/es\/wp-json\/wp\/v2\/users\/1"}],"replies":[{"embeddable":true,"href":"https:\/\/www.gmtxdev.com\/es\/wp-json\/wp\/v2\/comments?post=11187"}],"version-history":[{"count":0,"href":"https:\/\/www.gmtxdev.com\/es\/wp-json\/wp\/v2\/pages\/11187\/revisions"}],"wp:attachment":[{"href":"https:\/\/www.gmtxdev.com\/es\/wp-json\/wp\/v2\/media?parent=11187"}],"curies":[{"name":"wp","href":"https:\/\/api.w.org\/{rel}","templated":true}]}}