   
{"id":11155,"date":"2012-09-10T10:11:52","date_gmt":"2012-09-10T10:11:52","guid":{"rendered":"https:\/\/www.geneticmatrix.com\/diseno-humano-generador\/"},"modified":"2021-03-24T10:04:18","modified_gmt":"2021-03-24T10:04:18","slug":"diseno-humano-generador","status":"publish","type":"page","link":"https:\/\/www.gmtxdev.com\/es\/diseno-humano-generador\/","title":{"rendered":"Dise\u00f1o-Humano - Generador"},"content":{"rendered":"<div id=\"content\">\r\n<div class=\"test_page\">\r\n<div class=\"breadcam\"><a href=\"\/\">Home<\/a> \u00bb <a href=\"https:\/\/www.staginggm.com\/human-design-info-center\/\">Centro de Informaci\u00f3n<\/a> \u00bb<a href=\"https:\/\/www.geneticmatrix.com\/es\/tipos-de-diseno-humano\/\">Tipos<\/a> \u00bb Dise\u00f1o Humano - Generador<\/div>\r\n<\/div>\r\n<div class=\"l_content left mar_top\">\r\n<div class=\"services\">\r\n<h3><strong>Dise\u00f1o Humano - Generador<\/strong><\/h3>\r\n<ul>\r\n \t<li>Los Generadores Puros representan el 36% de la poblaci\u00f3n.<\/li>\r\n \t<li>El aura de los Generadores es abierta e incluyente. La \u00fanica defensa que tienen de los dem\u00e1s es la utilizaci\u00f3n de su Estrategia y Autoridad.<\/li>\r\n<\/ul>\r\n\r\n<hr \/>\r\n\r\n<a href=\"https:\/\/www.geneticmatrix.com\/wp-content\/uploads\/2020\/07\/image-6.png\"><img class=\"alignnone wp-image-11179\" src=\"https:\/\/www.geneticmatrix.com\/wp-content\/uploads\/2020\/03\/user-36267.png\" alt=\"\" width=\"350\" height=\"435\" \/><\/a>\r\n<ul>\r\n \t<li>1 - No hay centro de energ\u00eda conectado al Centro de la Garganta<\/li>\r\n \t<li>2 - Se debe definir Centro sacro.<\/li>\r\n<\/ul>\r\n\r\n<hr \/>\r\n\r\n<ul>\r\n \t<li>Si un Generador espera a responder, la naturaleza poderosa de su aura magn\u00e9tica e incluyente atraer\u00e1 oportunidades para \u00e9l o ella.<\/li>\r\n \t<li>El aura de un Generador literalmente fuerza a otros a pedirles el uso de su fuente poderosa de energ\u00eda\r\nsacra.<\/li>\r\n \t<li>El t\u00edtulo \u201cGenerador\u201d deriva su nombre de su fuente de energ\u00eda primaria - el Centro Sacral (Centro Generador).<\/li>\r\n \t<li>El poder verdadero de un Generador surge de su habilidad para responder a su entorno. Cuando responden de manera correcta, los Generadores son los Tipos energ\u00e9ticos m\u00e1s poderosos de la humanidad.<\/li>\r\n \t<li>Existen dos fuentes principales de Autoridad Interna en los Generadores - el Centro Sacral y el\r\nCentro Emocional.<\/li>\r\n \t<li>Los Generadores que siguen su Estrategia y Autoridad sienten niveles profundos de satisfacci\u00f3n al emplear su energ\u00eda sacra de manera correcta. Cuando responden correctamente, tienen la sensaci\u00f3n de tener una energ\u00eda inagotable plena y satisfactoria.<\/li>\r\n \t<li>Los Generadores son los verdaderos trabajadores del mundo pues tienen la habilidad de hacer y hacer y hacer. La fuente de vitalidad que viene de su Centro Sacral es la fuente de energ\u00eda m\u00e1s consistente disponible a la humanidad.<\/li>\r\n \t<li>Los Generadores deber\u00edan extenuar su energ\u00eda antes de dormir para asegurarse de un descanso profundo y regenerador.<\/li>\r\n \t<li>El Centro Sacral est\u00e1 dise\u00f1ado para \u201cregenerarse\u201d completamente despu\u00e9s de una noche de descanso. Sin embargo, esto s\u00f3lo funciona si puede regenerarse desde un estado de agotamiento total.<\/li>\r\n \t<li>Los Generadores que no siguen su Estrategia y Autoridad est\u00e1n sujetos a estancarse en situaciones y pueden experimentar gran frustraci\u00f3n con sus vidas. Tampoco obtendr\u00e1n ning\u00fan tipo de satisfacci\u00f3n personal a trav\u00e9s de su poderosa energ\u00eda vital.<\/li>\r\n \t<li>Los Generadores que no siguen su Estrategia y Autoridad est\u00e1n altamente susceptibles a volverse esclavos de los dem\u00e1s.<\/li>\r\n<\/ul>\r\n<\/div>\r\n\r\n<hr \/>\r\n\r\n<div class=\"pure_gen_outer\">\r\n<div class=\"pure_generators left\">\r\n\r\n<strong>El 36% de la poblaci\u00f3n mundial son Generadores.<\/strong>\r\nLos Generadores son las personas que proveen energ\u00eda vital y poderosa para el mundo. Estas son las personas con el poder de permanecer. El Centro Sacral en su cuerpo es la llave para su poder puro. Crea la energ\u00eda vital requerida para una acci\u00f3n, el vivir la vida, el hacer y el crear. Tambi\u00e9n es el centro de nuestra sexualidad y asegura la continuaci\u00f3n de nuestra\r\n\r\n&nbsp;\r\n\r\nGeneradores Puros son personas que tienen su centro Sacro activado todo el tiempo pero no tienen una conexi\u00f3n con el Centro de la Garganta - el centro humano de manifestaci\u00f3n y expresi\u00f3n.\r\n\r\n&nbsp;\r\n\r\nLa mayor\u00eda de nosotros hemos aprendido cuando fuimos ni\u00f1os que debemos de iniciar acciones. Existe una creencia err\u00f3nea en el mundo de que debemos de estar haciendo todo el tiempo (\u201cJust Do It\u201d). Creemos que somos Manifestadores y, por lo tanto, podemos hacer cualquier cosa en cualquier momento que queremos. Sin embargo, \u00e9sto no es cierto para el 91% de la poblaci\u00f3n humana.\r\n\r\n&nbsp;\r\n\r\nLa lecci\u00f3n m\u00e1s grande para un Generador es el aprender a responder desde su centro. S\u00ed, tienen energ\u00eda - energ\u00eda para lograr completar gran cantidad de cosas pero, \u00bfvan a esperar la indicaci\u00f3n correcta que viene del mundo?\r\nSi pueden, entonces todo tipo de frustraciones son eliminadas de sus vidas y son reemplazadas con una sensaci\u00f3n de honda satisfacci\u00f3n. Al responder desde el centro de s\u00ed mismos a lo que la vida les muestre y traiga a su atenci\u00f3n, la vida se vuelve una experiencia de gran alegr\u00eda y satisfacci\u00f3n para cualquier Generador.\r\n\r\n&nbsp;\r\n\r\nLos Generadores tienden a iniciar acciones por el miedo a pensar que nada ocurrir\u00e1 si no lo hacen. Esta es la trampa que los esclaviza. Si el Generador tiene la valent\u00eda de esperar, aprender\u00e1 r\u00e1pidamente que su miedo no est\u00e1 fundamentado.\r\n\r\n&nbsp;\r\n\r\nLa fuente inagotable de energ\u00eda vital que el Generador contiene dentro de su Centro Sacral es como un magneto ultrapoderoso que atrae oportunidades a trav\u00e9s de su aura tan atrayente. Otra gente anhela esta gran fuente de energ\u00eda y el Generador no tiene que esperar por mucho tiempo antes de que distintas personas empiecen a pedir acceso a este recurso.\r\n\r\n&nbsp;\r\n\r\nCuando un Generador espera a que la vida se presente, se convierte en un hoyo negro magn\u00e9tico que atrae a todo hacia ellos. Todo le dar\u00e1 la bienvenida a un Generador en su propio tiempo - no necesitan iniciar una acci\u00f3n o tratar de hacer que algo suceda. Todo lo que est\u00e1 dise\u00f1ado para ellos, todo aquello que es correcto, ser\u00e1 atra\u00eddo de manera autom\u00e1tica. Trabajo, relaciones, buena fortuna - todo.\r\n\r\n&nbsp;\r\n\r\nLos Generadores est\u00e1n dise\u00f1ados a fluir con el \u201cahora\u201d de la vida, tomando sus indicaciones a tomar acci\u00f3n conforme aparecen. Los generadores no est\u00e1n aqu\u00ed para preocuparse del futuro. Su futuro correcto vendr\u00e1 autom\u00e1ticamente si responden correctamente al \u201cahora\u201d que la vida les est\u00e1 ofreciendo.\r\n\r\n&nbsp;\r\n\r\nLos Generadores, con su vasto recurso de energ\u00eda vital, est\u00e1n aqu\u00ed para obtener maestr\u00eda sobre la vida. Est\u00e1n aqu\u00ed para ser maestros sobre el compromiso correcto que les da la vida al que llegan a trav\u00e9s de responder.\r\n\r\nUna se\u00f1al que un Generador deber\u00eda vigilar para saber si est\u00e1n respondiendo y operando de manera correcta, es la sincronicidad. Situaciones y experiencias empiezan a ocurrir de manera espont\u00e1nea. Parecen ser extremadamente \u201cafortunados\u201d.\r\n\r\n&nbsp;\r\n\r\nEs enteramente posible que aquellos Generadores que han ido por la vida sin referencia alguna con su Centro Sacral pueden haber generado una vida exitosa pero, raramente estar\u00e1n felices y satisfechos.\r\n\r\n&nbsp;\r\n\r\nCon frecuencia, los Generadores se encuentran involucrados en proyectos o est\u00e1n comprometidos con algo que no logra mantener su inter\u00e9s o traerles un sentido de realizaci\u00f3n interna. Lo est\u00e1n haciendo simplemente porque parece que alguien lo tiene que hacer y, iellos son los que tienen la energ\u00eda! Claro, se frustran profundamente, siendo el esclavo de alguien m\u00e1s, dando su energ\u00eda y poder a quien quiera que lo pida.\r\n\r\n&nbsp;\r\n\r\nLa lecci\u00f3n sencilla pero profunda de todo Generador es saber a qui\u00e9n y a qu\u00e9 se va a comprometer. Debe ser enfatizado que, los Generadores deben de saber desde el principio de una actividad si van o no a comprometerse porque, una vez comprometidos, tomar\u00e1 considerable energ\u00eda, frustraci\u00f3n e inconveniencia el cambiar el curso de este compromiso.\r\n\r\n&nbsp;\r\n\r\nLos Generadores tienen un bot\u00f3n para encender pero no uno para apagar. Si descubren despu\u00e9s de unos minutos que aquello a lo que se han comprometido no es realmente algo que les conviene, ya es muy tarde para hacer un cambio. El Centro Sacral tiene que completar todo aquello que ha empezado una vez que tiene cualquier tipo de impulso. Pero si el Generador est\u00e1 desesperado por parar y decide abandonar algo, usualmente se encuentra en gran desesperaci\u00f3n. El \u00faltimo recurso para un Generador es abandonar algo.\r\n\r\n&nbsp;\r\n\r\nLa importancia del Centro Sacral para un Generador no puede enfatizarse lo suficientemente. Su estrategia para vivir la vida correctamente viene de c\u00f3mo est\u00e1 dise\u00f1ado este centro a funcionar de manera correcta.\r\n\r\n&nbsp;\r\n\r\nEl Centro Sacral s\u00f3lo puede responder con un \u201cs\u00ed\u201d o un \u201cno\u201d en cada momento. Si no usa palabras para compartir esta respuesta, har\u00e1 un sonido interno en la zona del est\u00f3mago. Estos sonidos son como gru\u00f1idos que, cuando se pueden interpretar como un \u201cs\u00ed\u201d o un \u201cno\u201d, permiten que el Generador pueda tomar decisiones correctas en su vida.\r\nLa tarea de un Generador es el comenzar a notar estos sonidos guturales y darse cuenta que son su mecanismo de respuesta. La estrategia de un Generador para vivir su vida es el esperar a responder.\r\n\r\n&nbsp;\r\n\r\nAlgunos Generadores se confunden con la palabra \u201cesperar\u201d, pero cuando est\u00e1s despierto y consciente de lo que est\u00e1 ocurriendo alrededor tuyo, el esperar simplemente significa que est\u00e1s escuchando tu respuesta sacra antes de actuar.\r\n\r\n&nbsp;\r\n\r\nPara todo Generador, \u00e9sta es la llave para cambiar su vida entera para que viva exactamente quien debe ser, sin desperdiciar el poder precioso de tu Centro Sacral.\r\nCuando un Generador encuentra su respuesta sacra, pueden obtener el \u201cs\u00ed\u201d y el \u201dno\u201dque es necesario para que pueda avanzar en su vida. Esta respuesta puede llegarle en la forma de un \u201cmhm\u201d, o quiz\u00e1 sea s\u00f3lo un sentir, una sensaci\u00f3n de reactivaci\u00f3n o deflaci\u00f3n. Un Generador debe estar muy presente a su respuesta sacra y necesita tiempo para escuchar. La respuesta puede no llegar de manera inmediata.\r\n\r\n&nbsp;\r\n\r\nTodos los Generadores llegan a un nivel en el que se estancan. Sienten una barrera y, a veces, se dan la vuelta. Si has respondido de manera correcta, entonces es importante que sigas adelante para llegar al siguiente nivel. Es casi como si fuese una prueba, para que tengas la oportunidad de preguntarle a tu Centro Sacral si \u00e9sto es lo que realmente quiere. El traspasar esa barrera te asegurar\u00e1 que est\u00e1s en el camino correcto.\r\nLos Generadores son los trabajadores as\u00ed que pueden convertirse en esclavos si no escuchan su Centro Sacral. Un Manifestador siempre dar\u00e1 inicio y esperar\u00e1 que un generador ser\u00e1 quien haga las cosas. Un Proyector tratar\u00e1 de enlazarse al poder de un Generador del mismo modo.\r\n\r\n&nbsp;\r\n\r\nAs\u00ed que los Generadores deben recordar revisar con su Centro Sacral antes de hacer algo que un Manifestador, Proyector o cualquier otro tipo energ\u00e9tico sugiera. Deben de percatarse y volverse conscientes, en lugar de vivir en \u201cpiloto autom\u00e1tico\u201d. Es por esto que a un Generador se le considera que f\u00e1cilmente puede ser un esclavo. De manera inconsciente, termina dando su energ\u00eda a todos los dem\u00e1s en lugar de escuchar su sabidur\u00eda interna - su Centro Sacral.\r\n\r\n&nbsp;\r\n\r\nLa mayor\u00eda de los Generadores est\u00e1n viviendo una vida repetitiva, llena de rutinas laborales, tratando de simplemente subsistir d\u00eda a d\u00eda. Debajo de todo, hay una frustraci\u00f3n y descontento dentro de ellos y la sensaci\u00f3n de que est\u00e1n aqu\u00ed para otro prop\u00f3sito.\r\nTodo lo que un Generador necesita hacer es responder correctamente y su prop\u00f3sito los encontrar\u00e1.\r\n\r\n<hr \/>\r\n\r\n<!--<a style=\"font-size: 13px; text-align: center;\" href=\"https:\/\/www.geneticmatrix.com\/human-design-services\/\"><img class=\"alignnone size-full wp-image-3816\" style=\"opacity: 0.9; float: right;\" title=\"Unlock Your Potential - Click Here\" src=\"https:\/\/www.geneticmatrix.com\/wp-content\/uploads\/2012\/09\/gmkey.png\" alt=\"\" width=\"139\" height=\"69\" \/>\r\n<\/a>-->\r\n\r\n&nbsp;\r\n\r\n&nbsp;\r\n\r\n<\/div>\r\n<div class=\"right pure_generators_l\">\r\n<ul>\r\n \t<li>\r\n<div><\/div>\r\n<div><\/div>\r\n<a href=\"https:\/\/www.geneticmatrix.com\/aguilera-christina-human-design-chart.html\"><img title=\"Christina Aguilera - Emotional Generator\" src=\"\/wp-content\/uploads\/2012\/09\/Aguilera-Christina-1.jpg\" alt=\"\" width=\"180\" height=\"120\" \/><\/a><\/li>\r\n \t<li><a href=\"https:\/\/www.geneticmatrix.com\/armstrong-neil-human-design-chart.html\"><img title=\"Neil Armstrong - Pure Generator\" src=\"https:\/\/www.geneticmatrix.com\/wp-content\/uploads\/2012\/09\/Armstrong-Neil-p.jpg\" alt=\"\" width=\"180\" height=\"120\" \/><\/a><a href=\"https:\/\/www.geneticmatrix.com\/winfrey-oprah-human-design-chart.html\"><img title=\"Oprah Winfrey - Emotional Generator\" src=\"https:\/\/www.geneticmatrix.com\/wp-content\/uploads\/2012\/09\/Winfrey-Oprah.jpg\" alt=\"\" width=\"180\" height=\"119\" \/><\/a><a href=\"https:\/\/www.geneticmatrix.com\/pasteur-louis-human-design-chart.html\"><img title=\"Louis Pasteur - Pure Generator\" src=\"https:\/\/www.geneticmatrix.com\/wp-content\/uploads\/2012\/09\/Pasteur-Louis-1.jpg\" alt=\"\" width=\"180\" height=\"119\" \/><\/a><a href=\"https:\/\/www.geneticmatrix.com\/chanel-coco-human-design-chart.html\"><img class=\"alignnone wp-image-11171\" title=\"Chanel Coco - Pure Generator\" src=\"https:\/\/www.geneticmatrix.com\/wp-content\/uploads\/2012\/09\/Chanel-Coco.jpg\" alt=\"\" width=\"180\" height=\"119\" \/><\/a><a href=\"https:\/\/www.geneticmatrix.com\/dion-celine-human-design-chart.html\"><img title=\"Celine Dion - Emotional Generator\" src=\"https:\/\/www.geneticmatrix.com\/wp-content\/uploads\/2012\/09\/Dion-Celine.jpg\" alt=\"\" width=\"180\" height=\"119\" \/><\/a><a href=\"https:\/\/www.geneticmatrix.com\/chaplin-sir_charlie-human-design-chart.html\"><img title=\"Sir Charlie Chaplin - Pure Generator\" src=\"https:\/\/www.geneticmatrix.com\/wp-content\/uploads\/2012\/09\/Chaplin.jpg\" alt=\"\" width=\"180\" height=\"119\" \/><\/a><a href=\"https:\/\/www.geneticmatrix.com\/beethoven-ludwig_van-human-design-chart.html\"><img class=\"alignnone wp-image-11176\" title=\"Ludwig van Beethoven - Pure Gnerator\" src=\"https:\/\/www.geneticmatrix.com\/wp-content\/uploads\/2012\/09\/Beethoven-1.jpg\" alt=\"\" width=\"180\" height=\"119\" \/><\/a><a style=\"line-height: 1.6em;\" href=\"https:\/\/www.geneticmatrix.com\/depardieu-gerard-human-design-chart.html\"><img class=\"wp-image-11157 alignnone\" title=\"Gerard Depardieu - Pure Generator\" src=\"https:\/\/www.geneticmatrix.com\/wp-content\/uploads\/2012\/09\/Depardieu-Gerard-p1.jpg\" alt=\"\" width=\"179\" height=\"120\" \/><\/a><a href=\"https:\/\/www.geneticmatrix.com\/nightingale-florence-human-design-chart.html\"><img title=\"Florence Nightingale - Emotional Generator\" src=\"https:\/\/www.geneticmatrix.com\/wp-content\/uploads\/2012\/09\/Nightingale-Florence.jpg\" alt=\"\" width=\"180\" height=\"119\" \/><\/a><a href=\"https:\/\/www.geneticmatrix.com\/cosby-bill-human-design-chart.html\"><img class=\"alignnone wp-image-11159\" title=\"Bill Cosby - Pure Generator\" src=\"https:\/\/www.geneticmatrix.com\/wp-content\/uploads\/2012\/09\/Cosby-Bill-p.jpg\" alt=\"\" width=\"180\" height=\"119\" \/><\/a><a href=\"https:\/\/www.geneticmatrix.com\/downey_jr-robert-human-design-chart.html\"><img class=\"alignnone wp-image-11160\" title=\"Robert Downey, Jr - Pure Generator\" src=\"https:\/\/www.geneticmatrix.com\/wp-content\/uploads\/2012\/09\/Downey-Jr-Robert2.jpg\" alt=\"\" width=\"180\" height=\"119\" \/><\/a><a href=\"https:\/\/www.geneticmatrix.com\/ellington-duke-human-design-chart.html\"><img class=\"alignnone wp-image-11161\" title=\"Duke Ellington - Pure Generator\" src=\"https:\/\/www.geneticmatrix.com\/wp-content\/uploads\/2012\/09\/Ellington-Duke-P1.jpg\" alt=\"\" width=\"180\" height=\"119\" \/><\/a><a href=\"https:\/\/www.geneticmatrix.com\/jarrett-keith-human-design-chart.html\"><img class=\"alignnone wp-image-11163\" title=\"Keith Jarrett - Pure Generator \" src=\"https:\/\/www.geneticmatrix.com\/wp-content\/uploads\/2012\/09\/Jarrett-Keith-p1.jpg\" alt=\"\" width=\"180\" height=\"119\" \/><\/a><a href=\"https:\/\/www.geneticmatrix.com\/branson-sir_richard-human-design-chart.html\"><img class=\"alignnone wp-image-11165\" title=\"Sir Richard Branson - Pure Generator\" src=\"https:\/\/www.geneticmatrix.com\/wp-content\/uploads\/2012\/09\/Branson-Richard-P.jpg\" alt=\"\" width=\"180\" height=\"119\" \/><\/a><a href=\"https:\/\/www.geneticmatrix.com\/craig-daniel-human-design-chart.html\"><img class=\"alignnone wp-image-11166\" title=\"Daniel Craig - Emotional Generator\" src=\"https:\/\/www.geneticmatrix.com\/wp-content\/uploads\/2012\/09\/Craig-Daniel.jpg\" alt=\"\" width=\"180\" height=\"119\" \/><\/a><a href=\"https:\/\/www.geneticmatrix.com\/fonteyn-margot-human-design-chart.html\"><img class=\"alignnone wp-image-11169\" title=\"Fonteyn Margot - Emotional Generator\" src=\"https:\/\/www.geneticmatrix.com\/wp-content\/uploads\/2012\/09\/Fonteyn-Margot.jpg\" alt=\"\" width=\"180\" height=\"119\" \/><\/a><a href=\"https:\/\/www.geneticmatrix.com\/ronaldo-cristiano-human-design-chart.html\"><img class=\"alignnone wp-image-11172\" title=\"Cristiano Ronaldo - Pure Generator\" src=\"https:\/\/www.geneticmatrix.com\/wp-content\/uploads\/2012\/09\/Ronaldo-Cristiano.jpg\" alt=\"\" width=\"180\" height=\"119\" \/><\/a><a href=\"https:\/\/www.geneticmatrix.com\/mendeleev-dmitri-human-design-chart.html\"><img class=\"alignnone wp-image-11173\" title=\"Dmitri Mendeleev - Emotional Generator\" src=\"https:\/\/www.geneticmatrix.com\/wp-content\/uploads\/2012\/09\/Mendeleev-Dmitri.jpg\" alt=\"\" width=\"180\" height=\"119\" \/><\/a><a href=\"https:\/\/www.geneticmatrix.com\/pattinson-robert-human-design-chart.html\"><img title=\"Robert Pattinson - Emotional Generator\" src=\"https:\/\/www.geneticmatrix.com\/wp-content\/uploads\/2012\/09\/Pattinson-Robert.jpg\" alt=\"\" width=\"180\" height=\"119\" \/><\/a><a href=\"https:\/\/www.geneticmatrix.com\/montessori-maria-human-design-chart.html\"><img class=\"alignnone wp-image-11174\" title=\"Maria Montessori - Emotional Gnerator\" src=\"https:\/\/www.geneticmatrix.com\/wp-content\/uploads\/2012\/09\/Montessori-Maria.jpg\" alt=\"\" width=\"180\" height=\"119\" \/><\/a>\r\n<p style=\"text-align: center;\"><\/p>\r\n<\/li>\r\n<\/ul>\r\n<\/div>\r\n&nbsp;\r\n\r\n&nbsp;\r\n\r\n<\/div>\r\n&nbsp;\r\n\r\n&nbsp;\r\n\r\n<\/div>\r\n<div class=\"r_content right mar_top\"><\/div>\r\n<div class=\"r_content right mar_top\"><\/div>\r\n<div class=\"clear\"><\/div>\r\n<\/div>","protected":false},"excerpt":{"rendered":"<p>Home \u00bb Centro de Informaci\u00f3n \u00bbTipos \u00bb Dise\u00f1o Humano &#8211; Generador Dise\u00f1o Humano &#8211; Generador Los Generadores Puros representan el 36% de la poblaci\u00f3n. El aura de los Generadores es abierta e incluyente. La \u00fanica defensa que tienen de los dem\u00e1s es la utilizaci\u00f3n de su Estrategia y Autoridad. 1 &#8211; No hay centro de&hellip; <a class=\"more-link\" href=\"https:\/\/www.gmtxdev.com\/es\/diseno-humano-generador\/\">Seguir leyendo <span class=\"screen-reader-text\">Dise\u00f1o-Humano &#8211; Generador<\/span><\/a><\/p>\n","protected":false},"author":1,"featured_media":0,"parent":0,"menu_order":0,"comment_status":"closed","ping_status":"closed","template":"","meta":{"footnotes":""},"class_list":["post-11155","page","type-page","status-publish","hentry","entry"],"_links":{"self":[{"href":"https:\/\/www.gmtxdev.com\/es\/wp-json\/wp\/v2\/pages\/11155","targetHints":{"allow":["GET"]}}],"collection":[{"href":"https:\/\/www.gmtxdev.com\/es\/wp-json\/wp\/v2\/pages"}],"about":[{"href":"https:\/\/www.gmtxdev.com\/es\/wp-json\/wp\/v2\/types\/page"}],"author":[{"embeddable":true,"href":"https:\/\/www.gmtxdev.com\/es\/wp-json\/wp\/v2\/users\/1"}],"replies":[{"embeddable":true,"href":"https:\/\/www.gmtxdev.com\/es\/wp-json\/wp\/v2\/comments?post=11155"}],"version-history":[{"count":0,"href":"https:\/\/www.gmtxdev.com\/es\/wp-json\/wp\/v2\/pages\/11155\/revisions"}],"wp:attachment":[{"href":"https:\/\/www.gmtxdev.com\/es\/wp-json\/wp\/v2\/media?parent=11155"}],"curies":[{"name":"wp","href":"https:\/\/api.w.org\/{rel}","templated":true}]}}