   
{"id":11145,"date":"2012-09-10T10:07:49","date_gmt":"2012-09-10T10:07:49","guid":{"rendered":"https:\/\/www.geneticmatrix.com\/diseno-humano-generador-manifestante\/"},"modified":"2021-03-22T12:00:31","modified_gmt":"2021-03-22T12:00:31","slug":"diseno-humano-generador-manifestante","status":"publish","type":"page","link":"https:\/\/www.gmtxdev.com\/es\/diseno-humano-generador-manifestante\/","title":{"rendered":"Dise\u00f1o Humano - Generador Manifestante"},"content":{"rendered":"<div id=\"content\">\r\n<div class=\"test_page\">\r\n<div class=\"breadcam\"><a href=\"\/\">Home<\/a> \u00bb <a href=\"https:\/\/www.staginggm.com\/human-design-info-center\/\">Centro de Informaci\u00f3n<\/a> \u00bb<a href=\"https:\/\/www.geneticmatrix.com\/es\/tipos-de-diseno-humano\/\">Tipos<\/a> \u00bb Dise\u00f1o Humano - Generador Manifestante<\/div>\r\n<\/div>\r\n<div class=\"l_content left mar_top\">\r\n<div class=\"services\">\r\n<div>\r\n<h3><strong>Dise\u00f1o Humano - Generador Manifestante<\/strong><\/h3>\r\n<ul>\r\n \t<li>El 32% de la poblaci\u00f3n son Generadores Manifestantes.<\/li>\r\n \t<li>Los Generadores Manifestantes est\u00e1n dise\u00f1ados para responder a la vida antes de iniciar energ\u00e9ticamente una\r\nacci\u00f3n.<\/li>\r\n \t<li>El \u00fanico Generador Manifestante puro es aqu\u00e9l que tiene el Canal 20-34 activado.<\/li>\r\n \t<li>Todos los dem\u00e1s Generadores Manifestantes son Generadores con aspectos Manifestantes.<\/li>\r\n<\/ul>\r\n\r\n<hr \/>\r\n\r\n<a href=\"https:\/\/www.geneticmatrix.com\/wp-content\/uploads\/2012\/09\/MG.png\"><img class=\"alignnone wp-image-11148 size-full\" title=\"Human Design - Manifesting Generator\" src=\"https:\/\/www.geneticmatrix.com\/wp-content\/uploads\/2012\/09\/MG.png\" alt=\"\" width=\"664\" height=\"487\" \/><\/a>\r\n<ul>\r\n \t<li>1 - Cualquier Centro de Energ\u00eda Conectado al Centro de Garganta.<\/li>\r\n \t<li>2 - El Centro Sacro debe definirse.<\/li>\r\n<\/ul>\r\n\r\n<hr \/>\r\n\r\n<ul>\r\n \t<li>Un GM tiene la inteligencia sacra para ser eficiente con su energ\u00eda.<\/li>\r\n \t<li>El utilizar su energ\u00eda de manera eficiente es profundamente satisfactorio para un GM.<\/li>\r\n \t<li>La energ\u00eda poderosa de un GM va a encontrar mucha resistencia cuando sus acciones son iniciadas mentalmente.<\/li>\r\n \t<li>La resistencia de los dem\u00e1s trae honda sensaci\u00f3n de frustraci\u00f3n y enojo para un GM.<\/li>\r\n \t<li>Un GM est\u00e1 dise\u00f1ado para ser un ser supremamente poderoso cuando aprende a responder a algo.<\/li>\r\n \t<li>La Energ\u00eda Sacra completa de un GM no est\u00e1 disponible cuando inicia una acci\u00f3n basada en una decisi\u00f3n mental.<\/li>\r\n \t<li>Existen dos tipos de Autoridad Interna en los Generadores Manifestantes. <a title=\"Go to Sacral Center page\" href=\"https:\/\/www.geneticmatrix.com\/es\/diseno-humano-centro-sacro\/\">Sacra<\/a> y <a title=\"Go to Solar Plexus Center\" href=\"https:\/\/www.geneticmatrix.com\/es\/human-design-solar-plexus-center\/\">Emocional<\/a>.<\/li>\r\n \t<li>Los GMs est\u00e1n dise\u00f1ados para utilizar y trabajar con su energ\u00eda de un modo personalmente satisfactorio al convertirse en constructores \u00fanicos y creativos, guiados por su Autoridad Interna.<\/li>\r\n \t<li>Un GM que comienza acciones a trav\u00e9s de decisione mentales puede convertirse en el esclavo energ\u00e9tico condicionado de todos los dem\u00e1s.<\/li>\r\n<\/ul>\r\n<h3>El dormir de un Generador Manifestante<\/h3>\r\n<ul>\r\n \t<li>Para asegurar la regeneraci\u00f3n \u00f3ptima de su energ\u00eda sacra, un GM deber\u00eda irse a la cama antes de estar\r\ncompletamente cansado (a diferencia de un Generador)<\/li>\r\n \t<li>Un GM debe acostarse en cama y terminar de usar su energ\u00eda sacra antes de dormir.<\/li>\r\n \t<li>El centro sacro de un GM est\u00e1 dise\u00f1ado para \u201cregenerarse\u201d de manera completa durante el sue\u00f1o - como una bater\u00eda siendo recargada.<\/li>\r\n \t<li>Su energ\u00eda sacra s\u00f3lo se puede cargar correctamente desde un estado extenuado antes de dormir.<\/li>\r\n \t<li>Un GM debe de dormir solo (sin nadie en su aura). Esto asegura su realineaci\u00f3n saludable de cuerpo completo durante la noche.<\/li>\r\n<\/ul>\r\n<\/div>\r\n<div>\r\n\r\n<strong>El 32% de la poblaci\u00f3n son Generadores Manifestantes.<\/strong>\r\n\r\nLos Generadores Manifestantes (GMs) tienen el mismo dise\u00f1o gen\u00e9tico que el tipo energ\u00e9tico del Generador.\r\n\r\n&nbsp;\r\n\r\nAmbos tipos est\u00e1n dise\u00f1ados para responder a la vida a trav\u00e9s de su Centro Sacro antes de dar inicio energ\u00e9ticamente a algo.\r\n\r\n&nbsp;\r\n\r\nLa recompensa de ser paciente y responder a la vida es que obtendr\u00e1s una vida \u00fanica.\r\n\r\n&nbsp;\r\n\r\nEl responder de manera natural al fluir de la vida conforme llega a ti como Generador Manifestante es, ultimadamente, la manera m\u00e1s eficiente y satisfactoria para que tu energ\u00eda sea utilizada.\r\n\r\n&nbsp;\r\n\r\nLa esencia de la verdadera espiritualidad de un Generador Manifestante es confiar en que la vida misma tiene un plan para ella o \u00e9l que se desenvolver\u00e1 en su propio momento como algo a lo que est\u00e1 dise\u00f1ado perfectamente y a lo cual podr\u00e1 responder.\r\n\r\n&nbsp;\r\n\r\nNo puedes controlar la direcci\u00f3n correcta de tu vida al usar recursos \u201cracionales\u201d para tomar decisiones. Tu mente te llevar\u00e1 a una vida que ser\u00e1, ultimadamente, completamente insatisfactoria.\r\n\r\n&nbsp;\r\n\r\nLa diferencia entre Generadores y Generadores Manifestantes es que los Generadores Manifestantes est\u00e1n dise\u00f1ados a moverse a iniciar muy r\u00e1pidamente despu\u00e9s de responder (a menos que sean Generadores Manifestantes emocionales).\r\nEstas son las personas con el poder de permanencia. El Centro Sacro en su cuerpo es la llave a su energ\u00eda pura.\r\n\r\n&nbsp;\r\n\r\nCrea la energ\u00eda vital requerida para generar acciones, vivir la vida, hacer y crear. Tambi\u00e9n es el centro de nuestra sexualidad as\u00ed que asegura la continuaci\u00f3n de nuestra especie.\r\n\r\n&nbsp;\r\n\r\nLa lecci\u00f3n m\u00e1s grande para un generador es aprender a responder a la vida desde su interior. S\u00ed, tienen energ\u00eda que pueden usar para lograr completar muchas acciones y hacer muchas cosas, sin embargo, \u00bfpueden esperar a recibir la se\u00f1al precisa del mundo?\r\n\r\n&nbsp;\r\n\r\nSi pueden, entonces todas las formas de frustraciones se eliminan de sus vidas y se reemplazan con un profundo sentimiento de satisfacci\u00f3n. Al responder desde su interior a lo que la vida les env\u00eda, la vida se convierte en una experiencia alegre y satisfactoria para todos los Generadores.\r\n\r\n&nbsp;\r\n\r\nSi pueden, entonces todo tipo de frustraciones son eliminadas de sus vidas y son reemplazadas por una sensaci\u00f3n profunda de satisfacci\u00f3n. Al responder desde su interior a lo que sea que les traiga la vida, los lleva a vivir una vida alegre y profundamente satisfactoria como Generadores.\r\n\r\n&nbsp;\r\n\r\nLos Generadores usualmente inician una acci\u00f3n por el miedo a que nada va a ocurrir. \u00c9sta es la trampa que los esclaviza. Si el Generador tiene la valent\u00eda para esperar, aprender\u00e1n r\u00e1pidamente que este miedo no tiene fundamento.\r\n\r\n&nbsp;\r\n\r\nLa fuente inagotable de energ\u00eda vital que el Generador contiene dentro de su Centro Sacral es como un magneto ultrapoderoso que atrae oportunidades a trav\u00e9s de su aura tan atrayente. Otra gente anhela esta gran fuente de energ\u00eda y el Generador no tiene que esperar por mucho tiempo antes de que distintas personas empiecen a pedir acceso a este recurso.\r\n\r\n&nbsp;\r\n\r\nCuando un Generador espera a que la vida se presente, se convierte en un hoyo negro magn\u00e9tico que atrae a todo hacia ellos. Todo le dar\u00e1 la bienvenida a un Generador en su propio tiempo - no necesitan iniciar una acci\u00f3n o tratar de hacer que algo suceda. Todo lo que est\u00e1 dise\u00f1ado para ellos, todo aquello que es correcto, ser\u00e1 atra\u00eddo de manera autom\u00e1tica. Trabajo, relaciones, buena fortuna - todo.\r\n\r\n&nbsp;\r\n\r\nLos Generadores est\u00e1n dise\u00f1ados a fluir con el \u201cahora\u201d de la vida, tomando sus indicaciones a tomar acci\u00f3n conforme aparecen. Los generadores no est\u00e1n aqu\u00ed para preocuparse del futuro. Su futuro correcto vendr\u00e1 autom\u00e1ticamente si responden correctamente al \u201cahora\u201d que la vida les est\u00e1 ofreciendo.\r\n\r\n&nbsp;\r\n\r\nUna se\u00f1al que un Generador deber\u00eda vigilar para saber si est\u00e1n respondiendo y operando de manera correcta, es la sincronicidad. Situaciones y experiencias empiezan a ocurrir de manera espont\u00e1nea. Parecen ser extremadamente \u201cafortunados\u201d.\r\n\r\n&nbsp;\r\n\r\nEs enteramente posible que aquellos Generadores que han ido por la vida sin referencia alguna con su Centro Sacral pueden haber generado una vida exitosa pero, raramente estar\u00e1n felices y satisfechos.\r\n\r\n&nbsp;\r\n\r\nCon frecuencia, los Generadores se encuentran involucrados en proyectos o est\u00e1n comprometidos con algo que no logra mantener su inter\u00e9s o traerles un sentido de realizaci\u00f3n interna. Lo est\u00e1n haciendo simplemente porque parece que alguien lo tiene que hacer y, iellos son los que tienen la energ\u00eda! Claro, se frustran profundamente, siendo el esclavo de alguien m\u00e1s, dando su energ\u00eda y poder a quien quiera que lo pida.\r\n\r\n&nbsp;\r\n\r\nLa lecci\u00f3n sencilla pero profunda de todo Generador es saber a qui\u00e9n y a qu\u00e9 se va a comprometer. Debe ser enfatizado que, los Generadores deben de saber desde el principio de una actividad si van o no a comprometerse porque, una vez comprometidos, tomar\u00e1 considerable energ\u00eda, frustraci\u00f3n e inconveniencia el cambiar el curso de este compromiso.\r\n\r\n&nbsp;\r\n\r\nLos Generadores tienen un bot\u00f3n para encender pero no uno para apagar. Si descubren despu\u00e9s de unos minutos que aquello a lo que se han comprometido no es realmente algo que les conviene, ya es muy tarde para hacer un cambio.\r\n\r\n&nbsp;\r\n\r\nEl Centro Sacral tiene que completar todo aquello que ha empezado una vez que tiene cualquier tipo de impulso. Pero si el Generador est\u00e1 desesperado por parar y decide abandonar algo, usualmente se encuentra en gran desesperaci\u00f3n. El \u00faltimo recurso para un Generador es abandonar algo.\r\n\r\n&nbsp;\r\n\r\nLa importancia del Centro Sacral para un Generador no puede enfatizarse lo suficientemente. Su estrategia para vivir la vida correctamente viene de c\u00f3mo est\u00e1 dise\u00f1ado este centro a funcionar de manera correcta.\r\n\r\n&nbsp;\r\n\r\nEl Centro Sacral s\u00f3lo puede responder con un \u201cs\u00ed\u201d o un \u201cno\u201d en cada momento. Si no usa palabras para compartir esta respuesta, har\u00e1 un sonido interno en la zona del est\u00f3mago. Estos sonidos son como gru\u00f1idos que, cuando se pueden interpretar como un \u201cs\u00ed\u201d o un \u201cno\u201d, permiten que el Generador pueda tomar decisiones correctas en su vida.\r\n\r\n&nbsp;\r\n\r\nAlgunos Generadores se confunden con la palabra \u201cesperar\u201d, pero cuando est\u00e1s despierto y consciente de lo que est\u00e1 ocurriendo alrededor tuyo, el esperar simplemente significa que est\u00e1s escuchando tu respuesta sacra antes de actuar.\r\n\r\nPara todo Generador, \u00e9sta es la llave para cambiar su vida entera para que viva exactamente quien debe ser, sin desperdiciar el poder precioso de tu Centro Sacral.\r\n\r\n&nbsp;\r\n\r\nCuando un Generador encuentra su respuesta sacra, pueden obtener el \u201cs\u00ed\u201d y el \u201dno\u201dque es necesario para que pueda avanzar en su vida. Esta respuesta puede llegarle en la forma de un \u201cmhm\u201d, o quiz\u00e1 sea s\u00f3lo un sentir, una sensaci\u00f3n de reactivaci\u00f3n o deflaci\u00f3n. Un Generador debe estar muy presente a su respuesta sacra y necesita tiempo para escuchar. La respuesta puede no llegar de manera inmediata.\r\n\r\n&nbsp;\r\n\r\nTodos los Generadores llegan a un nivel en el que se estancan. Sienten una barrera y, a veces, se dan la vuelta. Si has respondido de manera correcta, entonces es importante que sigas adelante para llegar al siguiente nivel. Es casi como si fuese una prueba, para que tengas la oportunidad de preguntarle a tu Centro Sacral si \u00e9sto es lo que realmente quiere. El traspasar esa barrera te asegurar\u00e1 que est\u00e1s en el camino correcto.\r\n\r\n&nbsp;\r\n\r\nLos Generadores son los trabajadores as\u00ed que pueden convertirse en esclavos si no escuchan su Centro Sacral. Un Manifestador siempre dar\u00e1 inicio y esperar\u00e1 que un generador ser\u00e1 quien haga las cosas. Un Proyector tratar\u00e1 de enlazarse al poder de un Generador del mismo modo.\r\n\r\n&nbsp;\r\n\r\nAs\u00ed que los Generadores deben recordar revisar con su Centro Sacral antes de hacer algo que un Manifestador, Proyector o cualquier otro tipo energ\u00e9tico sugiera. Deben de percatarse y volverse conscientes, en lugar de vivir en \u201cpiloto autom\u00e1tico\u201d. Es por esto que a un Generador se le considera que f\u00e1cilmente puede ser un esclavo. De manera inconsciente, termina dando su energ\u00eda a todos los dem\u00e1s en lugar de escuchar su sabidur\u00eda interna - su Centro Sacral.\r\n\r\n&nbsp;\r\n\r\nLa mayor\u00eda de los Generadores est\u00e1n viviendo una vida repetitiva, llena de rutinas laborales, tratando de simplemente subsistir d\u00eda a d\u00eda. Debajo de todo, hay una frustraci\u00f3n y descontento dentro de ellos y la sensaci\u00f3n de que est\u00e1n aqu\u00ed para otro prop\u00f3sito.\r\nTodo lo que un Generador necesita hacer es responder correctamente y su prop\u00f3sito los encontrar\u00e1.\r\n\r\n&nbsp;\r\n\r\n<hr \/>\r\n\r\n<!--<a style=\"font-size: 13px; text-align: center;\" href=\"https:\/\/www.geneticmatrix.com\/human-design-services\/\"><img class=\"alignnone size-full wp-image-3816\" style=\"opacity: 0.9; float: right;\" title=\"Unlock Your Potential - Click Here\" src=\"https:\/\/www.geneticmatrix.com\/wp-content\/uploads\/2012\/09\/gmkey.png\" alt=\"\" width=\"139\" height=\"69\" \/>\r\n<\/a>-->\r\n\r\n&nbsp;\r\n\r\n&nbsp;\r\n\r\n<\/div>\r\n<\/div>\r\n<\/div>\r\n<div class=\"r_content right mar_top\"><\/div>\r\n<div class=\"clear\"><\/div>\r\n<\/div>","protected":false},"excerpt":{"rendered":"<p>Home \u00bb Centro de Informaci\u00f3n \u00bbTipos \u00bb Dise\u00f1o Humano &#8211; Generador Manifestante Dise\u00f1o Humano &#8211; Generador Manifestante El 32% de la poblaci\u00f3n son Generadores Manifestantes. Los Generadores Manifestantes est\u00e1n dise\u00f1ados para responder a la vida antes de iniciar energ\u00e9ticamente una acci\u00f3n. El \u00fanico Generador Manifestante puro es aqu\u00e9l que tiene el Canal 20-34 activado. Todos&hellip; <a class=\"more-link\" href=\"https:\/\/www.gmtxdev.com\/es\/diseno-humano-generador-manifestante\/\">Seguir leyendo <span class=\"screen-reader-text\">Dise\u00f1o Humano &#8211; Generador Manifestante<\/span><\/a><\/p>\n","protected":false},"author":1,"featured_media":0,"parent":0,"menu_order":0,"comment_status":"closed","ping_status":"closed","template":"","meta":{"footnotes":""},"class_list":["post-11145","page","type-page","status-publish","hentry","entry"],"_links":{"self":[{"href":"https:\/\/www.gmtxdev.com\/es\/wp-json\/wp\/v2\/pages\/11145","targetHints":{"allow":["GET"]}}],"collection":[{"href":"https:\/\/www.gmtxdev.com\/es\/wp-json\/wp\/v2\/pages"}],"about":[{"href":"https:\/\/www.gmtxdev.com\/es\/wp-json\/wp\/v2\/types\/page"}],"author":[{"embeddable":true,"href":"https:\/\/www.gmtxdev.com\/es\/wp-json\/wp\/v2\/users\/1"}],"replies":[{"embeddable":true,"href":"https:\/\/www.gmtxdev.com\/es\/wp-json\/wp\/v2\/comments?post=11145"}],"version-history":[{"count":0,"href":"https:\/\/www.gmtxdev.com\/es\/wp-json\/wp\/v2\/pages\/11145\/revisions"}],"wp:attachment":[{"href":"https:\/\/www.gmtxdev.com\/es\/wp-json\/wp\/v2\/media?parent=11145"}],"curies":[{"name":"wp","href":"https:\/\/api.w.org\/{rel}","templated":true}]}}