   
{"id":11139,"date":"2012-09-10T10:06:14","date_gmt":"2012-09-10T10:06:14","guid":{"rendered":"https:\/\/www.geneticmatrix.com\/human-design-head-center\/"},"modified":"2020-09-20T14:27:54","modified_gmt":"2020-09-20T14:27:54","slug":"human-design-head-center","status":"publish","type":"page","link":"https:\/\/www.gmtxdev.com\/es\/human-design-head-center\/","title":{"rendered":"Human-Design-Head-Center"},"content":{"rendered":"<div id=\"content\">\r\n<div class=\"test_page\">\r\n<div class=\"breadcam\"><a href=\"\/\">Home<\/a> \u00bb <a href=\"https:\/\/www.staginggm.com\/human-design-info-center\/\">Info-Center<\/a> \u00bb<a href=\"https:\/\/www.geneticmatrix.com\/es\/the-9-centers\/\">9 Centro<\/a> \u00bb Dise\u00f1o Humano \u2013 Centro Cabeza<\/div>\r\n<\/div>\r\n<div class=\"l_content left mar_top\">\r\n<div class=\"services\">\r\n<h3><strong>Dise\u00f1o Humano \u2013 Centro Cabeza<\/strong><\/h3>\r\n<ul>\r\n \t<li>30% de la poblaci\u00f3n tiene un Centro cabeza definido.<\/li>\r\n \t<li>70% de la poblaci\u00f3n tiene un Centro cabeza no definido.<\/li>\r\n \t<li>El Centro cabeza es un Centro de presi\u00f3n.<\/li>\r\n \t<li>Dos de las tres puertas de la Cabeza son parte del Circuito colectivo (63,64).<\/li>\r\n \t<li>La otra puerta (61) es parte del Circuito del individuo<\/li>\r\n<\/ul>\r\n<a href=\"https:\/\/www.geneticmatrix.com\/wp-content\/uploads\/2020\/07\/Head-Center-Image.jpg\"><img class=\"alignnone wp-image-11140 size-medium\" src=\"https:\/\/www.geneticmatrix.com\/wp-content\/uploads\/2020\/03\/user-36798-300x300.png\" alt=\"\" width=\"300\" height=\"279\" \/><\/a>\r\n\r\n<\/div>\r\n<\/div>\r\n<div class=\"l_content left mar_top\">\r\n<div class=\"services\">\r\n<div class=\"clear\"><\/div>\r\n<div class=\"services\">\r\n<div class=\"right gall_sys\">\r\n<ul>\r\n \t<li>Una de las funciones principales de la peque\u00f1a gl\u00e1ndula Pineal es mover neurotransmisores de las \u00e1reas del cerebro encargadas de almacenamiento (material gris) a los l\u00f3bulos frontales.<\/li>\r\n<\/ul>\r\n<ul>\r\n \t<li>El Centro cabeza es un \u00e1rea de almacenamiento inmenso. Es el lugar en donde estamos, de manera constante \u2013 tan constante como el pulso - guardando nuestras experiencias .<\/li>\r\n \t<li>La capacidad de almacenamiento y el nivel de detalle de estas experiencias almacenadas es extraordinaro e incalculable<\/li>\r\n<\/ul>\r\n<\/div>\r\n<div class=\"clear\"><\/div>\r\n<h3>Algunas de las palabras clave asociadas con el Centro Cabeza y sus <a href=\"https:\/\/www.geneticmatrix.com\/human-design-gates\/\">Puertas <\/a> son:<\/h3>\r\n<table class=\"personality\" border=\"1\" width=\"650\" cellspacing=\"0\" cellpadding=\"0\">\r\n<tbody>\r\n<tr>\r\n<td>Inspiraci\u00f3n<\/td>\r\n<td>Confusi\u00f3n<\/td>\r\n<td>Dudas<\/td>\r\n<\/tr>\r\n<tr>\r\n<td>Claridad<\/td>\r\n<td>Pensamiento<\/td>\r\n<td>Sue\u00f1os<\/td>\r\n<\/tr>\r\n<tr>\r\n<td>Locura<\/td>\r\n<td>Resoluci\u00f3n<\/td>\r\n<td>Conceptos<\/td>\r\n<\/tr>\r\n<tr>\r\n<td>Preguntas<\/td>\r\n<td>Consciencia<\/td>\r\n<td>Im\u00e1genes del pasado<\/td>\r\n<\/tr>\r\n<tr>\r\n<td>Memorias pasadas<\/td>\r\n<td>Ideas<\/td>\r\n<td>Presi\u00f3n l\u00f3gica<\/td>\r\n<\/tr>\r\n<tr>\r\n<td>Presi\u00f3n abstracta<\/td>\r\n<td>Estr\u00e9s<\/td>\r\n<td>Presi\u00f3n de cambio<\/td>\r\n<\/tr>\r\n<\/tbody>\r\n<\/table>\r\n<\/div>\r\n<\/div>\r\n<\/div>\r\n<div class=\"r_content right mar_top\"><\/div>\r\n<div class=\"clear\"><\/div>\r\n<\/div>","protected":false},"excerpt":{"rendered":"<p>Home \u00bb Info-Center \u00bb9 Centro \u00bb Dise\u00f1o Humano \u2013 Centro Cabeza Dise\u00f1o Humano \u2013 Centro Cabeza 30% de la poblaci\u00f3n tiene un Centro cabeza definido. 70% de la poblaci\u00f3n tiene un Centro cabeza no definido. El Centro cabeza es un Centro de presi\u00f3n. Dos de las tres puertas de la Cabeza son parte del Circuito&hellip; <a class=\"more-link\" href=\"https:\/\/www.gmtxdev.com\/es\/human-design-head-center\/\">Seguir leyendo <span class=\"screen-reader-text\">Human-Design-Head-Center<\/span><\/a><\/p>\n","protected":false},"author":1,"featured_media":0,"parent":0,"menu_order":0,"comment_status":"closed","ping_status":"closed","template":"","meta":{"footnotes":""},"class_list":["post-11139","page","type-page","status-publish","hentry","entry"],"_links":{"self":[{"href":"https:\/\/www.gmtxdev.com\/es\/wp-json\/wp\/v2\/pages\/11139","targetHints":{"allow":["GET"]}}],"collection":[{"href":"https:\/\/www.gmtxdev.com\/es\/wp-json\/wp\/v2\/pages"}],"about":[{"href":"https:\/\/www.gmtxdev.com\/es\/wp-json\/wp\/v2\/types\/page"}],"author":[{"embeddable":true,"href":"https:\/\/www.gmtxdev.com\/es\/wp-json\/wp\/v2\/users\/1"}],"replies":[{"embeddable":true,"href":"https:\/\/www.gmtxdev.com\/es\/wp-json\/wp\/v2\/comments?post=11139"}],"version-history":[{"count":0,"href":"https:\/\/www.gmtxdev.com\/es\/wp-json\/wp\/v2\/pages\/11139\/revisions"}],"wp:attachment":[{"href":"https:\/\/www.gmtxdev.com\/es\/wp-json\/wp\/v2\/media?parent=11139"}],"curies":[{"name":"wp","href":"https:\/\/api.w.org\/{rel}","templated":true}]}}